{"id":2545,"date":"2025-08-12T02:30:59","date_gmt":"2025-08-12T02:30:59","guid":{"rendered":"https:\/\/www.stanleypackage.com\/?post_type=product&#038;p=2545"},"modified":"2025-08-12T02:31:07","modified_gmt":"2025-08-12T02:31:07","slug":"custom-printed-flexible-packaging","status":"publish","type":"product","link":"https:\/\/www.stanleypackage.com\/de\/product\/custom-printed-flexible-packaging\/","title":{"rendered":"Individuell bedruckte flexible Verpackungen, Saftbeutel Gro\u00dfhandel"},"content":{"rendered":"<div class=\"wp-block-columns is-layout-flex wp-container-core-columns-is-layout-9d6595d7 wp-block-columns-is-layout-flex\">\n<div class=\"wp-block-column is-layout-flow wp-block-column-is-layout-flow\">\n<h2 class=\"wp-block-heading\">Merkmale von individuell bedruckten flexiblen Verpackungen<\/h2>\n\n\n\n<ul class=\"wp-block-list\">\n<li><strong>Lebensmittelgeeignetes mehrschichtiges Verbundmaterial: <\/strong>Diese individuell bedruckte, flexible Verpackung verwendet eine mehrschichtige Verbundstruktur aus PET12\/AL7\/BOPA15\/PE mit optimierter Dicke auf der Vorder- und R\u00fcckseite sowie an den Seiten, die Luft, Feuchtigkeit und Licht effektiv abh\u00e4lt.<\/li>\n\n\n\n<li><strong>Achtseitiger, flacher Stehboden:<\/strong> Die achtseitige Versiegelung dieser Flachboden-Saftbeutel im Gro\u00dfhandel sorgt f\u00fcr einen stabilen Stand und erh\u00f6ht die Pr\u00e4senz im Regal.<\/li>\n\n\n\n<li><strong>Bequemer Auslauf: <\/strong>Diese individuell bedruckte, flexible Verpackung verf\u00fcgt \u00fcber einen integrierten, hochwertigen Ausgie\u00dfer zum bequemen Trinken oder Ausgie\u00dfen, der ein Versch\u00fctten und Auslaufen verhindert. Sie ist perfekt f\u00fcr unterwegs und f\u00fcr das Trinken im Freien.<\/li>\n\n\n\n<li><strong>Vielseitige Display-Struktur: <\/strong>Diese Gro\u00dfhandelssaftbeutel mit flachem Boden und Ausgie\u00dfer verf\u00fcgen au\u00dferdem \u00fcber ein Aufh\u00e4ngeloch f\u00fcr eine praktische und platzsparende Pr\u00e4sentation im Einzelhandel.<\/li>\n\n\n\n<li><strong>Anwendbarkeit auf eine breite Palette von fl\u00fcssigen Produkten:<\/strong> Neben Saft eignen sich unsere individuell bedruckten flexiblen Verpackungen auch f\u00fcr Energydrinks, Milchshakes, So\u00dfen, Dressings, Kindergetr\u00e4nke und andere Verpackungen f\u00fcr fl\u00fcssige Lebensmittel.<\/li>\n<\/ul>\n\n\n\n<div class=\"wp-block-columns is-layout-flex wp-container-core-columns-is-layout-9d6595d7 wp-block-columns-is-layout-flex\">\n<div class=\"wp-block-column is-layout-flow wp-block-column-is-layout-flow\">\n<figure class=\"wp-block-image size-full\"><img decoding=\"async\" width=\"750\" height=\"750\" src=\"https:\/\/www.stanleypackage.com\/wp-content\/uploads\/2025\/08\/Custom-Flat-Bottom-Stand-Up-Spot-Pouches-Wholesale-For-Jelly-5.webp\" alt=\"Individuell bedruckte flexible Verpackung, Saftbeutel Gro\u00dfhandel-4\" class=\"wp-image-2555\" srcset=\"https:\/\/www.stanleypackage.com\/wp-content\/uploads\/2025\/08\/Custom-Flat-Bottom-Stand-Up-Spot-Pouches-Wholesale-For-Jelly-5.webp 750w, https:\/\/www.stanleypackage.com\/wp-content\/uploads\/2025\/08\/Custom-Flat-Bottom-Stand-Up-Spot-Pouches-Wholesale-For-Jelly-5-300x300.webp 300w, https:\/\/www.stanleypackage.com\/wp-content\/uploads\/2025\/08\/Custom-Flat-Bottom-Stand-Up-Spot-Pouches-Wholesale-For-Jelly-5-150x150.webp 150w, https:\/\/www.stanleypackage.com\/wp-content\/uploads\/2025\/08\/Custom-Flat-Bottom-Stand-Up-Spot-Pouches-Wholesale-For-Jelly-5-12x12.webp 12w, https:\/\/www.stanleypackage.com\/wp-content\/uploads\/2025\/08\/Custom-Flat-Bottom-Stand-Up-Spot-Pouches-Wholesale-For-Jelly-5-600x600.webp 600w, https:\/\/www.stanleypackage.com\/wp-content\/uploads\/2025\/08\/Custom-Flat-Bottom-Stand-Up-Spot-Pouches-Wholesale-For-Jelly-5-100x100.webp 100w\" sizes=\"(max-width: 750px) 100vw, 750px\" \/><\/figure>\n<\/div>\n\n\n\n<div class=\"wp-block-column is-layout-flow wp-block-column-is-layout-flow\">\n<figure class=\"wp-block-image size-full\"><img decoding=\"async\" width=\"750\" height=\"750\" src=\"https:\/\/www.stanleypackage.com\/wp-content\/uploads\/2025\/08\/Custom-Flat-Bottom-Stand-Up-Spot-Pouches-Wholesale-For-Jelly-2.webp\" alt=\"Individuell bedruckte flexible Verpackungen, Saftbeutel Gro\u00dfhandel-7\" class=\"wp-image-2552\" srcset=\"https:\/\/www.stanleypackage.com\/wp-content\/uploads\/2025\/08\/Custom-Flat-Bottom-Stand-Up-Spot-Pouches-Wholesale-For-Jelly-2.webp 750w, https:\/\/www.stanleypackage.com\/wp-content\/uploads\/2025\/08\/Custom-Flat-Bottom-Stand-Up-Spot-Pouches-Wholesale-For-Jelly-2-300x300.webp 300w, https:\/\/www.stanleypackage.com\/wp-content\/uploads\/2025\/08\/Custom-Flat-Bottom-Stand-Up-Spot-Pouches-Wholesale-For-Jelly-2-150x150.webp 150w, https:\/\/www.stanleypackage.com\/wp-content\/uploads\/2025\/08\/Custom-Flat-Bottom-Stand-Up-Spot-Pouches-Wholesale-For-Jelly-2-12x12.webp 12w, https:\/\/www.stanleypackage.com\/wp-content\/uploads\/2025\/08\/Custom-Flat-Bottom-Stand-Up-Spot-Pouches-Wholesale-For-Jelly-2-600x600.webp 600w, https:\/\/www.stanleypackage.com\/wp-content\/uploads\/2025\/08\/Custom-Flat-Bottom-Stand-Up-Spot-Pouches-Wholesale-For-Jelly-2-100x100.webp 100w\" sizes=\"(max-width: 750px) 100vw, 750px\" \/><\/figure>\n<\/div>\n<\/div>\n<\/div>\n<\/div>","protected":false},"excerpt":{"rendered":"<p>Willkommen bei individuell bedruckten flexiblen Verpackungen. Diese Saftbeutel mit flachem Boden und Ausgie\u00dfer sind aus lebensmittelechtem Material mit optimierter Dicke auf der Vorder- und R\u00fcckseite sowie an den Seiten f\u00fcr eine sichere Pr\u00e4sentation hergestellt. Sie verf\u00fcgen \u00fcber Aufh\u00e4ngel\u00f6cher und eine hochwertige Dichtung, so dass sie f\u00fcr die Verpackung einer Vielzahl von Getr\u00e4nken und fl\u00fcssigen Lebensmitteln geeignet.<\/p>\n<table width=\"417\">\n<tbody>\n<tr>\n<td width=\"121\">Hersteller<\/td>\n<td width=\"296\">Stanley<\/td>\n<\/tr>\n<tr>\n<td width=\"121\">Arten von Beuteln<\/td>\n<td>Stand Up Pouch, Flat Bottom Pouch, Spout Pouch<\/td>\n<\/tr>\n<tr>\n<td width=\"121\">Material<\/td>\n<td width=\"296\">Vorderseite: PET12\/AL7\/BOPA15\/PE90<br \/>Seite: PET12\/AL7\/BOPA15\/PE80<\/td>\n<\/tr>\n<tr>\n<td width=\"121\">Besonderes Merkmal<\/td>\n<td width=\"296\">Stehender Boden, achtseitige Dichtung, Ausguss, Aufh\u00e4ngeloch<\/td>\n<\/tr>\n<tr>\n<td width=\"121\">Handhabung der Oberfl\u00e4che<\/td>\n<td width=\"296\">Tiefdruck<\/td>\n<\/tr>\n<tr>\n<td width=\"121\">Farbe<\/td>\n<td width=\"296\">Bis zu 10 Farben<\/td>\n<\/tr>\n<tr>\n<td width=\"121\">Verwendung<\/td>\n<td>Getr\u00e4nke, Gelee<\/td>\n<\/tr>\n<tr>\n<td width=\"121\">MOQ<\/td>\n<td width=\"296\">50.000 St\u00fcck<\/td>\n<\/tr>\n<tr>\n<td width=\"121\">Individuelle Bestellung<\/td>\n<td width=\"296\">Akzeptieren Sie OEM, unterst\u00fctzen Sie die kostenlose Probe<\/td>\n<\/tr>\n<\/tbody>\n<\/table>","protected":false},"featured_media":2558,"comment_status":"closed","ping_status":"closed","template":"","meta":{"_acf_changed":false},"product_brand":[],"product_cat":[32,30,24],"product_tag":[],"class_list":{"0":"post-2545","1":"product","2":"type-product","3":"status-publish","4":"has-post-thumbnail","6":"product_cat-spout-pouch-manufacturer","7":"product_cat-stand-up-pouch-manufacturer","8":"product_cat-flat-bottom-pouch-manufacturer","9":"pa_food-packaging-baby-food-packaging","10":"pa_food-packaging-drink-beverage-pouch","12":"first","13":"instock","14":"shipping-taxable","15":"product-type-simple"},"acf":[],"_links":{"self":[{"href":"https:\/\/www.stanleypackage.com\/de\/wp-json\/wp\/v2\/product\/2545","targetHints":{"allow":["GET"]}}],"collection":[{"href":"https:\/\/www.stanleypackage.com\/de\/wp-json\/wp\/v2\/product"}],"about":[{"href":"https:\/\/www.stanleypackage.com\/de\/wp-json\/wp\/v2\/types\/product"}],"replies":[{"embeddable":true,"href":"https:\/\/www.stanleypackage.com\/de\/wp-json\/wp\/v2\/comments?post=2545"}],"wp:featuredmedia":[{"embeddable":true,"href":"https:\/\/www.stanleypackage.com\/de\/wp-json\/wp\/v2\/media\/2558"}],"wp:attachment":[{"href":"https:\/\/www.stanleypackage.com\/de\/wp-json\/wp\/v2\/media?parent=2545"}],"wp:term":[{"taxonomy":"product_brand","embeddable":true,"href":"https:\/\/www.stanleypackage.com\/de\/wp-json\/wp\/v2\/product_brand?post=2545"},{"taxonomy":"product_cat","embeddable":true,"href":"https:\/\/www.stanleypackage.com\/de\/wp-json\/wp\/v2\/product_cat?post=2545"},{"taxonomy":"product_tag","embeddable":true,"href":"https:\/\/www.stanleypackage.com\/de\/wp-json\/wp\/v2\/product_tag?post=2545"}],"curies":[{"name":"wp","href":"https:\/\/api.w.org\/{rel}","templated":true}]}}