{"id":2644,"date":"2025-09-03T10:09:40","date_gmt":"2025-09-03T10:09:40","guid":{"rendered":"https:\/\/www.stanleypackage.com\/?post_type=product&#038;p=2644"},"modified":"2025-09-26T06:15:22","modified_gmt":"2025-09-26T06:15:22","slug":"custom-dry-powder-packaging","status":"publish","type":"product","link":"https:\/\/www.stanleypackage.com\/de\/product\/custom-dry-powder-packaging\/","title":{"rendered":"Kundenspezifische Verpackungsbeutel f\u00fcr Trockenpulver, Beutel f\u00fcr feste Getr\u00e4nke"},"content":{"rendered":"<div class=\"wp-block-columns is-layout-flex wp-container-core-columns-is-layout-9d6595d7 wp-block-columns-is-layout-flex\">\n<div class=\"wp-block-column is-layout-flow wp-block-column-is-layout-flow\">\n<h2 class=\"wp-block-heading\">Merkmale von kundenspezifischen Trockenpulver-Verpackungsbeuteln<\/h2>\n\n\n\n<ul class=\"wp-block-list\">\n<li><strong>Ausgezeichnete Abdichtung:<\/strong> Die dreiseitigen Versiegelungen unserer kundenspezifischen Trockenpulver-Verpackungsbeutel sorgen f\u00fcr eine dichte Versiegelung, die Luft und Feuchtigkeit wirksam abh\u00e4lt und verhindert, dass Trockenpulver oder feste Getr\u00e4nke verklumpen.<\/li>\n\n\n\n<li><strong>Verbundwerkstoff mit hoher Barriere: <\/strong>Diese ma\u00dfgefertigten Verpackungsbeutel f\u00fcr feste Getr\u00e4nke bestehen aus einem matten PET12\/MBPE60-Verbundmaterial, das eine hervorragende Feuchtigkeits- und Oxidationsbest\u00e4ndigkeit aufweist und gleichzeitig rei\u00df- und druckfest ist. Dadurch bleibt die Verpackung w\u00e4hrend des Transports und der Lagerung intakt und bietet zuverl\u00e4ssigen Schutz f\u00fcr Ihr pulverf\u00f6rmiges Produkt.<\/li>\n\n\n\n<li><strong>Leicht abrei\u00dfbares Design:<\/strong> Diese kundenspezifischen Trockenpulver-Verpackungsbeutel sind mit einer leicht aufrei\u00dfbaren Kerbe versehen, die ein einfaches \u00d6ffnen ohne Schere oder Messer erm\u00f6glicht und so die Benutzerfreundlichkeit erh\u00f6ht. <\/li>\n\n\n\n<li><strong>Visuelle High-End-Effekte: <\/strong>Die matte Oberfl\u00e4che dieser kundenspezifischen Verpackung f\u00fcr feste Getr\u00e4nke verleiht dem Beutel einen raffinierten, hochwertigen visuellen Effekt und erm\u00f6glicht gleichzeitig leuchtende, ges\u00e4ttigte Farben im Druckmaterial, die Markenlogos und grafische Designs perfekt zur Geltung bringen und die Attraktivit\u00e4t der Produktregale und das Markenimage verbessern.<\/li>\n\n\n\n<li><strong>Flexible Anpassung:<\/strong> Unsere kundenspezifischen Trockenpulver-Verpackungsbeutel bieten umfassende Anpassungsm\u00f6glichkeiten in Bezug auf Beutelgr\u00f6\u00dfe, Fassungsverm\u00f6gen, Grafik und Aufdruck und erf\u00fcllen die Verpackungsanforderungen verschiedener Marken und Produkte.<\/li>\n<\/ul>\n\n\n\n<div class=\"wp-block-columns is-layout-flex wp-container-core-columns-is-layout-9d6595d7 wp-block-columns-is-layout-flex\">\n<div class=\"wp-block-column is-layout-flow wp-block-column-is-layout-flow\">\n<figure class=\"wp-block-image size-full\"><img decoding=\"async\" width=\"750\" height=\"750\" src=\"https:\/\/www.stanleypackage.com\/wp-content\/uploads\/2025\/08\/Custom-Food-Packages-For-Solid-Drink-and-Snack-Food-3.webp\" alt=\"Benutzerdefinierte Trockenpulver-Verpackungsbeutel, Bulk-Beutel f\u00fcr feste Getr\u00e4nke-3\" class=\"wp-image-2648\" srcset=\"https:\/\/www.stanleypackage.com\/wp-content\/uploads\/2025\/08\/Custom-Food-Packages-For-Solid-Drink-and-Snack-Food-3.webp 750w, https:\/\/www.stanleypackage.com\/wp-content\/uploads\/2025\/08\/Custom-Food-Packages-For-Solid-Drink-and-Snack-Food-3-300x300.webp 300w, https:\/\/www.stanleypackage.com\/wp-content\/uploads\/2025\/08\/Custom-Food-Packages-For-Solid-Drink-and-Snack-Food-3-150x150.webp 150w, https:\/\/www.stanleypackage.com\/wp-content\/uploads\/2025\/08\/Custom-Food-Packages-For-Solid-Drink-and-Snack-Food-3-12x12.webp 12w, https:\/\/www.stanleypackage.com\/wp-content\/uploads\/2025\/08\/Custom-Food-Packages-For-Solid-Drink-and-Snack-Food-3-600x600.webp 600w, https:\/\/www.stanleypackage.com\/wp-content\/uploads\/2025\/08\/Custom-Food-Packages-For-Solid-Drink-and-Snack-Food-3-100x100.webp 100w\" sizes=\"(max-width: 750px) 100vw, 750px\" \/><\/figure>\n<\/div>\n\n\n\n<div class=\"wp-block-column is-layout-flow wp-block-column-is-layout-flow\">\n<figure class=\"wp-block-image size-full\"><img decoding=\"async\" width=\"750\" height=\"750\" src=\"https:\/\/www.stanleypackage.com\/wp-content\/uploads\/2025\/08\/Custom-Food-Packages-For-Solid-Drink-and-Snack-Food-5.webp\" alt=\"\" class=\"wp-image-2646\" srcset=\"https:\/\/www.stanleypackage.com\/wp-content\/uploads\/2025\/08\/Custom-Food-Packages-For-Solid-Drink-and-Snack-Food-5.webp 750w, https:\/\/www.stanleypackage.com\/wp-content\/uploads\/2025\/08\/Custom-Food-Packages-For-Solid-Drink-and-Snack-Food-5-300x300.webp 300w, https:\/\/www.stanleypackage.com\/wp-content\/uploads\/2025\/08\/Custom-Food-Packages-For-Solid-Drink-and-Snack-Food-5-150x150.webp 150w, https:\/\/www.stanleypackage.com\/wp-content\/uploads\/2025\/08\/Custom-Food-Packages-For-Solid-Drink-and-Snack-Food-5-12x12.webp 12w, https:\/\/www.stanleypackage.com\/wp-content\/uploads\/2025\/08\/Custom-Food-Packages-For-Solid-Drink-and-Snack-Food-5-600x600.webp 600w, https:\/\/www.stanleypackage.com\/wp-content\/uploads\/2025\/08\/Custom-Food-Packages-For-Solid-Drink-and-Snack-Food-5-100x100.webp 100w\" sizes=\"(max-width: 750px) 100vw, 750px\" \/><\/figure>\n<\/div>\n<\/div>\n<\/div>\n<\/div>\n\n\n\n<p><\/p>","protected":false},"excerpt":{"rendered":"<p>Willkommen bei der Bestellung kundenspezifischer Verpackungsbeutel f\u00fcr Trockenpulver. Diese Hochbarriere-Verpackungsbeutel f\u00fcr feste Getr\u00e4nke verf\u00fcgen \u00fcber ein dreiseitiges Siegeldesign mit einer leicht zu \u00f6ffnenden Kerbe. Hergestellt aus mattem PET12\/MBPE60-Material, kundenspezifischer Druck ist m\u00f6glich.<\/p>\n<table style=\"border-collapse: collapse; width: 312.77pt;\" border=\"0\" width=\"417\" cellspacing=\"0\" cellpadding=\"0\">\n<tbody>\n<tr style=\"height: 12.75pt;\">\n<td class=\"et2\" style=\"height: 12.75pt; width: 91.40pt;\" width=\"121\" height=\"17\">Hersteller<\/td>\n<td class=\"et2\" style=\"width: 222.00pt;\" width=\"296\">Stanley<\/td>\n<\/tr>\n<tr style=\"height: 12.75pt;\">\n<td class=\"et2\" style=\"height: 12.75pt; width: 91.40pt;\" width=\"121\" height=\"17\">Arten von Beuteln<\/td>\n<td class=\"et3\">Dreiseitiger versiegelter Beutel<\/td>\n<\/tr>\n<tr style=\"height: 12.75pt;\">\n<td class=\"et2\" style=\"height: 12.75pt; width: 91.40pt;\" width=\"121\" height=\"17\">Material<\/td>\n<td class=\"et2\" style=\"width: 222.00pt;\" width=\"296\">PET12\/MBPE60 (matte Oberfl\u00e4che)<\/td>\n<\/tr>\n<tr style=\"height: 25.50pt;\">\n<td class=\"et2\" style=\"height: 25.50pt; width: 91.40pt;\" width=\"121\" height=\"34\">Besonderes Merkmal<\/td>\n<td class=\"et2\" style=\"width: 222.00pt;\" width=\"296\">Hohe Barriere, leicht zu rei\u00dfende Kerbe<\/td>\n<\/tr>\n<tr style=\"height: 12.75pt;\">\n<td class=\"et2\" style=\"height: 12.75pt; width: 91.40pt;\" width=\"121\" height=\"17\">Handhabung der Oberfl\u00e4che<\/td>\n<td class=\"et2\" style=\"width: 222.00pt;\" width=\"296\">Tiefdruck<\/td>\n<\/tr>\n<tr style=\"height: 12.75pt;\">\n<td class=\"et2\" style=\"height: 12.75pt; width: 91.40pt;\" width=\"121\" height=\"17\">Farbe<\/td>\n<td class=\"et2\" style=\"width: 222.00pt;\" width=\"296\">Bis zu 10 Farben<\/td>\n<\/tr>\n<tr style=\"height: 12.75pt;\">\n<td class=\"et2\" style=\"height: 12.75pt; width: 91.40pt;\" width=\"121\" height=\"17\">Verwendung<\/td>\n<td class=\"et3\">feste Getr\u00e4nke, Snacks<\/td>\n<\/tr>\n<tr style=\"height: 12.75pt;\">\n<td class=\"et2\" style=\"height: 12.75pt; width: 91.40pt;\" width=\"121\" height=\"17\">MOQ<\/td>\n<td class=\"et2\" style=\"width: 222.00pt;\" width=\"296\">50.000 St\u00fcck<\/td>\n<\/tr>\n<tr style=\"height: 12.75pt;\">\n<td class=\"et2\" style=\"height: 12.75pt; width: 91.40pt;\" width=\"121\" height=\"17\">Individuelle Bestellung<\/td>\n<td class=\"et2\" style=\"width: 222.00pt;\" width=\"296\">Akzeptieren Sie OEM, unterst\u00fctzen Sie die kostenlose Probe<\/td>\n<\/tr>\n<\/tbody>\n<\/table>\n<p>&nbsp;<\/p>","protected":false},"featured_media":2645,"comment_status":"closed","ping_status":"closed","template":"","meta":{"_acf_changed":false},"product_brand":[],"product_cat":[28,31],"product_tag":[],"class_list":{"0":"post-2644","1":"product","2":"type-product","3":"status-publish","4":"has-post-thumbnail","6":"product_cat-three-side-seal-pouch-manufacturer","7":"product_cat-lay-flat-pouch-manufacturer","8":"pa_food-packaging-drink-beverage-pouch","10":"first","11":"instock","12":"shipping-taxable","13":"product-type-simple"},"acf":[],"_links":{"self":[{"href":"https:\/\/www.stanleypackage.com\/de\/wp-json\/wp\/v2\/product\/2644","targetHints":{"allow":["GET"]}}],"collection":[{"href":"https:\/\/www.stanleypackage.com\/de\/wp-json\/wp\/v2\/product"}],"about":[{"href":"https:\/\/www.stanleypackage.com\/de\/wp-json\/wp\/v2\/types\/product"}],"replies":[{"embeddable":true,"href":"https:\/\/www.stanleypackage.com\/de\/wp-json\/wp\/v2\/comments?post=2644"}],"wp:featuredmedia":[{"embeddable":true,"href":"https:\/\/www.stanleypackage.com\/de\/wp-json\/wp\/v2\/media\/2645"}],"wp:attachment":[{"href":"https:\/\/www.stanleypackage.com\/de\/wp-json\/wp\/v2\/media?parent=2644"}],"wp:term":[{"taxonomy":"product_brand","embeddable":true,"href":"https:\/\/www.stanleypackage.com\/de\/wp-json\/wp\/v2\/product_brand?post=2644"},{"taxonomy":"product_cat","embeddable":true,"href":"https:\/\/www.stanleypackage.com\/de\/wp-json\/wp\/v2\/product_cat?post=2644"},{"taxonomy":"product_tag","embeddable":true,"href":"https:\/\/www.stanleypackage.com\/de\/wp-json\/wp\/v2\/product_tag?post=2644"}],"curies":[{"name":"wp","href":"https:\/\/api.w.org\/{rel}","templated":true}]}}