{"id":2652,"date":"2025-09-15T06:39:47","date_gmt":"2025-09-15T06:39:47","guid":{"rendered":"https:\/\/www.stanleypackage.com\/?post_type=product&#038;p=2652"},"modified":"2025-09-15T06:39:54","modified_gmt":"2025-09-15T06:39:54","slug":"custom-printed-pouches","status":"publish","type":"product","link":"https:\/\/www.stanleypackage.com\/de\/product\/custom-printed-pouches\/","title":{"rendered":"Bulk individuell bedruckte Beutel mit Ausguss, Kinder Lotion Beutel"},"content":{"rendered":"<div class=\"wp-block-columns is-layout-flex wp-container-core-columns-is-layout-9d6595d7 wp-block-columns-is-layout-flex\">\n<div class=\"wp-block-column is-layout-flow wp-block-column-is-layout-flow\">\n<h2 class=\"wp-block-heading\">Merkmale von individuell bedruckten Beuteln mit Ausgie\u00dfer<\/h2>\n\n\n\n<ul class=\"wp-block-list\">\n<li><strong>Geeignet f\u00fcr eine Vielzahl von fl\u00fcssigen Reinigungsprodukten: <\/strong>Unsere individuell bedruckten Beutel mit Ausgie\u00dfer und Standboden eignen sich f\u00fcr fl\u00fcssige Alltagschemikalien wie Shampoo, Conditioner, Duschgel usw. und sind in Superm\u00e4rkten und Sch\u00f6nheitskan\u00e4len weit verbreitet.<\/li>\n\n\n\n<li><strong>Das Design der D\u00fcse ist bequem zu bedienen: <\/strong>Das D\u00fcsendesign dieses kundenspezifischen Standbodenbeutels erm\u00f6glicht eine genaue Kontrolle der jeweils verbrauchten Menge, wodurch Abfall vermieden wird und die Hygiene verbessert wird.<\/li>\n\n\n\n<li><strong>Das Design der Stehtasche spart Platz: <\/strong>Diese individuell bedruckten Beutel haben einen stabilen Stand, sind leicht zu pr\u00e4sentieren, zu lagern und zu tragen und eignen sich besonders f\u00fcr Reisen und den Einzelhandel.<\/li>\n\n\n\n<li><strong>Ma\u00dfgeschneiderter Service erf\u00fcllt Bed\u00fcrfnisse: <\/strong>Wir bieten eine Vielzahl von Anpassungsm\u00f6glichkeiten f\u00fcr kundenspezifische Verpackungsbeutel und k\u00f6nnen verschiedene Formen, Gr\u00f6\u00dfen und Druckmuster je nach Kundenwunsch entwerfen, um die Personalisierung der Marke und die Wettbewerbsf\u00e4higkeit am Markt zu verbessern.<\/li>\n\n\n\n<li><strong>Geeignet f\u00fcr eine Vielzahl von fl\u00fcssigen Pflegeprodukten: <\/strong>Unsere individuell bedruckten Beutel mit Ausgie\u00dfer eignen sich f\u00fcr den Verpackungsbedarf von Reise-, Hotel- und t\u00e4glichen Pflegeprodukten.<\/li>\n<\/ul>\n\n\n\n<div class=\"wp-block-columns is-layout-flex wp-container-core-columns-is-layout-9d6595d7 wp-block-columns-is-layout-flex\">\n<div class=\"wp-block-column is-layout-flow wp-block-column-is-layout-flow\">\n<figure class=\"wp-block-image size-full\"><img decoding=\"async\" width=\"750\" height=\"750\" src=\"https:\/\/www.stanleypackage.com\/wp-content\/uploads\/2025\/08\/Bulk-Stand-Up-Pouches-with-Spout-Travel-skin-care-Packaging.webp\" alt=\"\" class=\"wp-image-2654\" srcset=\"https:\/\/www.stanleypackage.com\/wp-content\/uploads\/2025\/08\/Bulk-Stand-Up-Pouches-with-Spout-Travel-skin-care-Packaging.webp 750w, https:\/\/www.stanleypackage.com\/wp-content\/uploads\/2025\/08\/Bulk-Stand-Up-Pouches-with-Spout-Travel-skin-care-Packaging-300x300.webp 300w, https:\/\/www.stanleypackage.com\/wp-content\/uploads\/2025\/08\/Bulk-Stand-Up-Pouches-with-Spout-Travel-skin-care-Packaging-150x150.webp 150w, https:\/\/www.stanleypackage.com\/wp-content\/uploads\/2025\/08\/Bulk-Stand-Up-Pouches-with-Spout-Travel-skin-care-Packaging-12x12.webp 12w, https:\/\/www.stanleypackage.com\/wp-content\/uploads\/2025\/08\/Bulk-Stand-Up-Pouches-with-Spout-Travel-skin-care-Packaging-600x600.webp 600w, https:\/\/www.stanleypackage.com\/wp-content\/uploads\/2025\/08\/Bulk-Stand-Up-Pouches-with-Spout-Travel-skin-care-Packaging-100x100.webp 100w\" sizes=\"(max-width: 750px) 100vw, 750px\" \/><\/figure>\n<\/div>\n\n\n\n<div class=\"wp-block-column is-layout-flow wp-block-column-is-layout-flow\">\n<figure class=\"wp-block-image size-full\"><img decoding=\"async\" width=\"750\" height=\"750\" src=\"https:\/\/www.stanleypackage.com\/wp-content\/uploads\/2025\/08\/Bulk-Stand-Up-Pouches-with-Spout-Travel-skin-care-Packaging-5.webp\" alt=\"\" class=\"wp-image-2655\" srcset=\"https:\/\/www.stanleypackage.com\/wp-content\/uploads\/2025\/08\/Bulk-Stand-Up-Pouches-with-Spout-Travel-skin-care-Packaging-5.webp 750w, https:\/\/www.stanleypackage.com\/wp-content\/uploads\/2025\/08\/Bulk-Stand-Up-Pouches-with-Spout-Travel-skin-care-Packaging-5-300x300.webp 300w, https:\/\/www.stanleypackage.com\/wp-content\/uploads\/2025\/08\/Bulk-Stand-Up-Pouches-with-Spout-Travel-skin-care-Packaging-5-150x150.webp 150w, https:\/\/www.stanleypackage.com\/wp-content\/uploads\/2025\/08\/Bulk-Stand-Up-Pouches-with-Spout-Travel-skin-care-Packaging-5-12x12.webp 12w, https:\/\/www.stanleypackage.com\/wp-content\/uploads\/2025\/08\/Bulk-Stand-Up-Pouches-with-Spout-Travel-skin-care-Packaging-5-600x600.webp 600w, https:\/\/www.stanleypackage.com\/wp-content\/uploads\/2025\/08\/Bulk-Stand-Up-Pouches-with-Spout-Travel-skin-care-Packaging-5-100x100.webp 100w\" sizes=\"(max-width: 750px) 100vw, 750px\" \/><\/figure>\n<\/div>\n<\/div>\n<\/div>\n<\/div>","protected":false},"excerpt":{"rendered":"<p>Willkommen bei der Gro\u00dfbestellung von individuell bedruckten Beuteln. Diese benutzerdefinierte Stand-up-T\u00fclle Beutel mit T\u00fclle Design ist f\u00fcr Kinder Feuchtigkeitscreme und andere Hautpflegeprodukte, die bequem zu bedienen und leicht zu tragen ist konzipiert.<\/p>\n<table style=\"border-collapse: collapse; width: 312.77pt;\" border=\"0\" width=\"417\" cellspacing=\"0\" cellpadding=\"0\">\n<tbody>\n<tr style=\"height: 12.75pt;\">\n<td class=\"et2\" style=\"height: 12.75pt; width: 91.40pt;\" width=\"121\" height=\"17\">Hersteller<\/td>\n<td class=\"et2\" style=\"width: 222.00pt;\" width=\"296\">Stanley<\/td>\n<\/tr>\n<tr style=\"height: 12.75pt;\">\n<td class=\"et2\" style=\"height: 12.75pt; width: 91.40pt;\" width=\"121\" height=\"17\">Arten von Beuteln<\/td>\n<td class=\"et3\">Stehbeutel mit Ausguss<\/td>\n<\/tr>\n<tr style=\"height: 12.75pt;\">\n<td class=\"et2\" style=\"height: 12.75pt; width: 91.40pt;\" width=\"121\" height=\"17\">Material<\/td>\n<td class=\"et2\" style=\"width: 222.00pt;\" width=\"296\">PET12\/MBPE60 (Glanz- und Matteffekt)<\/td>\n<\/tr>\n<tr style=\"height: 12.75pt;\">\n<td class=\"et2\" style=\"height: 12.75pt; width: 91.40pt;\" width=\"121\" height=\"17\">Besonderes Merkmal<\/td>\n<td class=\"et2\" style=\"width: 222.00pt;\" width=\"296\">Ausguss, selbststehender Boden<\/td>\n<\/tr>\n<tr style=\"height: 12.75pt;\">\n<td class=\"et2\" style=\"height: 12.75pt; width: 91.40pt;\" width=\"121\" height=\"17\">Handhabung der Oberfl\u00e4che<\/td>\n<td class=\"et2\" style=\"width: 222.00pt;\" width=\"296\">Tiefdruck<\/td>\n<\/tr>\n<tr style=\"height: 12.75pt;\">\n<td class=\"et2\" style=\"height: 12.75pt; width: 91.40pt;\" width=\"121\" height=\"17\">Farbe<\/td>\n<td class=\"et2\" style=\"width: 222.00pt;\" width=\"296\">Bis zu 10 Farben<\/td>\n<\/tr>\n<tr style=\"height: 12.75pt;\">\n<td class=\"et2\" style=\"height: 12.75pt; width: 91.40pt;\" width=\"121\" height=\"17\">Verwendung<\/td>\n<td class=\"et3\">Feuchtigkeitscreme, Lotion, Hautpflegeprodukt<\/td>\n<\/tr>\n<tr style=\"height: 12.75pt;\">\n<td class=\"et2\" style=\"height: 12.75pt; width: 91.40pt;\" width=\"121\" height=\"17\">MOQ<\/td>\n<td class=\"et2\" style=\"width: 222.00pt;\" width=\"296\">50.000 St\u00fcck<\/td>\n<\/tr>\n<tr style=\"height: 12.75pt;\">\n<td class=\"et2\" style=\"height: 12.75pt; width: 91.40pt;\" width=\"121\" height=\"17\">Individuelle Bestellung<\/td>\n<td class=\"et2\" style=\"width: 222.00pt;\" width=\"296\">Akzeptieren Sie OEM, unterst\u00fctzen Sie freie Probe<\/td>\n<\/tr>\n<\/tbody>\n<\/table>\n<p>&nbsp;<\/p>","protected":false},"featured_media":2654,"comment_status":"closed","ping_status":"closed","template":"","meta":{"_acf_changed":false},"product_brand":[],"product_cat":[32,30],"product_tag":[],"class_list":{"0":"post-2652","1":"product","2":"type-product","3":"status-publish","4":"has-post-thumbnail","6":"product_cat-spout-pouch-manufacturer","7":"product_cat-stand-up-pouch-manufacturer","8":"pa_non-food-packaging-cosmetic-packaging-pouches","10":"first","11":"instock","12":"shipping-taxable","13":"product-type-simple"},"acf":[],"_links":{"self":[{"href":"https:\/\/www.stanleypackage.com\/de\/wp-json\/wp\/v2\/product\/2652","targetHints":{"allow":["GET"]}}],"collection":[{"href":"https:\/\/www.stanleypackage.com\/de\/wp-json\/wp\/v2\/product"}],"about":[{"href":"https:\/\/www.stanleypackage.com\/de\/wp-json\/wp\/v2\/types\/product"}],"replies":[{"embeddable":true,"href":"https:\/\/www.stanleypackage.com\/de\/wp-json\/wp\/v2\/comments?post=2652"}],"wp:featuredmedia":[{"embeddable":true,"href":"https:\/\/www.stanleypackage.com\/de\/wp-json\/wp\/v2\/media\/2654"}],"wp:attachment":[{"href":"https:\/\/www.stanleypackage.com\/de\/wp-json\/wp\/v2\/media?parent=2652"}],"wp:term":[{"taxonomy":"product_brand","embeddable":true,"href":"https:\/\/www.stanleypackage.com\/de\/wp-json\/wp\/v2\/product_brand?post=2652"},{"taxonomy":"product_cat","embeddable":true,"href":"https:\/\/www.stanleypackage.com\/de\/wp-json\/wp\/v2\/product_cat?post=2652"},{"taxonomy":"product_tag","embeddable":true,"href":"https:\/\/www.stanleypackage.com\/de\/wp-json\/wp\/v2\/product_tag?post=2652"}],"curies":[{"name":"wp","href":"https:\/\/api.w.org\/{rel}","templated":true}]}}