{"id":2653,"date":"2025-08-12T02:56:29","date_gmt":"2025-08-12T02:56:29","guid":{"rendered":"https:\/\/www.stanleypackage.com\/?post_type=product&#038;p=2653"},"modified":"2025-09-06T01:28:54","modified_gmt":"2025-09-06T01:28:54","slug":"wholesale-cosmetics-packaging","status":"publish","type":"product","link":"https:\/\/www.stanleypackage.com\/de\/product\/wholesale-cosmetics-packaging\/","title":{"rendered":"Gro\u00dfhandel Kosmetikverpackungen, benutzerdefinierte Stiftung Spout Taschen"},"content":{"rendered":"<div class=\"wp-block-columns is-layout-flex wp-container-core-columns-is-layout-9d6595d7 wp-block-columns-is-layout-flex\">\n<div class=\"wp-block-column is-layout-flow wp-block-column-is-layout-flow\">\n<h2 class=\"wp-block-heading\">Merkmale von Gro\u00dfhandelskosmetikverpackungen<\/h2>\n\n\n\n<ul class=\"wp-block-list\">\n<li><strong>Sicheres und langlebiges Material: <\/strong>Diese Kosmetikverpackungen f\u00fcr den Gro\u00dfhandel bestehen aus einem PET\/PE-Verbundmaterial, das eine hervorragende Abdichtung und Haltbarkeit bietet. Dadurch wird verhindert, dass die fl\u00fcssige Foundation ausl\u00e4uft und verderben kann, was die Stabilit\u00e4t des Produkts w\u00e4hrend des Transports und der Verwendung gew\u00e4hrleistet.<\/li>\n\n\n\n<li><strong>Innovatives Zwei-Kammer-Design:<\/strong> Diese ma\u00dfgeschneiderten T\u00fcllenbeutel bewahren auf der linken Seite fl\u00fcssige Foundation auf und enthalten auf der rechten Seite ein weiches Make-up-Kissen. Damit bieten sie zwei Funktionen in einem Beutel, der f\u00fcr Auffrischungen unterwegs bequem zug\u00e4nglich ist.<\/li>\n\n\n\n<li><strong>Bequemer Ausguss und leicht zu \u00f6ffnende \u00d6ffnung: <\/strong>Das Ausgie\u00dferdesign dieser Kosmetikverpackungen f\u00fcr den Gro\u00dfhandel erm\u00f6glicht ein pr\u00e4zises Ausgie\u00dfen der fl\u00fcssigen Foundation, wodurch Abfall und Fleckenbildung vermieden werden. Die leicht zu \u00f6ffnende \u00d6ffnung erm\u00f6glicht es den Verbrauchern, die Verpackung schnell zu \u00f6ffnen, um eine reibungslose Anwendung zu erm\u00f6glichen.<\/li>\n\n\n\n<li><strong>Unregelm\u00e4\u00dfige und kreative Formen: <\/strong>Unsere individuell gestalteten Ausgie\u00dfer-Beutel unterstreichen nicht nur die Einzigartigkeit der Marke, sondern heben sich auch im Kosmetikregal ab, was den Wiedererkennungswert und das visuelle Ged\u00e4chtnis steigert.<\/li>\n\n\n\n<li><strong>Unterst\u00fctzung der Markenanpassung: <\/strong>Unsere Kosmetikverpackungen f\u00fcr den Gro\u00dfhandel k\u00f6nnen mit hoher Pr\u00e4zision mehrfarbig bedruckt werden, kombiniert mit einzigartiger Form und funktionellem Design, um Marken zu helfen, ihr eigenes hochwertiges Kosmetikverpackungsimage zu schaffen.<\/li>\n<\/ul>\n\n\n\n<div class=\"wp-block-columns is-layout-flex wp-container-core-columns-is-layout-9d6595d7 wp-block-columns-is-layout-flex\">\n<div class=\"wp-block-column is-layout-flow wp-block-column-is-layout-flow\">\n<figure class=\"wp-block-image size-full\"><img decoding=\"async\" width=\"2079\" height=\"2035\" src=\"https:\/\/www.stanleypackage.com\/wp-content\/uploads\/2025\/08\/Custom-Print-Spout-Bags-Wholesale-Cosmetic-Pouch-Packaging-3.webp\" alt=\"\" class=\"wp-image-2663\" srcset=\"https:\/\/www.stanleypackage.com\/wp-content\/uploads\/2025\/08\/Custom-Print-Spout-Bags-Wholesale-Cosmetic-Pouch-Packaging-3.webp 2079w, https:\/\/www.stanleypackage.com\/wp-content\/uploads\/2025\/08\/Custom-Print-Spout-Bags-Wholesale-Cosmetic-Pouch-Packaging-3-300x294.webp 300w, https:\/\/www.stanleypackage.com\/wp-content\/uploads\/2025\/08\/Custom-Print-Spout-Bags-Wholesale-Cosmetic-Pouch-Packaging-3-768x752.webp 768w, https:\/\/www.stanleypackage.com\/wp-content\/uploads\/2025\/08\/Custom-Print-Spout-Bags-Wholesale-Cosmetic-Pouch-Packaging-3-12x12.webp 12w, https:\/\/www.stanleypackage.com\/wp-content\/uploads\/2025\/08\/Custom-Print-Spout-Bags-Wholesale-Cosmetic-Pouch-Packaging-3-1200x1175.webp 1200w, https:\/\/www.stanleypackage.com\/wp-content\/uploads\/2025\/08\/Custom-Print-Spout-Bags-Wholesale-Cosmetic-Pouch-Packaging-3-600x587.webp 600w\" sizes=\"(max-width: 2079px) 100vw, 2079px\" \/><\/figure>\n<\/div>\n\n\n\n<div class=\"wp-block-column is-layout-flow wp-block-column-is-layout-flow\">\n<figure class=\"wp-block-image size-full\"><img decoding=\"async\" width=\"2079\" height=\"2035\" src=\"https:\/\/www.stanleypackage.com\/wp-content\/uploads\/2025\/08\/Custom-Print-Spout-Bags-Wholesale-Cosmetic-Pouch-Packaging-4.webp\" alt=\"\" class=\"wp-image-2662\" srcset=\"https:\/\/www.stanleypackage.com\/wp-content\/uploads\/2025\/08\/Custom-Print-Spout-Bags-Wholesale-Cosmetic-Pouch-Packaging-4.webp 2079w, https:\/\/www.stanleypackage.com\/wp-content\/uploads\/2025\/08\/Custom-Print-Spout-Bags-Wholesale-Cosmetic-Pouch-Packaging-4-300x294.webp 300w, https:\/\/www.stanleypackage.com\/wp-content\/uploads\/2025\/08\/Custom-Print-Spout-Bags-Wholesale-Cosmetic-Pouch-Packaging-4-768x752.webp 768w, https:\/\/www.stanleypackage.com\/wp-content\/uploads\/2025\/08\/Custom-Print-Spout-Bags-Wholesale-Cosmetic-Pouch-Packaging-4-12x12.webp 12w, https:\/\/www.stanleypackage.com\/wp-content\/uploads\/2025\/08\/Custom-Print-Spout-Bags-Wholesale-Cosmetic-Pouch-Packaging-4-1200x1175.webp 1200w, https:\/\/www.stanleypackage.com\/wp-content\/uploads\/2025\/08\/Custom-Print-Spout-Bags-Wholesale-Cosmetic-Pouch-Packaging-4-600x587.webp 600w\" sizes=\"(max-width: 2079px) 100vw, 2079px\" \/><\/figure>\n<\/div>\n<\/div>\n<\/div>\n<\/div>","protected":false},"excerpt":{"rendered":"<p>Willkommen im Gro\u00dfhandel Kosmetikverpackungen zu kaufen. Diese kundenspezifischen T\u00fcllenbeutel f\u00fcr fl\u00fcssige Foundation haben ein neuartiges Design. Die linke Seite fasst fl\u00fcssige Foundation, w\u00e4hrend die rechte Seite ein weiches Make-up-Kissen f\u00fcr bequeme, gebrauchsfertige Anwendungen aufnimmt.<\/p>\n<table style=\"border-collapse: collapse; width: 327.77pt;\" border=\"0\" width=\"437\" cellspacing=\"0\" cellpadding=\"0\">\n<tbody>\n<tr style=\"height: 12.75pt;\">\n<td class=\"et2\" style=\"height: 12.75pt; width: 91.40pt;\" width=\"121\" height=\"17\">Hersteller<\/td>\n<td class=\"et2\" style=\"width: 237.00pt;\" width=\"316\">Stanley<\/td>\n<\/tr>\n<tr style=\"height: 12.75pt;\">\n<td class=\"et2\" style=\"height: 12.75pt; width: 91.40pt;\" width=\"121\" height=\"17\">Arten von Beuteln<\/td>\n<td class=\"et3\">Ausgie\u00dferbeutel, Formbeutel<\/td>\n<\/tr>\n<tr style=\"height: 12.75pt;\">\n<td class=\"et2\" style=\"height: 12.75pt; width: 91.40pt;\" width=\"121\" height=\"17\">Material<\/td>\n<td class=\"et2\" style=\"width: 237.00pt;\" width=\"316\">PET\/PE<\/td>\n<\/tr>\n<tr style=\"height: 12.75pt;\">\n<td class=\"et2\" style=\"height: 12.75pt; width: 91.40pt;\" width=\"121\" height=\"17\">Besonderes Merkmal<\/td>\n<td class=\"et2\" style=\"width: 237.00pt;\" width=\"316\">Ausguss, Easy-Tear-Kerbe, unregelm\u00e4\u00dfige Form<\/td>\n<\/tr>\n<tr style=\"height: 12.75pt;\">\n<td class=\"et2\" style=\"height: 12.75pt; width: 91.40pt;\" width=\"121\" height=\"17\">Handhabung der Oberfl\u00e4che<\/td>\n<td class=\"et2\" style=\"width: 237.00pt;\" width=\"316\">Tiefdruck<\/td>\n<\/tr>\n<tr style=\"height: 12.75pt;\">\n<td class=\"et2\" style=\"height: 12.75pt; width: 91.40pt;\" width=\"121\" height=\"17\">Farbe<\/td>\n<td class=\"et2\" style=\"width: 237.00pt;\" width=\"316\">Bis zu 10 Farben<\/td>\n<\/tr>\n<tr style=\"height: 12.75pt;\">\n<td class=\"et2\" style=\"height: 12.75pt; width: 91.40pt;\" width=\"121\" height=\"17\">Verwendung<\/td>\n<td class=\"et3\">fl\u00fcssige Grundierung, Sonnencreme, andere halbfl\u00fcssige Produkte<\/td>\n<\/tr>\n<tr style=\"height: 12.75pt;\">\n<td class=\"et2\" style=\"height: 12.75pt; width: 91.40pt;\" width=\"121\" height=\"17\">MOQ<\/td>\n<td class=\"et2\" style=\"width: 237.00pt;\" width=\"316\">50.000 St\u00fcck<\/td>\n<\/tr>\n<tr style=\"height: 12.75pt;\">\n<td class=\"et2\" style=\"height: 12.75pt; width: 91.40pt;\" width=\"121\" height=\"17\">Individuelle Bestellung<\/td>\n<td class=\"et2\" style=\"width: 237.00pt;\" width=\"316\">Akzeptieren Sie OEM, unterst\u00fctzen Sie freie Probe<\/td>\n<\/tr>\n<\/tbody>\n<\/table>\n<p>&nbsp;<\/p>","protected":false},"featured_media":2663,"comment_status":"closed","ping_status":"closed","template":"","meta":{"_acf_changed":false},"product_brand":[],"product_cat":[32,31,28,22],"product_tag":[],"class_list":{"0":"post-2653","1":"product","2":"type-product","3":"status-publish","4":"has-post-thumbnail","6":"product_cat-spout-pouch-manufacturer","7":"product_cat-lay-flat-pouch-manufacturer","8":"product_cat-three-side-seal-pouch-manufacturer","9":"product_cat-shaped-pouches-factory","10":"pa_non-food-packaging-cosmetic-packaging-pouches","12":"first","13":"instock","14":"shipping-taxable","15":"product-type-simple"},"acf":[],"_links":{"self":[{"href":"https:\/\/www.stanleypackage.com\/de\/wp-json\/wp\/v2\/product\/2653","targetHints":{"allow":["GET"]}}],"collection":[{"href":"https:\/\/www.stanleypackage.com\/de\/wp-json\/wp\/v2\/product"}],"about":[{"href":"https:\/\/www.stanleypackage.com\/de\/wp-json\/wp\/v2\/types\/product"}],"replies":[{"embeddable":true,"href":"https:\/\/www.stanleypackage.com\/de\/wp-json\/wp\/v2\/comments?post=2653"}],"wp:featuredmedia":[{"embeddable":true,"href":"https:\/\/www.stanleypackage.com\/de\/wp-json\/wp\/v2\/media\/2663"}],"wp:attachment":[{"href":"https:\/\/www.stanleypackage.com\/de\/wp-json\/wp\/v2\/media?parent=2653"}],"wp:term":[{"taxonomy":"product_brand","embeddable":true,"href":"https:\/\/www.stanleypackage.com\/de\/wp-json\/wp\/v2\/product_brand?post=2653"},{"taxonomy":"product_cat","embeddable":true,"href":"https:\/\/www.stanleypackage.com\/de\/wp-json\/wp\/v2\/product_cat?post=2653"},{"taxonomy":"product_tag","embeddable":true,"href":"https:\/\/www.stanleypackage.com\/de\/wp-json\/wp\/v2\/product_tag?post=2653"}],"curies":[{"name":"wp","href":"https:\/\/api.w.org\/{rel}","templated":true}]}}