{"id":2666,"date":"2025-08-12T02:17:28","date_gmt":"2025-08-12T02:17:28","guid":{"rendered":"https:\/\/www.stanleypackage.com\/?post_type=product&#038;p=2666"},"modified":"2025-08-12T02:17:36","modified_gmt":"2025-08-12T02:17:36","slug":"custom-pouches-packaging","status":"publish","type":"product","link":"https:\/\/www.stanleypackage.com\/de\/product\/custom-pouches-packaging\/","title":{"rendered":"Benutzerdefinierte Beutel Verpackung, Tee Verpackung Beutel Gro\u00dfhandel"},"content":{"rendered":"<div class=\"wp-block-columns is-layout-flex wp-container-core-columns-is-layout-9d6595d7 wp-block-columns-is-layout-flex\">\n<div class=\"wp-block-column is-layout-flow wp-block-column-is-layout-flow\">\n<h2 class=\"wp-block-heading\">Merkmale von kundenspezifischen Verpackungsbeuteln<\/h2>\n\n\n\n<ul class=\"wp-block-list\">\n<li><strong>Unbedenkliche Materialien in Lebensmittelqualit\u00e4t: <\/strong>Diese kundenspezifischen Beutel werden aus einem hochbarrierenden PET12\/AL7\/PE80 hergestellt, das Luft und Feuchtigkeit wirksam abh\u00e4lt, die Frische des Tees gew\u00e4hrleistet und die Sicherheitsanforderungen f\u00fcr den Kontakt mit Lebensmitteln erf\u00fcllt.<\/li>\n\n\n\n<li><strong>Selbsttragende Bodenstruktur: <\/strong>Diese Gro\u00dfhandelstee-Verpackungst\u00fcten stehen fest in den Regalen und erh\u00f6hen die visuelle Wirkung der Verpackung und den Branding-Effekt, w\u00e4hrend sie gleichzeitig den Lagerraum schonen.<\/li>\n\n\n\n<li><strong>Wiederverschlie\u00dfbarer Rei\u00dfverschluss:<\/strong> Unsere ma\u00dfgefertigten Beutel bieten eine hervorragende Versiegelung und k\u00f6nnen mehrfach ge\u00f6ffnet und verschlossen werden, so dass die Verbraucher je nach Bedarf leicht auf ihre Produkte zugreifen k\u00f6nnen, was die Haltbarkeit verl\u00e4ngert und einen optimalen Geschmack gew\u00e4hrleistet.<\/li>\n\n\n\n<li><strong>Individuelles Druckdesign:<\/strong> Unsere Gro\u00dfhandelstee-Verpackungsbeutel sind in einer Vielzahl von Farben und Mustern erh\u00e4ltlich, die es Ihnen erm\u00f6glichen, Ihr Markenlogo und kreative Designs f\u00fcr eine einzigartige Marktidentit\u00e4t einzubinden.<\/li>\n\n\n\n<li><strong>Mehrzweck-Verpackungsl\u00f6sung:<\/strong> Diese kundenspezifischen Beutelverpackungen k\u00f6nnen f\u00fcr eine Vielzahl von Lebensmittelverpackungen verwendet werden, z. B. f\u00fcr Kaffeebohnen, N\u00fcsse, Kr\u00e4utertee, Snacks usw., so dass H\u00e4ndler alle Arten von Produkten mit einem einzigen Verpackungsdesign verpacken k\u00f6nnen.<\/li>\n<\/ul>\n\n\n\n<div class=\"wp-block-columns is-layout-flex wp-container-core-columns-is-layout-9d6595d7 wp-block-columns-is-layout-flex\">\n<div class=\"wp-block-column is-layout-flow wp-block-column-is-layout-flow\">\n<figure class=\"wp-block-image size-full\"><img decoding=\"async\" width=\"2448\" height=\"2448\" src=\"https:\/\/www.stanleypackage.com\/wp-content\/uploads\/2025\/08\/China-Custom-Packages-Wholesale-Stand-Up-Zipper-Pouch-7.webp\" alt=\"Benutzerdefinierte Beutel Verpackung, Tee Verpackung Beutel Gro\u00dfhandel-6\" class=\"wp-image-2668\" srcset=\"https:\/\/www.stanleypackage.com\/wp-content\/uploads\/2025\/08\/China-Custom-Packages-Wholesale-Stand-Up-Zipper-Pouch-7.webp 2448w, https:\/\/www.stanleypackage.com\/wp-content\/uploads\/2025\/08\/China-Custom-Packages-Wholesale-Stand-Up-Zipper-Pouch-7-300x300.webp 300w, https:\/\/www.stanleypackage.com\/wp-content\/uploads\/2025\/08\/China-Custom-Packages-Wholesale-Stand-Up-Zipper-Pouch-7-150x150.webp 150w, https:\/\/www.stanleypackage.com\/wp-content\/uploads\/2025\/08\/China-Custom-Packages-Wholesale-Stand-Up-Zipper-Pouch-7-768x768.webp 768w, https:\/\/www.stanleypackage.com\/wp-content\/uploads\/2025\/08\/China-Custom-Packages-Wholesale-Stand-Up-Zipper-Pouch-7-12x12.webp 12w, https:\/\/www.stanleypackage.com\/wp-content\/uploads\/2025\/08\/China-Custom-Packages-Wholesale-Stand-Up-Zipper-Pouch-7-1200x1200.webp 1200w, https:\/\/www.stanleypackage.com\/wp-content\/uploads\/2025\/08\/China-Custom-Packages-Wholesale-Stand-Up-Zipper-Pouch-7-600x600.webp 600w, https:\/\/www.stanleypackage.com\/wp-content\/uploads\/2025\/08\/China-Custom-Packages-Wholesale-Stand-Up-Zipper-Pouch-7-100x100.webp 100w\" sizes=\"(max-width: 2448px) 100vw, 2448px\" \/><\/figure>\n<\/div>\n\n\n\n<div class=\"wp-block-column is-layout-flow wp-block-column-is-layout-flow\">\n<figure class=\"wp-block-image size-full\"><img decoding=\"async\" width=\"750\" height=\"750\" src=\"https:\/\/www.stanleypackage.com\/wp-content\/uploads\/2025\/08\/China-Custom-Packages-Wholesale-Stand-Up-Zipper-Pouch-3.webp\" alt=\"Benutzerdefinierte Beutel Verpackung, Tee Verpackung Beutel Gro\u00dfhandel-3\" class=\"wp-image-2671\" srcset=\"https:\/\/www.stanleypackage.com\/wp-content\/uploads\/2025\/08\/China-Custom-Packages-Wholesale-Stand-Up-Zipper-Pouch-3.webp 750w, https:\/\/www.stanleypackage.com\/wp-content\/uploads\/2025\/08\/China-Custom-Packages-Wholesale-Stand-Up-Zipper-Pouch-3-300x300.webp 300w, https:\/\/www.stanleypackage.com\/wp-content\/uploads\/2025\/08\/China-Custom-Packages-Wholesale-Stand-Up-Zipper-Pouch-3-150x150.webp 150w, https:\/\/www.stanleypackage.com\/wp-content\/uploads\/2025\/08\/China-Custom-Packages-Wholesale-Stand-Up-Zipper-Pouch-3-12x12.webp 12w, https:\/\/www.stanleypackage.com\/wp-content\/uploads\/2025\/08\/China-Custom-Packages-Wholesale-Stand-Up-Zipper-Pouch-3-600x600.webp 600w, https:\/\/www.stanleypackage.com\/wp-content\/uploads\/2025\/08\/China-Custom-Packages-Wholesale-Stand-Up-Zipper-Pouch-3-100x100.webp 100w\" sizes=\"(max-width: 750px) 100vw, 750px\" \/><\/figure>\n<\/div>\n<\/div>\n<\/div>\n<\/div>","protected":false},"excerpt":{"rendered":"<p>Willkommen bei kundenspezifischen Verpackungsbeuteln. Unsere Gro\u00dfhandel Tee-Verpackung Taschen bieten hervorragende Feuchtigkeit und Oxidationsbest\u00e4ndigkeit, eine selbsttragende Bodenstruktur f\u00fcr stabile Anzeige, und unterst\u00fctzen eine Vielzahl von benutzerdefinierten Druckoptionen.<\/p>\n<table style=\"border-collapse: collapse; width: 327.77pt;\" border=\"0\" width=\"437\" cellspacing=\"0\" cellpadding=\"0\">\n<tbody>\n<tr style=\"height: 12.75pt;\">\n<td class=\"et2\" style=\"height: 12.75pt; width: 91.40pt;\" width=\"121\" height=\"17\">Hersteller<\/td>\n<td class=\"et2\" style=\"width: 237.00pt;\" width=\"316\">Stanley<\/td>\n<\/tr>\n<tr style=\"height: 12.75pt;\">\n<td class=\"et2\" style=\"height: 12.75pt; width: 91.40pt;\" width=\"121\" height=\"17\">Arten von Beuteln<\/td>\n<td class=\"et3\">Stand Up Pouch, Rei\u00dfverschluss-Tasche<\/td>\n<\/tr>\n<tr style=\"height: 12.75pt;\">\n<td class=\"et2\" style=\"height: 12.75pt; width: 91.40pt;\" width=\"121\" height=\"17\">Material<\/td>\n<td class=\"et2\" style=\"width: 237.00pt;\" width=\"316\">PET12\/AL7\/PE80<\/td>\n<\/tr>\n<tr style=\"height: 12.75pt;\">\n<td class=\"et2\" style=\"height: 12.75pt; width: 91.40pt;\" width=\"121\" height=\"17\">Besonderes Merkmal<\/td>\n<td class=\"et2\" style=\"width: 237.00pt;\" width=\"316\">Stehende Unterseite, Rei\u00dfverschluss<\/td>\n<\/tr>\n<tr style=\"height: 12.75pt;\">\n<td class=\"et2\" style=\"height: 12.75pt; width: 91.40pt;\" width=\"121\" height=\"17\">Handhabung der Oberfl\u00e4che<\/td>\n<td class=\"et2\" style=\"width: 237.00pt;\" width=\"316\">Tiefdruck<\/td>\n<\/tr>\n<tr style=\"height: 12.75pt;\">\n<td class=\"et2\" style=\"height: 12.75pt; width: 91.40pt;\" width=\"121\" height=\"17\">Farbe<\/td>\n<td class=\"et2\" style=\"width: 237.00pt;\" width=\"316\">Bis zu 10 Farben<\/td>\n<\/tr>\n<tr style=\"height: 12.75pt;\">\n<td class=\"et2\" style=\"height: 12.75pt; width: 91.40pt;\" width=\"121\" height=\"17\">Verwendung<\/td>\n<td class=\"et3\">Tee, Pulver, Knabberzeug, Trockenfutter<\/td>\n<\/tr>\n<tr style=\"height: 12.75pt;\">\n<td class=\"et2\" style=\"height: 12.75pt; width: 91.40pt;\" width=\"121\" height=\"17\">MOQ<\/td>\n<td class=\"et2\" style=\"width: 237.00pt;\" width=\"316\">50.000 St\u00fcck<\/td>\n<\/tr>\n<tr style=\"height: 12.75pt;\">\n<td class=\"et2\" style=\"height: 12.75pt; width: 91.40pt;\" width=\"121\" height=\"17\">Individuelle Bestellung<\/td>\n<td class=\"et2\" style=\"width: 237.00pt;\" width=\"316\">Akzeptieren Sie OEM, unterst\u00fctzen Sie freie Probe<\/td>\n<\/tr>\n<\/tbody>\n<\/table>","protected":false},"featured_media":2673,"comment_status":"closed","ping_status":"closed","template":"","meta":{"_acf_changed":false},"product_brand":[],"product_cat":[18,30],"product_tag":[],"class_list":{"0":"post-2666","1":"product","2":"type-product","3":"status-publish","4":"has-post-thumbnail","6":"product_cat-zipper-pouch-manufacturer","7":"product_cat-stand-up-pouch-manufacturer","8":"pa_food-packaging-tea-pouch-packaging","10":"first","11":"instock","12":"shipping-taxable","13":"product-type-simple"},"acf":[],"_links":{"self":[{"href":"https:\/\/www.stanleypackage.com\/de\/wp-json\/wp\/v2\/product\/2666","targetHints":{"allow":["GET"]}}],"collection":[{"href":"https:\/\/www.stanleypackage.com\/de\/wp-json\/wp\/v2\/product"}],"about":[{"href":"https:\/\/www.stanleypackage.com\/de\/wp-json\/wp\/v2\/types\/product"}],"replies":[{"embeddable":true,"href":"https:\/\/www.stanleypackage.com\/de\/wp-json\/wp\/v2\/comments?post=2666"}],"wp:featuredmedia":[{"embeddable":true,"href":"https:\/\/www.stanleypackage.com\/de\/wp-json\/wp\/v2\/media\/2673"}],"wp:attachment":[{"href":"https:\/\/www.stanleypackage.com\/de\/wp-json\/wp\/v2\/media?parent=2666"}],"wp:term":[{"taxonomy":"product_brand","embeddable":true,"href":"https:\/\/www.stanleypackage.com\/de\/wp-json\/wp\/v2\/product_brand?post=2666"},{"taxonomy":"product_cat","embeddable":true,"href":"https:\/\/www.stanleypackage.com\/de\/wp-json\/wp\/v2\/product_cat?post=2666"},{"taxonomy":"product_tag","embeddable":true,"href":"https:\/\/www.stanleypackage.com\/de\/wp-json\/wp\/v2\/product_tag?post=2666"}],"curies":[{"name":"wp","href":"https:\/\/api.w.org\/{rel}","templated":true}]}}