{"id":2676,"date":"2025-08-12T01:50:32","date_gmt":"2025-08-12T01:50:32","guid":{"rendered":"https:\/\/www.stanleypackage.com\/?post_type=product&#038;p=2676"},"modified":"2025-09-03T09:15:37","modified_gmt":"2025-09-03T09:15:37","slug":"wholesale-flat-bottom-packaging","status":"publish","type":"product","link":"https:\/\/www.stanleypackage.com\/de\/product\/wholesale-flat-bottom-packaging\/","title":{"rendered":"Gro\u00dfhandel Flachbodenverpackungen, 8-Seiten-Siegel-Lebensmittel-Beutel"},"content":{"rendered":"<div class=\"wp-block-columns is-layout-flex wp-container-core-columns-is-layout-9d6595d7 wp-block-columns-is-layout-flex\">\n<div class=\"wp-block-column is-layout-flow wp-block-column-is-layout-flow\">\n<h2 class=\"wp-block-heading\">Merkmale der Gro\u00dfhandels-Flachbodenverpackung<\/h2>\n\n\n\n<ul class=\"wp-block-list\">\n<li><strong>Hochbarrierefrei, lebensmittelecht und sicher: <\/strong>Unsere Flachbodenverpackungen f\u00fcr den Gro\u00dfhandel bestehen aus einer mehrschichtigen Verbundstruktur aus PET12\/AL7\/PE. Die Vorderseite, die R\u00fcckseite und die Seiten sind hinsichtlich Dicke und Flexibilit\u00e4t optimiert und bieten einen hervorragenden Schutz vor Feuchtigkeit, Oxidation und Licht.<\/li>\n\n\n\n<li><strong>Stabile 8-Seiten-Dichtung mit flachem Boden: <\/strong>Diese ma\u00dfgefertigten 8-seitig versiegelten Lebensmittelbeutel sorgen f\u00fcr einen stabilen Stand im Regal oder auf der Theke und verbessern das Erscheinungsbild des Regals bei gleichzeitiger Maximierung der internen Kapazit\u00e4t.<\/li>\n\n\n\n<li><strong>Vielseitige und bequeme Konstruktion: <\/strong>Unsere Gro\u00dfhandelsverpackungen mit flachem Boden verf\u00fcgen \u00fcber einen wiederverwendbaren, versiegelnden Rei\u00dfverschluss f\u00fcr mehrere \u00d6ffnungen und Verschl\u00fcsse. Die leicht zu \u00f6ffnende Kerbe erm\u00f6glicht ein einfaches \u00d6ffnen durch den Verbraucher, und das Aufh\u00e4ngeloch erleichtert das Aufh\u00e4ngen zur Pr\u00e4sentation. <\/li>\n\n\n\n<li><strong>Effizientes F\u00fcllen und Versiegeln:<\/strong> Die Bodenbef\u00fcllung dieser kundenspezifischen 8-Seiten-Siegelbeutel f\u00fcr Lebensmittel macht den Verpackungsprozess effizienter und hygienischer, wodurch sie sich besonders f\u00fcr die Massenproduktion an Flie\u00dfb\u00e4ndern eignen.<\/li>\n\n\n\n<li><strong>Breite Anwendung: <\/strong>Diese Flachbodenverpackungen f\u00fcr den Gro\u00dfhandel eignen sich f\u00fcr die Verpackung einer Vielzahl von Lebensmitteln, darunter Kaffeebohnen, N\u00fcsse, Getreide, Snacks, Tee und Tiernahrung, so dass Marken mit einer einzigen Verpackung die Marktanforderungen mehrerer Produktkategorien erf\u00fcllen k\u00f6nnen.<\/li>\n<\/ul>\n\n\n\n<div class=\"wp-block-columns is-layout-flex wp-container-core-columns-is-layout-9d6595d7 wp-block-columns-is-layout-flex\">\n<div class=\"wp-block-column is-layout-flow wp-block-column-is-layout-flow\">\n<figure class=\"wp-block-image size-full\"><img decoding=\"async\" width=\"750\" height=\"750\" src=\"https:\/\/www.stanleypackage.com\/wp-content\/uploads\/2025\/08\/Custom-Flat-Bottom-Stand-Up-Pouches-Wholesale-For-Food-6.webp\" alt=\"Gro\u00dfhandel flachen Boden Verpackung, 8-Seiten-Siegel Lebensmittel Beutel-2\" class=\"wp-image-2681\" srcset=\"https:\/\/www.stanleypackage.com\/wp-content\/uploads\/2025\/08\/Custom-Flat-Bottom-Stand-Up-Pouches-Wholesale-For-Food-6.webp 750w, https:\/\/www.stanleypackage.com\/wp-content\/uploads\/2025\/08\/Custom-Flat-Bottom-Stand-Up-Pouches-Wholesale-For-Food-6-300x300.webp 300w, https:\/\/www.stanleypackage.com\/wp-content\/uploads\/2025\/08\/Custom-Flat-Bottom-Stand-Up-Pouches-Wholesale-For-Food-6-150x150.webp 150w, https:\/\/www.stanleypackage.com\/wp-content\/uploads\/2025\/08\/Custom-Flat-Bottom-Stand-Up-Pouches-Wholesale-For-Food-6-12x12.webp 12w, https:\/\/www.stanleypackage.com\/wp-content\/uploads\/2025\/08\/Custom-Flat-Bottom-Stand-Up-Pouches-Wholesale-For-Food-6-600x600.webp 600w, https:\/\/www.stanleypackage.com\/wp-content\/uploads\/2025\/08\/Custom-Flat-Bottom-Stand-Up-Pouches-Wholesale-For-Food-6-100x100.webp 100w\" sizes=\"(max-width: 750px) 100vw, 750px\" \/><\/figure>\n<\/div>\n\n\n\n<div class=\"wp-block-column is-layout-flow wp-block-column-is-layout-flow\">\n<figure class=\"wp-block-image size-full\"><img decoding=\"async\" width=\"750\" height=\"750\" src=\"https:\/\/www.stanleypackage.com\/wp-content\/uploads\/2025\/08\/Custom-Flat-Bottom-Stand-Up-Pouches-Wholesale-For-Food-3.webp\" alt=\"Gro\u00dfhandel Flachbodenverpackungen, 8-Seiten-Siegel-Lebensmittel-Beutel-4\" class=\"wp-image-2679\" srcset=\"https:\/\/www.stanleypackage.com\/wp-content\/uploads\/2025\/08\/Custom-Flat-Bottom-Stand-Up-Pouches-Wholesale-For-Food-3.webp 750w, https:\/\/www.stanleypackage.com\/wp-content\/uploads\/2025\/08\/Custom-Flat-Bottom-Stand-Up-Pouches-Wholesale-For-Food-3-300x300.webp 300w, https:\/\/www.stanleypackage.com\/wp-content\/uploads\/2025\/08\/Custom-Flat-Bottom-Stand-Up-Pouches-Wholesale-For-Food-3-150x150.webp 150w, https:\/\/www.stanleypackage.com\/wp-content\/uploads\/2025\/08\/Custom-Flat-Bottom-Stand-Up-Pouches-Wholesale-For-Food-3-12x12.webp 12w, https:\/\/www.stanleypackage.com\/wp-content\/uploads\/2025\/08\/Custom-Flat-Bottom-Stand-Up-Pouches-Wholesale-For-Food-3-600x600.webp 600w, https:\/\/www.stanleypackage.com\/wp-content\/uploads\/2025\/08\/Custom-Flat-Bottom-Stand-Up-Pouches-Wholesale-For-Food-3-100x100.webp 100w\" sizes=\"(max-width: 750px) 100vw, 750px\" \/><\/figure>\n<\/div>\n<\/div>\n<\/div>\n<\/div>","protected":false},"excerpt":{"rendered":"<p>Willkommen zum Kauf Gro\u00dfhandel flachen Boden Verpackung. Unsere kundenspezifischen 8-Seiten-Siegel-Lebensmittelbeutel kombinieren hohe Barriereeigenschaften mit Langlebigkeit und verf\u00fcgen \u00fcber einen wiederverwendbaren Rei\u00dfverschluss, ein Aufh\u00e4ngeloch, eine leicht einrei\u00dfbare Kerbe und eine Bodeneinf\u00fcll\u00f6ffnung, um eine Vielzahl von Lebensmittelverpackungen und Displayanforderungen zu erf\u00fcllen.<\/p>\n<table style=\"border-collapse: collapse; width: 365.02pt;\" border=\"0\" width=\"365\" cellspacing=\"0\" cellpadding=\"0\">\n<tbody>\n<tr style=\"height: 16.00pt;\">\n<td class=\"et2\" style=\"height: 16.00pt; width: 97.50pt;\" width=\"97\" height=\"16\">Hersteller<\/td>\n<td class=\"et2\" style=\"width: 267.50pt;\" width=\"267\">Stanley<\/td>\n<\/tr>\n<tr style=\"height: 16.00pt;\">\n<td class=\"et2\" style=\"height: 16.00pt; width: 97.50pt;\" width=\"97\" height=\"16\">Arten von Beuteln<\/td>\n<td class=\"et2\" style=\"width: 267.50pt;\" width=\"267\">8 Seitenverschlussbeutel mit flachem Boden, Zipper-Beutel<\/td>\n<\/tr>\n<tr style=\"height: 31.00pt;\">\n<td class=\"et2\" style=\"height: 31.00pt; width: 97.50pt;\" width=\"97\" height=\"31\">Material<\/td>\n<td class=\"et2\" style=\"width: 267.50pt;\" width=\"267\">Vorder- und R\u00fcckseite: PET12\/AL7\/PE105<br \/>Seiten: PET12\/AL7\/PE90<\/td>\n<\/tr>\n<tr style=\"height: 16.00pt;\">\n<td class=\"et2\" style=\"height: 16.00pt; width: 97.50pt;\" width=\"97\" height=\"16\">Besonderes Merkmal<\/td>\n<td class=\"et2\" style=\"width: 267.50pt;\" width=\"267\">Aufh\u00e4ngeloch, Risskerbe, Bodenf\u00fcllung, Rei\u00dfverschluss<\/td>\n<\/tr>\n<tr style=\"height: 16.00pt;\">\n<td class=\"et2\" style=\"height: 16.00pt; width: 97.50pt;\" width=\"97\" height=\"16\">Handhabung der Oberfl\u00e4che<\/td>\n<td class=\"et2\" style=\"width: 267.50pt;\" width=\"267\">Tiefdruck<\/td>\n<\/tr>\n<tr style=\"height: 16.00pt;\">\n<td class=\"et2\" style=\"height: 16.00pt; width: 97.50pt;\" width=\"97\" height=\"16\">Farbe<\/td>\n<td class=\"et2\" style=\"width: 267.50pt;\" width=\"267\">Bis zu 10 Farben<\/td>\n<\/tr>\n<tr style=\"height: 16.00pt;\">\n<td class=\"et2\" style=\"height: 16.00pt; width: 97.50pt;\" width=\"97\" height=\"16\">Verwendung<\/td>\n<td class=\"et2\" style=\"width: 267.50pt;\" width=\"267\">Haferflocken, Kaffee, Snacks, N\u00fcsse, Trockenlebensmittel<\/td>\n<\/tr>\n<tr style=\"height: 16.00pt;\">\n<td class=\"et2\" style=\"height: 16.00pt; width: 97.50pt;\" width=\"97\" height=\"16\">MOQ<\/td>\n<td class=\"et2\" style=\"width: 267.50pt;\" width=\"267\">50.000 St\u00fcck<\/td>\n<\/tr>\n<tr style=\"height: 16.00pt;\">\n<td class=\"et2\" style=\"height: 16.00pt; width: 97.50pt;\" width=\"97\" height=\"16\">Individuelle Bestellung<\/td>\n<td class=\"et2\" style=\"width: 267.50pt;\" width=\"267\">OEM-Support akzeptieren Kostenloses Muster<\/td>\n<\/tr>\n<\/tbody>\n<\/table>","protected":false},"featured_media":2677,"comment_status":"closed","ping_status":"closed","template":"","meta":{"_acf_changed":false},"product_brand":[],"product_cat":[24,18],"product_tag":[],"class_list":{"0":"post-2676","1":"product","2":"type-product","3":"status-publish","4":"has-post-thumbnail","6":"product_cat-flat-bottom-pouch-manufacturer","7":"product_cat-zipper-pouch-manufacturer","8":"pa_food-packaging-food-powder-packaging","9":"pa_food-packaging-oatmeal-pouch","10":"pa_food-packaging-coffee-packaging-pouch","11":"pa_food-packaging-snack-food-pouch","12":"pa_food-packaging-baby-food-packaging","14":"first","15":"instock","16":"shipping-taxable","17":"product-type-simple"},"acf":[],"_links":{"self":[{"href":"https:\/\/www.stanleypackage.com\/de\/wp-json\/wp\/v2\/product\/2676","targetHints":{"allow":["GET"]}}],"collection":[{"href":"https:\/\/www.stanleypackage.com\/de\/wp-json\/wp\/v2\/product"}],"about":[{"href":"https:\/\/www.stanleypackage.com\/de\/wp-json\/wp\/v2\/types\/product"}],"replies":[{"embeddable":true,"href":"https:\/\/www.stanleypackage.com\/de\/wp-json\/wp\/v2\/comments?post=2676"}],"wp:featuredmedia":[{"embeddable":true,"href":"https:\/\/www.stanleypackage.com\/de\/wp-json\/wp\/v2\/media\/2677"}],"wp:attachment":[{"href":"https:\/\/www.stanleypackage.com\/de\/wp-json\/wp\/v2\/media?parent=2676"}],"wp:term":[{"taxonomy":"product_brand","embeddable":true,"href":"https:\/\/www.stanleypackage.com\/de\/wp-json\/wp\/v2\/product_brand?post=2676"},{"taxonomy":"product_cat","embeddable":true,"href":"https:\/\/www.stanleypackage.com\/de\/wp-json\/wp\/v2\/product_cat?post=2676"},{"taxonomy":"product_tag","embeddable":true,"href":"https:\/\/www.stanleypackage.com\/de\/wp-json\/wp\/v2\/product_tag?post=2676"}],"curies":[{"name":"wp","href":"https:\/\/api.w.org\/{rel}","templated":true}]}}