{"id":2690,"date":"2025-08-19T10:03:52","date_gmt":"2025-08-19T10:03:52","guid":{"rendered":"https:\/\/www.stanleypackage.com\/?post_type=product&#038;p=2690"},"modified":"2025-09-06T01:57:16","modified_gmt":"2025-09-06T01:57:16","slug":"custom-drink-pouches","status":"publish","type":"product","link":"https:\/\/www.stanleypackage.com\/de\/product\/custom-drink-pouches\/","title":{"rendered":"Monomaterial-Getr\u00e4nkebeutel, Beutel mit Ausgie\u00dfer f\u00fcr Fl\u00fcssigkeiten"},"content":{"rendered":"<div class=\"wp-block-columns is-layout-flex wp-container-core-columns-is-layout-9d6595d7 wp-block-columns-is-layout-flex\">\n<div class=\"wp-block-column is-layout-flow wp-block-column-is-layout-flow\">\n<h2 class=\"wp-block-heading\">Merkmale der individuellen Getr\u00e4nkebeutel<\/h2>\n\n\n\n<ul class=\"wp-block-list\">\n<li><strong>Umweltfreundlich und recycelbar f\u00fcr nachhaltige Trends:<\/strong> Diese kundenspezifischen Getr\u00e4nkebeutel bestehen aus einem einzigen PE-Material, das leicht zu recyceln ist und der Marktnachfrage nach gr\u00fcnem Umweltschutz und nachhaltiger Entwicklung entspricht.<\/li>\n\n\n\n<li><strong>Saugd\u00fcsendesign, pr\u00e4zise Anwendung: <\/strong>Diese Gro\u00dfhandelsbeutelverpackung mit Ausgie\u00dfer verf\u00fcgt \u00fcber eine Saugd\u00fcse, die f\u00fcr die Kunden bequem zu bedienen ist und die Kundenerfahrung verbessert.<\/li>\n\n\n\n<li><strong>Untere F\u00fcllstruktur zur Verbesserung der F\u00fclleffizienz: <\/strong>Das Bodenbef\u00fcllungsdesign dieser kundenspezifischen Getr\u00e4nkebeutel erm\u00f6glicht ein schnelles Bef\u00fcllen und festes Verschlie\u00dfen der Produktionslinie, was f\u00fcr automatisierte Verpackungsprozesse geeignet ist.<\/li>\n\n\n\n<li><strong>Ausgestattet mit Supermarktl\u00f6chern: <\/strong>Unsere Gro\u00dfhandelsverpackungen aus Monomaterial sind mit Supermarktl\u00f6chern zum Aufh\u00e4ngen und zur bequemen Pr\u00e4sentation ausgestattet.<\/li>\n\n\n\n<li><strong>Unterst\u00fctzung der Markenanpassung zur Erf\u00fcllung unterschiedlicher Verpackungsanforderungen:<\/strong> Unterst\u00fctzung von kundenspezifischen Getr\u00e4nkebeuteln mit Aufdrucken, Mustern, Fassungsverm\u00f6gen und D\u00fcsenspezifikationen, um die einzigartigen Verpackungsanforderungen der Kunden zu erf\u00fcllen.<\/li>\n<\/ul>\n\n\n\n<div class=\"wp-block-columns is-layout-flex wp-container-core-columns-is-layout-9d6595d7 wp-block-columns-is-layout-flex\">\n<div class=\"wp-block-column is-layout-flow wp-block-column-is-layout-flow\">\n<figure class=\"wp-block-image size-full\"><img decoding=\"async\" width=\"750\" height=\"750\" src=\"https:\/\/www.stanleypackage.com\/wp-content\/uploads\/2025\/08\/Custom-Mono-Material-Wholesale-Spout-Pouch-Packaging-For-Drinks-6.webp\" alt=\"Mono-Material benutzerdefinierte Getr\u00e4nkebeutel, Ausgie\u00dfer Fl\u00fcssigkeit Beutel-Beutel-5\" class=\"wp-image-2700\" srcset=\"https:\/\/www.stanleypackage.com\/wp-content\/uploads\/2025\/08\/Custom-Mono-Material-Wholesale-Spout-Pouch-Packaging-For-Drinks-6.webp 750w, https:\/\/www.stanleypackage.com\/wp-content\/uploads\/2025\/08\/Custom-Mono-Material-Wholesale-Spout-Pouch-Packaging-For-Drinks-6-300x300.webp 300w, https:\/\/www.stanleypackage.com\/wp-content\/uploads\/2025\/08\/Custom-Mono-Material-Wholesale-Spout-Pouch-Packaging-For-Drinks-6-150x150.webp 150w, https:\/\/www.stanleypackage.com\/wp-content\/uploads\/2025\/08\/Custom-Mono-Material-Wholesale-Spout-Pouch-Packaging-For-Drinks-6-12x12.webp 12w, https:\/\/www.stanleypackage.com\/wp-content\/uploads\/2025\/08\/Custom-Mono-Material-Wholesale-Spout-Pouch-Packaging-For-Drinks-6-600x600.webp 600w, https:\/\/www.stanleypackage.com\/wp-content\/uploads\/2025\/08\/Custom-Mono-Material-Wholesale-Spout-Pouch-Packaging-For-Drinks-6-100x100.webp 100w\" sizes=\"(max-width: 750px) 100vw, 750px\" \/><\/figure>\n<\/div>\n\n\n\n<div class=\"wp-block-column is-layout-flow wp-block-column-is-layout-flow\">\n<figure class=\"wp-block-image size-full\"><img decoding=\"async\" width=\"750\" height=\"750\" src=\"https:\/\/www.stanleypackage.com\/wp-content\/uploads\/2025\/08\/Custom-Mono-Material-Wholesale-Spout-Pouch-Packaging-For-Drinks-4.webp\" alt=\"\" class=\"wp-image-2697\" srcset=\"https:\/\/www.stanleypackage.com\/wp-content\/uploads\/2025\/08\/Custom-Mono-Material-Wholesale-Spout-Pouch-Packaging-For-Drinks-4.webp 750w, https:\/\/www.stanleypackage.com\/wp-content\/uploads\/2025\/08\/Custom-Mono-Material-Wholesale-Spout-Pouch-Packaging-For-Drinks-4-300x300.webp 300w, https:\/\/www.stanleypackage.com\/wp-content\/uploads\/2025\/08\/Custom-Mono-Material-Wholesale-Spout-Pouch-Packaging-For-Drinks-4-150x150.webp 150w, https:\/\/www.stanleypackage.com\/wp-content\/uploads\/2025\/08\/Custom-Mono-Material-Wholesale-Spout-Pouch-Packaging-For-Drinks-4-12x12.webp 12w, https:\/\/www.stanleypackage.com\/wp-content\/uploads\/2025\/08\/Custom-Mono-Material-Wholesale-Spout-Pouch-Packaging-For-Drinks-4-600x600.webp 600w, https:\/\/www.stanleypackage.com\/wp-content\/uploads\/2025\/08\/Custom-Mono-Material-Wholesale-Spout-Pouch-Packaging-For-Drinks-4-100x100.webp 100w\" sizes=\"(max-width: 750px) 100vw, 750px\" \/><\/figure>\n<\/div>\n<\/div>\n<\/div>\n<\/div>","protected":false},"excerpt":{"rendered":"<p>Willkommen im Gro\u00dfhandel Spout Beutel zu kaufen. Unsere Mono-Material benutzerdefinierte Getr\u00e4nkebeutel sind mit Supermakert L\u00f6cher ausgestattet und unterst\u00fctzen Marke Anpassung.<\/p>\n<table style=\"border-collapse: collapse; width: 365.02pt;\" border=\"0\" width=\"365\" cellspacing=\"0\" cellpadding=\"0\">\n<tbody>\n<tr style=\"height: 16.00pt;\">\n<td class=\"et2\" style=\"height: 16.00pt; width: 97.50pt;\" width=\"97\" height=\"16\">Hersteller<\/td>\n<td class=\"et2\" style=\"width: 267.50pt;\" width=\"267\">Stanley<\/td>\n<\/tr>\n<tr style=\"height: 16.00pt;\">\n<td class=\"et2\" style=\"height: 16.00pt; width: 97.50pt;\" width=\"97\" height=\"16\">Arten von Beuteln<\/td>\n<td class=\"et3\">Ausgie\u00dferbeutel<\/td>\n<\/tr>\n<tr style=\"height: 16.00pt;\">\n<td class=\"et2\" style=\"height: 16.00pt; width: 97.50pt;\" width=\"97\" height=\"16\">Material<\/td>\n<td class=\"et2\" style=\"width: 267.50pt;\" width=\"267\">PE (Mono-Material)<\/td>\n<\/tr>\n<tr style=\"height: 16.00pt;\">\n<td class=\"et2\" style=\"height: 16.00pt; width: 97.50pt;\" width=\"97\" height=\"16\">Besonderes Merkmal<\/td>\n<td class=\"et2\" style=\"width: 267.50pt;\" width=\"267\">Ausgie\u00dfer, Bodenbef\u00fcllung, wiederverwertbar<\/td>\n<\/tr>\n<tr style=\"height: 16.00pt;\">\n<td class=\"et2\" style=\"height: 16.00pt; width: 97.50pt;\" width=\"97\" height=\"16\">Handhabung der Oberfl\u00e4che<\/td>\n<td class=\"et2\" style=\"width: 267.50pt;\" width=\"267\">Tiefdruck<\/td>\n<\/tr>\n<tr style=\"height: 16.00pt;\">\n<td class=\"et2\" style=\"height: 16.00pt; width: 97.50pt;\" width=\"97\" height=\"16\">Farbe<\/td>\n<td class=\"et2\" style=\"width: 267.50pt;\" width=\"267\">Bis zu 10 Farben<\/td>\n<\/tr>\n<tr style=\"height: 16.00pt;\">\n<td class=\"et2\" style=\"height: 16.00pt; width: 97.50pt;\" width=\"97\" height=\"16\">Verwendung<\/td>\n<td class=\"et2\" style=\"width: 267.50pt;\" width=\"267\">Kaffee, Getr\u00e4nk, Wein<\/td>\n<\/tr>\n<tr style=\"height: 16.00pt;\">\n<td class=\"et2\" style=\"height: 16.00pt; width: 97.50pt;\" width=\"97\" height=\"16\">MOQ<\/td>\n<td class=\"et2\" style=\"width: 267.50pt;\" width=\"267\">50.000 St\u00fcck<\/td>\n<\/tr>\n<tr style=\"height: 16.00pt;\">\n<td class=\"et2\" style=\"height: 16.00pt; width: 97.50pt;\" width=\"97\" height=\"16\">Individuelle Bestellung<\/td>\n<td class=\"et2\" style=\"width: 267.50pt;\" width=\"267\">Akzeptieren Sie OEM, unterst\u00fctzen Sie die kostenlose Probe<\/td>\n<\/tr>\n<\/tbody>\n<\/table>","protected":false},"featured_media":2696,"comment_status":"closed","ping_status":"closed","template":"","meta":{"_acf_changed":false},"product_brand":[],"product_cat":[32,30],"product_tag":[],"class_list":{"0":"post-2690","1":"product","2":"type-product","3":"status-publish","4":"has-post-thumbnail","6":"product_cat-spout-pouch-manufacturer","7":"product_cat-stand-up-pouch-manufacturer","8":"pa_food-packaging-coffee-packaging-pouch","9":"pa_food-packaging-tea-pouch-packaging","10":"pa_food-packaging-drink-beverage-pouch","11":"pa_material-mono-material","13":"first","14":"instock","15":"shipping-taxable","16":"product-type-simple"},"acf":[],"_links":{"self":[{"href":"https:\/\/www.stanleypackage.com\/de\/wp-json\/wp\/v2\/product\/2690","targetHints":{"allow":["GET"]}}],"collection":[{"href":"https:\/\/www.stanleypackage.com\/de\/wp-json\/wp\/v2\/product"}],"about":[{"href":"https:\/\/www.stanleypackage.com\/de\/wp-json\/wp\/v2\/types\/product"}],"replies":[{"embeddable":true,"href":"https:\/\/www.stanleypackage.com\/de\/wp-json\/wp\/v2\/comments?post=2690"}],"wp:featuredmedia":[{"embeddable":true,"href":"https:\/\/www.stanleypackage.com\/de\/wp-json\/wp\/v2\/media\/2696"}],"wp:attachment":[{"href":"https:\/\/www.stanleypackage.com\/de\/wp-json\/wp\/v2\/media?parent=2690"}],"wp:term":[{"taxonomy":"product_brand","embeddable":true,"href":"https:\/\/www.stanleypackage.com\/de\/wp-json\/wp\/v2\/product_brand?post=2690"},{"taxonomy":"product_cat","embeddable":true,"href":"https:\/\/www.stanleypackage.com\/de\/wp-json\/wp\/v2\/product_cat?post=2690"},{"taxonomy":"product_tag","embeddable":true,"href":"https:\/\/www.stanleypackage.com\/de\/wp-json\/wp\/v2\/product_tag?post=2690"}],"curies":[{"name":"wp","href":"https:\/\/api.w.org\/{rel}","templated":true}]}}