{"id":2716,"date":"2025-08-19T10:32:15","date_gmt":"2025-08-19T10:32:15","guid":{"rendered":"https:\/\/www.stanleypackage.com\/?post_type=product&#038;p=2716"},"modified":"2025-11-29T03:38:58","modified_gmt":"2025-11-29T03:38:58","slug":"custom-printed-food-pouches","status":"publish","type":"product","link":"https:\/\/www.stanleypackage.com\/de\/product\/custom-printed-food-pouches\/","title":{"rendered":"Individuell bedruckte Lebensmittelbeutel, Brath\u00e4hnchen-Rei\u00dfverschlussbeutel"},"content":{"rendered":"<div class=\"wp-block-columns is-layout-flex wp-container-core-columns-is-layout-9d6595d7 wp-block-columns-is-layout-flex\">\n<div class=\"wp-block-column is-layout-flow wp-block-column-is-layout-flow\">\n<h2 class=\"wp-block-heading\">Merkmale von individuell bedruckten Lebensmittelbeuteln<\/h2>\n\n\n\n<ul class=\"wp-block-list\">\n<li><strong>Standbodenbeutel, leicht zu pr\u00e4sentieren und aufzubewahren:<\/strong> Diese Brath\u00e4hnchen-Rei\u00dfverschlussbeutel f\u00fcr den Gro\u00dfhandel haben eine glatte Standbodenstruktur, die die Pr\u00e4sentation im Regal verbessert, Lagerplatz spart und den Endverkauf erleichtert.<\/li>\n\n\n\n<li><strong>Hochwertiges Material, feuchtigkeitsbest\u00e4ndig:<\/strong> Diese individuell bedruckten Lebensmittelbeutel verwenden PET12 \/ Heat Anti-Fog CPP50 Verbundmaterial, das sich an die Umwelt anpasst, rei\u00dffest und feuchtigkeitsresistent ist und die Frische der Lebensmittel sch\u00fctzt.<\/li>\n\n\n\n<li><strong>Rei\u00dfverschluss-Design, wiederholte Abdichtung ist bequemer: <\/strong>Unsere individuell bedruckten Lebensmittelbeutel sind mit einem versiegelten Rei\u00dfverschluss ausgestattet, der es erm\u00f6glicht, die Beutel mehrmals zu \u00f6ffnen und zu schlie\u00dfen, um den Inhalt hygienisch und frisch zu halten und das Einkaufserlebnis zu verbessern.<\/li>\n\n\n\n<li><strong>Griffloch-Design, bequem zu tragen: <\/strong>Unsere individuell bedruckten Lebensmittelbeutel sind mit einem Griffloch ausgestattet, das den Benutzern das Tragen von Lebensmitteln erleichtert und die Praktikabilit\u00e4t erh\u00f6ht.<\/li>\n\n\n\n<li><strong>Unterst\u00fctzung der Markenanpassung zur Erf\u00fcllung unterschiedlicher Verpackungsanforderungen: <\/strong>Unsere Brath\u00e4hnchen-Rei\u00dfverschlussbeutel f\u00fcr den Gro\u00dfhandel unterst\u00fctzen Druck, Muster und Kapazit\u00e4t, um die einzigartigen Verpackungsanforderungen der Kunden zu erf\u00fcllen.<\/li>\n<\/ul>\n\n\n\n<div class=\"wp-block-columns is-layout-flex wp-container-core-columns-is-layout-9d6595d7 wp-block-columns-is-layout-flex\">\n<div class=\"wp-block-column is-layout-flow wp-block-column-is-layout-flow\">\n<figure class=\"wp-block-image size-full\"><img decoding=\"async\" width=\"640\" height=\"640\" src=\"https:\/\/www.stanleypackage.com\/wp-content\/uploads\/2025\/08\/China-Roast-Chicken-Pouches-Wholesale-Stand-Up-Zipper-Pouch-6.webp\" alt=\"Individuell bedruckte Lebensmittelbeutel, Brath\u00e4hnchen-Rei\u00dfverschlussbeutel-6\" class=\"wp-image-2722\" srcset=\"https:\/\/www.stanleypackage.com\/wp-content\/uploads\/2025\/08\/China-Roast-Chicken-Pouches-Wholesale-Stand-Up-Zipper-Pouch-6.webp 640w, https:\/\/www.stanleypackage.com\/wp-content\/uploads\/2025\/08\/China-Roast-Chicken-Pouches-Wholesale-Stand-Up-Zipper-Pouch-6-300x300.webp 300w, https:\/\/www.stanleypackage.com\/wp-content\/uploads\/2025\/08\/China-Roast-Chicken-Pouches-Wholesale-Stand-Up-Zipper-Pouch-6-150x150.webp 150w, https:\/\/www.stanleypackage.com\/wp-content\/uploads\/2025\/08\/China-Roast-Chicken-Pouches-Wholesale-Stand-Up-Zipper-Pouch-6-12x12.webp 12w, https:\/\/www.stanleypackage.com\/wp-content\/uploads\/2025\/08\/China-Roast-Chicken-Pouches-Wholesale-Stand-Up-Zipper-Pouch-6-600x600.webp 600w, https:\/\/www.stanleypackage.com\/wp-content\/uploads\/2025\/08\/China-Roast-Chicken-Pouches-Wholesale-Stand-Up-Zipper-Pouch-6-100x100.webp 100w\" sizes=\"(max-width: 640px) 100vw, 640px\" \/><\/figure>\n<\/div>\n\n\n\n<div class=\"wp-block-column is-layout-flow wp-block-column-is-layout-flow\">\n<figure class=\"wp-block-image size-full\"><img decoding=\"async\" width=\"750\" height=\"720\" src=\"https:\/\/www.stanleypackage.com\/wp-content\/uploads\/2025\/08\/China-Roast-Chicken-Pouches-Wholesale-Stand-Up-Zipper-Pouch-2.webp\" alt=\"\" class=\"wp-image-2718\" srcset=\"https:\/\/www.stanleypackage.com\/wp-content\/uploads\/2025\/08\/China-Roast-Chicken-Pouches-Wholesale-Stand-Up-Zipper-Pouch-2.webp 750w, https:\/\/www.stanleypackage.com\/wp-content\/uploads\/2025\/08\/China-Roast-Chicken-Pouches-Wholesale-Stand-Up-Zipper-Pouch-2-300x288.webp 300w, https:\/\/www.stanleypackage.com\/wp-content\/uploads\/2025\/08\/China-Roast-Chicken-Pouches-Wholesale-Stand-Up-Zipper-Pouch-2-13x12.webp 13w, https:\/\/www.stanleypackage.com\/wp-content\/uploads\/2025\/08\/China-Roast-Chicken-Pouches-Wholesale-Stand-Up-Zipper-Pouch-2-600x576.webp 600w\" sizes=\"(max-width: 750px) 100vw, 750px\" \/><\/figure>\n<\/div>\n<\/div>\n<\/div>\n<\/div>","protected":false},"excerpt":{"rendered":"<p>Willkommen in Gro\u00dfauftrag benutzerdefinierte gedruckte Lebensmittel Beutel. Diese Gro\u00dfhandel Brath\u00e4hnchen Rei\u00dfverschlussbeutel kommen mit leicht zu rei\u00dfen Verschluss, versiegelte Rei\u00dfverschluss mit festen selbst\u00e4ndigen Basis. Hohe Temperatur und Feuchtigkeit resistent, unterst\u00fctzt kundenspezifische Druck.<\/p>\n<table style=\"border-collapse: collapse; width: 327.77pt;\" border=\"0\" width=\"437\" cellspacing=\"0\" cellpadding=\"0\">\n<tbody>\n<tr style=\"height: 12.75pt;\">\n<td class=\"et2\" style=\"height: 12.75pt; width: 91.40pt;\" width=\"121\" height=\"17\">Hersteller<\/td>\n<td class=\"et2\" style=\"width: 237.00pt;\" width=\"316\">Stanley<\/td>\n<\/tr>\n<tr style=\"height: 12.75pt;\">\n<td class=\"et2\" style=\"height: 12.75pt; width: 91.40pt;\" width=\"121\" height=\"17\">Arten von Beuteln<\/td>\n<td class=\"et3\">Stehbeutel, Rei\u00dfverschlusstasche<\/td>\n<\/tr>\n<tr style=\"height: 12.75pt;\">\n<td class=\"et2\" style=\"height: 12.75pt; width: 91.40pt;\" width=\"121\" height=\"17\">Material<\/td>\n<td class=\"et2\" style=\"width: 237.00pt;\" width=\"316\">PET12 \/ Hitze Anti-Beschlag CPP50<\/td>\n<\/tr>\n<tr style=\"height: 12.75pt;\">\n<td class=\"et2\" style=\"height: 12.75pt; width: 91.40pt;\" width=\"121\" height=\"17\">Besonderes Merkmal<\/td>\n<td class=\"et2\" style=\"width: 237.00pt;\" width=\"316\">Standbodenbeutel, individuell bedruckte Beutel, Lebensmittelverpackungen<\/td>\n<\/tr>\n<tr style=\"height: 12.75pt;\">\n<td class=\"et2\" style=\"height: 12.75pt; width: 91.40pt;\" width=\"121\" height=\"17\">Handhabung der Oberfl\u00e4che<\/td>\n<td class=\"et2\" style=\"width: 237.00pt;\" width=\"316\">Tiefdruck<\/td>\n<\/tr>\n<tr style=\"height: 12.75pt;\">\n<td class=\"et2\" style=\"height: 12.75pt; width: 91.40pt;\" width=\"121\" height=\"17\">Farbe<\/td>\n<td class=\"et2\" style=\"width: 237.00pt;\" width=\"316\">Bis zu 10 Farben<\/td>\n<\/tr>\n<tr style=\"height: 12.75pt;\">\n<td class=\"et2\" style=\"height: 12.75pt; width: 91.40pt;\" width=\"121\" height=\"17\">Verwendung<\/td>\n<td class=\"et3\">Brath\u00e4hnchen, gebratene Ente, Brot<\/td>\n<\/tr>\n<tr style=\"height: 12.75pt;\">\n<td class=\"et2\" style=\"height: 12.75pt; width: 91.40pt;\" width=\"121\" height=\"17\">MOQ<\/td>\n<td class=\"et2\" style=\"width: 237.00pt;\" width=\"316\">50.000 St\u00fcck<\/td>\n<\/tr>\n<tr style=\"height: 12.75pt;\">\n<td class=\"et2\" style=\"height: 12.75pt; width: 91.40pt;\" width=\"121\" height=\"17\">Individuelle Bestellung<\/td>\n<td class=\"et2\" style=\"width: 237.00pt;\" width=\"316\">Akzeptieren Sie OEM, unterst\u00fctzen Sie freie Probe<\/td>\n<\/tr>\n<\/tbody>\n<\/table>","protected":false},"featured_media":2717,"comment_status":"closed","ping_status":"closed","template":"","meta":{"_acf_changed":false},"product_brand":[],"product_cat":[18,30],"product_tag":[],"class_list":{"0":"post-2716","1":"product","2":"type-product","3":"status-publish","4":"has-post-thumbnail","6":"product_cat-zipper-pouch-manufacturer","7":"product_cat-stand-up-pouch-manufacturer","8":"pa_food-packaging-ready-meal-pouch","9":"pa_material-kraft-paper","11":"first","12":"instock","13":"shipping-taxable","14":"product-type-simple"},"acf":[],"_links":{"self":[{"href":"https:\/\/www.stanleypackage.com\/de\/wp-json\/wp\/v2\/product\/2716","targetHints":{"allow":["GET"]}}],"collection":[{"href":"https:\/\/www.stanleypackage.com\/de\/wp-json\/wp\/v2\/product"}],"about":[{"href":"https:\/\/www.stanleypackage.com\/de\/wp-json\/wp\/v2\/types\/product"}],"replies":[{"embeddable":true,"href":"https:\/\/www.stanleypackage.com\/de\/wp-json\/wp\/v2\/comments?post=2716"}],"wp:featuredmedia":[{"embeddable":true,"href":"https:\/\/www.stanleypackage.com\/de\/wp-json\/wp\/v2\/media\/2717"}],"wp:attachment":[{"href":"https:\/\/www.stanleypackage.com\/de\/wp-json\/wp\/v2\/media?parent=2716"}],"wp:term":[{"taxonomy":"product_brand","embeddable":true,"href":"https:\/\/www.stanleypackage.com\/de\/wp-json\/wp\/v2\/product_brand?post=2716"},{"taxonomy":"product_cat","embeddable":true,"href":"https:\/\/www.stanleypackage.com\/de\/wp-json\/wp\/v2\/product_cat?post=2716"},{"taxonomy":"product_tag","embeddable":true,"href":"https:\/\/www.stanleypackage.com\/de\/wp-json\/wp\/v2\/product_tag?post=2716"}],"curies":[{"name":"wp","href":"https:\/\/api.w.org\/{rel}","templated":true}]}}