{"id":2724,"date":"2025-08-20T02:19:49","date_gmt":"2025-08-20T02:19:49","guid":{"rendered":"https:\/\/www.stanleypackage.com\/?post_type=product&#038;p=2724"},"modified":"2025-09-04T08:49:23","modified_gmt":"2025-09-04T08:49:23","slug":"custom-roll-stock-film","status":"publish","type":"product","link":"https:\/\/www.stanleypackage.com\/de\/product\/custom-roll-stock-film\/","title":{"rendered":"Benutzerdefinierte Rolle Lager Film, Gro\u00dfhandel Feuchtt\u00fccher Verpackung Film"},"content":{"rendered":"<div class=\"wp-block-columns is-layout-flex wp-container-core-columns-is-layout-9d6595d7 wp-block-columns-is-layout-flex\">\n<div class=\"wp-block-column is-layout-flow wp-block-column-is-layout-flow\">\n<h2 class=\"wp-block-heading\">Merkmale von Custom Roll Stock Film<\/h2>\n\n\n\n<ul class=\"wp-block-list\">\n<li><strong>Effiziente Folienverpackung von der Rolle, geeignet f\u00fcr automatisierte Produktionslinien:<\/strong> Diese kundenspezifische Rollenware ist f\u00fcr automatische Hochgeschwindigkeits-Verpackungsanlagen geeignet, verbessert die Produktionseffizienz und spart Arbeits- und Zeitkosten.<\/li>\n\n\n\n<li><strong>Unterst\u00fctzung der Markenanpassung zur Erf\u00fcllung unterschiedlicher Verpackungsanforderungen:<\/strong> Unterst\u00fctzung von kundenspezifischen Verpackungsfolien mit Druck, Mustern, Kapazit\u00e4t und D\u00fcsenspezifikationen, um die einzigartigen Verpackungsanforderungen diverser Branchen zu erf\u00fcllen, wie z. B. Chemikalien des t\u00e4glichen Bedarfs, Kosmetik und K\u00f6rperpflege.<\/li>\n\n\n\n<li><strong>Einseitig hei\u00dfversiegelte Struktur, starke Versiegelung: <\/strong>Das hei\u00dfsiegelf\u00e4hige Design einer Seite unserer ma\u00dfgefertigten Rollenware sorgt daf\u00fcr, dass die Verpackung fest sitzt, verhindert, dass das Produkt feucht wird und sich verschlechtert, und gew\u00e4hrleistet die Sicherheit bei Lagerung und Transport.<\/li>\n\n\n\n<li><strong>Unterst\u00fctzt eine Vielzahl von Oberfl\u00e4chenprozessen zur Verbesserung visueller Effekte:<\/strong> Unsere kundenspezifischen Verpackungsfolien k\u00f6nnen mit speziellen Druckverfahren wie matt, gl\u00e4nzend, UV-Licht usw. bedruckt werden, um die Schichtung der Verpackung und die Wiedererkennung der Marke zu verbessern.<\/li>\n\n\n\n<li><strong>Geeignet f\u00fcr eine Vielzahl von Produkten: <\/strong>Unsere kundenspezifische Rollenware kann mit Druckmustern und Spezifikationen entsprechend den Kundenbed\u00fcrfnissen angepasst werden und eignet sich f\u00fcr Produkte unterschiedlicher Gr\u00f6\u00dfe und Form.<\/li>\n<\/ul>\n\n\n\n<div class=\"wp-block-columns is-layout-flex wp-container-core-columns-is-layout-9d6595d7 wp-block-columns-is-layout-flex\">\n<div class=\"wp-block-column is-layout-flow wp-block-column-is-layout-flow\">\n<figure class=\"wp-block-image size-full\"><img decoding=\"async\" width=\"2079\" height=\"2035\" src=\"https:\/\/www.stanleypackage.com\/wp-content\/uploads\/2025\/08\/Custom-Printed-Roll-Stock-Film-Bulk-Wet-Wipes-Packaging-Film.webp\" alt=\"\" class=\"wp-image-2725\" srcset=\"https:\/\/www.stanleypackage.com\/wp-content\/uploads\/2025\/08\/Custom-Printed-Roll-Stock-Film-Bulk-Wet-Wipes-Packaging-Film.webp 2079w, https:\/\/www.stanleypackage.com\/wp-content\/uploads\/2025\/08\/Custom-Printed-Roll-Stock-Film-Bulk-Wet-Wipes-Packaging-Film-300x294.webp 300w, https:\/\/www.stanleypackage.com\/wp-content\/uploads\/2025\/08\/Custom-Printed-Roll-Stock-Film-Bulk-Wet-Wipes-Packaging-Film-768x752.webp 768w, https:\/\/www.stanleypackage.com\/wp-content\/uploads\/2025\/08\/Custom-Printed-Roll-Stock-Film-Bulk-Wet-Wipes-Packaging-Film-12x12.webp 12w, https:\/\/www.stanleypackage.com\/wp-content\/uploads\/2025\/08\/Custom-Printed-Roll-Stock-Film-Bulk-Wet-Wipes-Packaging-Film-1200x1175.webp 1200w, https:\/\/www.stanleypackage.com\/wp-content\/uploads\/2025\/08\/Custom-Printed-Roll-Stock-Film-Bulk-Wet-Wipes-Packaging-Film-600x587.webp 600w\" sizes=\"(max-width: 2079px) 100vw, 2079px\" \/><\/figure>\n<\/div>\n\n\n\n<div class=\"wp-block-column is-layout-flow wp-block-column-is-layout-flow\">\n<figure class=\"wp-block-image size-full\"><img decoding=\"async\" width=\"2079\" height=\"2035\" src=\"https:\/\/www.stanleypackage.com\/wp-content\/uploads\/2025\/08\/Custom-Printed-Roll-Stock-Film-Bulk-Wet-Wipes-Packaging-Film-2.webp\" alt=\"Benutzerdefinierte Rolle Lager Film, Gro\u00dfhandel Feuchtt\u00fccher Verpackung Film-5\" class=\"wp-image-2729\" srcset=\"https:\/\/www.stanleypackage.com\/wp-content\/uploads\/2025\/08\/Custom-Printed-Roll-Stock-Film-Bulk-Wet-Wipes-Packaging-Film-2.webp 2079w, https:\/\/www.stanleypackage.com\/wp-content\/uploads\/2025\/08\/Custom-Printed-Roll-Stock-Film-Bulk-Wet-Wipes-Packaging-Film-2-300x294.webp 300w, https:\/\/www.stanleypackage.com\/wp-content\/uploads\/2025\/08\/Custom-Printed-Roll-Stock-Film-Bulk-Wet-Wipes-Packaging-Film-2-768x752.webp 768w, https:\/\/www.stanleypackage.com\/wp-content\/uploads\/2025\/08\/Custom-Printed-Roll-Stock-Film-Bulk-Wet-Wipes-Packaging-Film-2-12x12.webp 12w, https:\/\/www.stanleypackage.com\/wp-content\/uploads\/2025\/08\/Custom-Printed-Roll-Stock-Film-Bulk-Wet-Wipes-Packaging-Film-2-1200x1175.webp 1200w, https:\/\/www.stanleypackage.com\/wp-content\/uploads\/2025\/08\/Custom-Printed-Roll-Stock-Film-Bulk-Wet-Wipes-Packaging-Film-2-600x587.webp 600w\" sizes=\"(max-width: 2079px) 100vw, 2079px\" \/><\/figure>\n<\/div>\n<\/div>\n<\/div>\n<\/div>","protected":false},"excerpt":{"rendered":"<p>Willkommen zum Kauf von kundenspezifischer Rollenware. Diese benutzerdefinierte wer wipes Verpackungsfolie unterst\u00fctzt die Markenanpassung, um verschiedene Verpackungsanforderungen zu erf\u00fcllen. Unterst\u00fctzt eine Vielzahl von Spezialeffekten wie matt, gl\u00e4nzend, UV, etc.<\/p>\n<table style=\"border-collapse: collapse; width: 327.77pt;\" border=\"0\" width=\"437\" cellspacing=\"0\" cellpadding=\"0\">\n<tbody>\n<tr style=\"height: 12.75pt;\">\n<td class=\"et2\" style=\"height: 12.75pt; width: 91.40pt;\" width=\"121\" height=\"17\">Hersteller<\/td>\n<td class=\"et2\" style=\"width: 237.00pt;\" width=\"316\">Stanley<\/td>\n<\/tr>\n<tr style=\"height: 12.75pt;\">\n<td class=\"et2\" style=\"height: 12.75pt; width: 91.40pt;\" width=\"121\" height=\"17\">Arten von Beuteln<\/td>\n<td class=\"et3\">Beutelverpackungsfolie<\/td>\n<\/tr>\n<tr style=\"height: 12.75pt;\">\n<td class=\"et2\" style=\"height: 12.75pt; width: 91.40pt;\" width=\"121\" height=\"17\">Material<\/td>\n<td class=\"et2\" style=\"width: 237.00pt;\" width=\"316\">PET12\/MBPE78<\/td>\n<\/tr>\n<tr style=\"height: 12.75pt;\">\n<td class=\"et2\" style=\"height: 12.75pt; width: 91.40pt;\" width=\"121\" height=\"17\">Besonderes Merkmal<\/td>\n<td class=\"et2\" style=\"width: 237.00pt;\" width=\"316\">Automatische Verpackung<\/td>\n<\/tr>\n<tr style=\"height: 12.75pt;\">\n<td class=\"et2\" style=\"height: 12.75pt; width: 91.40pt;\" width=\"121\" height=\"17\">Handhabung der Oberfl\u00e4che<\/td>\n<td class=\"et2\" style=\"width: 237.00pt;\" width=\"316\">Tiefdruck<\/td>\n<\/tr>\n<tr style=\"height: 12.75pt;\">\n<td class=\"et2\" style=\"height: 12.75pt; width: 91.40pt;\" width=\"121\" height=\"17\">Farbe<\/td>\n<td class=\"et2\" style=\"width: 237.00pt;\" width=\"316\">Bis zu 10 Farben<\/td>\n<\/tr>\n<tr style=\"height: 12.75pt;\">\n<td class=\"et2\" style=\"height: 12.75pt; width: 91.40pt;\" width=\"121\" height=\"17\">Verwendung<\/td>\n<td class=\"et3\">Feuchtt\u00fccher, Make-up-Entferner<\/td>\n<\/tr>\n<tr style=\"height: 12.75pt;\">\n<td class=\"et2\" style=\"height: 12.75pt; width: 91.40pt;\" width=\"121\" height=\"17\">MOQ<\/td>\n<td class=\"et2\" style=\"width: 237.00pt;\" width=\"316\">50.000 St\u00fcck<\/td>\n<\/tr>\n<tr style=\"height: 12.75pt;\">\n<td class=\"et2\" style=\"height: 12.75pt; width: 91.40pt;\" width=\"121\" height=\"17\">Individuelle Bestellung<\/td>\n<td class=\"et2\" style=\"width: 237.00pt;\" width=\"316\">Akzeptieren Sie OEM, unterst\u00fctzen Sie die kostenlose Probe<\/td>\n<\/tr>\n<\/tbody>\n<\/table>","protected":false},"featured_media":2726,"comment_status":"closed","ping_status":"closed","template":"","meta":{"_acf_changed":false},"product_brand":[],"product_cat":[26],"product_tag":[],"class_list":{"0":"post-2724","1":"product","2":"type-product","3":"status-publish","4":"has-post-thumbnail","6":"product_cat-packaging-film-manufacturer","7":"pa_non-food-packaging-wet-wipe-packaging","8":"pa_non-food-packaging-cosmetic-packaging-pouches","10":"first","11":"instock","12":"shipping-taxable","13":"product-type-simple"},"acf":[],"_links":{"self":[{"href":"https:\/\/www.stanleypackage.com\/de\/wp-json\/wp\/v2\/product\/2724","targetHints":{"allow":["GET"]}}],"collection":[{"href":"https:\/\/www.stanleypackage.com\/de\/wp-json\/wp\/v2\/product"}],"about":[{"href":"https:\/\/www.stanleypackage.com\/de\/wp-json\/wp\/v2\/types\/product"}],"replies":[{"embeddable":true,"href":"https:\/\/www.stanleypackage.com\/de\/wp-json\/wp\/v2\/comments?post=2724"}],"wp:featuredmedia":[{"embeddable":true,"href":"https:\/\/www.stanleypackage.com\/de\/wp-json\/wp\/v2\/media\/2726"}],"wp:attachment":[{"href":"https:\/\/www.stanleypackage.com\/de\/wp-json\/wp\/v2\/media?parent=2724"}],"wp:term":[{"taxonomy":"product_brand","embeddable":true,"href":"https:\/\/www.stanleypackage.com\/de\/wp-json\/wp\/v2\/product_brand?post=2724"},{"taxonomy":"product_cat","embeddable":true,"href":"https:\/\/www.stanleypackage.com\/de\/wp-json\/wp\/v2\/product_cat?post=2724"},{"taxonomy":"product_tag","embeddable":true,"href":"https:\/\/www.stanleypackage.com\/de\/wp-json\/wp\/v2\/product_tag?post=2724"}],"curies":[{"name":"wp","href":"https:\/\/api.w.org\/{rel}","templated":true}]}}