{"id":2731,"date":"2025-08-20T01:43:45","date_gmt":"2025-08-20T01:43:45","guid":{"rendered":"https:\/\/www.stanleypackage.com\/?post_type=product&#038;p=2731"},"modified":"2025-08-20T02:01:55","modified_gmt":"2025-08-20T02:01:55","slug":"custom-cup-sealing-film","status":"publish","type":"product","link":"https:\/\/www.stanleypackage.com\/de\/product\/custom-cup-sealing-film\/","title":{"rendered":"Kundenspezifische Becherdichtungsfolie, Reiseschlammmaskenbecher-Deckelfolien"},"content":{"rendered":"<div class=\"wp-block-columns is-layout-flex wp-container-core-columns-is-layout-9d6595d7 wp-block-columns-is-layout-flex\">\n<div class=\"wp-block-column is-layout-flow wp-block-column-is-layout-flow\">\n<h2 class=\"wp-block-heading\">Merkmale der kundenspezifischen Becherversiegelungsfolie<\/h2>\n\n\n\n<ul class=\"wp-block-list\">\n<li><strong>Effiziente Folienverpackung von der Rolle, geeignet f\u00fcr automatisierte Produktionslinien: <\/strong>Diese kundenspezifische Becherverschlussfolie eignet sich f\u00fcr automatische Hochgeschwindigkeits-Verpackungsanlagen, verbessert die Produktionseffizienz und spart Arbeits- und Zeitkosten.<\/li>\n\n\n\n<li><strong>Leicht zu \u00f6ffnen, kompakte Gr\u00f6\u00dfe: <\/strong>Unsere individuell bedruckte Masken-Schlammbecher-Deckelfolie besteht aus einem speziellen Material, das leicht zu \u00f6ffnen ist. Das fertige Produkt ist kompakt und bequem zu tragen.<\/li>\n\n\n\n<li><strong>Einseitig hei\u00dfversiegelte Struktur, starke Versiegelung: <\/strong>Das hei\u00dfsiegelf\u00e4hige Design einer Seite unserer kundenspezifischen Becher-Siegelfolie sorgt daf\u00fcr, dass die Verpackung fest sitzt, verhindert, dass das Produkt feucht wird und sich verschlechtert, und gew\u00e4hrleistet die Sicherheit bei Lagerung und Transport.<\/li>\n\n\n\n<li><strong>Unterst\u00fctzt eine Vielzahl von Oberfl\u00e4chenprozessen zur Verbesserung visueller Effekte:<\/strong> Unsere kundenspezifischen Deckelfolien k\u00f6nnen mit speziellen Druckverfahren wie matt, gl\u00e4nzend, UV-Licht usw. bedruckt werden, um das Verpackungslayout und den Wiedererkennungswert der Marke zu verbessern.<\/li>\n\n\n\n<li><strong>Geeignet f\u00fcr eine Vielzahl von Produktgr\u00f6\u00dfen und -formen, hohe Flexibilit\u00e4t: <\/strong>Unsere kundenspezifischen Becherdichtungsfolien k\u00f6nnen mit Druckmustern und Spezifikationen entsprechend den Kundenanforderungen angepasst werden und eignen sich f\u00fcr Produkte unterschiedlicher Gr\u00f6\u00dfe und Form.<\/li>\n<\/ul>\n\n\n\n<div class=\"wp-block-columns is-layout-flex wp-container-core-columns-is-layout-9d6595d7 wp-block-columns-is-layout-flex\">\n<div class=\"wp-block-column is-layout-flow wp-block-column-is-layout-flow\">\n<figure class=\"wp-block-image size-full\"><img decoding=\"async\" width=\"750\" height=\"750\" src=\"https:\/\/www.stanleypackage.com\/wp-content\/uploads\/2025\/08\/Customized-Printed-Cup-Lid-FilmTravel-Face-Mask-Packaging.webp\" alt=\"Kundenspezifische Becherdichtungsfolie, Reiseschlammmaskenbecher-Deckelfolien-1\" class=\"wp-image-2732\" srcset=\"https:\/\/www.stanleypackage.com\/wp-content\/uploads\/2025\/08\/Customized-Printed-Cup-Lid-FilmTravel-Face-Mask-Packaging.webp 750w, https:\/\/www.stanleypackage.com\/wp-content\/uploads\/2025\/08\/Customized-Printed-Cup-Lid-FilmTravel-Face-Mask-Packaging-300x300.webp 300w, https:\/\/www.stanleypackage.com\/wp-content\/uploads\/2025\/08\/Customized-Printed-Cup-Lid-FilmTravel-Face-Mask-Packaging-150x150.webp 150w, https:\/\/www.stanleypackage.com\/wp-content\/uploads\/2025\/08\/Customized-Printed-Cup-Lid-FilmTravel-Face-Mask-Packaging-12x12.webp 12w, https:\/\/www.stanleypackage.com\/wp-content\/uploads\/2025\/08\/Customized-Printed-Cup-Lid-FilmTravel-Face-Mask-Packaging-600x600.webp 600w, https:\/\/www.stanleypackage.com\/wp-content\/uploads\/2025\/08\/Customized-Printed-Cup-Lid-FilmTravel-Face-Mask-Packaging-100x100.webp 100w\" sizes=\"(max-width: 750px) 100vw, 750px\" \/><\/figure>\n<\/div>\n\n\n\n<div class=\"wp-block-column is-layout-flow wp-block-column-is-layout-flow\">\n<figure class=\"wp-block-image size-full\"><img decoding=\"async\" width=\"750\" height=\"750\" src=\"https:\/\/www.stanleypackage.com\/wp-content\/uploads\/2025\/08\/Customized-Printed-Cup-Lid-FilmTravel-Face-Mask-Packaging-2.webp\" alt=\"\" class=\"wp-image-2733\" srcset=\"https:\/\/www.stanleypackage.com\/wp-content\/uploads\/2025\/08\/Customized-Printed-Cup-Lid-FilmTravel-Face-Mask-Packaging-2.webp 750w, https:\/\/www.stanleypackage.com\/wp-content\/uploads\/2025\/08\/Customized-Printed-Cup-Lid-FilmTravel-Face-Mask-Packaging-2-300x300.webp 300w, https:\/\/www.stanleypackage.com\/wp-content\/uploads\/2025\/08\/Customized-Printed-Cup-Lid-FilmTravel-Face-Mask-Packaging-2-150x150.webp 150w, https:\/\/www.stanleypackage.com\/wp-content\/uploads\/2025\/08\/Customized-Printed-Cup-Lid-FilmTravel-Face-Mask-Packaging-2-12x12.webp 12w, https:\/\/www.stanleypackage.com\/wp-content\/uploads\/2025\/08\/Customized-Printed-Cup-Lid-FilmTravel-Face-Mask-Packaging-2-600x600.webp 600w, https:\/\/www.stanleypackage.com\/wp-content\/uploads\/2025\/08\/Customized-Printed-Cup-Lid-FilmTravel-Face-Mask-Packaging-2-100x100.webp 100w\" sizes=\"(max-width: 750px) 100vw, 750px\" \/><\/figure>\n<\/div>\n<\/div>\n<\/div>\n<\/div>","protected":false},"excerpt":{"rendered":"<p>Willkommen zum Kauf von kundenspezifischer Becherverschlussfolie. Diese benutzerdefinierte Maske Mud Becher Deckelfolie unterst\u00fctzt Markenanpassung, um verschiedene Verpackungsanforderungen zu erf\u00fcllen. Unterst\u00fctzt eine Vielzahl von speziellen Prozesseffekten wie matt, gl\u00e4nzend, UV, etc.<\/p>\n<table style=\"border-collapse: collapse; width: 327.77pt;\" border=\"0\" width=\"437\" cellspacing=\"0\" cellpadding=\"0\">\n<tbody>\n<tr style=\"height: 12.75pt;\">\n<td class=\"et2\" style=\"height: 12.75pt; width: 91.40pt;\" width=\"121\" height=\"17\">Hersteller<\/td>\n<td class=\"et2\" style=\"width: 237.00pt;\" width=\"316\">Stanley<\/td>\n<\/tr>\n<tr style=\"height: 12.75pt;\">\n<td class=\"et2\" style=\"height: 12.75pt; width: 91.40pt;\" width=\"121\" height=\"17\">Arten von Beuteln<\/td>\n<td class=\"et3\">Beutelverpackungsfolie<\/td>\n<\/tr>\n<tr style=\"height: 12.75pt;\">\n<td class=\"et2\" style=\"height: 12.75pt; width: 91.40pt;\" width=\"121\" height=\"17\">Material<\/td>\n<td class=\"et2\" style=\"width: 237.00pt;\" width=\"316\">PET19\/AL7\/PET<span class=\"font1\">\u6dcb<\/span><span class=\"font0\">EVA75<\/span><\/td>\n<\/tr>\n<tr style=\"height: 12.75pt;\">\n<td class=\"et2\" style=\"height: 12.75pt; width: 91.40pt;\" width=\"121\" height=\"17\">Besonderes Merkmal<\/td>\n<td class=\"et2\" style=\"width: 237.00pt;\" width=\"316\">Automatische Verpackung<\/td>\n<\/tr>\n<tr style=\"height: 12.75pt;\">\n<td class=\"et2\" style=\"height: 12.75pt; width: 91.40pt;\" width=\"121\" height=\"17\">Handhabung der Oberfl\u00e4che<\/td>\n<td class=\"et2\" style=\"width: 237.00pt;\" width=\"316\">Tiefdruck<\/td>\n<\/tr>\n<tr style=\"height: 12.75pt;\">\n<td class=\"et2\" style=\"height: 12.75pt; width: 91.40pt;\" width=\"121\" height=\"17\">Farbe<\/td>\n<td class=\"et2\" style=\"width: 237.00pt;\" width=\"316\">Bis zu 10 Farben<\/td>\n<\/tr>\n<tr style=\"height: 12.75pt;\">\n<td class=\"et2\" style=\"height: 12.75pt; width: 91.40pt;\" width=\"121\" height=\"17\">Verwendung<\/td>\n<td class=\"et3\">Gesichtsmaske, Augencreme, Sonnenschutzcreme<\/td>\n<\/tr>\n<tr style=\"height: 12.75pt;\">\n<td class=\"et2\" style=\"height: 12.75pt; width: 91.40pt;\" width=\"121\" height=\"17\">MOQ<\/td>\n<td class=\"et2\" style=\"width: 237.00pt;\" width=\"316\">50.000 St\u00fcck<\/td>\n<\/tr>\n<tr style=\"height: 12.75pt;\">\n<td class=\"et2\" style=\"height: 12.75pt; width: 91.40pt;\" width=\"121\" height=\"17\">Individuelle Bestellung<\/td>\n<td class=\"et2\" style=\"width: 237.00pt;\" width=\"316\">Akzeptieren Sie OEM, unterst\u00fctzen Sie die kostenlose Probe<\/td>\n<\/tr>\n<\/tbody>\n<\/table>","protected":false},"featured_media":2736,"comment_status":"closed","ping_status":"closed","template":"","meta":{"_acf_changed":false},"product_brand":[],"product_cat":[26,25],"product_tag":[],"class_list":{"0":"post-2731","1":"product","2":"type-product","3":"status-publish","4":"has-post-thumbnail","6":"product_cat-packaging-film-manufacturer","7":"product_cat-lidding-film-manufacturer","8":"pa_non-food-packaging-cosmetic-packaging-pouches","9":"pa_non-food-packaging-hotel-supplies-packaging","11":"first","12":"instock","13":"shipping-taxable","14":"product-type-simple"},"acf":[],"_links":{"self":[{"href":"https:\/\/www.stanleypackage.com\/de\/wp-json\/wp\/v2\/product\/2731","targetHints":{"allow":["GET"]}}],"collection":[{"href":"https:\/\/www.stanleypackage.com\/de\/wp-json\/wp\/v2\/product"}],"about":[{"href":"https:\/\/www.stanleypackage.com\/de\/wp-json\/wp\/v2\/types\/product"}],"replies":[{"embeddable":true,"href":"https:\/\/www.stanleypackage.com\/de\/wp-json\/wp\/v2\/comments?post=2731"}],"wp:featuredmedia":[{"embeddable":true,"href":"https:\/\/www.stanleypackage.com\/de\/wp-json\/wp\/v2\/media\/2736"}],"wp:attachment":[{"href":"https:\/\/www.stanleypackage.com\/de\/wp-json\/wp\/v2\/media?parent=2731"}],"wp:term":[{"taxonomy":"product_brand","embeddable":true,"href":"https:\/\/www.stanleypackage.com\/de\/wp-json\/wp\/v2\/product_brand?post=2731"},{"taxonomy":"product_cat","embeddable":true,"href":"https:\/\/www.stanleypackage.com\/de\/wp-json\/wp\/v2\/product_cat?post=2731"},{"taxonomy":"product_tag","embeddable":true,"href":"https:\/\/www.stanleypackage.com\/de\/wp-json\/wp\/v2\/product_tag?post=2731"}],"curies":[{"name":"wp","href":"https:\/\/api.w.org\/{rel}","templated":true}]}}