{"id":2745,"date":"2025-09-04T08:47:07","date_gmt":"2025-09-04T08:47:07","guid":{"rendered":"https:\/\/www.stanleypackage.com\/?post_type=product&#038;p=2745"},"modified":"2025-09-04T08:47:38","modified_gmt":"2025-09-04T08:47:38","slug":"custom-wet-wipe-packaging","status":"publish","type":"product","link":"https:\/\/www.stanleypackage.com\/de\/product\/custom-wet-wipe-packaging\/","title":{"rendered":"Kundenspezifische Feuchttuchverpackung, Seitenfaltenbeutel f\u00fcr Feuchtt\u00fccher"},"content":{"rendered":"<div class=\"wp-block-columns is-layout-flex wp-container-core-columns-is-layout-9d6595d7 wp-block-columns-is-layout-flex\">\n<div class=\"wp-block-column is-layout-flow wp-block-column-is-layout-flow\">\n<h2 class=\"wp-block-heading\">Merkmale von kundenspezifischen Feuchttuchverpackungen<\/h2>\n\n\n\n<ul class=\"wp-block-list\">\n<li><strong>Hochwertige Materialstruktur: <\/strong>Diese kundenspezifische Verpackung f\u00fcr Feuchtt\u00fccher verwendet eine PET12\/MBPE78-Verbundstruktur, die eine gute Barriere, Feuchtigkeitsbest\u00e4ndigkeit und Durchsto\u00dffestigkeit aufweist, um sicherzustellen, dass die Feuchtigkeit in den Feuchtt\u00fcchern nicht verdunstet.<\/li>\n\n\n\n<li><strong>Design der R\u00fcckendichtung: <\/strong>Die Struktur der R\u00fcckseitenversiegelung dieser kundenspezifischen Feuchttuchverpackungen ist sch\u00f6n und ordentlich, geeignet f\u00fcr automatische Verpackungsmaschinen, bequem f\u00fcr die Massenproduktion und verbessert die Verpackungseffizienz.<\/li>\n\n\n\n<li><strong>Ausgestattet mit einer \u00d6ffnung f\u00fcr Feuchtt\u00fccher: <\/strong>Unsere ma\u00dfgefertigten Feuchttuchverpackungen sind mit einer T\u00fccher\u00f6ffnung ausgestattet, die eine bequeme und pr\u00e4zise Entnahme erm\u00f6glicht und Abfall vermeidet.<\/li>\n\n\n\n<li><strong>Beidseitiger Tiefdruck: <\/strong>Unsere kundenspezifischen flexiblen Verpackungen f\u00fcr Feuchtt\u00fccher erm\u00f6glichen einen exquisiten doppelseitigen Farbdruck mit klaren und vollst\u00e4ndigen Mustern, der das Markenimage und die Attraktivit\u00e4t der Regale erh\u00f6ht.<\/li>\n\n\n\n<li><strong>Verschiedene ma\u00dfgeschneiderte Dienstleistungen: <\/strong>Die Gr\u00f6\u00dfe, das Druckmuster, die Art des Beutels und die funktionale Struktur k\u00f6nnen je nach Kundenwunsch angepasst werden, um den Verpackungsbedarf verschiedener Produkte zu decken.<\/li>\n<\/ul>\n\n\n\n<div class=\"wp-block-columns is-layout-flex wp-container-core-columns-is-layout-9d6595d7 wp-block-columns-is-layout-flex\">\n<div class=\"wp-block-column is-layout-flow wp-block-column-is-layout-flow\">\n<figure class=\"wp-block-image size-full\"><img decoding=\"async\" width=\"750\" height=\"750\" src=\"https:\/\/www.stanleypackage.com\/wp-content\/uploads\/2025\/08\/Custom-Back-Seal-Flexible-Packaging-for-Wet-Wipes-2.webp\" alt=\"\" class=\"wp-image-2746\" srcset=\"https:\/\/www.stanleypackage.com\/wp-content\/uploads\/2025\/08\/Custom-Back-Seal-Flexible-Packaging-for-Wet-Wipes-2.webp 750w, https:\/\/www.stanleypackage.com\/wp-content\/uploads\/2025\/08\/Custom-Back-Seal-Flexible-Packaging-for-Wet-Wipes-2-300x300.webp 300w, https:\/\/www.stanleypackage.com\/wp-content\/uploads\/2025\/08\/Custom-Back-Seal-Flexible-Packaging-for-Wet-Wipes-2-150x150.webp 150w, https:\/\/www.stanleypackage.com\/wp-content\/uploads\/2025\/08\/Custom-Back-Seal-Flexible-Packaging-for-Wet-Wipes-2-12x12.webp 12w, https:\/\/www.stanleypackage.com\/wp-content\/uploads\/2025\/08\/Custom-Back-Seal-Flexible-Packaging-for-Wet-Wipes-2-600x600.webp 600w, https:\/\/www.stanleypackage.com\/wp-content\/uploads\/2025\/08\/Custom-Back-Seal-Flexible-Packaging-for-Wet-Wipes-2-100x100.webp 100w\" sizes=\"(max-width: 750px) 100vw, 750px\" \/><\/figure>\n<\/div>\n\n\n\n<div class=\"wp-block-column is-layout-flow wp-block-column-is-layout-flow\">\n<figure class=\"wp-block-image size-full\"><img decoding=\"async\" width=\"632\" height=\"635\" src=\"https:\/\/www.stanleypackage.com\/wp-content\/uploads\/2025\/08\/Custom-Back-Seal-Flexible-Packaging-for-Wet-Wipes-3.webp\" alt=\"\" class=\"wp-image-2747\" srcset=\"https:\/\/www.stanleypackage.com\/wp-content\/uploads\/2025\/08\/Custom-Back-Seal-Flexible-Packaging-for-Wet-Wipes-3.webp 632w, https:\/\/www.stanleypackage.com\/wp-content\/uploads\/2025\/08\/Custom-Back-Seal-Flexible-Packaging-for-Wet-Wipes-3-300x300.webp 300w, https:\/\/www.stanleypackage.com\/wp-content\/uploads\/2025\/08\/Custom-Back-Seal-Flexible-Packaging-for-Wet-Wipes-3-150x150.webp 150w, https:\/\/www.stanleypackage.com\/wp-content\/uploads\/2025\/08\/Custom-Back-Seal-Flexible-Packaging-for-Wet-Wipes-3-12x12.webp 12w, https:\/\/www.stanleypackage.com\/wp-content\/uploads\/2025\/08\/Custom-Back-Seal-Flexible-Packaging-for-Wet-Wipes-3-600x603.webp 600w, https:\/\/www.stanleypackage.com\/wp-content\/uploads\/2025\/08\/Custom-Back-Seal-Flexible-Packaging-for-Wet-Wipes-3-100x100.webp 100w\" sizes=\"(max-width: 632px) 100vw, 632px\" \/><\/figure>\n<\/div>\n<\/div>\n<\/div>\n<\/div>","protected":false},"excerpt":{"rendered":"<p>Willkommen bei der Bestellung kundenspezifischer Feuchttuchverpackungen. Unsere Seitenfalten-Feuchtt\u00fccher-Verpackungsbeutel sind gut versiegelbar und bedruckbar, mit einer \u00d6ffnung f\u00fcr Feuchtt\u00fccher ausgestattet, leicht zu \u00f6ffnen und f\u00fcr automatische Verpackungslinien geeignet.<\/p>\n<table style=\"border-collapse: collapse; width: 365.02pt;\" border=\"0\" width=\"365\" cellspacing=\"0\" cellpadding=\"0\">\n<tbody>\n<tr style=\"height: 16.00pt;\">\n<td class=\"et2\" style=\"height: 16.00pt; width: 97.50pt;\" width=\"97\" height=\"16\">Hersteller<\/td>\n<td class=\"et2\" style=\"width: 267.50pt;\" width=\"267\">Stanley<\/td>\n<\/tr>\n<tr style=\"height: 16.00pt;\">\n<td class=\"et2\" style=\"height: 16.00pt; width: 97.50pt;\" width=\"97\" height=\"16\">Arten von Beuteln<\/td>\n<td class=\"et2\" style=\"width: 267.50pt;\" width=\"267\">R\u00fcckenversiegelungstasche,\u00a0<\/td>\n<\/tr>\n<tr style=\"height: 16.00pt;\">\n<td class=\"et2\" style=\"height: 16.00pt; width: 97.50pt;\" width=\"97\" height=\"16\">Material<\/td>\n<td class=\"et2\" style=\"width: 267.50pt;\" width=\"267\">PET12\/MBPE78<\/td>\n<\/tr>\n<tr style=\"height: 16.00pt;\">\n<td class=\"et2\" style=\"height: 16.00pt; width: 97.50pt;\" width=\"97\" height=\"16\">Besonderes Merkmal<\/td>\n<td class=\"et2\" style=\"width: 267.50pt;\" width=\"267\">Risskerbe, obere F\u00fcllung<\/td>\n<\/tr>\n<tr style=\"height: 16.00pt;\">\n<td class=\"et2\" style=\"height: 16.00pt; width: 97.50pt;\" width=\"97\" height=\"16\">Handhabung der Oberfl\u00e4che<\/td>\n<td class=\"et2\" style=\"width: 267.50pt;\" width=\"267\">Tiefdruck<\/td>\n<\/tr>\n<tr style=\"height: 16.00pt;\">\n<td class=\"et2\" style=\"height: 16.00pt; width: 97.50pt;\" width=\"97\" height=\"16\">Farbe<\/td>\n<td class=\"et2\" style=\"width: 267.50pt;\" width=\"267\">Beidseitiger Druck, bis zu 10 Farben<\/td>\n<\/tr>\n<tr style=\"height: 16.00pt;\">\n<td class=\"et2\" style=\"height: 16.00pt; width: 97.50pt;\" width=\"97\" height=\"16\">Verwendung<\/td>\n<td class=\"et2\" style=\"width: 267.50pt;\" width=\"267\">Feuchtt\u00fccher, Taschent\u00fccher<\/td>\n<\/tr>\n<tr style=\"height: 16.00pt;\">\n<td class=\"et2\" style=\"height: 16.00pt; width: 97.50pt;\" width=\"97\" height=\"16\">MOQ<\/td>\n<td class=\"et2\" style=\"width: 267.50pt;\" width=\"267\">50.000 St\u00fcck<\/td>\n<\/tr>\n<tr style=\"height: 16.00pt;\">\n<td class=\"et2\" style=\"height: 16.00pt; width: 97.50pt;\" width=\"97\" height=\"16\">Individuelle Bestellung<\/td>\n<td class=\"et2\" style=\"width: 267.50pt;\" width=\"267\">Akzeptieren Sie OEM &amp; ODM, unterst\u00fctzen Sie freie Probe<\/td>\n<\/tr>\n<\/tbody>\n<\/table>\n<p>&nbsp;<\/p>","protected":false},"featured_media":2750,"comment_status":"closed","ping_status":"closed","template":"","meta":{"_acf_changed":false},"product_brand":[],"product_cat":[59,31,17],"product_tag":[],"class_list":{"0":"post-2745","1":"product","2":"type-product","3":"status-publish","4":"has-post-thumbnail","6":"product_cat-pillow-pouch-manufacturer","7":"product_cat-lay-flat-pouch-manufacturer","8":"product_cat-gusset-bag-manufacturer","9":"pa_non-food-packaging-wet-wipe-packaging","10":"pa_non-food-packaging-cosmetic-packaging-pouches","12":"first","13":"instock","14":"shipping-taxable","15":"product-type-simple"},"acf":[],"_links":{"self":[{"href":"https:\/\/www.stanleypackage.com\/de\/wp-json\/wp\/v2\/product\/2745","targetHints":{"allow":["GET"]}}],"collection":[{"href":"https:\/\/www.stanleypackage.com\/de\/wp-json\/wp\/v2\/product"}],"about":[{"href":"https:\/\/www.stanleypackage.com\/de\/wp-json\/wp\/v2\/types\/product"}],"replies":[{"embeddable":true,"href":"https:\/\/www.stanleypackage.com\/de\/wp-json\/wp\/v2\/comments?post=2745"}],"wp:featuredmedia":[{"embeddable":true,"href":"https:\/\/www.stanleypackage.com\/de\/wp-json\/wp\/v2\/media\/2750"}],"wp:attachment":[{"href":"https:\/\/www.stanleypackage.com\/de\/wp-json\/wp\/v2\/media?parent=2745"}],"wp:term":[{"taxonomy":"product_brand","embeddable":true,"href":"https:\/\/www.stanleypackage.com\/de\/wp-json\/wp\/v2\/product_brand?post=2745"},{"taxonomy":"product_cat","embeddable":true,"href":"https:\/\/www.stanleypackage.com\/de\/wp-json\/wp\/v2\/product_cat?post=2745"},{"taxonomy":"product_tag","embeddable":true,"href":"https:\/\/www.stanleypackage.com\/de\/wp-json\/wp\/v2\/product_tag?post=2745"}],"curies":[{"name":"wp","href":"https:\/\/api.w.org\/{rel}","templated":true}]}}