{"id":2753,"date":"2025-09-04T07:58:51","date_gmt":"2025-09-04T07:58:51","guid":{"rendered":"https:\/\/www.stanleypackage.com\/?post_type=product&#038;p=2753"},"modified":"2025-09-04T07:58:58","modified_gmt":"2025-09-04T07:58:58","slug":"custom-coffee-bags-with-valve","status":"publish","type":"product","link":"https:\/\/www.stanleypackage.com\/de\/product\/custom-coffee-bags-with-valve\/","title":{"rendered":"Benutzerdefinierte Kaffeebeutel mit Ventil, Gro\u00dfhandel Box Bottom Pouches"},"content":{"rendered":"<div class=\"wp-block-columns is-layout-flex wp-container-core-columns-is-layout-9d6595d7 wp-block-columns-is-layout-flex\">\n<div class=\"wp-block-column is-layout-flow wp-block-column-is-layout-flow\">\n<h2 class=\"wp-block-heading\">Merkmale der Custom Coffee Bags mit Ventil<\/h2>\n\n\n\n<ul class=\"wp-block-list\">\n<li><strong>Achtseitige Siegelstruktur: <\/strong>Die achtseitige Siegelstruktur dieser individuellen Kaffeebeutel mit Ventil erh\u00f6ht die Stabilit\u00e4t und das optische Erscheinungsbild der Beutelform und macht sie im Regal attraktiv.<\/li>\n\n\n\n<li><strong>Wiederverschlie\u00dfbarer Rei\u00dfverschluss: <\/strong>Diese Flachbodenbeutel f\u00fcr den Gro\u00dfhandel sind mit einem hochwertigen Rei\u00dfverschluss ausgestattet, der sich leicht \u00f6ffnen und schlie\u00dfen und wiederverwenden l\u00e4sst, wodurch sich die Haltbarkeit des Produkts verl\u00e4ngert.<\/li>\n\n\n\n<li><strong>Mehrschichtiges Material mit hoher Barriere:<\/strong> Die Vorder- und R\u00fcckseite dieses kundenspezifischen Kaffeebeutels mit Ventil besteht aus PET12\/AL7\/PE100-Material, und die Seite besteht aus PET12\/AL7\/PE100-Material, das feuchtigkeits-, oxidations- und lichtbest\u00e4ndig ist, um den frischen Geschmack des Hafers zu sch\u00fctzen.<\/li>\n\n\n\n<li><strong>Ventil+ Bodenbef\u00fcllung: <\/strong>Das Ventil dieser flachen Bodenbeutel f\u00fcr den Gro\u00dfhandel soll die Luft entweichen lassen und verhindern, dass Luft und Feuchtigkeit in das Innere der Verpackung eindringen, so dass der Kaffee nicht oxidiert und verdirbt. Und die Bodenbef\u00fcllung ist f\u00fcr automatisierte Produktionslinien geeignet, was das Abf\u00fcllen effizient und bequem macht.<\/li>\n\n\n\n<li><strong>Bis zu 10-Farben-Tiefdruck:<\/strong> Unsere benutzerdefinierte Kaffeebeutel mit Ventil unterst\u00fctzt hochpr\u00e4zise Mehrfarbentiefdruck, mit feinen Mustern und hellen Farben, um das Markenimage zu f\u00f6rdern.<\/li>\n\n\n\n<li><strong>Anpassung an verschiedene individuelle Bed\u00fcrfnisse:<\/strong> Die Abmessungen, der Druck und die Art des Rei\u00dfverschlusses unserer Standbeutel f\u00fcr den Gro\u00dfhandel k\u00f6nnen bei Bedarf auf die unterschiedlichen Anforderungen verschiedener Marken und die Positionierung auf dem Markt zugeschnitten werden.<\/li>\n<\/ul>\n\n\n\n<div class=\"wp-block-columns is-layout-flex wp-container-core-columns-is-layout-9d6595d7 wp-block-columns-is-layout-flex\">\n<div class=\"wp-block-column is-layout-flow wp-block-column-is-layout-flow\">\n<figure class=\"wp-block-image size-full\"><img decoding=\"async\" width=\"2448\" height=\"2448\" src=\"https:\/\/www.stanleypackage.com\/wp-content\/uploads\/2025\/08\/Custom-Flat-Bottom-Pouch-with-Zipper-Wholesale-Coffee-Valve-Bags-3.webp\" alt=\"\" class=\"wp-image-2754\" srcset=\"https:\/\/www.stanleypackage.com\/wp-content\/uploads\/2025\/08\/Custom-Flat-Bottom-Pouch-with-Zipper-Wholesale-Coffee-Valve-Bags-3.webp 2448w, https:\/\/www.stanleypackage.com\/wp-content\/uploads\/2025\/08\/Custom-Flat-Bottom-Pouch-with-Zipper-Wholesale-Coffee-Valve-Bags-3-300x300.webp 300w, https:\/\/www.stanleypackage.com\/wp-content\/uploads\/2025\/08\/Custom-Flat-Bottom-Pouch-with-Zipper-Wholesale-Coffee-Valve-Bags-3-150x150.webp 150w, https:\/\/www.stanleypackage.com\/wp-content\/uploads\/2025\/08\/Custom-Flat-Bottom-Pouch-with-Zipper-Wholesale-Coffee-Valve-Bags-3-768x768.webp 768w, https:\/\/www.stanleypackage.com\/wp-content\/uploads\/2025\/08\/Custom-Flat-Bottom-Pouch-with-Zipper-Wholesale-Coffee-Valve-Bags-3-12x12.webp 12w, https:\/\/www.stanleypackage.com\/wp-content\/uploads\/2025\/08\/Custom-Flat-Bottom-Pouch-with-Zipper-Wholesale-Coffee-Valve-Bags-3-1200x1200.webp 1200w, https:\/\/www.stanleypackage.com\/wp-content\/uploads\/2025\/08\/Custom-Flat-Bottom-Pouch-with-Zipper-Wholesale-Coffee-Valve-Bags-3-600x600.webp 600w, https:\/\/www.stanleypackage.com\/wp-content\/uploads\/2025\/08\/Custom-Flat-Bottom-Pouch-with-Zipper-Wholesale-Coffee-Valve-Bags-3-100x100.webp 100w\" sizes=\"(max-width: 2448px) 100vw, 2448px\" \/><\/figure>\n<\/div>\n\n\n\n<div class=\"wp-block-column is-layout-flow wp-block-column-is-layout-flow\">\n<figure class=\"wp-block-image size-full\"><img decoding=\"async\" width=\"750\" height=\"750\" src=\"https:\/\/www.stanleypackage.com\/wp-content\/uploads\/2025\/08\/Custom-Flat-Bottom-Pouch-with-Zipper-Wholesale-Coffee-Valve-Bags-2.webp\" alt=\"\" class=\"wp-image-2755\" srcset=\"https:\/\/www.stanleypackage.com\/wp-content\/uploads\/2025\/08\/Custom-Flat-Bottom-Pouch-with-Zipper-Wholesale-Coffee-Valve-Bags-2.webp 750w, https:\/\/www.stanleypackage.com\/wp-content\/uploads\/2025\/08\/Custom-Flat-Bottom-Pouch-with-Zipper-Wholesale-Coffee-Valve-Bags-2-300x300.webp 300w, https:\/\/www.stanleypackage.com\/wp-content\/uploads\/2025\/08\/Custom-Flat-Bottom-Pouch-with-Zipper-Wholesale-Coffee-Valve-Bags-2-150x150.webp 150w, https:\/\/www.stanleypackage.com\/wp-content\/uploads\/2025\/08\/Custom-Flat-Bottom-Pouch-with-Zipper-Wholesale-Coffee-Valve-Bags-2-12x12.webp 12w, https:\/\/www.stanleypackage.com\/wp-content\/uploads\/2025\/08\/Custom-Flat-Bottom-Pouch-with-Zipper-Wholesale-Coffee-Valve-Bags-2-600x600.webp 600w, https:\/\/www.stanleypackage.com\/wp-content\/uploads\/2025\/08\/Custom-Flat-Bottom-Pouch-with-Zipper-Wholesale-Coffee-Valve-Bags-2-100x100.webp 100w\" sizes=\"(max-width: 750px) 100vw, 750px\" \/><\/figure>\n<\/div>\n<\/div>\n<\/div>\n<\/div>","protected":false},"excerpt":{"rendered":"<p>Willkommen im Gro\u00dfhandel Box Bottom Pouches zu kaufen. Unsere benutzerdefinierten Kaffeebeutel mit Ventil eignen sich f\u00fcr die Verpackung von Produkten wie Kaffeebohnen und Hafer und haben ausgezeichnete Frischhalte- und feuchtigkeitsdichte Eigenschaften.<\/p>\n<table style=\"border-collapse: collapse; width: 365.02pt;\" border=\"0\" width=\"365\" cellspacing=\"0\" cellpadding=\"0\">\n<tbody>\n<tr style=\"height: 16.00pt;\">\n<td class=\"et2\" style=\"height: 16.00pt; width: 97.50pt;\" width=\"97\" height=\"16\">Hersteller<\/td>\n<td class=\"et2\" style=\"width: 267.50pt;\" width=\"267\">Stanley<\/td>\n<\/tr>\n<tr style=\"height: 16.00pt;\">\n<td class=\"et2\" style=\"height: 16.00pt; width: 97.50pt;\" width=\"97\" height=\"16\">Arten von Beuteln<\/td>\n<td class=\"et3\">8 Seitenverschlussbeutel mit flachem Boden, Zipper-Beutel<\/td>\n<\/tr>\n<tr style=\"height: 31.00pt;\">\n<td class=\"et2\" style=\"height: 31.00pt; width: 97.50pt;\" width=\"97\" height=\"31\">Material<\/td>\n<td class=\"et2\" style=\"width: 267.50pt;\" width=\"267\">Vorder- und R\u00fcckseite: PET12\/AL7\/PE100<br \/>Die Seiten: PET12\/AL7\/PE100<\/td>\n<\/tr>\n<tr style=\"height: 16.00pt;\">\n<td class=\"et2\" style=\"height: 16.00pt; width: 97.50pt;\" width=\"97\" height=\"16\">Besonderes Merkmal<\/td>\n<td class=\"et2\" style=\"width: 267.50pt;\" width=\"267\">Rei\u00dfverschluss, Ventil, Bodenbef\u00fcllung<\/td>\n<\/tr>\n<tr style=\"height: 16.00pt;\">\n<td class=\"et2\" style=\"height: 16.00pt; width: 97.50pt;\" width=\"97\" height=\"16\">Handhabung der Oberfl\u00e4che<\/td>\n<td class=\"et2\" style=\"width: 267.50pt;\" width=\"267\">Tiefdruck<\/td>\n<\/tr>\n<tr style=\"height: 16.00pt;\">\n<td class=\"et2\" style=\"height: 16.00pt; width: 97.50pt;\" width=\"97\" height=\"16\">Farbe<\/td>\n<td class=\"et2\" style=\"width: 267.50pt;\" width=\"267\">Doppelseitiger Druck, bis zu 10 Farben<\/td>\n<\/tr>\n<tr style=\"height: 16.00pt;\">\n<td class=\"et2\" style=\"height: 16.00pt; width: 97.50pt;\" width=\"97\" height=\"16\">Verwendung<\/td>\n<td class=\"et2\" style=\"width: 267.50pt;\" width=\"267\">Kaffeebohnen, Kaffeepulver, Haferflocken<\/td>\n<\/tr>\n<tr style=\"height: 16.00pt;\">\n<td class=\"et2\" style=\"height: 16.00pt; width: 97.50pt;\" width=\"97\" height=\"16\">MOQ<\/td>\n<td class=\"et2\" style=\"width: 267.50pt;\" width=\"267\">50.000 St\u00fcck<\/td>\n<\/tr>\n<tr style=\"height: 16.00pt;\">\n<td class=\"et2\" style=\"height: 16.00pt; width: 97.50pt;\" width=\"97\" height=\"16\">Individuelle Bestellung<\/td>\n<td class=\"et2\" style=\"width: 267.50pt;\" width=\"267\">Akzeptieren Sie OEM, unterst\u00fctzen Sie freie Probe<\/td>\n<\/tr>\n<\/tbody>\n<\/table>\n<p>&nbsp;<\/p>","protected":false},"featured_media":2757,"comment_status":"closed","ping_status":"closed","template":"","meta":{"_acf_changed":false},"product_brand":[],"product_cat":[24,18],"product_tag":[],"class_list":{"0":"post-2753","1":"product","2":"type-product","3":"status-publish","4":"has-post-thumbnail","6":"product_cat-flat-bottom-pouch-manufacturer","7":"product_cat-zipper-pouch-manufacturer","8":"pa_food-packaging-food-powder-packaging","9":"pa_food-packaging-oatmeal-pouch","10":"pa_food-packaging-coffee-packaging-pouch","12":"first","13":"instock","14":"shipping-taxable","15":"product-type-simple"},"acf":[],"_links":{"self":[{"href":"https:\/\/www.stanleypackage.com\/de\/wp-json\/wp\/v2\/product\/2753","targetHints":{"allow":["GET"]}}],"collection":[{"href":"https:\/\/www.stanleypackage.com\/de\/wp-json\/wp\/v2\/product"}],"about":[{"href":"https:\/\/www.stanleypackage.com\/de\/wp-json\/wp\/v2\/types\/product"}],"replies":[{"embeddable":true,"href":"https:\/\/www.stanleypackage.com\/de\/wp-json\/wp\/v2\/comments?post=2753"}],"wp:featuredmedia":[{"embeddable":true,"href":"https:\/\/www.stanleypackage.com\/de\/wp-json\/wp\/v2\/media\/2757"}],"wp:attachment":[{"href":"https:\/\/www.stanleypackage.com\/de\/wp-json\/wp\/v2\/media?parent=2753"}],"wp:term":[{"taxonomy":"product_brand","embeddable":true,"href":"https:\/\/www.stanleypackage.com\/de\/wp-json\/wp\/v2\/product_brand?post=2753"},{"taxonomy":"product_cat","embeddable":true,"href":"https:\/\/www.stanleypackage.com\/de\/wp-json\/wp\/v2\/product_cat?post=2753"},{"taxonomy":"product_tag","embeddable":true,"href":"https:\/\/www.stanleypackage.com\/de\/wp-json\/wp\/v2\/product_tag?post=2753"}],"curies":[{"name":"wp","href":"https:\/\/api.w.org\/{rel}","templated":true}]}}