{"id":2777,"date":"2025-08-27T08:29:02","date_gmt":"2025-08-27T08:29:02","guid":{"rendered":"https:\/\/www.stanleypackage.com\/?post_type=product&#038;p=2777"},"modified":"2025-09-06T01:53:39","modified_gmt":"2025-09-06T01:53:39","slug":"wholesale-beverage-pouches","status":"publish","type":"product","link":"https:\/\/www.stanleypackage.com\/de\/product\/wholesale-beverage-pouches\/","title":{"rendered":"Gro\u00dfhandel Getr\u00e4nk Beutel, benutzerdefinierte wiederverschlie\u00dfbare Getr\u00e4nkebeutel"},"content":{"rendered":"<div class=\"wp-block-columns is-layout-flex wp-container-core-columns-is-layout-9d6595d7 wp-block-columns-is-layout-flex\">\n<div class=\"wp-block-column is-layout-flow wp-block-column-is-layout-flow\">\n<h2 class=\"wp-block-heading\">Merkmale von Gro\u00dfhandel Getr\u00e4nk Beutel<\/h2>\n\n\n\n<ul class=\"wp-block-list\">\n<li><strong>Hochwertige Kompositkonstruktion: <\/strong>Unsere Gro\u00dfhandels-Getr\u00e4nkebeutel bestehen aus einem mehrschichtigen Material, das sich aus PET12, AL7, BOPA15 und Retort CPP100 zusammensetzt und hervorragende Barriereeigenschaften und Retortenbest\u00e4ndigkeit bietet, wodurch die Frische von Getr\u00e4nken effektiv bewahrt und die Haltbarkeit verl\u00e4ngert wird.<\/li>\n\n\n\n<li><strong>Transparente Tasche Design: <\/strong>Diese individuellen Getr\u00e4nkebeutel bestehen aus transparentem Material, das die Farbe und Beschaffenheit des Getr\u00e4nks deutlich zur Geltung bringt, die Attraktivit\u00e4t des Produkts steigert und die Kauflust der Verbraucher erh\u00f6ht.<\/li>\n\n\n\n<li><strong>Praktische Merkmale: <\/strong>Diese Gro\u00dfhandels-Getr\u00e4nkebeutel verf\u00fcgen \u00fcber ein Griffloch, einen wiederverschlie\u00dfbaren Rei\u00dfverschluss und einen Strohhalm f\u00fcr einfaches Tragen, \u00d6ffnen, Verschlie\u00dfen und Trinken und verbessern so das Benutzererlebnis. <\/li>\n\n\n\n<li><strong>Breites Spektrum an Anwendungen: <\/strong>Unsere ma\u00dfgeschneiderten Getr\u00e4nkebeutel eignen sich f\u00fcr die Verpackung einer Vielzahl von Getr\u00e4nken, einschlie\u00dflich Alkohol, Saft und Softdrinks. Sie k\u00f6nnen sowohl f\u00fcr den Einzelhandel als auch f\u00fcr die Gro\u00dfabnahme in Superm\u00e4rkten, Restaurants und bei Veranstaltungen verwendet werden.<\/li>\n\n\n\n<li><strong>Massenanpassung: <\/strong>Wir bieten eine Vielzahl von Gr\u00f6\u00dfen und kundenspezifischen Druckservices f\u00fcr Gro\u00dfhandels-Getr\u00e4nkebeutel an, die den Anforderungen der Markendifferenzierung entsprechen und den Kunden helfen, ihr Markenimage und ihre Wettbewerbsf\u00e4higkeit zu verbessern.<\/li>\n<\/ul>\n\n\n\n<div class=\"wp-block-columns is-layout-flex wp-container-core-columns-is-layout-9d6595d7 wp-block-columns-is-layout-flex\">\n<div class=\"wp-block-column is-layout-flow wp-block-column-is-layout-flow\">\n<figure class=\"wp-block-image size-full\"><img decoding=\"async\" width=\"2079\" height=\"2035\" src=\"https:\/\/www.stanleypackage.com\/wp-content\/uploads\/2025\/08\/Custom-Wholesale-Stand-Up-With-Zipper-Packaging-For-Drinks-2.webp\" alt=\"\" class=\"wp-image-2778\" srcset=\"https:\/\/www.stanleypackage.com\/wp-content\/uploads\/2025\/08\/Custom-Wholesale-Stand-Up-With-Zipper-Packaging-For-Drinks-2.webp 2079w, https:\/\/www.stanleypackage.com\/wp-content\/uploads\/2025\/08\/Custom-Wholesale-Stand-Up-With-Zipper-Packaging-For-Drinks-2-300x294.webp 300w, https:\/\/www.stanleypackage.com\/wp-content\/uploads\/2025\/08\/Custom-Wholesale-Stand-Up-With-Zipper-Packaging-For-Drinks-2-768x752.webp 768w, https:\/\/www.stanleypackage.com\/wp-content\/uploads\/2025\/08\/Custom-Wholesale-Stand-Up-With-Zipper-Packaging-For-Drinks-2-12x12.webp 12w, https:\/\/www.stanleypackage.com\/wp-content\/uploads\/2025\/08\/Custom-Wholesale-Stand-Up-With-Zipper-Packaging-For-Drinks-2-1200x1175.webp 1200w, https:\/\/www.stanleypackage.com\/wp-content\/uploads\/2025\/08\/Custom-Wholesale-Stand-Up-With-Zipper-Packaging-For-Drinks-2-600x587.webp 600w\" sizes=\"(max-width: 2079px) 100vw, 2079px\" \/><\/figure>\n<\/div>\n\n\n\n<div class=\"wp-block-column is-layout-flow wp-block-column-is-layout-flow\">\n<figure class=\"wp-block-image size-full\"><img decoding=\"async\" width=\"2079\" height=\"2035\" src=\"https:\/\/www.stanleypackage.com\/wp-content\/uploads\/2025\/08\/Custom-Wholesale-Stand-Up-With-Zipper-Packaging-For-Drinks-5.webp\" alt=\"Gro\u00dfhandel Getr\u00e4nk Beutel, benutzerdefinierte wiederverschlie\u00dfbare Getr\u00e4nkebeutel-2\" class=\"wp-image-2781\" srcset=\"https:\/\/www.stanleypackage.com\/wp-content\/uploads\/2025\/08\/Custom-Wholesale-Stand-Up-With-Zipper-Packaging-For-Drinks-5.webp 2079w, https:\/\/www.stanleypackage.com\/wp-content\/uploads\/2025\/08\/Custom-Wholesale-Stand-Up-With-Zipper-Packaging-For-Drinks-5-300x294.webp 300w, https:\/\/www.stanleypackage.com\/wp-content\/uploads\/2025\/08\/Custom-Wholesale-Stand-Up-With-Zipper-Packaging-For-Drinks-5-768x752.webp 768w, https:\/\/www.stanleypackage.com\/wp-content\/uploads\/2025\/08\/Custom-Wholesale-Stand-Up-With-Zipper-Packaging-For-Drinks-5-12x12.webp 12w, https:\/\/www.stanleypackage.com\/wp-content\/uploads\/2025\/08\/Custom-Wholesale-Stand-Up-With-Zipper-Packaging-For-Drinks-5-1200x1175.webp 1200w, https:\/\/www.stanleypackage.com\/wp-content\/uploads\/2025\/08\/Custom-Wholesale-Stand-Up-With-Zipper-Packaging-For-Drinks-5-600x587.webp 600w\" sizes=\"(max-width: 2079px) 100vw, 2079px\" \/><\/figure>\n<\/div>\n<\/div>\n<\/div>\n<\/div>","protected":false},"excerpt":{"rendered":"<p>Willkommen im Gro\u00dfhandel mit Getr\u00e4nkebeuteln. Diese transparenten, selbststehenden Getr\u00e4nkebeutel bieten hohe Barriereeigenschaften und hohe Temperaturbest\u00e4ndigkeit. Sie verf\u00fcgen \u00fcber einen Griff Loch, wiederverschlie\u00dfbaren Rei\u00dfverschluss und Strohhalm f\u00fcr die bequeme Nutzung.<\/p>\n<table style=\"border-collapse: collapse; width: 365.02pt;\" border=\"0\" width=\"365\" cellspacing=\"0\" cellpadding=\"0\">\n<tbody>\n<tr style=\"height: 16.00pt;\">\n<td class=\"et2\" style=\"height: 16.00pt; width: 97.50pt;\" width=\"97\" height=\"16\">Hersteller<\/td>\n<td class=\"et2\" style=\"width: 267.50pt;\" width=\"267\">Stanley<\/td>\n<\/tr>\n<tr style=\"height: 16.00pt;\">\n<td class=\"et2\" style=\"height: 16.00pt; width: 97.50pt;\" width=\"97\" height=\"16\">Arten von Beuteln<\/td>\n<td class=\"et3\">Stand Up Pouch, Zipper Pouches<\/td>\n<\/tr>\n<tr style=\"height: 16.00pt;\">\n<td class=\"et2\" style=\"height: 16.00pt; width: 97.50pt;\" width=\"97\" height=\"16\">Material<\/td>\n<td class=\"et2\" style=\"width: 267.50pt;\" width=\"267\">PET12 \/ AL7 \/ BOPA15 \/ Retorte CPP100<\/td>\n<\/tr>\n<tr style=\"height: 16.00pt;\">\n<td class=\"et2\" style=\"height: 16.00pt; width: 97.50pt;\" width=\"97\" height=\"16\">Besonderes Merkmal<\/td>\n<td class=\"et2\" style=\"width: 267.50pt;\" width=\"267\">Griffloch, wiederverschlie\u00dfbarer Rei\u00dfverschluss, Strohhalme<\/td>\n<\/tr>\n<tr style=\"height: 16.00pt;\">\n<td class=\"et2\" style=\"height: 16.00pt; width: 97.50pt;\" width=\"97\" height=\"16\">Handhabung der Oberfl\u00e4che<\/td>\n<td class=\"et2\" style=\"width: 267.50pt;\" width=\"267\">Tiefdruck<\/td>\n<\/tr>\n<tr style=\"height: 16.00pt;\">\n<td class=\"et2\" style=\"height: 16.00pt; width: 97.50pt;\" width=\"97\" height=\"16\">Farbe<\/td>\n<td class=\"et2\" style=\"width: 267.50pt;\" width=\"267\">Bis zu 10 Farben<\/td>\n<\/tr>\n<tr style=\"height: 16.00pt;\">\n<td class=\"et2\" style=\"height: 16.00pt; width: 97.50pt;\" width=\"97\" height=\"16\">Verwendung<\/td>\n<td class=\"et2\" style=\"width: 267.50pt;\" width=\"267\">Alkohol, Saft, Erfrischungsgetr\u00e4nke<\/td>\n<\/tr>\n<tr style=\"height: 16.00pt;\">\n<td class=\"et2\" style=\"height: 16.00pt; width: 97.50pt;\" width=\"97\" height=\"16\">MOQ<\/td>\n<td class=\"et2\" style=\"width: 267.50pt;\" width=\"267\">50.000 St\u00fcck<\/td>\n<\/tr>\n<tr style=\"height: 16.00pt;\">\n<td class=\"et2\" style=\"height: 16.00pt; width: 97.50pt;\" width=\"97\" height=\"16\">Individuelle Bestellung<\/td>\n<td class=\"et2\" style=\"width: 267.50pt;\" width=\"267\">Akzeptieren Sie OEM, unterst\u00fctzen Sie freie Probe<\/td>\n<\/tr>\n<\/tbody>\n<\/table>","protected":false},"featured_media":2782,"comment_status":"closed","ping_status":"closed","template":"","meta":{"_acf_changed":false},"product_brand":[],"product_cat":[30,23,18],"product_tag":[],"class_list":{"0":"post-2777","1":"product","2":"type-product","3":"status-publish","4":"has-post-thumbnail","6":"product_cat-stand-up-pouch-manufacturer","7":"product_cat-retort-pouch-manufacturer","8":"product_cat-zipper-pouch-manufacturer","9":"pa_food-packaging-coffee-packaging-pouch","10":"pa_food-packaging-tea-pouch-packaging","11":"pa_food-packaging-drink-beverage-pouch","13":"first","14":"instock","15":"shipping-taxable","16":"product-type-simple"},"acf":[],"_links":{"self":[{"href":"https:\/\/www.stanleypackage.com\/de\/wp-json\/wp\/v2\/product\/2777","targetHints":{"allow":["GET"]}}],"collection":[{"href":"https:\/\/www.stanleypackage.com\/de\/wp-json\/wp\/v2\/product"}],"about":[{"href":"https:\/\/www.stanleypackage.com\/de\/wp-json\/wp\/v2\/types\/product"}],"replies":[{"embeddable":true,"href":"https:\/\/www.stanleypackage.com\/de\/wp-json\/wp\/v2\/comments?post=2777"}],"wp:featuredmedia":[{"embeddable":true,"href":"https:\/\/www.stanleypackage.com\/de\/wp-json\/wp\/v2\/media\/2782"}],"wp:attachment":[{"href":"https:\/\/www.stanleypackage.com\/de\/wp-json\/wp\/v2\/media?parent=2777"}],"wp:term":[{"taxonomy":"product_brand","embeddable":true,"href":"https:\/\/www.stanleypackage.com\/de\/wp-json\/wp\/v2\/product_brand?post=2777"},{"taxonomy":"product_cat","embeddable":true,"href":"https:\/\/www.stanleypackage.com\/de\/wp-json\/wp\/v2\/product_cat?post=2777"},{"taxonomy":"product_tag","embeddable":true,"href":"https:\/\/www.stanleypackage.com\/de\/wp-json\/wp\/v2\/product_tag?post=2777"}],"curies":[{"name":"wp","href":"https:\/\/api.w.org\/{rel}","templated":true}]}}