{"id":2785,"date":"2025-08-27T08:17:33","date_gmt":"2025-08-27T08:17:33","guid":{"rendered":"https:\/\/www.stanleypackage.com\/?post_type=product&#038;p=2785"},"modified":"2025-09-03T09:13:24","modified_gmt":"2025-09-03T09:13:24","slug":"bulk-powder-packaging","status":"publish","type":"product","link":"https:\/\/www.stanleypackage.com\/de\/product\/bulk-powder-packaging\/","title":{"rendered":"Sch\u00fcttgutverpackungen f\u00fcr Pulver, kundenspezifische Milchpulver-Lagers\u00e4cke"},"content":{"rendered":"<div class=\"wp-block-columns is-layout-flex wp-container-core-columns-is-layout-9d6595d7 wp-block-columns-is-layout-flex\">\n<div class=\"wp-block-column is-layout-flow wp-block-column-is-layout-flow\">\n<h2 class=\"wp-block-heading\">Merkmale von Sch\u00fcttgutverpackungen f\u00fcr Pulver<\/h2>\n\n\n\n<ul class=\"wp-block-list\">\n<li><strong>Spezialeffekt verf\u00fcgbar: <\/strong>Unsere unregelm\u00e4\u00dfigen Pulververpackungen unterst\u00fctzen spezielle Effekte wie UV, matt, gl\u00e4nzend, etc.<\/li>\n\n\n\n<li><strong>Sonderform verf\u00fcgbar: <\/strong>Unsere kundenspezifischen Milchpulver-Aufbewahrungsbeutel k\u00f6nnen je nach Kundenwunsch in verschiedene Formen gebracht werden.<\/li>\n\n\n\n<li><strong>Mit einem leicht zu rei\u00dfenden: <\/strong>Unsere unregelm\u00e4\u00dfigen Stand-up-Pulververpackungen mit leicht zu \u00f6ffnenden \u00d6ffnungen f\u00fcr ein bequemes \u00d6ffnen.<\/li>\n\n\n\n<li><strong>Ausgestattet mit einem Rei\u00dfverschluss: <\/strong>Unsere kundenspezifischen Verpackungsbeutel f\u00fcr den Gro\u00dfhandel verf\u00fcgen \u00fcber einen wiederverwendbaren, abdichtenden Rei\u00dfverschluss f\u00fcr mehrfaches \u00d6ffnen und Schlie\u00dfen.<\/li>\n\n\n\n<li><strong>Anpassbar und f\u00fcr den Gro\u00dfhandel geeignet:<\/strong> Unsere kundenspezifischen Milchpulver-Lagerungsbeutel unterst\u00fctzen kundenspezifische Druckmuster, LOGO, Fassungsverm\u00f6gen und strukturelle Details, die f\u00fcr die Massenproduktion geeignet sind und Marken helfen, personalisierte Verpackungsl\u00f6sungen zu schaffen.<\/li>\n<\/ul>\n\n\n\n<div class=\"wp-block-columns is-layout-flex wp-container-core-columns-is-layout-9d6595d7 wp-block-columns-is-layout-flex\">\n<div class=\"wp-block-column is-layout-flow wp-block-column-is-layout-flow\">\n<figure class=\"wp-block-image size-full\"><img decoding=\"async\" width=\"640\" height=\"640\" src=\"https:\/\/www.stanleypackage.com\/wp-content\/uploads\/2025\/08\/Wholesale-Irregular-Stand-up-Bags-Custom-Breast-Milk-Pouches-5.webp\" alt=\"\" class=\"wp-image-2786\" srcset=\"https:\/\/www.stanleypackage.com\/wp-content\/uploads\/2025\/08\/Wholesale-Irregular-Stand-up-Bags-Custom-Breast-Milk-Pouches-5.webp 640w, https:\/\/www.stanleypackage.com\/wp-content\/uploads\/2025\/08\/Wholesale-Irregular-Stand-up-Bags-Custom-Breast-Milk-Pouches-5-300x300.webp 300w, https:\/\/www.stanleypackage.com\/wp-content\/uploads\/2025\/08\/Wholesale-Irregular-Stand-up-Bags-Custom-Breast-Milk-Pouches-5-150x150.webp 150w, https:\/\/www.stanleypackage.com\/wp-content\/uploads\/2025\/08\/Wholesale-Irregular-Stand-up-Bags-Custom-Breast-Milk-Pouches-5-12x12.webp 12w, https:\/\/www.stanleypackage.com\/wp-content\/uploads\/2025\/08\/Wholesale-Irregular-Stand-up-Bags-Custom-Breast-Milk-Pouches-5-600x600.webp 600w, https:\/\/www.stanleypackage.com\/wp-content\/uploads\/2025\/08\/Wholesale-Irregular-Stand-up-Bags-Custom-Breast-Milk-Pouches-5-100x100.webp 100w\" sizes=\"(max-width: 640px) 100vw, 640px\" \/><\/figure>\n<\/div>\n\n\n\n<div class=\"wp-block-column is-layout-flow wp-block-column-is-layout-flow\">\n<figure class=\"wp-block-image size-full\"><img decoding=\"async\" width=\"640\" height=\"640\" src=\"https:\/\/www.stanleypackage.com\/wp-content\/uploads\/2025\/08\/Wholesale-Irregular-Stand-up-Bags-Custom-Breast-Milk-Pouches-6.webp\" alt=\"\" class=\"wp-image-2787\" srcset=\"https:\/\/www.stanleypackage.com\/wp-content\/uploads\/2025\/08\/Wholesale-Irregular-Stand-up-Bags-Custom-Breast-Milk-Pouches-6.webp 640w, https:\/\/www.stanleypackage.com\/wp-content\/uploads\/2025\/08\/Wholesale-Irregular-Stand-up-Bags-Custom-Breast-Milk-Pouches-6-300x300.webp 300w, https:\/\/www.stanleypackage.com\/wp-content\/uploads\/2025\/08\/Wholesale-Irregular-Stand-up-Bags-Custom-Breast-Milk-Pouches-6-150x150.webp 150w, https:\/\/www.stanleypackage.com\/wp-content\/uploads\/2025\/08\/Wholesale-Irregular-Stand-up-Bags-Custom-Breast-Milk-Pouches-6-12x12.webp 12w, https:\/\/www.stanleypackage.com\/wp-content\/uploads\/2025\/08\/Wholesale-Irregular-Stand-up-Bags-Custom-Breast-Milk-Pouches-6-600x600.webp 600w, https:\/\/www.stanleypackage.com\/wp-content\/uploads\/2025\/08\/Wholesale-Irregular-Stand-up-Bags-Custom-Breast-Milk-Pouches-6-100x100.webp 100w\" sizes=\"(max-width: 640px) 100vw, 640px\" \/><\/figure>\n<\/div>\n<\/div>\n<\/div>\n<\/div>\n\n\n\n<p><\/p>","protected":false},"excerpt":{"rendered":"<p>Willkommen zum Kauf von Pulververpackungen. Dieser kundenspezifische Beutel zur Aufbewahrung von Milchpulver ist mit einer leicht zu \u00f6ffnenden Kerbe versehen, und das unregelm\u00e4\u00dfige Gesamtdesign ist einzigartig und leicht zu tragen. Unterst\u00fctzt volle Anpassung.<\/p>\n<table style=\"border-collapse: collapse; width: 312.77pt;\" border=\"0\" width=\"417\" cellspacing=\"0\" cellpadding=\"0\">\n<tbody>\n<tr style=\"height: 12.75pt;\">\n<td class=\"et2\" style=\"height: 12.75pt; width: 91.40pt;\" width=\"121\" height=\"17\">Hersteller<\/td>\n<td class=\"et2\" style=\"width: 222.00pt;\" width=\"296\">Stanley<\/td>\n<\/tr>\n<tr style=\"height: 12.75pt;\">\n<td class=\"et2\" style=\"height: 12.75pt; width: 91.40pt;\" width=\"121\" height=\"17\">Arten von Beuteln<\/td>\n<td class=\"et3\">Unregelm\u00e4\u00dfiger Beutel, Stehbeutel, Rei\u00dfverschluss-Beutel<\/td>\n<\/tr>\n<tr style=\"height: 12.75pt;\">\n<td class=\"et2\" style=\"height: 12.75pt; width: 91.40pt;\" width=\"121\" height=\"17\">Material<\/td>\n<td class=\"et2\" style=\"width: 222.00pt;\" width=\"296\">PET12 \/ Geruchsarmes PE70<\/td>\n<\/tr>\n<tr style=\"height: 12.75pt;\">\n<td class=\"et2\" style=\"height: 12.75pt; width: 91.40pt;\" width=\"121\" height=\"17\">Besonderes Merkmal<\/td>\n<td class=\"et2\" style=\"width: 222.00pt;\" width=\"296\"><span class=\"font0\">Unregelm\u00e4\u00dfige Form, Easy-tear Notch<\/span><\/td>\n<\/tr>\n<tr style=\"height: 12.75pt;\">\n<td class=\"et2\" style=\"height: 12.75pt; width: 91.40pt;\" width=\"121\" height=\"17\">Handhabung der Oberfl\u00e4che<\/td>\n<td class=\"et2\" style=\"width: 222.00pt;\" width=\"296\">Tiefdruck<\/td>\n<\/tr>\n<tr style=\"height: 12.75pt;\">\n<td class=\"et2\" style=\"height: 12.75pt; width: 91.40pt;\" width=\"121\" height=\"17\">Farbe<\/td>\n<td class=\"et2\" style=\"width: 222.00pt;\" width=\"296\">Bis zu 10 Farben<\/td>\n<\/tr>\n<tr style=\"height: 12.75pt;\">\n<td class=\"et2\" style=\"height: 12.75pt; width: 91.40pt;\" width=\"121\" height=\"17\">Verwendung<\/td>\n<td class=\"et3\">Mike Powder, Soid Drink Powder<\/td>\n<\/tr>\n<tr style=\"height: 12.75pt;\">\n<td class=\"et2\" style=\"height: 12.75pt; width: 91.40pt;\" width=\"121\" height=\"17\">MOQ<\/td>\n<td class=\"et2\" style=\"width: 222.00pt;\" width=\"296\">50.000 St\u00fcck<\/td>\n<\/tr>\n<tr style=\"height: 12.75pt;\">\n<td class=\"et2\" style=\"height: 12.75pt; width: 91.40pt;\" width=\"121\" height=\"17\">Individuelle Bestellung<\/td>\n<td class=\"et2\" style=\"width: 222.00pt;\" width=\"296\">Akzeptieren Sie OEM, unterst\u00fctzen Sie die kostenlose Probe<\/td>\n<\/tr>\n<\/tbody>\n<\/table>\n<p>&nbsp;<\/p>","protected":false},"featured_media":2791,"comment_status":"closed","ping_status":"closed","template":"","meta":{"_acf_changed":false},"product_brand":[],"product_cat":[30,22,18],"product_tag":[],"class_list":{"0":"post-2785","1":"product","2":"type-product","3":"status-publish","4":"has-post-thumbnail","6":"product_cat-stand-up-pouch-manufacturer","7":"product_cat-shaped-pouches-factory","8":"product_cat-zipper-pouch-manufacturer","9":"pa_food-packaging-food-powder-packaging","10":"pa_food-packaging-baby-food-packaging","11":"pa_food-packaging-ready-meal-pouch","13":"first","14":"instock","15":"shipping-taxable","16":"product-type-simple"},"acf":[],"_links":{"self":[{"href":"https:\/\/www.stanleypackage.com\/de\/wp-json\/wp\/v2\/product\/2785","targetHints":{"allow":["GET"]}}],"collection":[{"href":"https:\/\/www.stanleypackage.com\/de\/wp-json\/wp\/v2\/product"}],"about":[{"href":"https:\/\/www.stanleypackage.com\/de\/wp-json\/wp\/v2\/types\/product"}],"replies":[{"embeddable":true,"href":"https:\/\/www.stanleypackage.com\/de\/wp-json\/wp\/v2\/comments?post=2785"}],"wp:featuredmedia":[{"embeddable":true,"href":"https:\/\/www.stanleypackage.com\/de\/wp-json\/wp\/v2\/media\/2791"}],"wp:attachment":[{"href":"https:\/\/www.stanleypackage.com\/de\/wp-json\/wp\/v2\/media?parent=2785"}],"wp:term":[{"taxonomy":"product_brand","embeddable":true,"href":"https:\/\/www.stanleypackage.com\/de\/wp-json\/wp\/v2\/product_brand?post=2785"},{"taxonomy":"product_cat","embeddable":true,"href":"https:\/\/www.stanleypackage.com\/de\/wp-json\/wp\/v2\/product_cat?post=2785"},{"taxonomy":"product_tag","embeddable":true,"href":"https:\/\/www.stanleypackage.com\/de\/wp-json\/wp\/v2\/product_tag?post=2785"}],"curies":[{"name":"wp","href":"https:\/\/api.w.org\/{rel}","templated":true}]}}