{"id":2813,"date":"2025-08-27T07:29:10","date_gmt":"2025-08-27T07:29:10","guid":{"rendered":"https:\/\/www.stanleypackage.com\/?post_type=product&#038;p=2813"},"modified":"2025-08-27T07:29:17","modified_gmt":"2025-08-27T07:29:17","slug":"wholesale-fresh-fruit-bags","status":"publish","type":"product","link":"https:\/\/www.stanleypackage.com\/de\/product\/wholesale-fresh-fruit-bags\/","title":{"rendered":"Gro\u00dfhandel frisches Obst Taschen, benutzerdefinierte Druck bel\u00fcftet produzieren Taschen"},"content":{"rendered":"<div class=\"wp-block-columns is-layout-flex wp-container-core-columns-is-layout-9d6595d7 wp-block-columns-is-layout-flex\">\n<div class=\"wp-block-column is-layout-flow wp-block-column-is-layout-flow\">\n<h2 class=\"wp-block-heading\">Merkmale der Gro\u00dfhandel frisches Obst Taschen<\/h2>\n\n\n\n<ul class=\"wp-block-list\">\n<li><strong>Hochwertiger Verbundwerkstoff: <\/strong>Unsere Gro\u00dfhandelst\u00fcten f\u00fcr frisches Obst bestehen aus einer PET12\/CPP45-Konstruktion, die eine ausgezeichnete Festigkeit und Z\u00e4higkeit bietet. Dadurch sind die T\u00fcten widerstandsf\u00e4hig gegen Besch\u00e4digungen und eignen sich f\u00fcr den Transport einer Vielzahl von frischem Obst.<\/li>\n\n\n\n<li><strong>Bel\u00fcftungsl\u00f6cher: <\/strong>Diese individuell bedruckten, bel\u00fcfteten Produktbeutel verf\u00fcgen \u00fcber Bel\u00fcftungsl\u00f6cher, um die Atmungsaktivit\u00e4t zu erhalten, die Frische zu verl\u00e4ngern und die Haltbarkeit zu erh\u00f6hen.<\/li>\n\n\n\n<li><strong>Leicht zu \u00f6ffnen und zu schlie\u00dfen:<\/strong> Unsere Gro\u00dfhandelstaschen f\u00fcr frisches Obst sind mit einem Schieberei\u00dfverschluss und Griffl\u00f6chern ausgestattet, so dass sie sich leicht \u00f6ffnen, schlie\u00dfen und tragen lassen, was das Einkaufserlebnis verbessert.<\/li>\n\n\n\n<li><strong>Hochwertiger individueller Druck:<\/strong> Unsere individuellen bel\u00fcfteten Produktbeutel k\u00f6nnen in bis zu 10 Farben individuell bedruckt werden. Der lebendige, klare Druck bringt Ihr Markenlogo und -design perfekt zur Geltung und hilft Einzelh\u00e4ndlern, den Wiedererkennungswert ihrer Marke zu steigern.<\/li>\n\n\n\n<li><strong>Breite Palette von Anwendungsszenarien:<\/strong> Unsere Gro\u00dfhandelst\u00fcten f\u00fcr frisches Obst sind f\u00fcr Superm\u00e4rkte, Obst- und Gem\u00fcsel\u00e4den, Gro\u00dfm\u00e4rkte und andere Szenarien geeignet. Sie erf\u00fcllen die Anforderungen des Einzelhandels und eignen sich f\u00fcr die Belieferung in gro\u00dfem Umfang, wobei sowohl die Praktikabilit\u00e4t als auch der Werbewert ber\u00fccksichtigt werden.<\/li>\n<\/ul>\n\n\n\n<div class=\"wp-block-columns is-layout-flex wp-container-core-columns-is-layout-9d6595d7 wp-block-columns-is-layout-flex\">\n<div class=\"wp-block-column is-layout-flow wp-block-column-is-layout-flow\">\n<figure class=\"wp-block-image size-full\"><img decoding=\"async\" width=\"640\" height=\"640\" src=\"https:\/\/www.stanleypackage.com\/wp-content\/uploads\/2025\/08\/Custom-Fruit-Packaging-Bag-Wholesale-Stand-Up-Zipper-Pouch-2.jpg\" alt=\"\" class=\"wp-image-2814\" srcset=\"https:\/\/www.stanleypackage.com\/wp-content\/uploads\/2025\/08\/Custom-Fruit-Packaging-Bag-Wholesale-Stand-Up-Zipper-Pouch-2.jpg 640w, https:\/\/www.stanleypackage.com\/wp-content\/uploads\/2025\/08\/Custom-Fruit-Packaging-Bag-Wholesale-Stand-Up-Zipper-Pouch-2-300x300.jpg 300w, https:\/\/www.stanleypackage.com\/wp-content\/uploads\/2025\/08\/Custom-Fruit-Packaging-Bag-Wholesale-Stand-Up-Zipper-Pouch-2-150x150.jpg 150w, https:\/\/www.stanleypackage.com\/wp-content\/uploads\/2025\/08\/Custom-Fruit-Packaging-Bag-Wholesale-Stand-Up-Zipper-Pouch-2-12x12.jpg 12w, https:\/\/www.stanleypackage.com\/wp-content\/uploads\/2025\/08\/Custom-Fruit-Packaging-Bag-Wholesale-Stand-Up-Zipper-Pouch-2-600x600.jpg 600w, https:\/\/www.stanleypackage.com\/wp-content\/uploads\/2025\/08\/Custom-Fruit-Packaging-Bag-Wholesale-Stand-Up-Zipper-Pouch-2-100x100.jpg 100w\" sizes=\"(max-width: 640px) 100vw, 640px\" \/><\/figure>\n<\/div>\n\n\n\n<div class=\"wp-block-column is-layout-flow wp-block-column-is-layout-flow\">\n<figure class=\"wp-block-image size-full\"><img decoding=\"async\" width=\"640\" height=\"640\" src=\"https:\/\/www.stanleypackage.com\/wp-content\/uploads\/2025\/08\/Custom-Fruit-Packaging-Bag-Wholesale-Stand-Up-Zipper-Pouch-6.jpg\" alt=\"\" class=\"wp-image-2815\" srcset=\"https:\/\/www.stanleypackage.com\/wp-content\/uploads\/2025\/08\/Custom-Fruit-Packaging-Bag-Wholesale-Stand-Up-Zipper-Pouch-6.jpg 640w, https:\/\/www.stanleypackage.com\/wp-content\/uploads\/2025\/08\/Custom-Fruit-Packaging-Bag-Wholesale-Stand-Up-Zipper-Pouch-6-300x300.jpg 300w, https:\/\/www.stanleypackage.com\/wp-content\/uploads\/2025\/08\/Custom-Fruit-Packaging-Bag-Wholesale-Stand-Up-Zipper-Pouch-6-150x150.jpg 150w, https:\/\/www.stanleypackage.com\/wp-content\/uploads\/2025\/08\/Custom-Fruit-Packaging-Bag-Wholesale-Stand-Up-Zipper-Pouch-6-12x12.jpg 12w, https:\/\/www.stanleypackage.com\/wp-content\/uploads\/2025\/08\/Custom-Fruit-Packaging-Bag-Wholesale-Stand-Up-Zipper-Pouch-6-600x600.jpg 600w, https:\/\/www.stanleypackage.com\/wp-content\/uploads\/2025\/08\/Custom-Fruit-Packaging-Bag-Wholesale-Stand-Up-Zipper-Pouch-6-100x100.jpg 100w\" sizes=\"(max-width: 640px) 100vw, 640px\" \/><\/figure>\n<\/div>\n<\/div>\n<\/div>\n<\/div>","protected":false},"excerpt":{"rendered":"<p>Willkommen bei der Bestellung von individuell bedruckten bel\u00fcfteten Obstbeuteln. Unsere Gro\u00dfhandelsbeutel f\u00fcr frisches Obst sind langlebig und verf\u00fcgen \u00fcber Bel\u00fcftungsl\u00f6cher, einen Schieberei\u00dfverschluss und Griffl\u00f6cher f\u00fcr eine einfache Handhabung. Sie k\u00f6nnen in bis zu 10 Farben individuell bedruckt werden und sind somit ideal f\u00fcr den Gro\u00dfhandel und Superm\u00e4rkte geeignet.<\/p>\n<table style=\"border-collapse: collapse; width: 327.77pt;\" border=\"0\" width=\"437\" cellspacing=\"0\" cellpadding=\"0\">\n<tbody>\n<tr style=\"height: 12.75pt;\">\n<td class=\"et2\" style=\"height: 12.75pt; width: 91.40pt;\" width=\"121\" height=\"17\">Hersteller<\/td>\n<td class=\"et2\" style=\"width: 237.00pt;\" width=\"316\">Stanley<\/td>\n<\/tr>\n<tr style=\"height: 12.75pt;\">\n<td class=\"et2\" style=\"height: 12.75pt; width: 91.40pt;\" width=\"121\" height=\"17\">Arten von Beuteln<\/td>\n<td class=\"et3\">Bel\u00fcftete Produktbeutel, Zipper Pouch<\/td>\n<\/tr>\n<tr style=\"height: 12.75pt;\">\n<td class=\"et2\" style=\"height: 12.75pt; width: 91.40pt;\" width=\"121\" height=\"17\">Material<\/td>\n<td class=\"et2\" style=\"width: 237.00pt;\" width=\"316\">PET12\/CPP45<\/td>\n<\/tr>\n<tr style=\"height: 12.75pt;\">\n<td class=\"et2\" style=\"height: 12.75pt; width: 91.40pt;\" width=\"121\" height=\"17\">Besonderes Merkmal<\/td>\n<td class=\"et2\" style=\"width: 237.00pt;\" width=\"316\">Slieder-Rei\u00dfverschluss, Griffloch, L\u00fcftungsl\u00f6cher<\/td>\n<\/tr>\n<tr style=\"height: 12.75pt;\">\n<td class=\"et2\" style=\"height: 12.75pt; width: 91.40pt;\" width=\"121\" height=\"17\">Handhabung der Oberfl\u00e4che<\/td>\n<td class=\"et2\" style=\"width: 237.00pt;\" width=\"316\">Tiefdruck<\/td>\n<\/tr>\n<tr style=\"height: 12.75pt;\">\n<td class=\"et2\" style=\"height: 12.75pt; width: 91.40pt;\" width=\"121\" height=\"17\">Farbe<\/td>\n<td class=\"et2\" style=\"width: 237.00pt;\" width=\"316\">Bis zu 10 Farben<\/td>\n<\/tr>\n<tr style=\"height: 12.75pt;\">\n<td class=\"et2\" style=\"height: 12.75pt; width: 91.40pt;\" width=\"121\" height=\"17\">Verwendung<\/td>\n<td class=\"et3\">Frisches Obst und Gem\u00fcse<\/td>\n<\/tr>\n<tr style=\"height: 12.75pt;\">\n<td class=\"et2\" style=\"height: 12.75pt; width: 91.40pt;\" width=\"121\" height=\"17\">MOQ<\/td>\n<td class=\"et2\" style=\"width: 237.00pt;\" width=\"316\">50.000 St\u00fcck<\/td>\n<\/tr>\n<tr style=\"height: 12.75pt;\">\n<td class=\"et2\" style=\"height: 12.75pt; width: 91.40pt;\" width=\"121\" height=\"17\">Individuelle Bestellung<\/td>\n<td class=\"et2\" style=\"width: 237.00pt;\" width=\"316\">Akzeptieren Sie OEM, unterst\u00fctzen Sie die kostenlose Probe<\/td>\n<\/tr>\n<\/tbody>\n<\/table>","protected":false},"featured_media":2817,"comment_status":"closed","ping_status":"closed","template":"","meta":{"_acf_changed":false},"product_brand":[],"product_cat":[18,30],"product_tag":[],"class_list":{"0":"post-2813","1":"product","2":"type-product","3":"status-publish","4":"has-post-thumbnail","6":"product_cat-zipper-pouch-manufacturer","7":"product_cat-stand-up-pouch-manufacturer","8":"pa_food-packaging-vented-produce-pouch","10":"first","11":"instock","12":"shipping-taxable","13":"product-type-simple"},"acf":[],"_links":{"self":[{"href":"https:\/\/www.stanleypackage.com\/de\/wp-json\/wp\/v2\/product\/2813","targetHints":{"allow":["GET"]}}],"collection":[{"href":"https:\/\/www.stanleypackage.com\/de\/wp-json\/wp\/v2\/product"}],"about":[{"href":"https:\/\/www.stanleypackage.com\/de\/wp-json\/wp\/v2\/types\/product"}],"replies":[{"embeddable":true,"href":"https:\/\/www.stanleypackage.com\/de\/wp-json\/wp\/v2\/comments?post=2813"}],"wp:featuredmedia":[{"embeddable":true,"href":"https:\/\/www.stanleypackage.com\/de\/wp-json\/wp\/v2\/media\/2817"}],"wp:attachment":[{"href":"https:\/\/www.stanleypackage.com\/de\/wp-json\/wp\/v2\/media?parent=2813"}],"wp:term":[{"taxonomy":"product_brand","embeddable":true,"href":"https:\/\/www.stanleypackage.com\/de\/wp-json\/wp\/v2\/product_brand?post=2813"},{"taxonomy":"product_cat","embeddable":true,"href":"https:\/\/www.stanleypackage.com\/de\/wp-json\/wp\/v2\/product_cat?post=2813"},{"taxonomy":"product_tag","embeddable":true,"href":"https:\/\/www.stanleypackage.com\/de\/wp-json\/wp\/v2\/product_tag?post=2813"}],"curies":[{"name":"wp","href":"https:\/\/api.w.org\/{rel}","templated":true}]}}