{"id":2820,"date":"2025-08-27T07:43:05","date_gmt":"2025-08-27T07:43:05","guid":{"rendered":"https:\/\/www.stanleypackage.com\/?post_type=product&#038;p=2820"},"modified":"2025-08-27T07:43:12","modified_gmt":"2025-08-27T07:43:12","slug":"custom-printed-rollstock","status":"publish","type":"product","link":"https:\/\/www.stanleypackage.com\/de\/product\/custom-printed-rollstock\/","title":{"rendered":"Individuell bedruckte Verpackungsfolie f\u00fcr Handdesinfektionsmittel"},"content":{"rendered":"<div class=\"wp-block-columns is-layout-flex wp-container-core-columns-is-layout-9d6595d7 wp-block-columns-is-layout-flex\">\n<div class=\"wp-block-column is-layout-flow wp-block-column-is-layout-flow\">\n<h2 class=\"wp-block-heading\">Merkmale der individuell bedruckten Rollenware<\/h2>\n\n\n\n<ul class=\"wp-block-list\">\n<li><strong>Effiziente Folienverpackung von der Rolle, geeignet f\u00fcr automatisierte Produktionslinien: <\/strong>Diese individuell bedruckte Verpackungsfolie von der Rolle eignet sich f\u00fcr automatische Hochgeschwindigkeits-Verpackungsanlagen, verbessert die Produktionseffizienz und spart Arbeits- und Zeitkosten.<\/li>\n\n\n\n<li><strong>Unterst\u00fctzung der Markenanpassung zur Erf\u00fcllung unterschiedlicher Verpackungsanforderungen:<\/strong> Unterst\u00fctzen Sie kundenspezifische Handdesinfektionsmittel-Verpackungsfolien mit Druck, Mustern und Kapazit\u00e4ten, um die einzigartigen Verpackungsanforderungen diverser Branchen zu erf\u00fcllen, z. B. Chemikalien des t\u00e4glichen Bedarfs, Kosmetika und K\u00f6rperpflegemittel.<\/li>\n\n\n\n<li><strong>Einseitig hei\u00dfversiegelte Struktur, starke Versiegelung: <\/strong>Das hei\u00dfsiegelf\u00e4hige Design einer Seite unserer individuell bedruckten Rollenware sorgt daf\u00fcr, dass die Verpackung fest sitzt, verhindert, dass das Produkt feucht wird und sich verschlechtert, und gew\u00e4hrleistet die Sicherheit bei Lagerung und Transport.<\/li>\n\n\n\n<li><strong>Unterst\u00fctzt eine Vielzahl von Oberfl\u00e4chenprozessen zur Verbesserung visueller Effekte: <\/strong>Unsere kundenspezifischen Handdesinfektionsmittel-Verpackungsfolien k\u00f6nnen mit speziellen Druckverfahren wie matt, gl\u00e4nzend, UV-Licht usw. bedruckt werden, um die Verpackungsschichtung und den Wiedererkennungswert der Marke zu verbessern.<\/li>\n\n\n\n<li><strong>Geeignet f\u00fcr eine Vielzahl von Produkten: <\/strong>Unsere individuell bedruckte Verpackungsfolie von der Rolle kann mit Druckmustern und Spezifikationen entsprechend den Kundenanforderungen angepasst werden und eignet sich f\u00fcr Produkte unterschiedlicher Gr\u00f6\u00dfe und Form.<\/li>\n<\/ul>\n\n\n\n<div class=\"wp-block-columns is-layout-flex wp-container-core-columns-is-layout-9d6595d7 wp-block-columns-is-layout-flex\">\n<div class=\"wp-block-column is-layout-flow wp-block-column-is-layout-flow\">\n<figure class=\"wp-block-image size-full\"><img decoding=\"async\" width=\"634\" height=\"627\" src=\"https:\/\/www.stanleypackage.com\/wp-content\/uploads\/2025\/08\/Custom-Packaging-Film-Wholesale-Hand-Sanitizer-Roll-Film.webp\" alt=\"\" class=\"wp-image-2821\" srcset=\"https:\/\/www.stanleypackage.com\/wp-content\/uploads\/2025\/08\/Custom-Packaging-Film-Wholesale-Hand-Sanitizer-Roll-Film.webp 634w, https:\/\/www.stanleypackage.com\/wp-content\/uploads\/2025\/08\/Custom-Packaging-Film-Wholesale-Hand-Sanitizer-Roll-Film-300x297.webp 300w, https:\/\/www.stanleypackage.com\/wp-content\/uploads\/2025\/08\/Custom-Packaging-Film-Wholesale-Hand-Sanitizer-Roll-Film-12x12.webp 12w, https:\/\/www.stanleypackage.com\/wp-content\/uploads\/2025\/08\/Custom-Packaging-Film-Wholesale-Hand-Sanitizer-Roll-Film-600x593.webp 600w, https:\/\/www.stanleypackage.com\/wp-content\/uploads\/2025\/08\/Custom-Packaging-Film-Wholesale-Hand-Sanitizer-Roll-Film-100x100.webp 100w\" sizes=\"(max-width: 634px) 100vw, 634px\" \/><\/figure>\n<\/div>\n\n\n\n<div class=\"wp-block-column is-layout-flow wp-block-column-is-layout-flow\">\n<figure class=\"wp-block-image size-full\"><img decoding=\"async\" width=\"700\" height=\"700\" src=\"https:\/\/www.stanleypackage.com\/wp-content\/uploads\/2025\/08\/Custom-Packaging-Film-Wholesale-Hand-Sanitizer-Roll-Film-3.webp\" alt=\"\" class=\"wp-image-2822\" srcset=\"https:\/\/www.stanleypackage.com\/wp-content\/uploads\/2025\/08\/Custom-Packaging-Film-Wholesale-Hand-Sanitizer-Roll-Film-3.webp 700w, https:\/\/www.stanleypackage.com\/wp-content\/uploads\/2025\/08\/Custom-Packaging-Film-Wholesale-Hand-Sanitizer-Roll-Film-3-300x300.webp 300w, https:\/\/www.stanleypackage.com\/wp-content\/uploads\/2025\/08\/Custom-Packaging-Film-Wholesale-Hand-Sanitizer-Roll-Film-3-150x150.webp 150w, https:\/\/www.stanleypackage.com\/wp-content\/uploads\/2025\/08\/Custom-Packaging-Film-Wholesale-Hand-Sanitizer-Roll-Film-3-12x12.webp 12w, https:\/\/www.stanleypackage.com\/wp-content\/uploads\/2025\/08\/Custom-Packaging-Film-Wholesale-Hand-Sanitizer-Roll-Film-3-600x600.webp 600w, https:\/\/www.stanleypackage.com\/wp-content\/uploads\/2025\/08\/Custom-Packaging-Film-Wholesale-Hand-Sanitizer-Roll-Film-3-100x100.webp 100w\" sizes=\"(max-width: 700px) 100vw, 700px\" \/><\/figure>\n<\/div>\n<\/div>\n<\/div>\n<\/div>","protected":false},"excerpt":{"rendered":"<p>Willkommen bei der Bestellung von individuell bedruckten Rollenware. Diese benutzerdefinierte Handdesinfektionsmittel-Verpackungsfolie unterst\u00fctzt die Anpassung an die Marke, um verschiedene Verpackungsanforderungen zu erf\u00fcllen. Unterst\u00fctzt eine Vielzahl von Spezialeffekten wie matt, gl\u00e4nzend, UV, etc.<\/p>\n<table style=\"border-collapse: collapse; width: 327.77pt;\" border=\"0\" width=\"437\" cellspacing=\"0\" cellpadding=\"0\">\n<tbody>\n<tr style=\"height: 12.75pt;\">\n<td class=\"et2\" style=\"height: 12.75pt; width: 91.40pt;\" width=\"121\" height=\"17\">Hersteller<\/td>\n<td class=\"et2\" style=\"width: 237.00pt;\" width=\"316\">Stanley<\/td>\n<\/tr>\n<tr style=\"height: 12.75pt;\">\n<td class=\"et2\" style=\"height: 12.75pt; width: 91.40pt;\" width=\"121\" height=\"17\">Arten von Beuteln<\/td>\n<td class=\"et3\">Verpackungsfolie<\/td>\n<\/tr>\n<tr style=\"height: 12.75pt;\">\n<td class=\"et2\" style=\"height: 12.75pt; width: 91.40pt;\" width=\"121\" height=\"17\">Material\u00a0 \u00a0 \u00a0 \u00a0 \u00a0 \u00a0 \u00a0 \u00a0<\/td>\n<td class=\"et2\" style=\"width: 237.00pt;\" width=\"316\">PET12\/AL7\/PE85<\/td>\n<\/tr>\n<tr style=\"height: 12.75pt;\">\n<td class=\"et2\" style=\"height: 12.75pt; width: 91.40pt;\" width=\"121\" height=\"17\">Besonderes Merkmal<\/td>\n<td class=\"et2\" style=\"width: 237.00pt;\" width=\"316\">Automatische Verpackung<\/td>\n<\/tr>\n<tr style=\"height: 12.75pt;\">\n<td class=\"et2\" style=\"height: 12.75pt; width: 91.40pt;\" width=\"121\" height=\"17\">Handhabung der Oberfl\u00e4che<\/td>\n<td class=\"et2\" style=\"width: 237.00pt;\" width=\"316\">Tiefdruck<\/td>\n<\/tr>\n<tr style=\"height: 12.75pt;\">\n<td class=\"et2\" style=\"height: 12.75pt; width: 91.40pt;\" width=\"121\" height=\"17\">Farbe<\/td>\n<td class=\"et2\" style=\"width: 237.00pt;\" width=\"316\">Bis zu 10 Farben<\/td>\n<\/tr>\n<tr style=\"height: 12.75pt;\">\n<td class=\"et2\" style=\"height: 12.75pt; width: 91.40pt;\" width=\"121\" height=\"17\">Verwendung<\/td>\n<td class=\"et3\">Handdesinfektionsmittel, Feuchtt\u00fccher, Make-up-Entferner<\/td>\n<\/tr>\n<tr style=\"height: 12.75pt;\">\n<td class=\"et2\" style=\"height: 12.75pt; width: 91.40pt;\" width=\"121\" height=\"17\">MOQ<\/td>\n<td class=\"et2\" style=\"width: 237.00pt;\" width=\"316\">50.000 St\u00fcck<\/td>\n<\/tr>\n<tr style=\"height: 12.75pt;\">\n<td class=\"et2\" style=\"height: 12.75pt; width: 91.40pt;\" width=\"121\" height=\"17\">Individuelle Bestellung<\/td>\n<td class=\"et2\" style=\"width: 237.00pt;\" width=\"316\">Akzeptieren Sie OEM, unterst\u00fctzen Sie freie Probe<\/td>\n<\/tr>\n<\/tbody>\n<\/table>\n<p>&nbsp;<\/p>","protected":false},"featured_media":2823,"comment_status":"closed","ping_status":"closed","template":"","meta":{"_acf_changed":false},"product_brand":[],"product_cat":[26],"product_tag":[],"class_list":{"0":"post-2820","1":"product","2":"type-product","3":"status-publish","4":"has-post-thumbnail","6":"product_cat-packaging-film-manufacturer","7":"pa_non-food-packaging-cosmetic-packaging-pouches","8":"pa_non-food-packaging-soap-detergent-pouches","9":"pa_non-food-packaging-hotel-supplies-packaging","11":"first","12":"instock","13":"shipping-taxable","14":"product-type-simple"},"acf":[],"_links":{"self":[{"href":"https:\/\/www.stanleypackage.com\/de\/wp-json\/wp\/v2\/product\/2820","targetHints":{"allow":["GET"]}}],"collection":[{"href":"https:\/\/www.stanleypackage.com\/de\/wp-json\/wp\/v2\/product"}],"about":[{"href":"https:\/\/www.stanleypackage.com\/de\/wp-json\/wp\/v2\/types\/product"}],"replies":[{"embeddable":true,"href":"https:\/\/www.stanleypackage.com\/de\/wp-json\/wp\/v2\/comments?post=2820"}],"wp:featuredmedia":[{"embeddable":true,"href":"https:\/\/www.stanleypackage.com\/de\/wp-json\/wp\/v2\/media\/2823"}],"wp:attachment":[{"href":"https:\/\/www.stanleypackage.com\/de\/wp-json\/wp\/v2\/media?parent=2820"}],"wp:term":[{"taxonomy":"product_brand","embeddable":true,"href":"https:\/\/www.stanleypackage.com\/de\/wp-json\/wp\/v2\/product_brand?post=2820"},{"taxonomy":"product_cat","embeddable":true,"href":"https:\/\/www.stanleypackage.com\/de\/wp-json\/wp\/v2\/product_cat?post=2820"},{"taxonomy":"product_tag","embeddable":true,"href":"https:\/\/www.stanleypackage.com\/de\/wp-json\/wp\/v2\/product_tag?post=2820"}],"curies":[{"name":"wp","href":"https:\/\/api.w.org\/{rel}","templated":true}]}}