{"id":2825,"date":"2025-09-09T06:58:43","date_gmt":"2025-09-09T06:58:43","guid":{"rendered":"https:\/\/www.stanleypackage.com\/?post_type=product&#038;p=2825"},"modified":"2025-09-09T06:59:11","modified_gmt":"2025-09-09T06:59:11","slug":"standing-pouch-wholesale","status":"publish","type":"product","link":"https:\/\/www.stanleypackage.com\/de\/product\/standing-pouch-wholesale\/","title":{"rendered":"Bodenfalte Stehbeutel Gro\u00dfhandel f\u00fcr Fertiggerichte"},"content":{"rendered":"<div class=\"wp-block-columns is-layout-flex wp-container-core-columns-is-layout-9d6595d7 wp-block-columns-is-layout-flex\">\n<div class=\"wp-block-column is-layout-flow wp-block-column-is-layout-flow\">\n<h2 class=\"wp-block-heading\">Eigenschaften von Standing Pouch Gro\u00dfhandel<\/h2>\n\n\n\n<ul class=\"wp-block-list\">\n<li><strong>Dreiseitiges Dichtungsdesign, kompakte Struktur:<\/strong> Dieser kundenspezifische Beutel f\u00fcr Lebensmittelverpackungen ist ein dreiseitig versiegelter, flacher und einfacher Beutel, der weniger Platz ben\u00f6tigt und sich bequem stapeln und in Chargen transportieren l\u00e4sst.<\/li>\n\n\n\n<li><strong>Bodenf\u00fcllung, fester Verschluss: <\/strong>Dieser kundenspezifische Stehbeutel kann an automatische oder manuelle Produktionslinien angepasst werden, mit einer stabilen Dichtung, die nicht leicht ausl\u00e4uft und die Integrit\u00e4t der Verpackung gew\u00e4hrleistet.<\/li>\n\n\n\n<li><strong>Leicht aufrei\u00dfbar, einfach zu \u00f6ffnen: <\/strong>Unsere kundenspezifischen Stehbeutel im Gro\u00dfhandel sind mit einer einfachen Aufrei\u00dfkerbe versehen, die sich ohne Schere leicht \u00f6ffnen l\u00e4sst, was die Benutzerfreundlichkeit verbessert.<\/li>\n\n\n\n<li><strong>H\u00e4ngeloch-Design, flexible Anzeige:<\/strong> Es gibt ein Hakenloch auf unserem Gro\u00dfhandel Lebensmittelverpackung Beutel, geeignet f\u00fcr Regal Haken Display in Supermarktregalen, um das Produkt in einer exponierten Position zu pr\u00e4sentieren.<\/li>\n\n\n\n<li><strong>Struktur aus Verbundmaterial, feuchtigkeitsbest\u00e4ndig und frischhaltend:<\/strong> Diese benutzerdefinierte stehenden Beutel Gro\u00dfhandel ist von MOPP20 \/ White Kraft Paper 50g \/ MBPE60 Verbundwerkstoff, der gute Sauerstoff und Feuchtigkeit Barrierewirkung hat, die Verl\u00e4ngerung der Haltbarkeit von Snacks gemacht.<\/li>\n\n\n\n<li><strong>Umweltfreundlich und recycelbar, im Einklang mit nachhaltigen Trends:<\/strong> Diese Gro\u00dfhandelsverpackungen f\u00fcr Lebensmittel werden aus Kraftpapier hergestellt, das biologisch abbaubar und leicht zu recyceln ist, und entsprechen der Marktnachfrage nach gr\u00fcnem Umweltschutz und nachhaltiger Entwicklung.<\/li>\n<\/ul>\n\n\n\n<div class=\"wp-block-columns is-layout-flex wp-container-core-columns-is-layout-9d6595d7 wp-block-columns-is-layout-flex\">\n<div class=\"wp-block-column is-layout-flow wp-block-column-is-layout-flow\">\n<figure class=\"wp-block-image size-full\"><img decoding=\"async\" width=\"750\" height=\"750\" src=\"https:\/\/www.stanleypackage.com\/wp-content\/uploads\/2025\/08\/Custom-Snack-3-Side-Seal-Stand-Up-Pouch-Wholesale-Recyclable-Packaging-Bag-2.jpg\" alt=\"\" class=\"wp-image-2828\" srcset=\"https:\/\/www.stanleypackage.com\/wp-content\/uploads\/2025\/08\/Custom-Snack-3-Side-Seal-Stand-Up-Pouch-Wholesale-Recyclable-Packaging-Bag-2.jpg 750w, https:\/\/www.stanleypackage.com\/wp-content\/uploads\/2025\/08\/Custom-Snack-3-Side-Seal-Stand-Up-Pouch-Wholesale-Recyclable-Packaging-Bag-2-300x300.jpg 300w, https:\/\/www.stanleypackage.com\/wp-content\/uploads\/2025\/08\/Custom-Snack-3-Side-Seal-Stand-Up-Pouch-Wholesale-Recyclable-Packaging-Bag-2-150x150.jpg 150w, https:\/\/www.stanleypackage.com\/wp-content\/uploads\/2025\/08\/Custom-Snack-3-Side-Seal-Stand-Up-Pouch-Wholesale-Recyclable-Packaging-Bag-2-12x12.jpg 12w, https:\/\/www.stanleypackage.com\/wp-content\/uploads\/2025\/08\/Custom-Snack-3-Side-Seal-Stand-Up-Pouch-Wholesale-Recyclable-Packaging-Bag-2-600x600.jpg 600w, https:\/\/www.stanleypackage.com\/wp-content\/uploads\/2025\/08\/Custom-Snack-3-Side-Seal-Stand-Up-Pouch-Wholesale-Recyclable-Packaging-Bag-2-100x100.jpg 100w\" sizes=\"(max-width: 750px) 100vw, 750px\" \/><\/figure>\n<\/div>\n\n\n\n<div class=\"wp-block-column is-layout-flow wp-block-column-is-layout-flow\">\n<figure class=\"wp-block-image size-full\"><img decoding=\"async\" width=\"750\" height=\"750\" src=\"https:\/\/www.stanleypackage.com\/wp-content\/uploads\/2025\/08\/Custom-Snack-3-Side-Seal-Stand-Up-Pouch-Wholesale-Recyclable-Packaging-Bag-4.jpg\" alt=\"\" class=\"wp-image-2827\" srcset=\"https:\/\/www.stanleypackage.com\/wp-content\/uploads\/2025\/08\/Custom-Snack-3-Side-Seal-Stand-Up-Pouch-Wholesale-Recyclable-Packaging-Bag-4.jpg 750w, https:\/\/www.stanleypackage.com\/wp-content\/uploads\/2025\/08\/Custom-Snack-3-Side-Seal-Stand-Up-Pouch-Wholesale-Recyclable-Packaging-Bag-4-300x300.jpg 300w, https:\/\/www.stanleypackage.com\/wp-content\/uploads\/2025\/08\/Custom-Snack-3-Side-Seal-Stand-Up-Pouch-Wholesale-Recyclable-Packaging-Bag-4-150x150.jpg 150w, https:\/\/www.stanleypackage.com\/wp-content\/uploads\/2025\/08\/Custom-Snack-3-Side-Seal-Stand-Up-Pouch-Wholesale-Recyclable-Packaging-Bag-4-12x12.jpg 12w, https:\/\/www.stanleypackage.com\/wp-content\/uploads\/2025\/08\/Custom-Snack-3-Side-Seal-Stand-Up-Pouch-Wholesale-Recyclable-Packaging-Bag-4-600x600.jpg 600w, https:\/\/www.stanleypackage.com\/wp-content\/uploads\/2025\/08\/Custom-Snack-3-Side-Seal-Stand-Up-Pouch-Wholesale-Recyclable-Packaging-Bag-4-100x100.jpg 100w\" sizes=\"(max-width: 750px) 100vw, 750px\" \/><\/figure>\n<\/div>\n<\/div>\n<\/div>\n<\/div>\n\n\n\n<p><\/p>","protected":false},"excerpt":{"rendered":"<p>Willkommen bei benutzerdefinierten Lebensmittelverpackungen Beutel. Unsere Fertiggerichte stehen Beutel Gro\u00dfhandel ist aus Kraftpapier hergestellt und ist biologisch abbaubar und leicht zu recyceln. Es hat gro\u00dfe Barriereleistung und Abdichtung, unterst\u00fctzt beidseitigen Druck, geeignet f\u00fcr Snacks wie Kekse, S\u00fc\u00dfigkeiten, getrocknete Fr\u00fcchte, Kartoffelchips, etc.<\/p>\n<table style=\"border-collapse: collapse; width: 365.02pt;\" border=\"0\" width=\"365\" cellspacing=\"0\" cellpadding=\"0\">\n<tbody>\n<tr style=\"height: 16.00pt;\">\n<td class=\"et2\" style=\"height: 16.00pt; width: 97.50pt;\" width=\"97\" height=\"16\">Hersteller<\/td>\n<td class=\"et2\" style=\"width: 267.50pt;\" width=\"267\">Stanley<\/td>\n<\/tr>\n<tr style=\"height: 16.00pt;\">\n<td class=\"et2\" style=\"height: 16.00pt; width: 97.50pt;\" width=\"97\" height=\"16\">Arten von Beuteln<\/td>\n<td class=\"et2\" style=\"width: 267.50pt;\" width=\"267\">Stand Up Pouch, Zwickel Pouch<\/td>\n<\/tr>\n<tr style=\"height: 16.00pt;\">\n<td class=\"et2\" style=\"height: 16.00pt; width: 97.50pt;\" width=\"97\" height=\"16\">Material<\/td>\n<td class=\"et2\" style=\"width: 267.50pt;\" width=\"267\">MOPP20\/wei\u00dfes Kraftpapier 50g\/MBPE60<\/td>\n<\/tr>\n<tr style=\"height: 16.00pt;\">\n<td class=\"et2\" style=\"height: 16.00pt; width: 97.50pt;\" width=\"97\" height=\"16\">Besonderes Merkmal<\/td>\n<td class=\"et2\" style=\"width: 267.50pt;\" width=\"267\">Untere F\u00fcllung, Rei\u00dfkerbe, Aufh\u00e4ngeloch<\/td>\n<\/tr>\n<tr style=\"height: 16.00pt;\">\n<td class=\"et2\" style=\"height: 16.00pt; width: 97.50pt;\" width=\"97\" height=\"16\">Handhabung der Oberfl\u00e4che<\/td>\n<td class=\"et2\" style=\"width: 267.50pt;\" width=\"267\">Tiefdruck<\/td>\n<\/tr>\n<tr style=\"height: 16.00pt;\">\n<td class=\"et2\" style=\"height: 16.00pt; width: 97.50pt;\" width=\"97\" height=\"16\">Farbe<\/td>\n<td class=\"et2\" style=\"width: 267.50pt;\" width=\"267\">Doppelseitiger Druck, bis zu 10 Farben<\/td>\n<\/tr>\n<tr style=\"height: 16.00pt;\">\n<td class=\"et2\" style=\"height: 16.00pt; width: 97.50pt;\" width=\"97\" height=\"16\">Verwendung<\/td>\n<td class=\"et2\" style=\"width: 267.50pt;\" width=\"267\">Fertiggerichte, Tiefk\u00fchlkost, Saucen, Snacks<\/td>\n<\/tr>\n<tr style=\"height: 16.00pt;\">\n<td class=\"et2\" style=\"height: 16.00pt; width: 97.50pt;\" width=\"97\" height=\"16\">MOQ<\/td>\n<td class=\"et2\" style=\"width: 267.50pt;\" width=\"267\">50.000 St\u00fcck<\/td>\n<\/tr>\n<tr style=\"height: 16.00pt;\">\n<td class=\"et2\" style=\"height: 16.00pt; width: 97.50pt;\" width=\"97\" height=\"16\">Individuelle Bestellung<\/td>\n<td class=\"et2\" style=\"width: 267.50pt;\" width=\"267\">Akzeptieren Sie OEM, unterst\u00fctzen Sie freie Probe<\/td>\n<\/tr>\n<\/tbody>\n<\/table>","protected":false},"featured_media":2830,"comment_status":"closed","ping_status":"closed","template":"","meta":{"_acf_changed":false},"product_brand":[],"product_cat":[30,17],"product_tag":[],"class_list":{"0":"post-2825","1":"product","2":"type-product","3":"status-publish","4":"has-post-thumbnail","6":"product_cat-stand-up-pouch-manufacturer","7":"product_cat-gusset-bag-manufacturer","8":"pa_food-packaging-snack-food-pouch","9":"pa_food-packaging-ready-meal-pouch","10":"pa_food-packaging-frozen-food-pouch","11":"pa_material-kraft-paper","13":"first","14":"instock","15":"shipping-taxable","16":"product-type-simple"},"acf":[],"_links":{"self":[{"href":"https:\/\/www.stanleypackage.com\/de\/wp-json\/wp\/v2\/product\/2825","targetHints":{"allow":["GET"]}}],"collection":[{"href":"https:\/\/www.stanleypackage.com\/de\/wp-json\/wp\/v2\/product"}],"about":[{"href":"https:\/\/www.stanleypackage.com\/de\/wp-json\/wp\/v2\/types\/product"}],"replies":[{"embeddable":true,"href":"https:\/\/www.stanleypackage.com\/de\/wp-json\/wp\/v2\/comments?post=2825"}],"wp:featuredmedia":[{"embeddable":true,"href":"https:\/\/www.stanleypackage.com\/de\/wp-json\/wp\/v2\/media\/2830"}],"wp:attachment":[{"href":"https:\/\/www.stanleypackage.com\/de\/wp-json\/wp\/v2\/media?parent=2825"}],"wp:term":[{"taxonomy":"product_brand","embeddable":true,"href":"https:\/\/www.stanleypackage.com\/de\/wp-json\/wp\/v2\/product_brand?post=2825"},{"taxonomy":"product_cat","embeddable":true,"href":"https:\/\/www.stanleypackage.com\/de\/wp-json\/wp\/v2\/product_cat?post=2825"},{"taxonomy":"product_tag","embeddable":true,"href":"https:\/\/www.stanleypackage.com\/de\/wp-json\/wp\/v2\/product_tag?post=2825"}],"curies":[{"name":"wp","href":"https:\/\/api.w.org\/{rel}","templated":true}]}}