{"id":2839,"date":"2025-08-27T07:35:27","date_gmt":"2025-08-27T07:35:27","guid":{"rendered":"https:\/\/www.stanleypackage.com\/?post_type=product&#038;p=2839"},"modified":"2025-09-03T09:13:53","modified_gmt":"2025-09-03T09:13:53","slug":"custom-flat-bottom-box-pouch","status":"publish","type":"product","link":"https:\/\/www.stanleypackage.com\/de\/product\/custom-flat-bottom-box-pouch\/","title":{"rendered":"Benutzerdefinierte flachen Boden Box Beutel, Bulk 8-Seiten-Siegel Tasche f\u00fcr Lebensmittel"},"content":{"rendered":"<div class=\"wp-block-columns is-layout-flex wp-container-core-columns-is-layout-9d6595d7 wp-block-columns-is-layout-flex\">\n<div class=\"wp-block-column is-layout-flow wp-block-column-is-layout-flow\">\n<h2 class=\"wp-block-heading\">Merkmale der Custom Flat Bottom Box Pouch<\/h2>\n\n\n\n<ul class=\"wp-block-list\">\n<li><strong>Hochbarrierefrei, lebensmittelecht und sicher:<\/strong> Unsere kundenspezifischen Flachbodenbeutel bestehen aus einer mehrschichtigen Verbundstruktur aus PET12\/VMPET12\/PE110. Die Vorderseite, die R\u00fcckseite und die Seiten sind hinsichtlich Dicke und Flexibilit\u00e4t optimiert und bieten einen hervorragenden Schutz vor Feuchtigkeit, Oxidation und Licht.<\/li>\n\n\n\n<li><strong>Stabile 8-Seiten-Dichtung mit flachem Boden: <\/strong>Diese gro\u00dfvolumigen, 8-seitig versiegelten Lebensmittelbeutel sorgen f\u00fcr einen stabilen Stand im Regal oder auf der Theke und verbessern das Erscheinungsbild des Regals bei gleichzeitiger Maximierung der internen Kapazit\u00e4t.<\/li>\n\n\n\n<li><strong>Vielseitige und bequeme Konstruktion:<\/strong> Unser kundenspezifischer Flachbodenbeutel ist mit einer leicht zu \u00f6ffnenden Kerbe versehen, die es den Verbrauchern erm\u00f6glicht, ihn leicht zu \u00f6ffnen, und das Aufh\u00e4ngeloch erleichtert das Aufh\u00e4ngen zur Pr\u00e4sentation.<\/li>\n\n\n\n<li><strong>Effizientes F\u00fcllen und Versiegeln:<\/strong> Die Bodenbef\u00fcllung dieser kundenspezifischen 8-Seiten-Siegelverpackungen f\u00fcr Lebensmittel macht den Verpackungsprozess effizienter und hygienischer und eignet sich daher besonders f\u00fcr die Gro\u00dfserienproduktion an Flie\u00dfb\u00e4ndern.<\/li>\n\n\n\n<li><strong>Breite Anwendung:<\/strong> Diese kundenspezifischen Flachbodenbeutel eignen sich f\u00fcr die Verpackung einer Vielzahl von Lebensmitteln, darunter Kaffeebohnen, N\u00fcsse, Getreide, Snacks, Tee und Tiernahrung, so dass Marken die Marktanforderungen mehrerer Produktkategorien mit einer einzigen Verpackung erf\u00fcllen k\u00f6nnen.<\/li>\n<\/ul>\n\n\n\n<div class=\"wp-block-columns is-layout-flex wp-container-core-columns-is-layout-9d6595d7 wp-block-columns-is-layout-flex\">\n<div class=\"wp-block-column is-layout-flow wp-block-column-is-layout-flow\">\n<figure class=\"wp-block-image size-full\"><img decoding=\"async\" width=\"750\" height=\"750\" src=\"https:\/\/www.stanleypackage.com\/wp-content\/uploads\/2025\/08\/Custom-Wholesale-Flat-Bottom-Packaging-8-Side-Seal-Packing-Bag-For-Food-5.jpg\" alt=\"\" class=\"wp-image-2840\" srcset=\"https:\/\/www.stanleypackage.com\/wp-content\/uploads\/2025\/08\/Custom-Wholesale-Flat-Bottom-Packaging-8-Side-Seal-Packing-Bag-For-Food-5.jpg 750w, https:\/\/www.stanleypackage.com\/wp-content\/uploads\/2025\/08\/Custom-Wholesale-Flat-Bottom-Packaging-8-Side-Seal-Packing-Bag-For-Food-5-300x300.jpg 300w, https:\/\/www.stanleypackage.com\/wp-content\/uploads\/2025\/08\/Custom-Wholesale-Flat-Bottom-Packaging-8-Side-Seal-Packing-Bag-For-Food-5-150x150.jpg 150w, https:\/\/www.stanleypackage.com\/wp-content\/uploads\/2025\/08\/Custom-Wholesale-Flat-Bottom-Packaging-8-Side-Seal-Packing-Bag-For-Food-5-12x12.jpg 12w, https:\/\/www.stanleypackage.com\/wp-content\/uploads\/2025\/08\/Custom-Wholesale-Flat-Bottom-Packaging-8-Side-Seal-Packing-Bag-For-Food-5-600x600.jpg 600w, https:\/\/www.stanleypackage.com\/wp-content\/uploads\/2025\/08\/Custom-Wholesale-Flat-Bottom-Packaging-8-Side-Seal-Packing-Bag-For-Food-5-100x100.jpg 100w\" sizes=\"(max-width: 750px) 100vw, 750px\" \/><\/figure>\n<\/div>\n\n\n\n<div class=\"wp-block-column is-layout-flow wp-block-column-is-layout-flow\">\n<figure class=\"wp-block-image size-full\"><img decoding=\"async\" width=\"750\" height=\"750\" src=\"https:\/\/www.stanleypackage.com\/wp-content\/uploads\/2025\/08\/Custom-Wholesale-Flat-Bottom-Packaging-8-Side-Seal-Packing-Bag-For-Food.jpg\" alt=\"\" class=\"wp-image-2841\" srcset=\"https:\/\/www.stanleypackage.com\/wp-content\/uploads\/2025\/08\/Custom-Wholesale-Flat-Bottom-Packaging-8-Side-Seal-Packing-Bag-For-Food.jpg 750w, https:\/\/www.stanleypackage.com\/wp-content\/uploads\/2025\/08\/Custom-Wholesale-Flat-Bottom-Packaging-8-Side-Seal-Packing-Bag-For-Food-300x300.jpg 300w, https:\/\/www.stanleypackage.com\/wp-content\/uploads\/2025\/08\/Custom-Wholesale-Flat-Bottom-Packaging-8-Side-Seal-Packing-Bag-For-Food-150x150.jpg 150w, https:\/\/www.stanleypackage.com\/wp-content\/uploads\/2025\/08\/Custom-Wholesale-Flat-Bottom-Packaging-8-Side-Seal-Packing-Bag-For-Food-12x12.jpg 12w, https:\/\/www.stanleypackage.com\/wp-content\/uploads\/2025\/08\/Custom-Wholesale-Flat-Bottom-Packaging-8-Side-Seal-Packing-Bag-For-Food-600x600.jpg 600w, https:\/\/www.stanleypackage.com\/wp-content\/uploads\/2025\/08\/Custom-Wholesale-Flat-Bottom-Packaging-8-Side-Seal-Packing-Bag-For-Food-100x100.jpg 100w\" sizes=\"(max-width: 750px) 100vw, 750px\" \/><\/figure>\n<\/div>\n<\/div>\n<\/div>\n<\/div>","protected":false},"excerpt":{"rendered":"<p>Willkommen bei der Bestellung von kundenspezifischen Flachbodenbeuteln. Unsere 8-seitig versiegelten Lebensmittelbeutel kombinieren hohe Barriereeigenschaften mit Langlebigkeit und verf\u00fcgen \u00fcber ein Aufh\u00e4ngeloch, eine leicht einrei\u00dfbare Kerbe und eine Bodeneinf\u00fcll\u00f6ffnung, um eine Vielzahl von Lebensmittelverpackungen und Displayanforderungen zu erf\u00fcllen.<\/p>\n<table style=\"border-collapse: collapse; width: 365.02pt;\" border=\"0\" width=\"365\" cellspacing=\"0\" cellpadding=\"0\">\n<tbody>\n<tr style=\"height: 16.00pt;\">\n<td class=\"et2\" style=\"height: 16.00pt; width: 97.50pt;\" width=\"97\" height=\"16\">Hersteller<\/td>\n<td class=\"et2\" style=\"width: 267.50pt;\" width=\"267\">Stanley<\/td>\n<\/tr>\n<tr style=\"height: 16.00pt;\">\n<td class=\"et2\" style=\"height: 16.00pt; width: 97.50pt;\" width=\"97\" height=\"16\">Arten von Beuteln<\/td>\n<td class=\"et2\" style=\"width: 267.50pt;\" width=\"267\">8 Flache Bodentasche mit Seitensiegel<\/td>\n<\/tr>\n<tr style=\"height: 31.00pt;\">\n<td class=\"et2\" style=\"height: 31.00pt; width: 97.50pt;\" width=\"97\" height=\"31\">Material<\/td>\n<td class=\"et2\" style=\"width: 267.50pt;\" width=\"267\">PET12\/VMPET12\/PE110\u00a0<\/td>\n<\/tr>\n<tr style=\"height: 16.00pt;\">\n<td class=\"et2\" style=\"height: 16.00pt; width: 97.50pt;\" width=\"97\" height=\"16\">Besonderes Merkmal<\/td>\n<td class=\"et2\" style=\"width: 267.50pt;\" width=\"267\">8 Seitendichtung, Aufh\u00e4ngeloch, Aufrei\u00dfkerbe, Bodenf\u00fcllung<\/td>\n<\/tr>\n<tr style=\"height: 16.00pt;\">\n<td class=\"et2\" style=\"height: 16.00pt; width: 97.50pt;\" width=\"97\" height=\"16\">Handhabung der Oberfl\u00e4che<\/td>\n<td class=\"et2\" style=\"width: 267.50pt;\" width=\"267\">Tiefdruck<\/td>\n<\/tr>\n<tr style=\"height: 16.00pt;\">\n<td class=\"et2\" style=\"height: 16.00pt; width: 97.50pt;\" width=\"97\" height=\"16\">Farbe<\/td>\n<td class=\"et2\" style=\"width: 267.50pt;\" width=\"267\">Bis zu 10 Farben<\/td>\n<\/tr>\n<tr style=\"height: 16.00pt;\">\n<td class=\"et2\" style=\"height: 16.00pt; width: 97.50pt;\" width=\"97\" height=\"16\">Verwendung<\/td>\n<td class=\"et2\" style=\"width: 267.50pt;\" width=\"267\">Haferflocken, Kaffee, Snacks, N\u00fcsse, Trockenlebensmittel<\/td>\n<\/tr>\n<tr style=\"height: 16.00pt;\">\n<td class=\"et2\" style=\"height: 16.00pt; width: 97.50pt;\" width=\"97\" height=\"16\">MOQ<\/td>\n<td class=\"et2\" style=\"width: 267.50pt;\" width=\"267\">50.000 St\u00fcck<\/td>\n<\/tr>\n<tr style=\"height: 16.00pt;\">\n<td class=\"et2\" style=\"height: 16.00pt; width: 97.50pt;\" width=\"97\" height=\"16\">Individuelle Bestellung<\/td>\n<td class=\"et2\" style=\"width: 267.50pt;\" width=\"267\">OEM-Support akzeptieren Kostenloses Muster<\/td>\n<\/tr>\n<\/tbody>\n<\/table>","protected":false},"featured_media":2842,"comment_status":"closed","ping_status":"closed","template":"","meta":{"_acf_changed":false},"product_brand":[],"product_cat":[24,18],"product_tag":[],"class_list":{"0":"post-2839","1":"product","2":"type-product","3":"status-publish","4":"has-post-thumbnail","6":"product_cat-flat-bottom-pouch-manufacturer","7":"product_cat-zipper-pouch-manufacturer","8":"pa_food-packaging-food-powder-packaging","9":"pa_food-packaging-oatmeal-pouch","10":"pa_food-packaging-coffee-packaging-pouch","11":"pa_food-packaging-snack-food-pouch","12":"pa_food-packaging-baby-food-packaging","14":"first","15":"instock","16":"shipping-taxable","17":"product-type-simple"},"acf":[],"_links":{"self":[{"href":"https:\/\/www.stanleypackage.com\/de\/wp-json\/wp\/v2\/product\/2839","targetHints":{"allow":["GET"]}}],"collection":[{"href":"https:\/\/www.stanleypackage.com\/de\/wp-json\/wp\/v2\/product"}],"about":[{"href":"https:\/\/www.stanleypackage.com\/de\/wp-json\/wp\/v2\/types\/product"}],"replies":[{"embeddable":true,"href":"https:\/\/www.stanleypackage.com\/de\/wp-json\/wp\/v2\/comments?post=2839"}],"wp:featuredmedia":[{"embeddable":true,"href":"https:\/\/www.stanleypackage.com\/de\/wp-json\/wp\/v2\/media\/2842"}],"wp:attachment":[{"href":"https:\/\/www.stanleypackage.com\/de\/wp-json\/wp\/v2\/media?parent=2839"}],"wp:term":[{"taxonomy":"product_brand","embeddable":true,"href":"https:\/\/www.stanleypackage.com\/de\/wp-json\/wp\/v2\/product_brand?post=2839"},{"taxonomy":"product_cat","embeddable":true,"href":"https:\/\/www.stanleypackage.com\/de\/wp-json\/wp\/v2\/product_cat?post=2839"},{"taxonomy":"product_tag","embeddable":true,"href":"https:\/\/www.stanleypackage.com\/de\/wp-json\/wp\/v2\/product_tag?post=2839"}],"curies":[{"name":"wp","href":"https:\/\/api.w.org\/{rel}","templated":true}]}}