{"id":2846,"date":"2025-08-27T07:16:44","date_gmt":"2025-08-27T07:16:44","guid":{"rendered":"https:\/\/www.stanleypackage.com\/?post_type=product&#038;p=2846"},"modified":"2025-08-27T07:17:16","modified_gmt":"2025-08-27T07:17:16","slug":"coffee-packaging-bags-wholesale","status":"publish","type":"product","link":"https:\/\/www.stanleypackage.com\/de\/product\/coffee-packaging-bags-wholesale\/","title":{"rendered":"Flachboden-Kaffee-Verpackungst\u00fcten Gro\u00dfhandel mit Ventilen"},"content":{"rendered":"<div class=\"wp-block-columns is-layout-flex wp-container-core-columns-is-layout-9d6595d7 wp-block-columns-is-layout-flex\">\n<div class=\"wp-block-column is-layout-flow wp-block-column-is-layout-flow\">\n<h2 class=\"wp-block-heading\">Merkmale von Kaffee-Verpackungstaschen Gro\u00dfhandel<\/h2>\n\n\n\n<ul class=\"wp-block-list\">\n<li><strong>Achtseitige Siegelstruktur, dreidimensional und scharf:<\/strong> Die achtseitige Siegelstruktur dieses Gro\u00dfhandelsverpackungsbeutels mit flachem Boden und Rei\u00dfverschluss erh\u00f6ht die Stabilit\u00e4t und das visuelle Erscheinungsbild der Beutelform und macht sie im Regal attraktiv.<\/li>\n\n\n\n<li><strong>Wiederverschlie\u00dfbarer Rei\u00dfverschluss:<\/strong> Diese Kaffee-Verpackungstaschen im Gro\u00dfhandel sind mit einem hochwertigen Rei\u00dfverschluss ausgestattet, der sich leicht \u00f6ffnen und schlie\u00dfen und wiederverwenden l\u00e4sst, wodurch sich die Haltbarkeit des Produkts verl\u00e4ngert.<\/li>\n\n\n\n<li><strong>Mehrschichtiges Material mit hoher Barriere: <\/strong>Die Vorder- und R\u00fcckseite dieser individuell bedruckten Ventilbeutel mit Rei\u00dfverschluss bestehen aus MOPP20\/VMPET12\/PE110-Material, das feuchtigkeits-, oxidations- und lichtbest\u00e4ndig ist und den frischen Geschmack des Hafers sch\u00fctzt.<\/li>\n\n\n\n<li><strong>Ventil+ Bodenbef\u00fcllung:<\/strong> Die Ventilkonstruktion dieser Kaffeeverpackungsbeutel f\u00fcr den Gro\u00dfhandel soll die Luft entweichen lassen und verhindern, dass Luft und Feuchtigkeit in das Innere der Verpackung eindringen, wodurch der Kaffee nicht oxidiert und verdirbt. Und der Boden F\u00fcllung ist geeignet f\u00fcr automatisierte Produktionslinien, so dass Beutel effizient und bequem.<\/li>\n\n\n\n<li><strong>Bis zu 10-Farben-Tiefdruck:<\/strong> Unsere individuell bedruckten Ventilbeutel mit Rei\u00dfverschluss unterst\u00fctzen den hochpr\u00e4zisen Mehrfarbentiefdruck, mit feinen Mustern und leuchtenden Farben, um das Markenimage zu f\u00f6rdern.<\/li>\n\n\n\n<li><strong>Anpassung an verschiedene individuelle Bed\u00fcrfnisse:<\/strong> Die Abmessungen, der Druck und die Art des Rei\u00dfverschlusses unserer Kaffeeverpackungen im Gro\u00dfhandel k\u00f6nnen bei Bedarf auf die unterschiedlichen Anforderungen mehrerer Marken und die Positionierung auf dem Markt zugeschnitten werden.<\/li>\n<\/ul>\n\n\n\n<div class=\"wp-block-columns is-layout-flex wp-container-core-columns-is-layout-9d6595d7 wp-block-columns-is-layout-flex\">\n<div class=\"wp-block-column is-layout-flow wp-block-column-is-layout-flow\">\n<figure class=\"wp-block-image size-full\"><img decoding=\"async\" width=\"573\" height=\"471\" src=\"https:\/\/www.stanleypackage.com\/wp-content\/uploads\/2025\/08\/Wholesale-Flat-Bottom-Packaging-Bag-with-Zipper-Custom-Coffee-Valve-Bags-4.jpg\" alt=\"\" class=\"wp-image-2847\" srcset=\"https:\/\/www.stanleypackage.com\/wp-content\/uploads\/2025\/08\/Wholesale-Flat-Bottom-Packaging-Bag-with-Zipper-Custom-Coffee-Valve-Bags-4.jpg 573w, https:\/\/www.stanleypackage.com\/wp-content\/uploads\/2025\/08\/Wholesale-Flat-Bottom-Packaging-Bag-with-Zipper-Custom-Coffee-Valve-Bags-4-300x247.jpg 300w, https:\/\/www.stanleypackage.com\/wp-content\/uploads\/2025\/08\/Wholesale-Flat-Bottom-Packaging-Bag-with-Zipper-Custom-Coffee-Valve-Bags-4-15x12.jpg 15w\" sizes=\"(max-width: 573px) 100vw, 573px\" \/><\/figure>\n<\/div>\n\n\n\n<div class=\"wp-block-column is-layout-flow wp-block-column-is-layout-flow\">\n<figure class=\"wp-block-image size-full\"><img decoding=\"async\" width=\"535\" height=\"481\" src=\"https:\/\/www.stanleypackage.com\/wp-content\/uploads\/2025\/08\/Wholesale-Flat-Bottom-Packaging-Bag-with-Zipper-Custom-Coffee-Valve-Bags.jpg\" alt=\"\" class=\"wp-image-2848\" srcset=\"https:\/\/www.stanleypackage.com\/wp-content\/uploads\/2025\/08\/Wholesale-Flat-Bottom-Packaging-Bag-with-Zipper-Custom-Coffee-Valve-Bags.jpg 535w, https:\/\/www.stanleypackage.com\/wp-content\/uploads\/2025\/08\/Wholesale-Flat-Bottom-Packaging-Bag-with-Zipper-Custom-Coffee-Valve-Bags-300x270.jpg 300w, https:\/\/www.stanleypackage.com\/wp-content\/uploads\/2025\/08\/Wholesale-Flat-Bottom-Packaging-Bag-with-Zipper-Custom-Coffee-Valve-Bags-13x12.jpg 13w\" sizes=\"(max-width: 535px) 100vw, 535px\" \/><\/figure>\n<\/div>\n<\/div>\n<\/div>\n<\/div>","protected":false},"excerpt":{"rendered":"<p>Willkommen beim Kauf von individuell bedruckten Ventilbeuteln. Unsere Kaffee-Verpackungstaschen Gro\u00dfhandel sind mit einem Rei\u00dfverschluss, Ventil und Boden F\u00fcllung Design ausgestattet, um die Marke auf dem Regal stehen zu helfen, und haben ausgezeichnete Frischhaltung und feuchtigkeitsdichten Eigenschaften.<\/p>\n<table style=\"border-collapse: collapse; width: 365.02pt;\" border=\"0\" width=\"365\" cellspacing=\"0\" cellpadding=\"0\">\n<tbody>\n<tr style=\"height: 16.00pt;\">\n<td class=\"et2\" style=\"height: 16.00pt; width: 97.50pt;\" width=\"97\" height=\"16\">Hersteller<\/td>\n<td class=\"et2\" style=\"width: 267.50pt;\" width=\"267\">Stanley<\/td>\n<\/tr>\n<tr style=\"height: 16.00pt;\">\n<td class=\"et2\" style=\"height: 16.00pt; width: 97.50pt;\" width=\"97\" height=\"16\">Arten von Beuteln<\/td>\n<td class=\"et3\">8 Seitenverschlussbeutel mit flachem Boden, Zipper-Beutel<\/td>\n<\/tr>\n<tr style=\"height: 31.00pt;\">\n<td class=\"et2\" style=\"height: 31.00pt; width: 97.50pt;\" width=\"97\" height=\"31\">Material<\/td>\n<td class=\"et2\" style=\"width: 267.50pt;\" width=\"267\">MOPP20\/VMPET12\/PE110\u00a0<\/td>\n<\/tr>\n<tr style=\"height: 16.00pt;\">\n<td class=\"et2\" style=\"height: 16.00pt; width: 97.50pt;\" width=\"97\" height=\"16\">Besonderes Merkmal<\/td>\n<td class=\"et2\" style=\"width: 267.50pt;\" width=\"267\">Rei\u00dfverschluss, Ventil, Bodenbef\u00fcllung<\/td>\n<\/tr>\n<tr style=\"height: 16.00pt;\">\n<td class=\"et2\" style=\"height: 16.00pt; width: 97.50pt;\" width=\"97\" height=\"16\">Handhabung der Oberfl\u00e4che<\/td>\n<td class=\"et2\" style=\"width: 267.50pt;\" width=\"267\">Tiefdruck<\/td>\n<\/tr>\n<tr style=\"height: 16.00pt;\">\n<td class=\"et2\" style=\"height: 16.00pt; width: 97.50pt;\" width=\"97\" height=\"16\">Farbe<\/td>\n<td class=\"et2\" style=\"width: 267.50pt;\" width=\"267\">Doppelseitiger Druck, bis zu 10 Farben<\/td>\n<\/tr>\n<tr style=\"height: 16.00pt;\">\n<td class=\"et2\" style=\"height: 16.00pt; width: 97.50pt;\" width=\"97\" height=\"16\">Verwendung<\/td>\n<td class=\"et2\" style=\"width: 267.50pt;\" width=\"267\">Kaffee, Tee, Snacks, Haferflocken,<\/td>\n<\/tr>\n<tr style=\"height: 16.00pt;\">\n<td class=\"et2\" style=\"height: 16.00pt; width: 97.50pt;\" width=\"97\" height=\"16\">MOQ<\/td>\n<td class=\"et2\" style=\"width: 267.50pt;\" width=\"267\">50.000 St\u00fcck<\/td>\n<\/tr>\n<tr style=\"height: 16.00pt;\">\n<td class=\"et2\" style=\"height: 16.00pt; width: 97.50pt;\" width=\"97\" height=\"16\">Individuelle Bestellung<\/td>\n<td class=\"et2\" style=\"width: 267.50pt;\" width=\"267\">Akzeptieren Sie OEM, unterst\u00fctzen Sie freie Probe<\/td>\n<\/tr>\n<\/tbody>\n<\/table>\n<p>&nbsp;<\/p>","protected":false},"featured_media":2851,"comment_status":"closed","ping_status":"closed","template":"","meta":{"_acf_changed":false},"product_brand":[],"product_cat":[24,18],"product_tag":[],"class_list":{"0":"post-2846","1":"product","2":"type-product","3":"status-publish","4":"has-post-thumbnail","6":"product_cat-flat-bottom-pouch-manufacturer","7":"product_cat-zipper-pouch-manufacturer","8":"pa_food-packaging-oatmeal-pouch","9":"pa_food-packaging-coffee-packaging-pouch","10":"pa_food-packaging-tea-pouch-packaging","11":"pa_food-packaging-snack-food-pouch","12":"pa_food-packaging-ready-meal-pouch","14":"first","15":"instock","16":"shipping-taxable","17":"product-type-simple"},"acf":[],"_links":{"self":[{"href":"https:\/\/www.stanleypackage.com\/de\/wp-json\/wp\/v2\/product\/2846","targetHints":{"allow":["GET"]}}],"collection":[{"href":"https:\/\/www.stanleypackage.com\/de\/wp-json\/wp\/v2\/product"}],"about":[{"href":"https:\/\/www.stanleypackage.com\/de\/wp-json\/wp\/v2\/types\/product"}],"replies":[{"embeddable":true,"href":"https:\/\/www.stanleypackage.com\/de\/wp-json\/wp\/v2\/comments?post=2846"}],"wp:featuredmedia":[{"embeddable":true,"href":"https:\/\/www.stanleypackage.com\/de\/wp-json\/wp\/v2\/media\/2851"}],"wp:attachment":[{"href":"https:\/\/www.stanleypackage.com\/de\/wp-json\/wp\/v2\/media?parent=2846"}],"wp:term":[{"taxonomy":"product_brand","embeddable":true,"href":"https:\/\/www.stanleypackage.com\/de\/wp-json\/wp\/v2\/product_brand?post=2846"},{"taxonomy":"product_cat","embeddable":true,"href":"https:\/\/www.stanleypackage.com\/de\/wp-json\/wp\/v2\/product_cat?post=2846"},{"taxonomy":"product_tag","embeddable":true,"href":"https:\/\/www.stanleypackage.com\/de\/wp-json\/wp\/v2\/product_tag?post=2846"}],"curies":[{"name":"wp","href":"https:\/\/api.w.org\/{rel}","templated":true}]}}