{"id":2853,"date":"2025-08-27T07:07:33","date_gmt":"2025-08-27T07:07:33","guid":{"rendered":"https:\/\/www.stanleypackage.com\/?post_type=product&#038;p=2853"},"modified":"2025-08-27T07:07:40","modified_gmt":"2025-08-27T07:07:40","slug":"liquid-pouches-wholesale","status":"publish","type":"product","link":"https:\/\/www.stanleypackage.com\/de\/product\/liquid-pouches-wholesale\/","title":{"rendered":"Stand Up Liquid Pouches Gro\u00dfhandel mit T\u00fclle f\u00fcr Jelly Drink"},"content":{"rendered":"<div class=\"wp-block-columns is-layout-flex wp-container-core-columns-is-layout-9d6595d7 wp-block-columns-is-layout-flex\">\n<div class=\"wp-block-column is-layout-flow wp-block-column-is-layout-flow\">\n<h2 class=\"wp-block-heading\">Merkmale von Fl\u00fcssigkeitsbeuteln im Gro\u00dfhandel<\/h2>\n\n\n\n<ul class=\"wp-block-list\">\n<li><strong>Lebensmittelgeeignetes mehrschichtiges Verbundmaterial:<\/strong> Diese individuell bedruckten Fl\u00fcssigkeitsbeutel f\u00fcr den Gro\u00dfhandel bestehen aus einer mehrschichtigen Verbundstruktur aus PET12\/AL7\/PET12\/PE85, die Luft, Feuchtigkeit und Licht wirksam abschirmt.<\/li>\n\n\n\n<li><strong>Stand-Up Flat Bottom: <\/strong>Diese Standbodenbeutel mit flachem Boden sorgen im Gro\u00dfhandel f\u00fcr einen stabilen Stand und verbessern die Pr\u00e4senz im Regal.<\/li>\n\n\n\n<li><strong>Bequemer Auslauf:<\/strong> Diese flexible Verpackung f\u00fcr Getr\u00e4nke verf\u00fcgt \u00fcber einen integrierten, hochwertigen Ausgie\u00dfer zum bequemen Trinken oder Ausgie\u00dfen, der ein Versch\u00fctten und Auslaufen verhindert. Sie eignet sich perfekt f\u00fcr unterwegs und f\u00fcr das Trinken im Freien.<\/li>\n\n\n\n<li><strong>Unterst\u00fctzt verschiedene Druckeffekte und Formen: <\/strong>Unsere Standbodenbeutel im Gro\u00dfhandel unterst\u00fctzen die Anpassung der Beutelform und verschiedene Druckeffekte entsprechend den spezifischen Anforderungen der Kunden.<\/li>\n\n\n\n<li><strong>Anwendbarkeit auf eine breite Palette von fl\u00fcssigen Produkten:<\/strong> Neben Saft eignen sich unsere ma\u00dfgeschneiderten flexiblen Getr\u00e4nkeverpackungen auch f\u00fcr Energydrinks, Milchshakes, So\u00dfen, Dressings, Kindergetr\u00e4nke und andere Verpackungen f\u00fcr fl\u00fcssige Lebensmittel.<\/li>\n<\/ul>\n\n\n\n<div class=\"wp-block-columns is-layout-flex wp-container-core-columns-is-layout-9d6595d7 wp-block-columns-is-layout-flex\">\n<div class=\"wp-block-column is-layout-flow wp-block-column-is-layout-flow\">\n<figure class=\"wp-block-image size-full\"><img decoding=\"async\" width=\"750\" height=\"750\" src=\"https:\/\/www.stanleypackage.com\/wp-content\/uploads\/2025\/08\/Custom-Printed-Flexible-Packaging-Stand-Up-Pouches-With-Spout-Wholesale-6.jpg\" alt=\"\" class=\"wp-image-2854\" srcset=\"https:\/\/www.stanleypackage.com\/wp-content\/uploads\/2025\/08\/Custom-Printed-Flexible-Packaging-Stand-Up-Pouches-With-Spout-Wholesale-6.jpg 750w, https:\/\/www.stanleypackage.com\/wp-content\/uploads\/2025\/08\/Custom-Printed-Flexible-Packaging-Stand-Up-Pouches-With-Spout-Wholesale-6-300x300.jpg 300w, https:\/\/www.stanleypackage.com\/wp-content\/uploads\/2025\/08\/Custom-Printed-Flexible-Packaging-Stand-Up-Pouches-With-Spout-Wholesale-6-150x150.jpg 150w, https:\/\/www.stanleypackage.com\/wp-content\/uploads\/2025\/08\/Custom-Printed-Flexible-Packaging-Stand-Up-Pouches-With-Spout-Wholesale-6-12x12.jpg 12w, https:\/\/www.stanleypackage.com\/wp-content\/uploads\/2025\/08\/Custom-Printed-Flexible-Packaging-Stand-Up-Pouches-With-Spout-Wholesale-6-600x600.jpg 600w, https:\/\/www.stanleypackage.com\/wp-content\/uploads\/2025\/08\/Custom-Printed-Flexible-Packaging-Stand-Up-Pouches-With-Spout-Wholesale-6-100x100.jpg 100w\" sizes=\"(max-width: 750px) 100vw, 750px\" \/><\/figure>\n<\/div>\n\n\n\n<div class=\"wp-block-column is-layout-flow wp-block-column-is-layout-flow\">\n<figure class=\"wp-block-image size-full\"><img decoding=\"async\" width=\"750\" height=\"750\" src=\"https:\/\/www.stanleypackage.com\/wp-content\/uploads\/2025\/08\/Custom-Printed-Flexible-Packaging-Stand-Up-Pouches-With-Spout-Wholesale.jpg\" alt=\"\" class=\"wp-image-2855\" srcset=\"https:\/\/www.stanleypackage.com\/wp-content\/uploads\/2025\/08\/Custom-Printed-Flexible-Packaging-Stand-Up-Pouches-With-Spout-Wholesale.jpg 750w, https:\/\/www.stanleypackage.com\/wp-content\/uploads\/2025\/08\/Custom-Printed-Flexible-Packaging-Stand-Up-Pouches-With-Spout-Wholesale-300x300.jpg 300w, https:\/\/www.stanleypackage.com\/wp-content\/uploads\/2025\/08\/Custom-Printed-Flexible-Packaging-Stand-Up-Pouches-With-Spout-Wholesale-150x150.jpg 150w, https:\/\/www.stanleypackage.com\/wp-content\/uploads\/2025\/08\/Custom-Printed-Flexible-Packaging-Stand-Up-Pouches-With-Spout-Wholesale-12x12.jpg 12w, https:\/\/www.stanleypackage.com\/wp-content\/uploads\/2025\/08\/Custom-Printed-Flexible-Packaging-Stand-Up-Pouches-With-Spout-Wholesale-600x600.jpg 600w, https:\/\/www.stanleypackage.com\/wp-content\/uploads\/2025\/08\/Custom-Printed-Flexible-Packaging-Stand-Up-Pouches-With-Spout-Wholesale-100x100.jpg 100w\" sizes=\"(max-width: 750px) 100vw, 750px\" \/><\/figure>\n<\/div>\n<\/div>\n<\/div>\n<\/div>","protected":false},"excerpt":{"rendered":"<p>Willkommen bei kundenspezifischen flexiblen Getr\u00e4nkeverpackungen. Diese Stand-up-Fl\u00fcssigkeitsbeutel Gro\u00dfhandel mit Ausgie\u00dfer sind aus lebensmittelechten Materialien hergestellt, effektiv blockieren Luft, Feuchtigkeit und Licht, geeignet f\u00fcr die Verpackung einer Vielzahl von Getr\u00e4nken und fl\u00fcssigen Lebensmitteln.<\/p>\n<table width=\"417\">\n<tbody>\n<tr>\n<td width=\"121\">Hersteller<\/td>\n<td width=\"296\">Stanley<\/td>\n<\/tr>\n<tr>\n<td width=\"121\">Arten von Beuteln<\/td>\n<td>Stand Up Pouch, Flat Bottom Pouch, Spout Pouch<\/td>\n<\/tr>\n<tr>\n<td width=\"121\">Material<\/td>\n<td width=\"296\">PET12\/AL7\/PET12\/PE85<\/td>\n<\/tr>\n<tr>\n<td width=\"121\">Besonderes Merkmal<\/td>\n<td width=\"296\">Stehender Boden, Ausguss<\/td>\n<\/tr>\n<tr>\n<td width=\"121\">Handhabung der Oberfl\u00e4che<\/td>\n<td width=\"296\">Tiefdruck<\/td>\n<\/tr>\n<tr>\n<td width=\"121\">Farbe<\/td>\n<td width=\"296\">Bis zu 10 Farben<\/td>\n<\/tr>\n<tr>\n<td width=\"121\">Verwendung<\/td>\n<td>Getr\u00e4nke, Gelee<\/td>\n<\/tr>\n<tr>\n<td width=\"121\">MOQ<\/td>\n<td width=\"296\">50.000 St\u00fcck<\/td>\n<\/tr>\n<tr>\n<td width=\"121\">Individuelle Bestellung<\/td>\n<td width=\"296\">Akzeptieren Sie OEM, unterst\u00fctzen Sie die kostenlose Probe<\/td>\n<\/tr>\n<\/tbody>\n<\/table>","protected":false},"featured_media":2856,"comment_status":"closed","ping_status":"closed","template":"","meta":{"_acf_changed":false},"product_brand":[],"product_cat":[32,30],"product_tag":[],"class_list":{"0":"post-2853","1":"product","2":"type-product","3":"status-publish","4":"has-post-thumbnail","6":"product_cat-spout-pouch-manufacturer","7":"product_cat-stand-up-pouch-manufacturer","8":"pa_food-packaging-baby-food-packaging","9":"pa_food-packaging-drink-beverage-pouch","11":"first","12":"instock","13":"shipping-taxable","14":"product-type-simple"},"acf":[],"_links":{"self":[{"href":"https:\/\/www.stanleypackage.com\/de\/wp-json\/wp\/v2\/product\/2853","targetHints":{"allow":["GET"]}}],"collection":[{"href":"https:\/\/www.stanleypackage.com\/de\/wp-json\/wp\/v2\/product"}],"about":[{"href":"https:\/\/www.stanleypackage.com\/de\/wp-json\/wp\/v2\/types\/product"}],"replies":[{"embeddable":true,"href":"https:\/\/www.stanleypackage.com\/de\/wp-json\/wp\/v2\/comments?post=2853"}],"wp:featuredmedia":[{"embeddable":true,"href":"https:\/\/www.stanleypackage.com\/de\/wp-json\/wp\/v2\/media\/2856"}],"wp:attachment":[{"href":"https:\/\/www.stanleypackage.com\/de\/wp-json\/wp\/v2\/media?parent=2853"}],"wp:term":[{"taxonomy":"product_brand","embeddable":true,"href":"https:\/\/www.stanleypackage.com\/de\/wp-json\/wp\/v2\/product_brand?post=2853"},{"taxonomy":"product_cat","embeddable":true,"href":"https:\/\/www.stanleypackage.com\/de\/wp-json\/wp\/v2\/product_cat?post=2853"},{"taxonomy":"product_tag","embeddable":true,"href":"https:\/\/www.stanleypackage.com\/de\/wp-json\/wp\/v2\/product_tag?post=2853"}],"curies":[{"name":"wp","href":"https:\/\/api.w.org\/{rel}","templated":true}]}}