{"id":2862,"date":"2025-09-01T10:09:34","date_gmt":"2025-09-01T10:09:34","guid":{"rendered":"https:\/\/www.stanleypackage.com\/?post_type=product&#038;p=2862"},"modified":"2025-09-01T10:09:41","modified_gmt":"2025-09-01T10:09:41","slug":"wholesale-coffee-packaging-bags","status":"publish","type":"product","link":"https:\/\/www.stanleypackage.com\/de\/product\/wholesale-coffee-packaging-bags\/","title":{"rendered":"Gro\u00dfhandel Kaffee Verpackungstaschen, flacher Boden Zipper Pouch"},"content":{"rendered":"<div class=\"wp-block-columns is-layout-flex wp-container-core-columns-is-layout-9d6595d7 wp-block-columns-is-layout-flex\">\n<div class=\"wp-block-column is-layout-flow wp-block-column-is-layout-flow\">\n<h2 class=\"wp-block-heading\">Merkmale der Gro\u00dfhandel Kaffee Verpackungstaschen<\/h2>\n\n\n\n<ul class=\"wp-block-list\">\n<li><strong>Achtseitige Dichtungsstruktur: <\/strong>Die achtseitige Siegelstruktur dieser Gro\u00dfhandels-Kaffeeverpackungen mit einseitigem Rei\u00dfverschluss erh\u00f6ht die Stabilit\u00e4t und das optische Erscheinungsbild der Beutelform und macht sie im Regal attraktiv.<\/li>\n\n\n\n<li><strong>Wiederverschlie\u00dfbarer Rei\u00dfverschluss:<\/strong> Diese kundenspezifischen Flachboden-Rei\u00dfverschlussbeutel sind mit einem hochwertigen einseitigen Rei\u00dfverschluss ausgestattet, der sich leicht \u00f6ffnen und schlie\u00dfen und wiederverwenden l\u00e4sst, was die Haltbarkeit des Produkts verl\u00e4ngert.<\/li>\n\n\n\n<li><strong>Mehrschichtiges Material mit hoher Barriere: <\/strong>Die Vorder- und R\u00fcckseite dieser Gro\u00dfhandels-Kaffee-Verpackungstaschen bestehen aus PET12\/AL7\/PE105, das feuchtigkeitsbest\u00e4ndig, antioxidativ und lichtbest\u00e4ndig ist, um den frischen Geschmack von Hafer zu sch\u00fctzen.<\/li>\n\n\n\n<li><strong>Flacher Boden + Bodenf\u00fcllung:<\/strong> Das Schachtelbeutel-Design dieses kundenspezifischen Flachboden-Rei\u00dfverschlussbeutels macht die Verpackung optisch ansprechender und verleiht ihr ein neuartiges und sch\u00f6nes Aussehen. Und der Boden F\u00fcllung ist geeignet f\u00fcr automatisierte Produktionslinien, so dass Beuteln effizient und bequem.<\/li>\n\n\n\n<li><strong>Bis zu 10-Farben-Tiefdruck:<\/strong> Unsere Gro\u00dfhandels-Kaffee-Verpackungstaschen unterst\u00fctzen den hochpr\u00e4zisen Mehrfarbentiefdruck, mit feinen Mustern und hellen Farben, um das Markenimage zu f\u00f6rdern.<\/li>\n\n\n\n<li><strong>Anpassung an verschiedene individuelle Bed\u00fcrfnisse: <\/strong>Die Abmessungen, der Druck und die Art des Rei\u00dfverschlusses unserer kundenspezifischen Flachboden-Rei\u00dfverschlusstaschen k\u00f6nnen bei Bedarf auf die unterschiedlichen Anforderungen mehrerer Marken und die Positionierung auf dem Markt zugeschnitten werden.<\/li>\n<\/ul>\n\n\n\n<div class=\"wp-block-columns is-layout-flex wp-container-core-columns-is-layout-9d6595d7 wp-block-columns-is-layout-flex\">\n<div class=\"wp-block-column is-layout-flow wp-block-column-is-layout-flow\">\n<figure class=\"wp-block-image size-full\"><img decoding=\"async\" width=\"750\" height=\"750\" src=\"https:\/\/www.stanleypackage.com\/wp-content\/uploads\/2025\/08\/Custom-Flat-Bottom-Pouch-with-One-Side-Zipper-Wholesale-Coffee-Packaging-Bags-2.jpg\" alt=\"\" class=\"wp-image-2866\" srcset=\"https:\/\/www.stanleypackage.com\/wp-content\/uploads\/2025\/08\/Custom-Flat-Bottom-Pouch-with-One-Side-Zipper-Wholesale-Coffee-Packaging-Bags-2.jpg 750w, https:\/\/www.stanleypackage.com\/wp-content\/uploads\/2025\/08\/Custom-Flat-Bottom-Pouch-with-One-Side-Zipper-Wholesale-Coffee-Packaging-Bags-2-300x300.jpg 300w, https:\/\/www.stanleypackage.com\/wp-content\/uploads\/2025\/08\/Custom-Flat-Bottom-Pouch-with-One-Side-Zipper-Wholesale-Coffee-Packaging-Bags-2-150x150.jpg 150w, https:\/\/www.stanleypackage.com\/wp-content\/uploads\/2025\/08\/Custom-Flat-Bottom-Pouch-with-One-Side-Zipper-Wholesale-Coffee-Packaging-Bags-2-12x12.jpg 12w, https:\/\/www.stanleypackage.com\/wp-content\/uploads\/2025\/08\/Custom-Flat-Bottom-Pouch-with-One-Side-Zipper-Wholesale-Coffee-Packaging-Bags-2-600x600.jpg 600w, https:\/\/www.stanleypackage.com\/wp-content\/uploads\/2025\/08\/Custom-Flat-Bottom-Pouch-with-One-Side-Zipper-Wholesale-Coffee-Packaging-Bags-2-100x100.jpg 100w\" sizes=\"(max-width: 750px) 100vw, 750px\" \/><\/figure>\n<\/div>\n\n\n\n<div class=\"wp-block-column is-layout-flow wp-block-column-is-layout-flow\">\n<figure class=\"wp-block-image size-full\"><img decoding=\"async\" width=\"750\" height=\"750\" src=\"https:\/\/www.stanleypackage.com\/wp-content\/uploads\/2025\/08\/Custom-Flat-Bottom-Pouch-with-One-Side-Zipper-Wholesale-Coffee-Packaging-Bags-5.jpg\" alt=\"\" class=\"wp-image-2867\" srcset=\"https:\/\/www.stanleypackage.com\/wp-content\/uploads\/2025\/08\/Custom-Flat-Bottom-Pouch-with-One-Side-Zipper-Wholesale-Coffee-Packaging-Bags-5.jpg 750w, https:\/\/www.stanleypackage.com\/wp-content\/uploads\/2025\/08\/Custom-Flat-Bottom-Pouch-with-One-Side-Zipper-Wholesale-Coffee-Packaging-Bags-5-300x300.jpg 300w, https:\/\/www.stanleypackage.com\/wp-content\/uploads\/2025\/08\/Custom-Flat-Bottom-Pouch-with-One-Side-Zipper-Wholesale-Coffee-Packaging-Bags-5-150x150.jpg 150w, https:\/\/www.stanleypackage.com\/wp-content\/uploads\/2025\/08\/Custom-Flat-Bottom-Pouch-with-One-Side-Zipper-Wholesale-Coffee-Packaging-Bags-5-12x12.jpg 12w, https:\/\/www.stanleypackage.com\/wp-content\/uploads\/2025\/08\/Custom-Flat-Bottom-Pouch-with-One-Side-Zipper-Wholesale-Coffee-Packaging-Bags-5-600x600.jpg 600w, https:\/\/www.stanleypackage.com\/wp-content\/uploads\/2025\/08\/Custom-Flat-Bottom-Pouch-with-One-Side-Zipper-Wholesale-Coffee-Packaging-Bags-5-100x100.jpg 100w\" sizes=\"(max-width: 750px) 100vw, 750px\" \/><\/figure>\n<\/div>\n<\/div>\n<\/div>\n<\/div>","protected":false},"excerpt":{"rendered":"<p>Willkommen im Gro\u00dfhandel Kaffee Verpackungstaschen zu bestellen. Diese benutzerdefinierte flachen Boden Rei\u00dfverschlussbeutel ist geeignet f\u00fcr Kaffeebohnen und Hafer, hat es ausgezeichnete Frischhaltung und feuchtigkeitsdichte Eigenschaften. Der Beutelk\u00f6rper ist mit einem wiederverschlie\u00dfbaren Rei\u00dfverschluss ausgestattet, und der Boden F\u00fcllung Design zu helfen, die Marke auf dem Regal abheben.<\/p>\n<table style=\"border-collapse: collapse; width: 365.02pt;\" border=\"0\" width=\"365\" cellspacing=\"0\" cellpadding=\"0\">\n<tbody>\n<tr style=\"height: 16.00pt;\">\n<td class=\"et2\" style=\"height: 16.00pt; width: 97.50pt;\" width=\"97\" height=\"16\">Hersteller<\/td>\n<td class=\"et2\" style=\"width: 267.50pt;\" width=\"267\">Stanley<\/td>\n<\/tr>\n<tr style=\"height: 16.00pt;\">\n<td class=\"et2\" style=\"height: 16.00pt; width: 97.50pt;\" width=\"97\" height=\"16\">Arten von Beuteln<\/td>\n<td class=\"et3\">8 Seitenverschlussbeutel mit flachem Boden, Zipper-Beutel<\/td>\n<\/tr>\n<tr style=\"height: 31.00pt;\">\n<td class=\"et2\" style=\"height: 31.00pt; width: 97.50pt;\" width=\"97\" height=\"31\">Material<\/td>\n<td class=\"et2\" style=\"width: 267.50pt;\" width=\"267\">PET12\/AL7\/PE105<\/td>\n<\/tr>\n<tr style=\"height: 16.00pt;\">\n<td class=\"et2\" style=\"height: 16.00pt; width: 97.50pt;\" width=\"97\" height=\"16\">Besonderes Merkmal<\/td>\n<td class=\"et2\" style=\"width: 267.50pt;\" width=\"267\">Einseitiger Rei\u00dfverschluss, untere F\u00fcllung, 8 seitliche See<\/td>\n<\/tr>\n<tr style=\"height: 16.00pt;\">\n<td class=\"et2\" style=\"height: 16.00pt; width: 97.50pt;\" width=\"97\" height=\"16\">Handhabung der Oberfl\u00e4che<\/td>\n<td class=\"et2\" style=\"width: 267.50pt;\" width=\"267\">Tiefdruck<\/td>\n<\/tr>\n<tr style=\"height: 16.00pt;\">\n<td class=\"et2\" style=\"height: 16.00pt; width: 97.50pt;\" width=\"97\" height=\"16\">Farbe<\/td>\n<td class=\"et2\" style=\"width: 267.50pt;\" width=\"267\">Beidseitiger Druck, bis zu 10 Farben<\/td>\n<\/tr>\n<tr style=\"height: 16.00pt;\">\n<td class=\"et2\" style=\"height: 16.00pt; width: 97.50pt;\" width=\"97\" height=\"16\">Verwendung<\/td>\n<td class=\"et2\" style=\"width: 267.50pt;\" width=\"267\">Kaffee, Snacks, Haferflocken<\/td>\n<\/tr>\n<tr style=\"height: 16.00pt;\">\n<td class=\"et2\" style=\"height: 16.00pt; width: 97.50pt;\" width=\"97\" height=\"16\">MOQ<\/td>\n<td class=\"et2\" style=\"width: 267.50pt;\" width=\"267\">50.000 St\u00fcck<\/td>\n<\/tr>\n<tr style=\"height: 16.00pt;\">\n<td class=\"et2\" style=\"height: 16.00pt; width: 97.50pt;\" width=\"97\" height=\"16\">Individuelle Bestellung<\/td>\n<td class=\"et2\" style=\"width: 267.50pt;\" width=\"267\">Akzeptieren Sie OEM, unterst\u00fctzen Sie die kostenlose Probe<\/td>\n<\/tr>\n<\/tbody>\n<\/table>\n<p>&nbsp;<\/p>","protected":false},"featured_media":2868,"comment_status":"closed","ping_status":"closed","template":"","meta":{"_acf_changed":false},"product_brand":[],"product_cat":[24,18],"product_tag":[],"class_list":{"0":"post-2862","1":"product","2":"type-product","3":"status-publish","4":"has-post-thumbnail","6":"product_cat-flat-bottom-pouch-manufacturer","7":"product_cat-zipper-pouch-manufacturer","8":"pa_food-packaging-oatmeal-pouch","9":"pa_food-packaging-coffee-packaging-pouch","10":"pa_food-packaging-tea-pouch-packaging","12":"first","13":"instock","14":"shipping-taxable","15":"product-type-simple"},"acf":[],"_links":{"self":[{"href":"https:\/\/www.stanleypackage.com\/de\/wp-json\/wp\/v2\/product\/2862","targetHints":{"allow":["GET"]}}],"collection":[{"href":"https:\/\/www.stanleypackage.com\/de\/wp-json\/wp\/v2\/product"}],"about":[{"href":"https:\/\/www.stanleypackage.com\/de\/wp-json\/wp\/v2\/types\/product"}],"replies":[{"embeddable":true,"href":"https:\/\/www.stanleypackage.com\/de\/wp-json\/wp\/v2\/comments?post=2862"}],"wp:featuredmedia":[{"embeddable":true,"href":"https:\/\/www.stanleypackage.com\/de\/wp-json\/wp\/v2\/media\/2868"}],"wp:attachment":[{"href":"https:\/\/www.stanleypackage.com\/de\/wp-json\/wp\/v2\/media?parent=2862"}],"wp:term":[{"taxonomy":"product_brand","embeddable":true,"href":"https:\/\/www.stanleypackage.com\/de\/wp-json\/wp\/v2\/product_brand?post=2862"},{"taxonomy":"product_cat","embeddable":true,"href":"https:\/\/www.stanleypackage.com\/de\/wp-json\/wp\/v2\/product_cat?post=2862"},{"taxonomy":"product_tag","embeddable":true,"href":"https:\/\/www.stanleypackage.com\/de\/wp-json\/wp\/v2\/product_tag?post=2862"}],"curies":[{"name":"wp","href":"https:\/\/api.w.org\/{rel}","templated":true}]}}