{"id":2883,"date":"2025-09-01T08:54:41","date_gmt":"2025-09-01T08:54:41","guid":{"rendered":"https:\/\/www.stanleypackage.com\/?post_type=product&#038;p=2883"},"modified":"2025-10-15T07:17:58","modified_gmt":"2025-10-15T07:17:58","slug":"stand-up-pouch-bags-wholesale","status":"publish","type":"product","link":"https:\/\/www.stanleypackage.com\/de\/product\/stand-up-pouch-bags-wholesale\/","title":{"rendered":"Wiederverschlie\u00dfbare Standbodenbeutel Gro\u00dfhandel f\u00fcr W\u00e4schest\u00fccke"},"content":{"rendered":"<div class=\"wp-block-columns is-layout-flex wp-container-core-columns-is-layout-9d6595d7 wp-block-columns-is-layout-flex\">\n<div class=\"wp-block-column is-layout-flow wp-block-column-is-layout-flow\">\n<h2 class=\"wp-block-heading\">Eigenschaften von Stand Up Pouch Bags Gro\u00dfhandel<\/h2>\n\n\n\n<ul class=\"wp-block-list\">\n<li><strong>Selbsttragende Taschenbodenkonstruktion:<\/strong> Diese benutzerdefinierten Stand-up-Beutel Gro\u00dfhandel nehmen eine dauerhafte selbst\u00e4ndige Boden, die stabil stehen kann, ist bequem f\u00fcr die Platzierung im Regal, und verbessert die Produkt-Display-Effekt.<\/li>\n\n\n\n<li><strong>Obere F\u00fcllstruktur: <\/strong>Diese ma\u00dfgefertigten W\u00e4scheh\u00fclsen-Verpackungsbeutel werden von oben bef\u00fcllt, was f\u00fcr die maschinelle oder manuelle Bef\u00fcllung geeignet ist, sich f\u00fcr verschiedene Produktionsprozesse eignet und effizienter ist.<\/li>\n\n\n\n<li><strong>Leicht abrei\u00dfbares Design:<\/strong> Diese Standbodenbeutel im Gro\u00dfhandel f\u00fcr Chemikalien des t\u00e4glichen Bedarfs verf\u00fcgen \u00fcber eine einfache Aufrei\u00dfkerbe, die es den Verbrauchern erm\u00f6glicht, sie leicht und ohne Werkzeug zu \u00f6ffnen, und sind praktisch in der Handhabung.<\/li>\n\n\n\n<li>Ausgestattet mit Rei\u00dfverschluss: Unsere ma\u00dfgefertigten W\u00e4schepods-Verpackungsbeutel verf\u00fcgen \u00fcber einen wiederverwendbaren, abdichtenden Rei\u00dfverschluss f\u00fcr mehrfaches \u00d6ffnen und Verschlie\u00dfen.<\/li>\n\n\n\n<li><strong>Ma\u00dfgeschneiderter Service erf\u00fcllt Bed\u00fcrfnisse:<\/strong>\u00a0Wir bieten eine Vielzahl von Anpassungsm\u00f6glichkeiten f\u00fcr Standbodenbeutel im Gro\u00dfhandel und k\u00f6nnen verschiedene Formen, Gr\u00f6\u00dfen und Druckmuster je nach Kundenwunsch entwerfen, um die Personalisierung der Marke und die Wettbewerbsf\u00e4higkeit auf dem Markt zu verbessern.<\/li>\n\n\n\n<li><strong>Unterst\u00fctzt beidseitiges, individuelles Drucken: <\/strong>Unsere Standbodenbeutel Gro\u00dfhandel nimmt Tiefdruck, und die Marke Muster ist klar dargestellt, um Kunden zu helfen, eine exklusive visuelle Identifikation System.<\/li>\n<\/ul>\n\n\n\n<div class=\"wp-block-columns is-layout-flex wp-container-core-columns-is-layout-9d6595d7 wp-block-columns-is-layout-flex\">\n<div class=\"wp-block-column is-layout-flow wp-block-column-is-layout-flow\">\n<figure class=\"wp-block-image size-full\"><img decoding=\"async\" width=\"750\" height=\"750\" src=\"https:\/\/www.stanleypackage.com\/wp-content\/uploads\/2025\/08\/Custom-Daily-Chemical-Packaging-Bag-Laundry-Detergent-Pods-Stand-Up-Pouches-With-Zipper-Wholesale-1.jpg\" alt=\"\" class=\"wp-image-2895\" srcset=\"https:\/\/www.stanleypackage.com\/wp-content\/uploads\/2025\/08\/Custom-Daily-Chemical-Packaging-Bag-Laundry-Detergent-Pods-Stand-Up-Pouches-With-Zipper-Wholesale-1.jpg 750w, https:\/\/www.stanleypackage.com\/wp-content\/uploads\/2025\/08\/Custom-Daily-Chemical-Packaging-Bag-Laundry-Detergent-Pods-Stand-Up-Pouches-With-Zipper-Wholesale-1-300x300.jpg 300w, https:\/\/www.stanleypackage.com\/wp-content\/uploads\/2025\/08\/Custom-Daily-Chemical-Packaging-Bag-Laundry-Detergent-Pods-Stand-Up-Pouches-With-Zipper-Wholesale-1-150x150.jpg 150w, https:\/\/www.stanleypackage.com\/wp-content\/uploads\/2025\/08\/Custom-Daily-Chemical-Packaging-Bag-Laundry-Detergent-Pods-Stand-Up-Pouches-With-Zipper-Wholesale-1-12x12.jpg 12w, https:\/\/www.stanleypackage.com\/wp-content\/uploads\/2025\/08\/Custom-Daily-Chemical-Packaging-Bag-Laundry-Detergent-Pods-Stand-Up-Pouches-With-Zipper-Wholesale-1-600x600.jpg 600w, https:\/\/www.stanleypackage.com\/wp-content\/uploads\/2025\/08\/Custom-Daily-Chemical-Packaging-Bag-Laundry-Detergent-Pods-Stand-Up-Pouches-With-Zipper-Wholesale-1-100x100.jpg 100w\" sizes=\"(max-width: 750px) 100vw, 750px\" \/><\/figure>\n<\/div>\n\n\n\n<div class=\"wp-block-column is-layout-flow wp-block-column-is-layout-flow\">\n<figure class=\"wp-block-image size-full\"><img decoding=\"async\" width=\"750\" height=\"750\" src=\"https:\/\/www.stanleypackage.com\/wp-content\/uploads\/2025\/08\/Custom-Daily-Chemical-Packaging-Bag-Laundry-Detergent-Pods-Stand-Up-Pouches-With-Zipper-Wholesale-5.jpg\" alt=\"\" class=\"wp-image-2888\" srcset=\"https:\/\/www.stanleypackage.com\/wp-content\/uploads\/2025\/08\/Custom-Daily-Chemical-Packaging-Bag-Laundry-Detergent-Pods-Stand-Up-Pouches-With-Zipper-Wholesale-5.jpg 750w, https:\/\/www.stanleypackage.com\/wp-content\/uploads\/2025\/08\/Custom-Daily-Chemical-Packaging-Bag-Laundry-Detergent-Pods-Stand-Up-Pouches-With-Zipper-Wholesale-5-300x300.jpg 300w, https:\/\/www.stanleypackage.com\/wp-content\/uploads\/2025\/08\/Custom-Daily-Chemical-Packaging-Bag-Laundry-Detergent-Pods-Stand-Up-Pouches-With-Zipper-Wholesale-5-150x150.jpg 150w, https:\/\/www.stanleypackage.com\/wp-content\/uploads\/2025\/08\/Custom-Daily-Chemical-Packaging-Bag-Laundry-Detergent-Pods-Stand-Up-Pouches-With-Zipper-Wholesale-5-12x12.jpg 12w, https:\/\/www.stanleypackage.com\/wp-content\/uploads\/2025\/08\/Custom-Daily-Chemical-Packaging-Bag-Laundry-Detergent-Pods-Stand-Up-Pouches-With-Zipper-Wholesale-5-600x600.jpg 600w, https:\/\/www.stanleypackage.com\/wp-content\/uploads\/2025\/08\/Custom-Daily-Chemical-Packaging-Bag-Laundry-Detergent-Pods-Stand-Up-Pouches-With-Zipper-Wholesale-5-100x100.jpg 100w\" sizes=\"(max-width: 750px) 100vw, 750px\" \/><\/figure>\n<\/div>\n<\/div>\n<\/div>\n<\/div>","protected":false},"excerpt":{"rendered":"<p>Willkommen im Gro\u00dfhandel mit Standbodenbeuteln. Unsere benutzerdefinierte W\u00e4sche H\u00fclsen Verpackung Beutel sind mit einem Rei\u00dfverschluss und einfach easy-tear Design, das bequem zu \u00f6ffnen und zu verwenden ist ausgestattet. Unterst\u00fctzung voll angepasst.<\/p>\n<table style=\"border-collapse: collapse; width: 365.02pt;\" border=\"0\" width=\"365\" cellspacing=\"0\" cellpadding=\"0\">\n<tbody>\n<tr style=\"height: 16.00pt;\">\n<td class=\"et2\" style=\"height: 16.00pt; width: 97.50pt;\" width=\"97\" height=\"16\">Hersteller<\/td>\n<td class=\"et2\" style=\"width: 267.50pt;\" width=\"267\">Stanley<\/td>\n<\/tr>\n<tr style=\"height: 16.00pt;\">\n<td class=\"et2\" style=\"height: 16.00pt; width: 97.50pt;\" width=\"97\" height=\"16\">Arten von Beuteln<\/td>\n<td class=\"et2\" style=\"width: 267.50pt;\" width=\"267\">Stand Up Pouch, Rei\u00dfverschlusstasche<\/td>\n<\/tr>\n<tr style=\"height: 16.00pt;\">\n<td class=\"et2\" style=\"height: 16.00pt; width: 97.50pt;\" width=\"97\" height=\"16\">Material<\/td>\n<td class=\"et2\" style=\"width: 267.50pt;\" width=\"267\">BOPP28\/VMPET12\/PE55<\/td>\n<\/tr>\n<tr style=\"height: 16.00pt;\">\n<td class=\"et2\" style=\"height: 16.00pt; width: 97.50pt;\" width=\"97\" height=\"16\">Besonderes Merkmal<\/td>\n<td class=\"et2\" style=\"width: 267.50pt;\" width=\"267\">Obere F\u00fcllung, Rei\u00dfverschlu\u00df, Rei\u00dfverschlu\u00dfdesign<\/td>\n<\/tr>\n<tr style=\"height: 16.00pt;\">\n<td class=\"et2\" style=\"height: 16.00pt; width: 97.50pt;\" width=\"97\" height=\"16\">Handhabung der Oberfl\u00e4che<\/td>\n<td class=\"et2\" style=\"width: 267.50pt;\" width=\"267\">Tiefdruck<\/td>\n<\/tr>\n<tr style=\"height: 16.00pt;\">\n<td class=\"et2\" style=\"height: 16.00pt; width: 97.50pt;\" width=\"97\" height=\"16\">Farbe<\/td>\n<td class=\"et2\" style=\"width: 267.50pt;\" width=\"267\">Beidseitiger Druck, bis zu 10 Farben<\/td>\n<\/tr>\n<tr style=\"height: 16.00pt;\">\n<td class=\"et2\" style=\"height: 16.00pt; width: 97.50pt;\" width=\"97\" height=\"16\">Verwendung<\/td>\n<td class=\"et2\" style=\"width: 267.50pt;\" width=\"267\">Landury Waschmittel, Waschpulver, Seife\u00a0<\/td>\n<\/tr>\n<tr style=\"height: 16.00pt;\">\n<td class=\"et2\" style=\"height: 16.00pt; width: 97.50pt;\" width=\"97\" height=\"16\">MOQ<\/td>\n<td class=\"et2\" style=\"width: 267.50pt;\" width=\"267\">50.000 St\u00fcck<\/td>\n<\/tr>\n<tr style=\"height: 16.00pt;\">\n<td class=\"et2\" style=\"height: 16.00pt; width: 97.50pt;\" width=\"97\" height=\"16\">Individuelle Bestellung<\/td>\n<td class=\"et2\" style=\"width: 267.50pt;\" width=\"267\">Akzeptieren Sie OEM, unterst\u00fctzen Sie freie Probe<\/td>\n<\/tr>\n<\/tbody>\n<\/table>","protected":false},"featured_media":2889,"comment_status":"closed","ping_status":"closed","template":"","meta":{"_acf_changed":false},"product_brand":[],"product_cat":[30,18],"product_tag":[],"class_list":{"0":"post-2883","1":"product","2":"type-product","3":"status-publish","4":"has-post-thumbnail","6":"product_cat-stand-up-pouch-manufacturer","7":"product_cat-zipper-pouch-manufacturer","8":"pa_non-food-packaging-soap-detergent-pouches","10":"first","11":"instock","12":"shipping-taxable","13":"product-type-simple"},"acf":[],"_links":{"self":[{"href":"https:\/\/www.stanleypackage.com\/de\/wp-json\/wp\/v2\/product\/2883","targetHints":{"allow":["GET"]}}],"collection":[{"href":"https:\/\/www.stanleypackage.com\/de\/wp-json\/wp\/v2\/product"}],"about":[{"href":"https:\/\/www.stanleypackage.com\/de\/wp-json\/wp\/v2\/types\/product"}],"replies":[{"embeddable":true,"href":"https:\/\/www.stanleypackage.com\/de\/wp-json\/wp\/v2\/comments?post=2883"}],"wp:featuredmedia":[{"embeddable":true,"href":"https:\/\/www.stanleypackage.com\/de\/wp-json\/wp\/v2\/media\/2889"}],"wp:attachment":[{"href":"https:\/\/www.stanleypackage.com\/de\/wp-json\/wp\/v2\/media?parent=2883"}],"wp:term":[{"taxonomy":"product_brand","embeddable":true,"href":"https:\/\/www.stanleypackage.com\/de\/wp-json\/wp\/v2\/product_brand?post=2883"},{"taxonomy":"product_cat","embeddable":true,"href":"https:\/\/www.stanleypackage.com\/de\/wp-json\/wp\/v2\/product_cat?post=2883"},{"taxonomy":"product_tag","embeddable":true,"href":"https:\/\/www.stanleypackage.com\/de\/wp-json\/wp\/v2\/product_tag?post=2883"}],"curies":[{"name":"wp","href":"https:\/\/api.w.org\/{rel}","templated":true}]}}