{"id":2897,"date":"2025-09-01T08:38:02","date_gmt":"2025-09-01T08:38:02","guid":{"rendered":"https:\/\/www.stanleypackage.com\/?post_type=product&#038;p=2897"},"modified":"2025-11-29T03:37:49","modified_gmt":"2025-11-29T03:37:49","slug":"custom-food-packaging-bags","status":"publish","type":"product","link":"https:\/\/www.stanleypackage.com\/de\/product\/custom-food-packaging-bags\/","title":{"rendered":"Kundenspezifische Verpackungsbeutel f\u00fcr Lebensmittel, wiederverschlie\u00dfbare Beutel f\u00fcr gebratenes Huhn"},"content":{"rendered":"<div class=\"wp-block-columns is-layout-flex wp-container-core-columns-is-layout-9d6595d7 wp-block-columns-is-layout-flex\">\n<div class=\"wp-block-column is-layout-flow wp-block-column-is-layout-flow\">\n<h2 class=\"wp-block-heading\">Merkmale von kundenspezifischen Verpackungsbeuteln f\u00fcr Lebensmittel<\/h2>\n\n\n\n<ul class=\"wp-block-list\">\n<li><strong>Standbodenbeutel, leicht zu pr\u00e4sentieren und aufzubewahren:<\/strong> Diese ma\u00dfgefertigten Lebensmittelverpackungen mit Rei\u00dfverschl\u00fcssen haben eine glatte Standbodenstruktur, die die Pr\u00e4sentation im Regal verbessert, Lagerplatz spart und den Endverkauf erleichtert.<\/li>\n\n\n\n<li><strong>Hochwertiges Material, feuchtigkeitsbest\u00e4ndig: <\/strong>Diese Gro\u00dfhandel gebratenes Huhn Verpackungsbeutel verwenden Kraftpapier 70g \/ PET12 \/ PET12 \/ Hitze Anti-Fog CPP50 Verbundmaterial Struktur, die Anpassung an die Umwelt, mit guten Anti-Rei\u00df-und Feuchtigkeitsbest\u00e4ndigkeit, den Schutz der Frische der Lebensmittel.<\/li>\n\n\n\n<li><strong>Rei\u00dfverschluss-Design, wiederholte Abdichtung ist bequemer: <\/strong>Unsere ma\u00dfgefertigten Lebensmittelverpackungen sind mit einem versiegelten Rei\u00dfverschluss ausgestattet, der es erm\u00f6glicht, die Beutel mehrmals zu \u00f6ffnen und zu schlie\u00dfen, um den Inhalt hygienisch und frisch zu halten und das Einkaufserlebnis zu verbessern.<\/li>\n\n\n\n<li><strong>Griffloch-Design, bequem zu tragen:<\/strong> Unsere Gro\u00dfhandelsverpackungen f\u00fcr gebratene H\u00e4hnchen sind mit einem Griffloch ausgestattet, das es den Benutzern erleichtert, die Lebensmittel zu transportieren, und die Praktikabilit\u00e4t verbessert.<\/li>\n\n\n\n<li><strong>Unterst\u00fctzung der Markenanpassung zur Erf\u00fcllung unterschiedlicher Verpackungsanforderungen:<\/strong> Unsere ma\u00dfgefertigten Lebensmittelverpackungen mit Rei\u00dfverschl\u00fcssen k\u00f6nnen bedruckt, gemustert und mit einem Fassungsverm\u00f6gen versehen werden, das den individuellen Verpackungsanforderungen der Kunden entspricht.<\/li>\n\n\n\n<li><strong>Bel\u00fcftungsl\u00f6cher und durchsichtige Fenster: <\/strong>Unsere Gro\u00dfhandelsverpackungen f\u00fcr Brath\u00e4hnchen sind mit Bel\u00fcftungsl\u00f6chern versehen, die die Luftzirkulation erleichtern und ein Beschlagen verhindern k\u00f6nnen. Das transparente Fenster Design erm\u00f6glicht die Lebensmittel angezeigt, die Verbesserung der Attraktivit\u00e4t des Produkts und damit die Kunden den Wunsch zu kaufen.<\/li>\n<\/ul>\n\n\n\n<div class=\"wp-block-columns is-layout-flex wp-container-core-columns-is-layout-9d6595d7 wp-block-columns-is-layout-flex\">\n<div class=\"wp-block-column is-layout-flow wp-block-column-is-layout-flow\">\n<figure class=\"wp-block-image size-full\"><img decoding=\"async\" width=\"750\" height=\"750\" src=\"https:\/\/www.stanleypackage.com\/wp-content\/uploads\/2025\/08\/Custom-Printed-Food-Packaging-Bag-Wholesale-Roast-Chicken-Stand-Up-Pouches-With-Zipper-2.jpg\" alt=\"\" class=\"wp-image-2898\" srcset=\"https:\/\/www.stanleypackage.com\/wp-content\/uploads\/2025\/08\/Custom-Printed-Food-Packaging-Bag-Wholesale-Roast-Chicken-Stand-Up-Pouches-With-Zipper-2.jpg 750w, https:\/\/www.stanleypackage.com\/wp-content\/uploads\/2025\/08\/Custom-Printed-Food-Packaging-Bag-Wholesale-Roast-Chicken-Stand-Up-Pouches-With-Zipper-2-300x300.jpg 300w, https:\/\/www.stanleypackage.com\/wp-content\/uploads\/2025\/08\/Custom-Printed-Food-Packaging-Bag-Wholesale-Roast-Chicken-Stand-Up-Pouches-With-Zipper-2-150x150.jpg 150w, https:\/\/www.stanleypackage.com\/wp-content\/uploads\/2025\/08\/Custom-Printed-Food-Packaging-Bag-Wholesale-Roast-Chicken-Stand-Up-Pouches-With-Zipper-2-12x12.jpg 12w, https:\/\/www.stanleypackage.com\/wp-content\/uploads\/2025\/08\/Custom-Printed-Food-Packaging-Bag-Wholesale-Roast-Chicken-Stand-Up-Pouches-With-Zipper-2-600x600.jpg 600w, https:\/\/www.stanleypackage.com\/wp-content\/uploads\/2025\/08\/Custom-Printed-Food-Packaging-Bag-Wholesale-Roast-Chicken-Stand-Up-Pouches-With-Zipper-2-100x100.jpg 100w\" sizes=\"(max-width: 750px) 100vw, 750px\" \/><\/figure>\n<\/div>\n\n\n\n<div class=\"wp-block-column is-layout-flow wp-block-column-is-layout-flow\">\n<figure class=\"wp-block-image size-full\"><img decoding=\"async\" width=\"750\" height=\"750\" src=\"https:\/\/www.stanleypackage.com\/wp-content\/uploads\/2025\/08\/Custom-Printed-Food-Packaging-Bag-Wholesale-Roast-Chicken-Stand-Up-Pouches-With-Zipper-7.jpg\" alt=\"\" class=\"wp-image-2899\" srcset=\"https:\/\/www.stanleypackage.com\/wp-content\/uploads\/2025\/08\/Custom-Printed-Food-Packaging-Bag-Wholesale-Roast-Chicken-Stand-Up-Pouches-With-Zipper-7.jpg 750w, https:\/\/www.stanleypackage.com\/wp-content\/uploads\/2025\/08\/Custom-Printed-Food-Packaging-Bag-Wholesale-Roast-Chicken-Stand-Up-Pouches-With-Zipper-7-300x300.jpg 300w, https:\/\/www.stanleypackage.com\/wp-content\/uploads\/2025\/08\/Custom-Printed-Food-Packaging-Bag-Wholesale-Roast-Chicken-Stand-Up-Pouches-With-Zipper-7-150x150.jpg 150w, https:\/\/www.stanleypackage.com\/wp-content\/uploads\/2025\/08\/Custom-Printed-Food-Packaging-Bag-Wholesale-Roast-Chicken-Stand-Up-Pouches-With-Zipper-7-12x12.jpg 12w, https:\/\/www.stanleypackage.com\/wp-content\/uploads\/2025\/08\/Custom-Printed-Food-Packaging-Bag-Wholesale-Roast-Chicken-Stand-Up-Pouches-With-Zipper-7-600x600.jpg 600w, https:\/\/www.stanleypackage.com\/wp-content\/uploads\/2025\/08\/Custom-Printed-Food-Packaging-Bag-Wholesale-Roast-Chicken-Stand-Up-Pouches-With-Zipper-7-100x100.jpg 100w\" sizes=\"(max-width: 750px) 100vw, 750px\" \/><\/figure>\n<\/div>\n<\/div>\n<\/div>\n<\/div>","protected":false},"excerpt":{"rendered":"<p>Willkommen bei der Gro\u00dfbestellung kundenspezifischer Verpackungsbeutel f\u00fcr Lebensmittel. Diese Gro\u00dfhandel gebratenes Huhn Verpackungsbeutel mit Rei\u00dfverschl\u00fcssen verf\u00fcgen \u00fcber eine leicht zu rei\u00dfen Verschluss, L\u00fcftungs\u00f6ffnungen, transparente Fenster und eine versiegelte Rei\u00dfverschluss mit einem festen selbst\u00e4ndigen Basis. Hohe Temperatur und Feuchtigkeit resistent, unterst\u00fctzt kundenspezifische Druck.<\/p>\n<table style=\"border-collapse: collapse; width: 327.77pt;\" border=\"0\" width=\"437\" cellspacing=\"0\" cellpadding=\"0\">\n<tbody>\n<tr style=\"height: 12.75pt;\">\n<td class=\"et2\" style=\"height: 12.75pt; width: 91.40pt;\" width=\"121\" height=\"17\">Hersteller<\/td>\n<td class=\"et2\" style=\"width: 237.00pt;\" width=\"316\">Stanley<\/td>\n<\/tr>\n<tr style=\"height: 12.75pt;\">\n<td class=\"et2\" style=\"height: 12.75pt; width: 91.40pt;\" width=\"121\" height=\"17\">Arten von Beuteln<\/td>\n<td class=\"et3\">Stehbeutel, Rei\u00dfverschlusstasche<\/td>\n<\/tr>\n<tr style=\"height: 12.75pt;\">\n<td class=\"et2\" style=\"height: 12.75pt; width: 91.40pt;\" width=\"121\" height=\"17\">Material<\/td>\n<td class=\"et2\" style=\"width: 237.00pt;\" width=\"316\">Kraftpapier 70g \/ PET12 \/ PET12 \/ Hitze Anti-Beschlag CPP50<\/td>\n<\/tr>\n<tr style=\"height: 12.75pt;\">\n<td class=\"et2\" style=\"height: 12.75pt; width: 91.40pt;\" width=\"121\" height=\"17\">Besonderes Merkmal<\/td>\n<td class=\"et2\" style=\"width: 237.00pt;\" width=\"316\">Selbsttragender Boden, leicht abrei\u00dfbare Dichtung, Bel\u00fcftungsl\u00f6cher, Klarsichtfenster, versiegelter Rei\u00dfverschluss<\/td>\n<\/tr>\n<tr style=\"height: 12.75pt;\">\n<td class=\"et2\" style=\"height: 12.75pt; width: 91.40pt;\" width=\"121\" height=\"17\">Handhabung der Oberfl\u00e4che<\/td>\n<td class=\"et2\" style=\"width: 237.00pt;\" width=\"316\">Tiefdruck<\/td>\n<\/tr>\n<tr style=\"height: 12.75pt;\">\n<td class=\"et2\" style=\"height: 12.75pt; width: 91.40pt;\" width=\"121\" height=\"17\">Farbe<\/td>\n<td class=\"et2\" style=\"width: 237.00pt;\" width=\"316\">Bis zu 10 Farben<\/td>\n<\/tr>\n<tr style=\"height: 12.75pt;\">\n<td class=\"et2\" style=\"height: 12.75pt; width: 91.40pt;\" width=\"121\" height=\"17\">Verwendung<\/td>\n<td class=\"et3\">Brath\u00e4hnchen, gebratene Ente, Brot<\/td>\n<\/tr>\n<tr style=\"height: 12.75pt;\">\n<td class=\"et2\" style=\"height: 12.75pt; width: 91.40pt;\" width=\"121\" height=\"17\">MOQ<\/td>\n<td class=\"et2\" style=\"width: 237.00pt;\" width=\"316\">50.000 St\u00fcck<\/td>\n<\/tr>\n<tr style=\"height: 12.75pt;\">\n<td class=\"et2\" style=\"height: 12.75pt; width: 91.40pt;\" width=\"121\" height=\"17\">Individuelle Bestellung<\/td>\n<td class=\"et2\" style=\"width: 237.00pt;\" width=\"316\">Akzeptieren Sie OEM, unterst\u00fctzen Sie freie Probe<\/td>\n<\/tr>\n<\/tbody>\n<\/table>","protected":false},"featured_media":2902,"comment_status":"closed","ping_status":"closed","template":"","meta":{"_acf_changed":false},"product_brand":[],"product_cat":[18,30],"product_tag":[],"class_list":{"0":"post-2897","1":"product","2":"type-product","3":"status-publish","4":"has-post-thumbnail","6":"product_cat-zipper-pouch-manufacturer","7":"product_cat-stand-up-pouch-manufacturer","8":"pa_food-packaging-ready-meal-pouch","9":"pa_material-kraft-paper","11":"first","12":"instock","13":"shipping-taxable","14":"product-type-simple"},"acf":[],"_links":{"self":[{"href":"https:\/\/www.stanleypackage.com\/de\/wp-json\/wp\/v2\/product\/2897","targetHints":{"allow":["GET"]}}],"collection":[{"href":"https:\/\/www.stanleypackage.com\/de\/wp-json\/wp\/v2\/product"}],"about":[{"href":"https:\/\/www.stanleypackage.com\/de\/wp-json\/wp\/v2\/types\/product"}],"replies":[{"embeddable":true,"href":"https:\/\/www.stanleypackage.com\/de\/wp-json\/wp\/v2\/comments?post=2897"}],"wp:featuredmedia":[{"embeddable":true,"href":"https:\/\/www.stanleypackage.com\/de\/wp-json\/wp\/v2\/media\/2902"}],"wp:attachment":[{"href":"https:\/\/www.stanleypackage.com\/de\/wp-json\/wp\/v2\/media?parent=2897"}],"wp:term":[{"taxonomy":"product_brand","embeddable":true,"href":"https:\/\/www.stanleypackage.com\/de\/wp-json\/wp\/v2\/product_brand?post=2897"},{"taxonomy":"product_cat","embeddable":true,"href":"https:\/\/www.stanleypackage.com\/de\/wp-json\/wp\/v2\/product_cat?post=2897"},{"taxonomy":"product_tag","embeddable":true,"href":"https:\/\/www.stanleypackage.com\/de\/wp-json\/wp\/v2\/product_tag?post=2897"}],"curies":[{"name":"wp","href":"https:\/\/api.w.org\/{rel}","templated":true}]}}