{"id":2906,"date":"2025-09-01T09:56:22","date_gmt":"2025-09-01T09:56:22","guid":{"rendered":"https:\/\/www.stanleypackage.com\/?post_type=product&#038;p=2906"},"modified":"2025-09-01T09:56:27","modified_gmt":"2025-09-01T09:56:27","slug":"custom-resealable-packaging-bags","status":"publish","type":"product","link":"https:\/\/www.stanleypackage.com\/de\/product\/custom-resealable-packaging-bags\/","title":{"rendered":"Kundenspezifische wiederverschlie\u00dfbare Verpackungstaschen f\u00fcr Reise-Mundpflege-Kits"},"content":{"rendered":"<div class=\"wp-block-columns is-layout-flex wp-container-core-columns-is-layout-9d6595d7 wp-block-columns-is-layout-flex\">\n<div class=\"wp-block-column is-layout-flow wp-block-column-is-layout-flow\">\n<h2 class=\"wp-block-heading\">Merkmale von kundenspezifischen wiederverschlie\u00dfbaren Verpackungsbeuteln<\/h2>\n\n\n\n<ul class=\"wp-block-list\">\n<li><strong>Standbodenbeutel, leicht zu pr\u00e4sentieren und aufzubewahren:<\/strong> Diese kundenspezifischen wiederverschlie\u00dfbaren Verpackungsbeutel haben eine glatte Standbodenstruktur, die die Pr\u00e4sentation im Regal verbessert, Lagerplatz spart und den Endverkauf erleichtert.<\/li>\n\n\n\n<li><strong>Design zum \u00d6ffnen von Fenstern: <\/strong>Unsere Reise-Mundpflegeset-Verpackungstaschen f\u00fcr den Gro\u00dfhandel verf\u00fcgen \u00fcber ein Fensterdesign, das eine klare Darstellung des Produkts erm\u00f6glicht und die Auswahl f\u00fcr den Kunden erleichtert.<\/li>\n\n\n\n<li><strong>Leicht zu rei\u00dfendes Design, ausgestattet mit Rei\u00dfverschluss: <\/strong>Unsere kundenspezifischen wiederverschlie\u00dfbaren Verpackungsbeutel haben ein leichtes Aufrei\u00dfdesign und einen Rei\u00dfverschluss, so dass sie bequem zu \u00f6ffnen sind und wiederholt gezogen werden k\u00f6nnen.<\/li>\n\n\n\n<li><strong>Supermarkt-Loch-Design, bequem zu pr\u00e4sentieren: <\/strong>Unsere benutzerdefinierten Reise-Mundpflege-Kit Verpackung Taschen Gro\u00dfhandel sind mit Supermarkt L\u00f6cher, die auf den Regalen aufgeh\u00e4ngt werden k\u00f6nnen entworfen. Dies erleichtert nicht nur die Pr\u00e4sentation, sondern spart auch Platz.<\/li>\n\n\n\n<li><strong>Verwenden Sie spezielle Materialien: <\/strong>Diese kundenspezifischen, wiederverschlie\u00dfbaren Verpackungsbeutel werden aus Goldsand-Folienmaterial hergestellt, das die metallische Dreidimensionalit\u00e4t des Beutels verst\u00e4rkt und eine sehr gute optische Wirkung hat. Es verbessert die Qualit\u00e4t des Produkts und regt die Kauflust der Verbraucher an.<\/li>\n\n\n\n<li><strong>Unterst\u00fctzung der Markenanpassung zur Erf\u00fcllung unterschiedlicher Verpackungsanforderungen: <\/strong>Unsere kundenspezifischen Verpackungsbeutel f\u00fcr Mundpflegeprodukte im Gro\u00dfhandel unterst\u00fctzen Druck, Muster und Kapazit\u00e4t, um die einzigartigen Verpackungsanforderungen der Kunden zu erf\u00fcllen.<\/li>\n<\/ul>\n\n\n\n<div class=\"wp-block-columns is-layout-flex wp-container-core-columns-is-layout-9d6595d7 wp-block-columns-is-layout-flex\">\n<div class=\"wp-block-column is-layout-flow wp-block-column-is-layout-flow\">\n<figure class=\"wp-block-image size-full\"><img decoding=\"async\" width=\"750\" height=\"750\" src=\"https:\/\/www.stanleypackage.com\/wp-content\/uploads\/2025\/09\/Custom-Children-Care-Packaging-Bag-Wholesale-Stand-Up-Pouches-With-Zipper-5.jpg\" alt=\"\" class=\"wp-image-2907\" srcset=\"https:\/\/www.stanleypackage.com\/wp-content\/uploads\/2025\/09\/Custom-Children-Care-Packaging-Bag-Wholesale-Stand-Up-Pouches-With-Zipper-5.jpg 750w, https:\/\/www.stanleypackage.com\/wp-content\/uploads\/2025\/09\/Custom-Children-Care-Packaging-Bag-Wholesale-Stand-Up-Pouches-With-Zipper-5-300x300.jpg 300w, https:\/\/www.stanleypackage.com\/wp-content\/uploads\/2025\/09\/Custom-Children-Care-Packaging-Bag-Wholesale-Stand-Up-Pouches-With-Zipper-5-150x150.jpg 150w, https:\/\/www.stanleypackage.com\/wp-content\/uploads\/2025\/09\/Custom-Children-Care-Packaging-Bag-Wholesale-Stand-Up-Pouches-With-Zipper-5-12x12.jpg 12w, https:\/\/www.stanleypackage.com\/wp-content\/uploads\/2025\/09\/Custom-Children-Care-Packaging-Bag-Wholesale-Stand-Up-Pouches-With-Zipper-5-600x600.jpg 600w, https:\/\/www.stanleypackage.com\/wp-content\/uploads\/2025\/09\/Custom-Children-Care-Packaging-Bag-Wholesale-Stand-Up-Pouches-With-Zipper-5-100x100.jpg 100w\" sizes=\"(max-width: 750px) 100vw, 750px\" \/><\/figure>\n<\/div>\n\n\n\n<div class=\"wp-block-column is-layout-flow wp-block-column-is-layout-flow\">\n<figure class=\"wp-block-image size-full\"><img decoding=\"async\" width=\"750\" height=\"750\" src=\"https:\/\/www.stanleypackage.com\/wp-content\/uploads\/2025\/09\/Custom-Children-Care-Packaging-Bag-Wholesale-Stand-Up-Pouches-With-Zipper-7.jpg\" alt=\"\" class=\"wp-image-2908\" srcset=\"https:\/\/www.stanleypackage.com\/wp-content\/uploads\/2025\/09\/Custom-Children-Care-Packaging-Bag-Wholesale-Stand-Up-Pouches-With-Zipper-7.jpg 750w, https:\/\/www.stanleypackage.com\/wp-content\/uploads\/2025\/09\/Custom-Children-Care-Packaging-Bag-Wholesale-Stand-Up-Pouches-With-Zipper-7-300x300.jpg 300w, https:\/\/www.stanleypackage.com\/wp-content\/uploads\/2025\/09\/Custom-Children-Care-Packaging-Bag-Wholesale-Stand-Up-Pouches-With-Zipper-7-150x150.jpg 150w, https:\/\/www.stanleypackage.com\/wp-content\/uploads\/2025\/09\/Custom-Children-Care-Packaging-Bag-Wholesale-Stand-Up-Pouches-With-Zipper-7-12x12.jpg 12w, https:\/\/www.stanleypackage.com\/wp-content\/uploads\/2025\/09\/Custom-Children-Care-Packaging-Bag-Wholesale-Stand-Up-Pouches-With-Zipper-7-600x600.jpg 600w, https:\/\/www.stanleypackage.com\/wp-content\/uploads\/2025\/09\/Custom-Children-Care-Packaging-Bag-Wholesale-Stand-Up-Pouches-With-Zipper-7-100x100.jpg 100w\" sizes=\"(max-width: 750px) 100vw, 750px\" \/><\/figure>\n<\/div>\n<\/div>\n<\/div>\n<\/div>","protected":false},"excerpt":{"rendered":"<p>Willkommen bei der Bestellung kundenspezifischer wiederverschlie\u00dfbarer Verpackungsbeutel. Unsere Reise-Mundpflege-Kit-Verpackungstaschen Gro\u00dfhandel kommen mit einem leicht zu rei\u00dfen Kerbe Fenster, ein Rei\u00dfverschluss, und Supermarkt L\u00f6cher, die kundenspezifische Druck unterst\u00fctzen.<\/p>\n<table style=\"border-collapse: collapse; width: 327.77pt;\" border=\"0\" width=\"437\" cellspacing=\"0\" cellpadding=\"0\">\n<tbody>\n<tr style=\"height: 12.75pt;\">\n<td class=\"et2\" style=\"height: 12.75pt; width: 91.40pt;\" width=\"121\" height=\"17\">Hersteller<\/td>\n<td class=\"et2\" style=\"width: 237.00pt;\" width=\"316\">Stanley<\/td>\n<\/tr>\n<tr style=\"height: 12.75pt;\">\n<td class=\"et2\" style=\"height: 12.75pt; width: 91.40pt;\" width=\"121\" height=\"17\">Arten von Beuteln<\/td>\n<td class=\"et3\">Standbodenbeutel, Rei\u00dfverschlussbeutel<\/td>\n<\/tr>\n<tr style=\"height: 12.75pt;\">\n<td class=\"et2\" style=\"height: 12.75pt; width: 91.40pt;\" width=\"121\" height=\"17\">Material<\/td>\n<td class=\"et2\" style=\"width: 237.00pt;\" width=\"316\">55\u03bc Golden Sand Film \/ 12\u03bc PET \/ 50\u03bc PE<\/td>\n<\/tr>\n<tr style=\"height: 12.75pt;\">\n<td class=\"et2\" style=\"height: 12.75pt; width: 91.40pt;\" width=\"121\" height=\"17\">Besonderes Merkmal<\/td>\n<td class=\"et2\" style=\"width: 237.00pt;\" width=\"316\">Stehbeutel, Rei\u00dfverschlusstasche, Easy-tear Notch, Klarsichtfenster<\/td>\n<\/tr>\n<tr style=\"height: 12.75pt;\">\n<td class=\"et2\" style=\"height: 12.75pt; width: 91.40pt;\" width=\"121\" height=\"17\">Handhabung der Oberfl\u00e4che<\/td>\n<td class=\"et2\" style=\"width: 237.00pt;\" width=\"316\">Tiefdruck<\/td>\n<\/tr>\n<tr style=\"height: 12.75pt;\">\n<td class=\"et2\" style=\"height: 12.75pt; width: 91.40pt;\" width=\"121\" height=\"17\">Farbe<\/td>\n<td class=\"et2\" style=\"width: 237.00pt;\" width=\"316\">Bis zu 10 Farben<\/td>\n<\/tr>\n<tr style=\"height: 12.75pt;\">\n<td class=\"et2\" style=\"height: 12.75pt; width: 91.40pt;\" width=\"121\" height=\"17\">Verwendung<\/td>\n<td class=\"et3\">Reisezahnpflegeset, Hotelausstattung, Zahnarztset<\/td>\n<\/tr>\n<tr style=\"height: 12.75pt;\">\n<td class=\"et2\" style=\"height: 12.75pt; width: 91.40pt;\" width=\"121\" height=\"17\">MOQ<\/td>\n<td class=\"et2\" style=\"width: 237.00pt;\" width=\"316\">50.000 St\u00fcck<\/td>\n<\/tr>\n<tr style=\"height: 12.75pt;\">\n<td class=\"et2\" style=\"height: 12.75pt; width: 91.40pt;\" width=\"121\" height=\"17\">Individuelle Bestellung<\/td>\n<td class=\"et2\" style=\"width: 237.00pt;\" width=\"316\">Akzeptieren Sie OEM, unterst\u00fctzen Sie freie Probe<\/td>\n<\/tr>\n<\/tbody>\n<\/table>","protected":false},"featured_media":2910,"comment_status":"closed","ping_status":"closed","template":"","meta":{"_acf_changed":false},"product_brand":[],"product_cat":[18,30],"product_tag":[],"class_list":{"0":"post-2906","1":"product","2":"type-product","3":"status-publish","4":"has-post-thumbnail","6":"product_cat-zipper-pouch-manufacturer","7":"product_cat-stand-up-pouch-manufacturer","8":"pa_non-food-packaging-hotel-supplies-packaging","10":"first","11":"instock","12":"shipping-taxable","13":"product-type-simple"},"acf":[],"_links":{"self":[{"href":"https:\/\/www.stanleypackage.com\/de\/wp-json\/wp\/v2\/product\/2906","targetHints":{"allow":["GET"]}}],"collection":[{"href":"https:\/\/www.stanleypackage.com\/de\/wp-json\/wp\/v2\/product"}],"about":[{"href":"https:\/\/www.stanleypackage.com\/de\/wp-json\/wp\/v2\/types\/product"}],"replies":[{"embeddable":true,"href":"https:\/\/www.stanleypackage.com\/de\/wp-json\/wp\/v2\/comments?post=2906"}],"wp:featuredmedia":[{"embeddable":true,"href":"https:\/\/www.stanleypackage.com\/de\/wp-json\/wp\/v2\/media\/2910"}],"wp:attachment":[{"href":"https:\/\/www.stanleypackage.com\/de\/wp-json\/wp\/v2\/media?parent=2906"}],"wp:term":[{"taxonomy":"product_brand","embeddable":true,"href":"https:\/\/www.stanleypackage.com\/de\/wp-json\/wp\/v2\/product_brand?post=2906"},{"taxonomy":"product_cat","embeddable":true,"href":"https:\/\/www.stanleypackage.com\/de\/wp-json\/wp\/v2\/product_cat?post=2906"},{"taxonomy":"product_tag","embeddable":true,"href":"https:\/\/www.stanleypackage.com\/de\/wp-json\/wp\/v2\/product_tag?post=2906"}],"curies":[{"name":"wp","href":"https:\/\/api.w.org\/{rel}","templated":true}]}}