{"id":2921,"date":"2025-09-09T07:11:06","date_gmt":"2025-09-09T07:11:06","guid":{"rendered":"https:\/\/www.stanleypackage.com\/?post_type=product&#038;p=2921"},"modified":"2025-09-09T07:11:13","modified_gmt":"2025-09-09T07:11:13","slug":"hotel-amenities-packaging","status":"publish","type":"product","link":"https:\/\/www.stanleypackage.com\/de\/product\/hotel-amenities-packaging\/","title":{"rendered":"Individuelle Verpackungen f\u00fcr Hotelausstattung f\u00fcr Haarkamm und Wattepads"},"content":{"rendered":"<div class=\"wp-block-columns is-layout-flex wp-container-core-columns-is-layout-9d6595d7 wp-block-columns-is-layout-flex\">\n<div class=\"wp-block-column is-layout-flow wp-block-column-is-layout-flow\">\n<h2 class=\"wp-block-heading\">Merkmale einer individuellen Verpackung f\u00fcr Hotelausstattungen<\/h2>\n\n\n\n<ul class=\"wp-block-list\">\n<li><strong>Raue Kanten zum Pressen, um die Qualit\u00e4t zu sichern:<\/strong> Die Verpackungsmuster unserer kundenspezifischen Verpackungen f\u00fcr Hotelausstattungen haben glatte Kanten und sind unempfindlich gegen Risse, was die Qualit\u00e4t unserer Produkte gew\u00e4hrleistet.<\/li>\n\n\n\n<li><strong>Aufrei\u00dfdesign f\u00fcr leichtes \u00d6ffnen: <\/strong>Unsere kundenspezifischen Verpackungen f\u00fcr Hotelausstattung sind mit einer leichten Aufrei\u00dfkerbe versehen, so dass die Verbraucher die Verpackung ohne Schere oder andere Hilfsmittel leicht aufrei\u00dfen k\u00f6nnen und der Gebrauch bequemer ist.<\/li>\n\n\n\n<li><strong>Kompakte Verpackung, leicht zu transportieren:<\/strong> Unsere dreiseitig versiegelten Gro\u00dfhandelsverpackungen sind kompakt. Egal, ob Sie auf Reisen sind oder einen Ausflug machen, sie ist sehr tragbar und nimmt in einer Tasche nicht viel Platz weg.<\/li>\n\n\n\n<li><strong>Bef\u00fcllung von unten zur Verbesserung der Effizienz: <\/strong>Die Bodenbef\u00fcllungsmethode dieses dreiseitigen Gro\u00dfhandelssiegelbeutels ist f\u00fcr den Betrieb von automatischen Verpackungsanlagen geeignet, was die Produktionseffizienz verbessert und die Arbeitskosten senkt.<\/li>\n\n\n\n<li><strong>Unterst\u00fctzung von kundenspezifischem Druck und Spezifikationen<\/strong>: Unsere kundenspezifischen Verpackungen f\u00fcr Hotelausstattungen k\u00f6nnen die Gr\u00f6\u00dfe und den Druckinhalt der Tasche an die Bed\u00fcrfnisse der Marke anpassen, um den Wiedererkennungswert der Marke und die Wettbewerbsf\u00e4higkeit auf dem Markt zu steigern.<\/li>\n<\/ul>\n\n\n\n<div class=\"wp-block-columns is-layout-flex wp-container-core-columns-is-layout-9d6595d7 wp-block-columns-is-layout-flex\">\n<div class=\"wp-block-column is-layout-flow wp-block-column-is-layout-flow\">\n<figure class=\"wp-block-image size-full\"><img decoding=\"async\" width=\"750\" height=\"750\" src=\"https:\/\/www.stanleypackage.com\/wp-content\/uploads\/2025\/09\/Customized-Hotel-Product-Packaging-Bag-Wholesale-Three-sided-Sealing-Pouch-4.jpg\" alt=\"\" class=\"wp-image-2922\" srcset=\"https:\/\/www.stanleypackage.com\/wp-content\/uploads\/2025\/09\/Customized-Hotel-Product-Packaging-Bag-Wholesale-Three-sided-Sealing-Pouch-4.jpg 750w, https:\/\/www.stanleypackage.com\/wp-content\/uploads\/2025\/09\/Customized-Hotel-Product-Packaging-Bag-Wholesale-Three-sided-Sealing-Pouch-4-300x300.jpg 300w, https:\/\/www.stanleypackage.com\/wp-content\/uploads\/2025\/09\/Customized-Hotel-Product-Packaging-Bag-Wholesale-Three-sided-Sealing-Pouch-4-150x150.jpg 150w, https:\/\/www.stanleypackage.com\/wp-content\/uploads\/2025\/09\/Customized-Hotel-Product-Packaging-Bag-Wholesale-Three-sided-Sealing-Pouch-4-12x12.jpg 12w, https:\/\/www.stanleypackage.com\/wp-content\/uploads\/2025\/09\/Customized-Hotel-Product-Packaging-Bag-Wholesale-Three-sided-Sealing-Pouch-4-600x600.jpg 600w, https:\/\/www.stanleypackage.com\/wp-content\/uploads\/2025\/09\/Customized-Hotel-Product-Packaging-Bag-Wholesale-Three-sided-Sealing-Pouch-4-100x100.jpg 100w\" sizes=\"(max-width: 750px) 100vw, 750px\" \/><\/figure>\n<\/div>\n\n\n\n<div class=\"wp-block-column is-layout-flow wp-block-column-is-layout-flow\">\n<figure class=\"wp-block-image size-full\"><img decoding=\"async\" width=\"750\" height=\"750\" src=\"https:\/\/www.stanleypackage.com\/wp-content\/uploads\/2025\/09\/Customized-Hotel-Product-Packaging-Bag-Wholesale-Three-sided-Sealing-Pouch-5.jpg\" alt=\"\" class=\"wp-image-2923\" srcset=\"https:\/\/www.stanleypackage.com\/wp-content\/uploads\/2025\/09\/Customized-Hotel-Product-Packaging-Bag-Wholesale-Three-sided-Sealing-Pouch-5.jpg 750w, https:\/\/www.stanleypackage.com\/wp-content\/uploads\/2025\/09\/Customized-Hotel-Product-Packaging-Bag-Wholesale-Three-sided-Sealing-Pouch-5-300x300.jpg 300w, https:\/\/www.stanleypackage.com\/wp-content\/uploads\/2025\/09\/Customized-Hotel-Product-Packaging-Bag-Wholesale-Three-sided-Sealing-Pouch-5-150x150.jpg 150w, https:\/\/www.stanleypackage.com\/wp-content\/uploads\/2025\/09\/Customized-Hotel-Product-Packaging-Bag-Wholesale-Three-sided-Sealing-Pouch-5-12x12.jpg 12w, https:\/\/www.stanleypackage.com\/wp-content\/uploads\/2025\/09\/Customized-Hotel-Product-Packaging-Bag-Wholesale-Three-sided-Sealing-Pouch-5-600x600.jpg 600w, https:\/\/www.stanleypackage.com\/wp-content\/uploads\/2025\/09\/Customized-Hotel-Product-Packaging-Bag-Wholesale-Three-sided-Sealing-Pouch-5-100x100.jpg 100w\" sizes=\"(max-width: 750px) 100vw, 750px\" \/><\/figure>\n<\/div>\n<\/div>\n<\/div>\n<\/div>","protected":false},"excerpt":{"rendered":"<p>Willkommen zu bestellen benutzerdefinierte Hotel Annehmlichkeiten Verpackung. Unsere Gro\u00dfhandelsbeutel mit dreiseitiger Versiegelung sind mit einer leicht einrei\u00dfbaren Kerbe versehen, und die Kanten sind glatt und flach, was die Qualit\u00e4t gew\u00e4hrleistet. Dar\u00fcber hinaus k\u00f6nnen wir Verpackungsbeutel mit verschiedenen Spezifikationen, Farben und Formen nach Kundenw\u00fcnschen anpassen.<\/p>\n<table style=\"border-collapse: collapse; width: 365.02pt;\" border=\"0\" width=\"365\" cellspacing=\"0\" cellpadding=\"0\">\n<tbody>\n<tr style=\"height: 16.00pt;\">\n<td class=\"et2\" style=\"height: 16.00pt; width: 97.50pt;\" width=\"97\" height=\"16\">Hersteller<\/td>\n<td class=\"et2\" style=\"width: 267.50pt;\" width=\"267\">Stanley<\/td>\n<\/tr>\n<tr style=\"height: 16.00pt;\">\n<td class=\"et2\" style=\"height: 16.00pt; width: 97.50pt;\" width=\"97\" height=\"16\">Arten von Beuteln<\/td>\n<td class=\"et3\">Dreiseitiger Siegelrandbeutel<\/td>\n<\/tr>\n<tr style=\"height: 16.00pt;\">\n<td class=\"et2\" style=\"height: 16.00pt; width: 97.50pt;\" width=\"97\" height=\"16\">Material<\/td>\n<td class=\"et2\" style=\"width: 267.50pt;\" width=\"267\">Laser PET12\/VMPET12\/PE56 (3D-Effekt))<\/td>\n<\/tr>\n<tr style=\"height: 16.00pt;\">\n<td class=\"et2\" style=\"height: 16.00pt; width: 97.50pt;\" width=\"97\" height=\"16\">Besonderes Merkmal<\/td>\n<td class=\"et2\" style=\"width: 267.50pt;\" width=\"267\">Risskerbe, untere F\u00fcllung<\/td>\n<\/tr>\n<tr style=\"height: 16.00pt;\">\n<td class=\"et2\" style=\"height: 16.00pt; width: 97.50pt;\" width=\"97\" height=\"16\">Handhabung der Oberfl\u00e4che<\/td>\n<td class=\"et2\" style=\"width: 267.50pt;\" width=\"267\">Tiefdruck<\/td>\n<\/tr>\n<tr style=\"height: 16.00pt;\">\n<td class=\"et2\" style=\"height: 16.00pt; width: 97.50pt;\" width=\"97\" height=\"16\">Farbe<\/td>\n<td class=\"et2\" style=\"width: 267.50pt;\" width=\"267\">Doppelseitiger Druck, bis zu 10 Farben<\/td>\n<\/tr>\n<tr style=\"height: 16.00pt;\">\n<td class=\"et2\" style=\"height: 16.00pt; width: 97.50pt;\" width=\"97\" height=\"16\">Verwendung<\/td>\n<td class=\"et2\" style=\"width: 267.50pt;\" width=\"267\">Kamm, Wattest\u00e4bchen, Zahnstocher<\/td>\n<\/tr>\n<tr style=\"height: 16.00pt;\">\n<td class=\"et2\" style=\"height: 16.00pt; width: 97.50pt;\" width=\"97\" height=\"16\">MOQ<\/td>\n<td class=\"et2\" style=\"width: 267.50pt;\" width=\"267\">50.000 St\u00fcck<\/td>\n<\/tr>\n<tr style=\"height: 16.00pt;\">\n<td class=\"et2\" style=\"height: 16.00pt; width: 97.50pt;\" width=\"97\" height=\"16\">Individuelle Bestellung<\/td>\n<td class=\"et2\" style=\"width: 267.50pt;\" width=\"267\">Akzeptieren Sie OEM, unterst\u00fctzen Sie freie Probe<\/td>\n<\/tr>\n<\/tbody>\n<\/table>\n<p>&nbsp;<\/p>","protected":false},"featured_media":2924,"comment_status":"closed","ping_status":"closed","template":"","meta":{"_acf_changed":false},"product_brand":[],"product_cat":[31,28],"product_tag":[],"class_list":{"0":"post-2921","1":"product","2":"type-product","3":"status-publish","4":"has-post-thumbnail","6":"product_cat-lay-flat-pouch-manufacturer","7":"product_cat-three-side-seal-pouch-manufacturer","8":"pa_non-food-packaging-hotel-supplies-packaging","10":"first","11":"instock","12":"shipping-taxable","13":"product-type-simple"},"acf":[],"_links":{"self":[{"href":"https:\/\/www.stanleypackage.com\/de\/wp-json\/wp\/v2\/product\/2921","targetHints":{"allow":["GET"]}}],"collection":[{"href":"https:\/\/www.stanleypackage.com\/de\/wp-json\/wp\/v2\/product"}],"about":[{"href":"https:\/\/www.stanleypackage.com\/de\/wp-json\/wp\/v2\/types\/product"}],"replies":[{"embeddable":true,"href":"https:\/\/www.stanleypackage.com\/de\/wp-json\/wp\/v2\/comments?post=2921"}],"wp:featuredmedia":[{"embeddable":true,"href":"https:\/\/www.stanleypackage.com\/de\/wp-json\/wp\/v2\/media\/2924"}],"wp:attachment":[{"href":"https:\/\/www.stanleypackage.com\/de\/wp-json\/wp\/v2\/media?parent=2921"}],"wp:term":[{"taxonomy":"product_brand","embeddable":true,"href":"https:\/\/www.stanleypackage.com\/de\/wp-json\/wp\/v2\/product_brand?post=2921"},{"taxonomy":"product_cat","embeddable":true,"href":"https:\/\/www.stanleypackage.com\/de\/wp-json\/wp\/v2\/product_cat?post=2921"},{"taxonomy":"product_tag","embeddable":true,"href":"https:\/\/www.stanleypackage.com\/de\/wp-json\/wp\/v2\/product_tag?post=2921"}],"curies":[{"name":"wp","href":"https:\/\/api.w.org\/{rel}","templated":true}]}}