{"id":2930,"date":"2025-09-15T06:27:17","date_gmt":"2025-09-15T06:27:17","guid":{"rendered":"https:\/\/www.stanleypackage.com\/?post_type=product&#038;p=2930"},"modified":"2025-09-15T06:27:24","modified_gmt":"2025-09-15T06:27:24","slug":"three-side-seal-pouch","status":"publish","type":"product","link":"https:\/\/www.stanleypackage.com\/de\/product\/three-side-seal-pouch\/","title":{"rendered":"Individuell bedruckter Dreiseiten-Siegelbeutel f\u00fcr Hotel-Vanity-Kit"},"content":{"rendered":"<div class=\"wp-block-columns is-layout-flex wp-container-core-columns-is-layout-9d6595d7 wp-block-columns-is-layout-flex\">\n<div class=\"wp-block-column is-layout-flow wp-block-column-is-layout-flow\">\n<h2 class=\"wp-block-heading\">Merkmale der individuell bedruckten Dreiseitensiegeltasche<\/h2>\n\n\n\n<ul class=\"wp-block-list\">\n<li><strong>Raue Kanten zum Pressen, um die Qualit\u00e4t zu sichern: <\/strong>Die Verpackungsmuster unserer kundenspezifischen Dreiseitensiegelbeutel f\u00fcr Hotelkosmetik haben glatte Kanten und sind nicht anf\u00e4llig f\u00fcr Risse, was die Qualit\u00e4t unserer Produkte gew\u00e4hrleistet.<\/li>\n\n\n\n<li><strong>Aufrei\u00dfdesign f\u00fcr leichtes \u00d6ffnen: <\/strong>Unsere Gro\u00dfhandelsverpackungen f\u00fcr Hotelausstattung sind mit einer leichten Aufrei\u00dfkerbe versehen, so dass die Verbraucher die Verpackung ohne Schere oder andere Hilfsmittel leicht aufrei\u00dfen k\u00f6nnen und der Gebrauch bequemer ist.<\/li>\n\n\n\n<li><strong>Kompakte Verpackung, leicht zu transportieren:<\/strong> Unser Hotel Annehmlichkeit benutzerdefinierte drei Seite Siegel Tasche ist kompakt. Ob Sie reisen oder auf eine Reise gehen, ist es sehr tragbar und nimmt nicht viel Platz, wenn in einer Tasche platziert.<\/li>\n\n\n\n<li><strong>Ein transparentes Design auf einer Seite:<\/strong> Unser kundenspezifischer Dreiseiten-Siegelbeutel f\u00fcr Hotelkosmetik hat eine transparente Seite, die es erm\u00f6glicht, die Produkte im Inneren zu zeigen, so dass die Kunden ihre Auswahl treffen k\u00f6nnen.<\/li>\n\n\n\n<li><strong>Unterst\u00fctzung von kundenspezifischem Druck und Spezifikationen: <\/strong>Unsere Gro\u00dfhandelsverpackungen f\u00fcr Hotelausstattungen k\u00f6nnen die Gr\u00f6\u00dfe der Beutel und den Druckinhalt an die Bed\u00fcrfnisse der Marke anpassen, um den Wiedererkennungswert der Marke und die Wettbewerbsf\u00e4higkeit auf dem Markt zu verbessern.<\/li>\n<\/ul>\n\n\n\n<div class=\"wp-block-columns is-layout-flex wp-container-core-columns-is-layout-9d6595d7 wp-block-columns-is-layout-flex\">\n<div class=\"wp-block-column is-layout-flow wp-block-column-is-layout-flow\">\n<figure class=\"wp-block-image size-full\"><img decoding=\"async\" width=\"750\" height=\"750\" src=\"https:\/\/www.stanleypackage.com\/wp-content\/uploads\/2025\/09\/Customized-Three-sided-Sealing-Pouch-Wholesale-Hotel-Product-Packaging-Bag-2.jpg\" alt=\"Individuell bedruckter Dreiseiten-Siegelbeutel f\u00fcr Hotel-Vanity-Kit\" class=\"wp-image-2935\" srcset=\"https:\/\/www.stanleypackage.com\/wp-content\/uploads\/2025\/09\/Customized-Three-sided-Sealing-Pouch-Wholesale-Hotel-Product-Packaging-Bag-2.jpg 750w, https:\/\/www.stanleypackage.com\/wp-content\/uploads\/2025\/09\/Customized-Three-sided-Sealing-Pouch-Wholesale-Hotel-Product-Packaging-Bag-2-300x300.jpg 300w, https:\/\/www.stanleypackage.com\/wp-content\/uploads\/2025\/09\/Customized-Three-sided-Sealing-Pouch-Wholesale-Hotel-Product-Packaging-Bag-2-150x150.jpg 150w, https:\/\/www.stanleypackage.com\/wp-content\/uploads\/2025\/09\/Customized-Three-sided-Sealing-Pouch-Wholesale-Hotel-Product-Packaging-Bag-2-12x12.jpg 12w, https:\/\/www.stanleypackage.com\/wp-content\/uploads\/2025\/09\/Customized-Three-sided-Sealing-Pouch-Wholesale-Hotel-Product-Packaging-Bag-2-600x600.jpg 600w, https:\/\/www.stanleypackage.com\/wp-content\/uploads\/2025\/09\/Customized-Three-sided-Sealing-Pouch-Wholesale-Hotel-Product-Packaging-Bag-2-100x100.jpg 100w\" sizes=\"(max-width: 750px) 100vw, 750px\" \/><\/figure>\n<\/div>\n\n\n\n<div class=\"wp-block-column is-layout-flow wp-block-column-is-layout-flow\">\n<figure class=\"wp-block-image size-full\"><img decoding=\"async\" width=\"750\" height=\"750\" src=\"https:\/\/www.stanleypackage.com\/wp-content\/uploads\/2025\/09\/Customized-Three-sided-Sealing-Pouch-Wholesale-Hotel-Product-Packaging-Bag.jpg\" alt=\"\" class=\"wp-image-2932\" srcset=\"https:\/\/www.stanleypackage.com\/wp-content\/uploads\/2025\/09\/Customized-Three-sided-Sealing-Pouch-Wholesale-Hotel-Product-Packaging-Bag.jpg 750w, https:\/\/www.stanleypackage.com\/wp-content\/uploads\/2025\/09\/Customized-Three-sided-Sealing-Pouch-Wholesale-Hotel-Product-Packaging-Bag-300x300.jpg 300w, https:\/\/www.stanleypackage.com\/wp-content\/uploads\/2025\/09\/Customized-Three-sided-Sealing-Pouch-Wholesale-Hotel-Product-Packaging-Bag-150x150.jpg 150w, https:\/\/www.stanleypackage.com\/wp-content\/uploads\/2025\/09\/Customized-Three-sided-Sealing-Pouch-Wholesale-Hotel-Product-Packaging-Bag-12x12.jpg 12w, https:\/\/www.stanleypackage.com\/wp-content\/uploads\/2025\/09\/Customized-Three-sided-Sealing-Pouch-Wholesale-Hotel-Product-Packaging-Bag-600x600.jpg 600w, https:\/\/www.stanleypackage.com\/wp-content\/uploads\/2025\/09\/Customized-Three-sided-Sealing-Pouch-Wholesale-Hotel-Product-Packaging-Bag-100x100.jpg 100w\" sizes=\"(max-width: 750px) 100vw, 750px\" \/><\/figure>\n<\/div>\n<\/div>\n<\/div>\n<\/div>","protected":false},"excerpt":{"rendered":"<p>Suchen Sie nach einem Beutel mit dreiseitiger Versiegelung f\u00fcr Hotelausstattungspakete? Unsere individuell bedruckten Verpackungen f\u00fcr Hotelutensilien sind mit leicht zu \u00f6ffnenden Kerben, einem klaren Fenster und glatten, flachen Kanten ausgestattet, um die Qualit\u00e4t zu gew\u00e4hrleisten. Wir unterst\u00fctzen kundenspezifische flexible Beutel mit verschiedenen Spezifikationen, Farben und Formen je nach Kundenwunsch.<\/p>\n<table style=\"border-collapse: collapse; width: 365.02pt;\" border=\"0\" width=\"365\" cellspacing=\"0\" cellpadding=\"0\">\n<tbody>\n<tr style=\"height: 16.00pt;\">\n<td class=\"et2\" style=\"height: 16.00pt; width: 97.50pt;\" width=\"97\" height=\"16\">Hersteller<\/td>\n<td class=\"et2\" style=\"width: 267.50pt;\" width=\"267\">Stanley<\/td>\n<\/tr>\n<tr style=\"height: 16.00pt;\">\n<td class=\"et2\" style=\"height: 16.00pt; width: 97.50pt;\" width=\"97\" height=\"16\">Arten von Beuteln<\/td>\n<td class=\"et3\">Dreiseitiger Siegelrandbeutel<\/td>\n<\/tr>\n<tr style=\"height: 16.00pt;\">\n<td class=\"et2\" style=\"height: 16.00pt; width: 97.50pt;\" width=\"97\" height=\"16\">Material<\/td>\n<td class=\"et2\" style=\"width: 267.50pt;\" width=\"267\">32g Kraftpapier \/ CPP20<\/td>\n<\/tr>\n<tr style=\"height: 16.00pt;\">\n<td class=\"et2\" style=\"height: 16.00pt; width: 97.50pt;\" width=\"97\" height=\"16\">Besonderes Merkmal<\/td>\n<td class=\"et2\" style=\"width: 267.50pt;\" width=\"267\">Risskerbe, klares Fenster<\/td>\n<\/tr>\n<tr style=\"height: 16.00pt;\">\n<td class=\"et2\" style=\"height: 16.00pt; width: 97.50pt;\" width=\"97\" height=\"16\">Handhabung der Oberfl\u00e4che<\/td>\n<td class=\"et2\" style=\"width: 267.50pt;\" width=\"267\">Tiefdruck<\/td>\n<\/tr>\n<tr style=\"height: 16.00pt;\">\n<td class=\"et2\" style=\"height: 16.00pt; width: 97.50pt;\" width=\"97\" height=\"16\">Farbe<\/td>\n<td class=\"et2\" style=\"width: 267.50pt;\" width=\"267\">Doppelseitiger Druck, bis zu 10 Farben<\/td>\n<\/tr>\n<tr style=\"height: 16.00pt;\">\n<td class=\"et2\" style=\"height: 16.00pt; width: 97.50pt;\" width=\"97\" height=\"16\">Verwendung<\/td>\n<td class=\"et2\" style=\"width: 267.50pt;\" width=\"267\">Haarkamm, Wattest\u00e4bchen, Wattepad, Zahnb\u00fcrste, Rasierapparat<\/td>\n<\/tr>\n<tr style=\"height: 16.00pt;\">\n<td class=\"et2\" style=\"height: 16.00pt; width: 97.50pt;\" width=\"97\" height=\"16\">MOQ<\/td>\n<td class=\"et2\" style=\"width: 267.50pt;\" width=\"267\">50.000 St\u00fcck<\/td>\n<\/tr>\n<tr style=\"height: 16.00pt;\">\n<td class=\"et2\" style=\"height: 16.00pt; width: 97.50pt;\" width=\"97\" height=\"16\">Individuelle Bestellung<\/td>\n<td class=\"et2\" style=\"width: 267.50pt;\" width=\"267\">Akzeptieren Sie OEM, unterst\u00fctzen Sie freie Probe<\/td>\n<\/tr>\n<\/tbody>\n<\/table>\n<p>&nbsp;<\/p>","protected":false},"featured_media":2934,"comment_status":"closed","ping_status":"closed","template":"","meta":{"_acf_changed":false},"product_brand":[],"product_cat":[31,28],"product_tag":[],"class_list":{"0":"post-2930","1":"product","2":"type-product","3":"status-publish","4":"has-post-thumbnail","6":"product_cat-lay-flat-pouch-manufacturer","7":"product_cat-three-side-seal-pouch-manufacturer","8":"pa_non-food-packaging-hotel-supplies-packaging","10":"first","11":"instock","12":"shipping-taxable","13":"product-type-simple"},"acf":[],"_links":{"self":[{"href":"https:\/\/www.stanleypackage.com\/de\/wp-json\/wp\/v2\/product\/2930","targetHints":{"allow":["GET"]}}],"collection":[{"href":"https:\/\/www.stanleypackage.com\/de\/wp-json\/wp\/v2\/product"}],"about":[{"href":"https:\/\/www.stanleypackage.com\/de\/wp-json\/wp\/v2\/types\/product"}],"replies":[{"embeddable":true,"href":"https:\/\/www.stanleypackage.com\/de\/wp-json\/wp\/v2\/comments?post=2930"}],"wp:featuredmedia":[{"embeddable":true,"href":"https:\/\/www.stanleypackage.com\/de\/wp-json\/wp\/v2\/media\/2934"}],"wp:attachment":[{"href":"https:\/\/www.stanleypackage.com\/de\/wp-json\/wp\/v2\/media?parent=2930"}],"wp:term":[{"taxonomy":"product_brand","embeddable":true,"href":"https:\/\/www.stanleypackage.com\/de\/wp-json\/wp\/v2\/product_brand?post=2930"},{"taxonomy":"product_cat","embeddable":true,"href":"https:\/\/www.stanleypackage.com\/de\/wp-json\/wp\/v2\/product_cat?post=2930"},{"taxonomy":"product_tag","embeddable":true,"href":"https:\/\/www.stanleypackage.com\/de\/wp-json\/wp\/v2\/product_tag?post=2930"}],"curies":[{"name":"wp","href":"https:\/\/api.w.org\/{rel}","templated":true}]}}