{"id":2936,"date":"2025-09-15T06:08:20","date_gmt":"2025-09-15T06:08:20","guid":{"rendered":"https:\/\/www.stanleypackage.com\/?post_type=product&#038;p=2936"},"modified":"2025-09-15T06:12:41","modified_gmt":"2025-09-15T06:12:41","slug":"custom-stand-up-pouch-packaging","status":"publish","type":"product","link":"https:\/\/www.stanleypackage.com\/de\/product\/custom-stand-up-pouch-packaging\/","title":{"rendered":"Individuelle Standbodenbeutel f\u00fcr Kinderzahnarztsets"},"content":{"rendered":"<div class=\"wp-block-columns is-layout-flex wp-container-core-columns-is-layout-9d6595d7 wp-block-columns-is-layout-flex\">\n<div class=\"wp-block-column is-layout-flow wp-block-column-is-layout-flow\">\n<h2 class=\"wp-block-heading\">Merkmale von kundenspezifischen Standbodenbeutelverpackungen<\/h2>\n\n\n\n<ul class=\"wp-block-list\">\n<li><strong>3D-Seitenkantengestaltung: <\/strong>Die Seite unserer kundenspezifischen Standbodenbeutelverpackungen hat ein 3D-Design, wodurch unsere Verpackungen dreidimensionaler und sch\u00f6ner aussehen und so die Aufmerksamkeit der Kunden auf sich ziehen.<\/li>\n\n\n\n<li><strong>Stabiles Bodendesign: <\/strong>Diese 8-seitig versiegelten Gro\u00dfhandelsbeutel sorgen f\u00fcr einen stabilen Stand in Regalen oder auf Theken und verbessern das Erscheinungsbild der Regale bei gleichzeitiger Maximierung der internen Kapazit\u00e4t.<\/li>\n\n\n\n<li><strong>Vielseitige und bequeme Konstruktion:<\/strong> Unsere ma\u00dfgefertigten Standbodenbeutelverpackungen sind mit einer Einkerbung versehen, die ein einfaches \u00d6ffnen durch den Verbraucher erm\u00f6glicht, und das Aufh\u00e4ngeloch erleichtert das Aufh\u00e4ngen f\u00fcr die Pr\u00e4sentation.<\/li>\n\n\n\n<li><strong>Unterst\u00fctzung der Gr\u00f6\u00dfen- und Markenanpassung:\u00a0<\/strong>Unsere 8-seitig versiegelten Gro\u00dfhandelsbeutel k\u00f6nnen in Gr\u00f6\u00dfe, Druckmuster und Beuteltyp-Details je nach Produktanforderungen angepasst werden, um eine einzigartige Verpackungsl\u00f6sung f\u00fcr die Marke zu schaffen.<\/li>\n\n\n\n<li><strong>Besondere Form und besondere Wirkung:<\/strong> Unsere kundenspezifischen Standbodenbeutelverpackungen f\u00fcr den Gro\u00dfhandel bieten die M\u00f6glichkeit, die Form der Beutel sowie die Druckeffekte, wie z. B. UV, matt, gl\u00e4nzend, usw., individuell zu gestalten.<\/li>\n<\/ul>\n\n\n\n<div class=\"wp-block-columns is-layout-flex wp-container-core-columns-is-layout-9d6595d7 wp-block-columns-is-layout-flex\">\n<div class=\"wp-block-column is-layout-flow wp-block-column-is-layout-flow\">\n<figure class=\"wp-block-image size-full\"><img decoding=\"async\" width=\"750\" height=\"750\" src=\"https:\/\/www.stanleypackage.com\/wp-content\/uploads\/2025\/09\/Custom-Stand-Up-Pouch-Packaging-Wholesale-Childrens-Toiletries-8-Side-Sealed-Bag-2.jpg\" alt=\"\" class=\"wp-image-2990\" srcset=\"https:\/\/www.stanleypackage.com\/wp-content\/uploads\/2025\/09\/Custom-Stand-Up-Pouch-Packaging-Wholesale-Childrens-Toiletries-8-Side-Sealed-Bag-2.jpg 750w, https:\/\/www.stanleypackage.com\/wp-content\/uploads\/2025\/09\/Custom-Stand-Up-Pouch-Packaging-Wholesale-Childrens-Toiletries-8-Side-Sealed-Bag-2-300x300.jpg 300w, https:\/\/www.stanleypackage.com\/wp-content\/uploads\/2025\/09\/Custom-Stand-Up-Pouch-Packaging-Wholesale-Childrens-Toiletries-8-Side-Sealed-Bag-2-150x150.jpg 150w, https:\/\/www.stanleypackage.com\/wp-content\/uploads\/2025\/09\/Custom-Stand-Up-Pouch-Packaging-Wholesale-Childrens-Toiletries-8-Side-Sealed-Bag-2-12x12.jpg 12w, https:\/\/www.stanleypackage.com\/wp-content\/uploads\/2025\/09\/Custom-Stand-Up-Pouch-Packaging-Wholesale-Childrens-Toiletries-8-Side-Sealed-Bag-2-600x600.jpg 600w, https:\/\/www.stanleypackage.com\/wp-content\/uploads\/2025\/09\/Custom-Stand-Up-Pouch-Packaging-Wholesale-Childrens-Toiletries-8-Side-Sealed-Bag-2-100x100.jpg 100w\" sizes=\"(max-width: 750px) 100vw, 750px\" \/><\/figure>\n<\/div>\n\n\n\n<div class=\"wp-block-column is-layout-flow wp-block-column-is-layout-flow\">\n<figure class=\"wp-block-image size-full\"><img decoding=\"async\" width=\"750\" height=\"750\" src=\"https:\/\/www.stanleypackage.com\/wp-content\/uploads\/2025\/09\/Custom-Stand-Up-Pouch-Packaging-Wholesale-Childrens-Toiletries-8-Side-Sealed-Bag-5.jpg\" alt=\"\" class=\"wp-image-2991\" srcset=\"https:\/\/www.stanleypackage.com\/wp-content\/uploads\/2025\/09\/Custom-Stand-Up-Pouch-Packaging-Wholesale-Childrens-Toiletries-8-Side-Sealed-Bag-5.jpg 750w, https:\/\/www.stanleypackage.com\/wp-content\/uploads\/2025\/09\/Custom-Stand-Up-Pouch-Packaging-Wholesale-Childrens-Toiletries-8-Side-Sealed-Bag-5-300x300.jpg 300w, https:\/\/www.stanleypackage.com\/wp-content\/uploads\/2025\/09\/Custom-Stand-Up-Pouch-Packaging-Wholesale-Childrens-Toiletries-8-Side-Sealed-Bag-5-150x150.jpg 150w, https:\/\/www.stanleypackage.com\/wp-content\/uploads\/2025\/09\/Custom-Stand-Up-Pouch-Packaging-Wholesale-Childrens-Toiletries-8-Side-Sealed-Bag-5-12x12.jpg 12w, https:\/\/www.stanleypackage.com\/wp-content\/uploads\/2025\/09\/Custom-Stand-Up-Pouch-Packaging-Wholesale-Childrens-Toiletries-8-Side-Sealed-Bag-5-600x600.jpg 600w, https:\/\/www.stanleypackage.com\/wp-content\/uploads\/2025\/09\/Custom-Stand-Up-Pouch-Packaging-Wholesale-Childrens-Toiletries-8-Side-Sealed-Bag-5-100x100.jpg 100w\" sizes=\"(max-width: 750px) 100vw, 750px\" \/><\/figure>\n<\/div>\n<\/div>\n<\/div>\n<\/div>","protected":false},"excerpt":{"rendered":"<p>Willkommen zu bestellen benutzerdefinierte Stand-up-Beutel Verpackung Taschen. Unsere Gro\u00dfhandel Kinder Toilettenartikel 8-seitigen versiegelten Beutel verf\u00fcgt \u00fcber eine h\u00e4ngende Loch und leicht-rei\u00dft Kerbe. Und unsere Verpackung nimmt ein dreidimensionales Design, und unterst\u00fctzt Gr\u00f6\u00dfe und Marke Anpassung.<\/p>\n<table style=\"border-collapse: collapse; width: 365.02pt;\" border=\"0\" width=\"365\" cellspacing=\"0\" cellpadding=\"0\">\n<tbody>\n<tr style=\"height: 16.00pt;\">\n<td class=\"et2\" style=\"height: 16.00pt; width: 97.50pt;\" width=\"97\" height=\"16\">Hersteller<\/td>\n<td class=\"et2\" style=\"width: 267.50pt;\" width=\"267\">Stanley<\/td>\n<\/tr>\n<tr style=\"height: 16.00pt;\">\n<td class=\"et2\" style=\"height: 16.00pt; width: 97.50pt;\" width=\"97\" height=\"16\">Arten von Beuteln<\/td>\n<td class=\"et2\" style=\"width: 267.50pt;\" width=\"267\">8 Flache Bodentasche mit Seitensiegel<\/td>\n<\/tr>\n<tr style=\"height: 31.00pt;\">\n<td class=\"et2\" style=\"height: 31.00pt; width: 97.50pt;\" width=\"97\" height=\"31\">Material<\/td>\n<td class=\"et2\" style=\"width: 267.50pt;\" width=\"267\">PET12\/PE85<\/td>\n<\/tr>\n<tr style=\"height: 16.00pt;\">\n<td class=\"et2\" style=\"height: 16.00pt; width: 97.50pt;\" width=\"97\" height=\"16\">Besonderes Merkmal<\/td>\n<td class=\"et2\" style=\"width: 267.50pt;\" width=\"267\">8 Seitendichtung, Aufh\u00e4ngeloch, Aufrei\u00dfkerbe, klares Fenster<\/td>\n<\/tr>\n<tr style=\"height: 16.00pt;\">\n<td class=\"et2\" style=\"height: 16.00pt; width: 97.50pt;\" width=\"97\" height=\"16\">Handhabung der Oberfl\u00e4che<\/td>\n<td class=\"et2\" style=\"width: 267.50pt;\" width=\"267\">Tiefdruck<\/td>\n<\/tr>\n<tr style=\"height: 16.00pt;\">\n<td class=\"et2\" style=\"height: 16.00pt; width: 97.50pt;\" width=\"97\" height=\"16\">Farbe<\/td>\n<td class=\"et2\" style=\"width: 267.50pt;\" width=\"267\">Bis zu 10 Farben<\/td>\n<\/tr>\n<tr style=\"height: 16.00pt;\">\n<td class=\"et2\" style=\"height: 16.00pt; width: 97.50pt;\" width=\"97\" height=\"16\">Verwendung<\/td>\n<td class=\"et2\" style=\"width: 267.50pt;\" width=\"267\">Zahnarztset, Toilettenset<\/td>\n<\/tr>\n<tr style=\"height: 16.00pt;\">\n<td class=\"et2\" style=\"height: 16.00pt; width: 97.50pt;\" width=\"97\" height=\"16\">MOQ<\/td>\n<td class=\"et2\" style=\"width: 267.50pt;\" width=\"267\">50.000 St\u00fcck<\/td>\n<\/tr>\n<tr style=\"height: 16.00pt;\">\n<td class=\"et2\" style=\"height: 16.00pt; width: 97.50pt;\" width=\"97\" height=\"16\">Individuelle Bestellung<\/td>\n<td class=\"et2\" style=\"width: 267.50pt;\" width=\"267\">OEM-Support akzeptieren Kostenloses Muster<\/td>\n<\/tr>\n<\/tbody>\n<\/table>","protected":false},"featured_media":2992,"comment_status":"closed","ping_status":"closed","template":"","meta":{"_acf_changed":false},"product_brand":[],"product_cat":[24],"product_tag":[],"class_list":{"0":"post-2936","1":"product","2":"type-product","3":"status-publish","4":"has-post-thumbnail","6":"product_cat-flat-bottom-pouch-manufacturer","7":"pa_non-food-packaging-tool-accessories-pouch","8":"pa_non-food-packaging-hotel-supplies-packaging","10":"first","11":"instock","12":"shipping-taxable","13":"product-type-simple"},"acf":[],"_links":{"self":[{"href":"https:\/\/www.stanleypackage.com\/de\/wp-json\/wp\/v2\/product\/2936","targetHints":{"allow":["GET"]}}],"collection":[{"href":"https:\/\/www.stanleypackage.com\/de\/wp-json\/wp\/v2\/product"}],"about":[{"href":"https:\/\/www.stanleypackage.com\/de\/wp-json\/wp\/v2\/types\/product"}],"replies":[{"embeddable":true,"href":"https:\/\/www.stanleypackage.com\/de\/wp-json\/wp\/v2\/comments?post=2936"}],"wp:featuredmedia":[{"embeddable":true,"href":"https:\/\/www.stanleypackage.com\/de\/wp-json\/wp\/v2\/media\/2992"}],"wp:attachment":[{"href":"https:\/\/www.stanleypackage.com\/de\/wp-json\/wp\/v2\/media?parent=2936"}],"wp:term":[{"taxonomy":"product_brand","embeddable":true,"href":"https:\/\/www.stanleypackage.com\/de\/wp-json\/wp\/v2\/product_brand?post=2936"},{"taxonomy":"product_cat","embeddable":true,"href":"https:\/\/www.stanleypackage.com\/de\/wp-json\/wp\/v2\/product_cat?post=2936"},{"taxonomy":"product_tag","embeddable":true,"href":"https:\/\/www.stanleypackage.com\/de\/wp-json\/wp\/v2\/product_tag?post=2936"}],"curies":[{"name":"wp","href":"https:\/\/api.w.org\/{rel}","templated":true}]}}