{"id":3005,"date":"2025-09-11T03:21:09","date_gmt":"2025-09-11T03:21:09","guid":{"rendered":"https:\/\/www.stanleypackage.com\/?post_type=product&#038;p=3005"},"modified":"2025-09-19T08:00:31","modified_gmt":"2025-09-19T08:00:31","slug":"pet-food-pouch-wholesale","status":"publish","type":"product","link":"https:\/\/www.stanleypackage.com\/de\/product\/pet-food-pouch-wholesale\/","title":{"rendered":"Pet Food Pouch Gro\u00dfhandel, benutzerdefinierte gedruckt zur\u00fcck Seal Beutel"},"content":{"rendered":"<div class=\"wp-block-columns is-layout-flex wp-container-core-columns-is-layout-9d6595d7 wp-block-columns-is-layout-flex\">\n<div class=\"wp-block-column is-layout-flow wp-block-column-is-layout-flow\">\n<h2 class=\"wp-block-heading\">Merkmale von Custom Pet Food Pouch Gro\u00dfhandel<\/h2>\n\n\n\n<ul class=\"wp-block-list\">\n<li><strong>Hochwertige Materialstruktur:<\/strong> Diese benutzerdefinierte Tiernahrungsbeutel Gro\u00dfhandel nimmt BOPP20\/BOPA15\/MBPE130 Verbundstruktur, mit guter Barriere, Feuchtigkeitsbest\u00e4ndigkeit und Durchsto\u00dffestigkeit, um Lebensmittel Frische und Sicherheit zu gew\u00e4hrleisten.<\/li>\n\n\n\n<li><strong>Design der R\u00fcckendichtung: <\/strong>Die Struktur der R\u00fcckseitenversiegelung dieser kundenspezifischen Tiernahrungsverpackungen ist sch\u00f6n und ordentlich, geeignet f\u00fcr automatische Verpackungsmaschinen, bequem f\u00fcr die Massenproduktion und verbessert die Verpackungseffizienz.<\/li>\n\n\n\n<li><strong>Obere F\u00fcllung: <\/strong>Entwickelt f\u00fcr Top-F\u00fcllung, ist diese individuell bedruckte Tiernahrungsbeutel Gro\u00dfhandel geeignet f\u00fcr verschiedene Arten von automatisierten Verpackungslinien, die F\u00fcllung Prozess ist effizient und bequem, und die Arbeitskosten reduziert werden.<\/li>\n\n\n\n<li><strong>Beidseitiger Tiefdruck: <\/strong>Unsere kundenspezifischen Verpackungsbeutel f\u00fcr Tiernahrung sind beidseitig farbig bedruckt, mit klaren und vollst\u00e4ndigen Mustern, die das Markenimage und die Attraktivit\u00e4t der Regale verbessern.<\/li>\n\n\n\n<li><strong>Verschiedene ma\u00dfgeschneiderte Dienstleistungen: <\/strong>Die Gr\u00f6\u00dfe, das Druckmuster, der Beuteltyp und die funktionelle Struktur unserer Tiernahrungsbeutel im Gro\u00dfhandel k\u00f6nnen je nach Kundenwunsch angepasst werden, um den Verpackungsbedarf verschiedener Produkte zu erf\u00fcllen.<\/li>\n<\/ul>\n\n\n\n<div class=\"wp-block-columns is-layout-flex wp-container-core-columns-is-layout-9d6595d7 wp-block-columns-is-layout-flex\">\n<div class=\"wp-block-column is-layout-flow wp-block-column-is-layout-flow\">\n<figure class=\"wp-block-image size-full\"><img decoding=\"async\" width=\"750\" height=\"750\" src=\"https:\/\/www.stanleypackage.com\/wp-content\/uploads\/2025\/09\/Custom-Back-Seal-Flexible-Packaging-Bag-for-Snacks-Pet-Food-4.jpg\" alt=\"\" class=\"wp-image-3006\" srcset=\"https:\/\/www.stanleypackage.com\/wp-content\/uploads\/2025\/09\/Custom-Back-Seal-Flexible-Packaging-Bag-for-Snacks-Pet-Food-4.jpg 750w, https:\/\/www.stanleypackage.com\/wp-content\/uploads\/2025\/09\/Custom-Back-Seal-Flexible-Packaging-Bag-for-Snacks-Pet-Food-4-300x300.jpg 300w, https:\/\/www.stanleypackage.com\/wp-content\/uploads\/2025\/09\/Custom-Back-Seal-Flexible-Packaging-Bag-for-Snacks-Pet-Food-4-150x150.jpg 150w, https:\/\/www.stanleypackage.com\/wp-content\/uploads\/2025\/09\/Custom-Back-Seal-Flexible-Packaging-Bag-for-Snacks-Pet-Food-4-12x12.jpg 12w, https:\/\/www.stanleypackage.com\/wp-content\/uploads\/2025\/09\/Custom-Back-Seal-Flexible-Packaging-Bag-for-Snacks-Pet-Food-4-600x600.jpg 600w, https:\/\/www.stanleypackage.com\/wp-content\/uploads\/2025\/09\/Custom-Back-Seal-Flexible-Packaging-Bag-for-Snacks-Pet-Food-4-100x100.jpg 100w\" sizes=\"(max-width: 750px) 100vw, 750px\" \/><\/figure>\n<\/div>\n\n\n\n<div class=\"wp-block-column is-layout-flow wp-block-column-is-layout-flow\">\n<figure class=\"wp-block-image size-full\"><img decoding=\"async\" width=\"750\" height=\"750\" src=\"https:\/\/www.stanleypackage.com\/wp-content\/uploads\/2025\/09\/Custom-Back-Seal-Flexible-Packaging-Bag-for-Snacks-Pet-Food-5.jpg\" alt=\"\" class=\"wp-image-3007\" srcset=\"https:\/\/www.stanleypackage.com\/wp-content\/uploads\/2025\/09\/Custom-Back-Seal-Flexible-Packaging-Bag-for-Snacks-Pet-Food-5.jpg 750w, https:\/\/www.stanleypackage.com\/wp-content\/uploads\/2025\/09\/Custom-Back-Seal-Flexible-Packaging-Bag-for-Snacks-Pet-Food-5-300x300.jpg 300w, https:\/\/www.stanleypackage.com\/wp-content\/uploads\/2025\/09\/Custom-Back-Seal-Flexible-Packaging-Bag-for-Snacks-Pet-Food-5-150x150.jpg 150w, https:\/\/www.stanleypackage.com\/wp-content\/uploads\/2025\/09\/Custom-Back-Seal-Flexible-Packaging-Bag-for-Snacks-Pet-Food-5-12x12.jpg 12w, https:\/\/www.stanleypackage.com\/wp-content\/uploads\/2025\/09\/Custom-Back-Seal-Flexible-Packaging-Bag-for-Snacks-Pet-Food-5-600x600.jpg 600w, https:\/\/www.stanleypackage.com\/wp-content\/uploads\/2025\/09\/Custom-Back-Seal-Flexible-Packaging-Bag-for-Snacks-Pet-Food-5-100x100.jpg 100w\" sizes=\"(max-width: 750px) 100vw, 750px\" \/><\/figure>\n<\/div>\n<\/div>\n<\/div>\n<\/div>\n\n\n\n<p><\/p>","protected":false},"excerpt":{"rendered":"<p>Willkommen zu kaufen benutzerdefinierte Tiernahrung Verpackung Beutel. Unsere benutzerdefinierte Tiernahrung Beutel Gro\u00dfhandel hat gute Abdichtung und Druck Anpassungsf\u00e4higkeit, Top-F\u00fcllung, und ist geeignet f\u00fcr automatisierte Verpackungslinien. Unterst\u00fctzt volle Anpassung.<\/p>\n<table style=\"border-collapse: collapse; width: 365.02pt;\" border=\"0\" width=\"365\" cellspacing=\"0\" cellpadding=\"0\">\n<tbody>\n<tr style=\"height: 16.00pt;\">\n<td class=\"et2\" style=\"height: 16.00pt; width: 97.50pt;\" width=\"97\" height=\"16\">Hersteller<\/td>\n<td class=\"et2\" style=\"width: 267.50pt;\" width=\"267\">Stanley<\/td>\n<\/tr>\n<tr style=\"height: 16.00pt;\">\n<td class=\"et2\" style=\"height: 16.00pt; width: 97.50pt;\" width=\"97\" height=\"16\">Arten von Beuteln<\/td>\n<td class=\"et2\" style=\"width: 267.50pt;\" width=\"267\">Back Seal Pouch, Zwickel Pouch<\/td>\n<\/tr>\n<tr style=\"height: 16.00pt;\">\n<td class=\"et2\" style=\"height: 16.00pt; width: 97.50pt;\" width=\"97\" height=\"16\">Material<\/td>\n<td class=\"et2\" style=\"width: 267.50pt;\" width=\"267\">BOPP20\/BOPA15\/MBPE130<\/td>\n<\/tr>\n<tr style=\"height: 16.00pt;\">\n<td class=\"et2\" style=\"height: 16.00pt; width: 97.50pt;\" width=\"97\" height=\"16\">Besonderes Merkmal<\/td>\n<td class=\"et2\" style=\"width: 267.50pt;\" width=\"267\">Obere F\u00fcllung<\/td>\n<\/tr>\n<tr style=\"height: 16.00pt;\">\n<td class=\"et2\" style=\"height: 16.00pt; width: 97.50pt;\" width=\"97\" height=\"16\">Handhabung der Oberfl\u00e4che<\/td>\n<td class=\"et2\" style=\"width: 267.50pt;\" width=\"267\">Tiefdruck<\/td>\n<\/tr>\n<tr style=\"height: 16.00pt;\">\n<td class=\"et2\" style=\"height: 16.00pt; width: 97.50pt;\" width=\"97\" height=\"16\">Farbe<\/td>\n<td class=\"et2\" style=\"width: 267.50pt;\" width=\"267\">Doppelseitiger Druck, bis zu 10 Farben<\/td>\n<\/tr>\n<tr style=\"height: 16.00pt;\">\n<td class=\"et2\" style=\"height: 16.00pt; width: 97.50pt;\" width=\"97\" height=\"16\">Verwendung<\/td>\n<td class=\"et2\" style=\"width: 267.50pt;\" width=\"267\">Tiernahrung, Snacks, Trockenfutter<\/td>\n<\/tr>\n<tr style=\"height: 16.00pt;\">\n<td class=\"et2\" style=\"height: 16.00pt; width: 97.50pt;\" width=\"97\" height=\"16\">MOQ<\/td>\n<td class=\"et2\" style=\"width: 267.50pt;\" width=\"267\">50.000 St\u00fcck<\/td>\n<\/tr>\n<tr style=\"height: 16.00pt;\">\n<td class=\"et2\" style=\"height: 16.00pt; width: 97.50pt;\" width=\"97\" height=\"16\">Individuelle Bestellung<\/td>\n<td class=\"et2\" style=\"width: 267.50pt;\" width=\"267\">Akzeptieren Sie OEM, unterst\u00fctzen Sie freie Probe<\/td>\n<\/tr>\n<\/tbody>\n<\/table>\n<p>&nbsp;<\/p>","protected":false},"featured_media":3008,"comment_status":"closed","ping_status":"closed","template":"","meta":{"_acf_changed":false},"product_brand":[],"product_cat":[59,31,17],"product_tag":[],"class_list":{"0":"post-3005","1":"product","2":"type-product","3":"status-publish","4":"has-post-thumbnail","6":"product_cat-pillow-pouch-manufacturer","7":"product_cat-lay-flat-pouch-manufacturer","8":"product_cat-gusset-bag-manufacturer","9":"pa_food-packaging-baby-food-packaging","10":"pa_food-packaging-pet-food-pouches","11":"pa_food-packaging-ready-meal-pouch","13":"first","14":"instock","15":"shipping-taxable","16":"product-type-simple"},"acf":[],"_links":{"self":[{"href":"https:\/\/www.stanleypackage.com\/de\/wp-json\/wp\/v2\/product\/3005","targetHints":{"allow":["GET"]}}],"collection":[{"href":"https:\/\/www.stanleypackage.com\/de\/wp-json\/wp\/v2\/product"}],"about":[{"href":"https:\/\/www.stanleypackage.com\/de\/wp-json\/wp\/v2\/types\/product"}],"replies":[{"embeddable":true,"href":"https:\/\/www.stanleypackage.com\/de\/wp-json\/wp\/v2\/comments?post=3005"}],"wp:featuredmedia":[{"embeddable":true,"href":"https:\/\/www.stanleypackage.com\/de\/wp-json\/wp\/v2\/media\/3008"}],"wp:attachment":[{"href":"https:\/\/www.stanleypackage.com\/de\/wp-json\/wp\/v2\/media?parent=3005"}],"wp:term":[{"taxonomy":"product_brand","embeddable":true,"href":"https:\/\/www.stanleypackage.com\/de\/wp-json\/wp\/v2\/product_brand?post=3005"},{"taxonomy":"product_cat","embeddable":true,"href":"https:\/\/www.stanleypackage.com\/de\/wp-json\/wp\/v2\/product_cat?post=3005"},{"taxonomy":"product_tag","embeddable":true,"href":"https:\/\/www.stanleypackage.com\/de\/wp-json\/wp\/v2\/product_tag?post=3005"}],"curies":[{"name":"wp","href":"https:\/\/api.w.org\/{rel}","templated":true}]}}