{"id":3016,"date":"2025-09-11T03:10:03","date_gmt":"2025-09-11T03:10:03","guid":{"rendered":"https:\/\/www.stanleypackage.com\/?post_type=product&#038;p=3016"},"modified":"2025-09-11T03:10:12","modified_gmt":"2025-09-11T03:10:12","slug":"custom-pet-food-packaging","status":"publish","type":"product","link":"https:\/\/www.stanleypackage.com\/de\/product\/custom-pet-food-packaging\/","title":{"rendered":"Kundenspezifische Tiernahrungs-Verpackungstaschen, Zipper Stand Up Pouch Bulk"},"content":{"rendered":"<div class=\"wp-block-columns is-layout-flex wp-container-core-columns-is-layout-9d6595d7 wp-block-columns-is-layout-flex\">\n<div class=\"wp-block-column is-layout-flow wp-block-column-is-layout-flow\">\n<h2 class=\"wp-block-heading\">Merkmale von kundenspezifischen Verpackungsbeuteln f\u00fcr Tiernahrung<\/h2>\n\n\n\n<ul class=\"wp-block-list\">\n<li><strong>Selbsttragende Taschenbodenkonstruktion: <\/strong>Diese benutzerdefinierten Tiernahrungs-Verpackungsbeutel Gro\u00dfhandel nehmen eine dauerhafte selbststehende Boden, die stabil stehen kann, ist bequem f\u00fcr Regal Platzierung und verbessert die Produkt-Display-Effekt.<\/li>\n\n\n\n<li><strong>Obere F\u00fcllstruktur: <\/strong>Diese ma\u00dfgefertigten Standbeutel f\u00fcr Katzenfutter werden von oben bef\u00fcllt, was die maschinelle oder manuelle Bef\u00fcllung erleichtert, sich f\u00fcr verschiedene Produktionsprozesse eignet und effizienter ist.<\/li>\n\n\n\n<li><strong>Design zum \u00d6ffnen von Fenstern: <\/strong>Unsere ma\u00dfgeschneiderten Gro\u00dfhandelsverpackungen f\u00fcr Tiernahrung sind mit einem Fenster ausgestattet, durch das die Kunden die Form und Farbe der Tiernahrung sehen k\u00f6nnen, was ihnen die Auswahl erleichtert.<\/li>\n\n\n\n<li><strong>Ausgestattet mit einem Rei\u00dfverschluss: <\/strong>Unser kundenspezifischer Standbeutel f\u00fcr Katzenfutter verf\u00fcgt \u00fcber einen wiederverwendbaren, verschlie\u00dfbaren Rei\u00dfverschluss f\u00fcr mehrfaches \u00d6ffnen und Verschlie\u00dfen.<\/li>\n\n\n\n<li><strong>Ma\u00dfgeschneiderter Service erf\u00fcllt Bed\u00fcrfnisse:\u00a0<\/strong>Wir bieten eine Vielzahl von Anpassungsm\u00f6glichkeiten f\u00fcr Standbodenbeutel im Gro\u00dfhandel und k\u00f6nnen verschiedene Formen, Gr\u00f6\u00dfen und Druckmuster nach Kundenwunsch entwerfen, um die Personalisierung der Marke und die Wettbewerbsf\u00e4higkeit auf dem Markt zu verbessern.<\/li>\n\n\n\n<li><strong>Unterst\u00fctzt beidseitiges, individuelles Drucken: <\/strong>Unsere individuellen Verpackungen f\u00fcr Tiernahrung werden im Tiefdruckverfahren hergestellt, und das Markenmuster wird klar dargestellt, um den Kunden ein exklusives visuelles Identifikationssystem zu bieten.<\/li>\n<\/ul>\n\n\n\n<div class=\"wp-block-columns is-layout-flex wp-container-core-columns-is-layout-9d6595d7 wp-block-columns-is-layout-flex\">\n<div class=\"wp-block-column is-layout-flow wp-block-column-is-layout-flow\">\n<figure class=\"wp-block-image size-full\"><img decoding=\"async\" width=\"750\" height=\"750\" src=\"https:\/\/www.stanleypackage.com\/wp-content\/uploads\/2025\/09\/Resealable-Stand-Up-Pouch-Wholesale-Packaging-Bag-For-Pet-Food-3.jpg\" alt=\"\" class=\"wp-image-3017\" srcset=\"https:\/\/www.stanleypackage.com\/wp-content\/uploads\/2025\/09\/Resealable-Stand-Up-Pouch-Wholesale-Packaging-Bag-For-Pet-Food-3.jpg 750w, https:\/\/www.stanleypackage.com\/wp-content\/uploads\/2025\/09\/Resealable-Stand-Up-Pouch-Wholesale-Packaging-Bag-For-Pet-Food-3-300x300.jpg 300w, https:\/\/www.stanleypackage.com\/wp-content\/uploads\/2025\/09\/Resealable-Stand-Up-Pouch-Wholesale-Packaging-Bag-For-Pet-Food-3-150x150.jpg 150w, https:\/\/www.stanleypackage.com\/wp-content\/uploads\/2025\/09\/Resealable-Stand-Up-Pouch-Wholesale-Packaging-Bag-For-Pet-Food-3-12x12.jpg 12w, https:\/\/www.stanleypackage.com\/wp-content\/uploads\/2025\/09\/Resealable-Stand-Up-Pouch-Wholesale-Packaging-Bag-For-Pet-Food-3-600x600.jpg 600w, https:\/\/www.stanleypackage.com\/wp-content\/uploads\/2025\/09\/Resealable-Stand-Up-Pouch-Wholesale-Packaging-Bag-For-Pet-Food-3-100x100.jpg 100w\" sizes=\"(max-width: 750px) 100vw, 750px\" \/><\/figure>\n<\/div>\n\n\n\n<div class=\"wp-block-column is-layout-flow wp-block-column-is-layout-flow\">\n<figure class=\"wp-block-image size-full\"><img decoding=\"async\" width=\"750\" height=\"750\" src=\"https:\/\/www.stanleypackage.com\/wp-content\/uploads\/2025\/09\/Resealable-Stand-Up-Pouch-Wholesale-Packaging-Bag-For-Pet-Food-7.jpg\" alt=\"\" class=\"wp-image-3018\" srcset=\"https:\/\/www.stanleypackage.com\/wp-content\/uploads\/2025\/09\/Resealable-Stand-Up-Pouch-Wholesale-Packaging-Bag-For-Pet-Food-7.jpg 750w, https:\/\/www.stanleypackage.com\/wp-content\/uploads\/2025\/09\/Resealable-Stand-Up-Pouch-Wholesale-Packaging-Bag-For-Pet-Food-7-300x300.jpg 300w, https:\/\/www.stanleypackage.com\/wp-content\/uploads\/2025\/09\/Resealable-Stand-Up-Pouch-Wholesale-Packaging-Bag-For-Pet-Food-7-150x150.jpg 150w, https:\/\/www.stanleypackage.com\/wp-content\/uploads\/2025\/09\/Resealable-Stand-Up-Pouch-Wholesale-Packaging-Bag-For-Pet-Food-7-12x12.jpg 12w, https:\/\/www.stanleypackage.com\/wp-content\/uploads\/2025\/09\/Resealable-Stand-Up-Pouch-Wholesale-Packaging-Bag-For-Pet-Food-7-600x600.jpg 600w, https:\/\/www.stanleypackage.com\/wp-content\/uploads\/2025\/09\/Resealable-Stand-Up-Pouch-Wholesale-Packaging-Bag-For-Pet-Food-7-100x100.jpg 100w\" sizes=\"(max-width: 750px) 100vw, 750px\" \/><\/figure>\n<\/div>\n<\/div>\n<\/div>\n<\/div>","protected":false},"excerpt":{"rendered":"<p>Willkommen bei kundenspezifischen Tierfutterverpackungen. Diese benutzerdefinierte Standbeutel f\u00fcr Katzenfutter ist mit einem Rei\u00dfverschluss und ein klares Fenster Design, das bequem zu \u00f6ffnen und zu verwenden ist ausgestattet. Unterst\u00fctzen Sie volle Anpassung.<\/p>\n<table style=\"border-collapse: collapse; width: 365.02pt;\" border=\"0\" width=\"365\" cellspacing=\"0\" cellpadding=\"0\">\n<tbody>\n<tr style=\"height: 16.00pt;\">\n<td class=\"et2\" style=\"height: 16.00pt; width: 97.50pt;\" width=\"97\" height=\"16\">Hersteller<\/td>\n<td class=\"et2\" style=\"width: 267.50pt;\" width=\"267\">Stanley<\/td>\n<\/tr>\n<tr style=\"height: 16.00pt;\">\n<td class=\"et2\" style=\"height: 16.00pt; width: 97.50pt;\" width=\"97\" height=\"16\">Arten von Beuteln<\/td>\n<td class=\"et2\" style=\"width: 267.50pt;\" width=\"267\">Stand Up Pouch, Rei\u00dfverschlusstasche<\/td>\n<\/tr>\n<tr style=\"height: 16.00pt;\">\n<td class=\"et2\" style=\"height: 16.00pt; width: 97.50pt;\" width=\"97\" height=\"16\">Material<\/td>\n<td class=\"et2\" style=\"width: 267.50pt;\" width=\"267\">PET12\/PE-Verst\u00e4rkt 90<\/td>\n<\/tr>\n<tr style=\"height: 16.00pt;\">\n<td class=\"et2\" style=\"height: 16.00pt; width: 97.50pt;\" width=\"97\" height=\"16\">Besonderes Merkmal<\/td>\n<td class=\"et2\" style=\"width: 267.50pt;\" width=\"267\">Obere F\u00fcllung, Fenster-\u00d6ffnung, Rei\u00dfverschluss<\/td>\n<\/tr>\n<tr style=\"height: 16.00pt;\">\n<td class=\"et2\" style=\"height: 16.00pt; width: 97.50pt;\" width=\"97\" height=\"16\">Handhabung der Oberfl\u00e4che<\/td>\n<td class=\"et2\" style=\"width: 267.50pt;\" width=\"267\">Tiefdruck<\/td>\n<\/tr>\n<tr style=\"height: 16.00pt;\">\n<td class=\"et2\" style=\"height: 16.00pt; width: 97.50pt;\" width=\"97\" height=\"16\">Farbe<\/td>\n<td class=\"et2\" style=\"width: 267.50pt;\" width=\"267\">Doppelseitiger Druck, bis zu 10 Farben<\/td>\n<\/tr>\n<tr style=\"height: 16.00pt;\">\n<td class=\"et2\" style=\"height: 16.00pt; width: 97.50pt;\" width=\"97\" height=\"16\">Verwendung<\/td>\n<td class=\"et2\" style=\"width: 267.50pt;\" width=\"267\">Tiernahrung, Snack, Brot, Trockenfutter<\/td>\n<\/tr>\n<tr style=\"height: 16.00pt;\">\n<td class=\"et2\" style=\"height: 16.00pt; width: 97.50pt;\" width=\"97\" height=\"16\">MOQ<\/td>\n<td class=\"et2\" style=\"width: 267.50pt;\" width=\"267\">50.000 St\u00fcck<\/td>\n<\/tr>\n<tr style=\"height: 16.00pt;\">\n<td class=\"et2\" style=\"height: 16.00pt; width: 97.50pt;\" width=\"97\" height=\"16\">Individuelle Bestellung<\/td>\n<td class=\"et2\" style=\"width: 267.50pt;\" width=\"267\">Akzeptieren Sie OEM, unterst\u00fctzen Sie freie Probe<\/td>\n<\/tr>\n<\/tbody>\n<\/table>","protected":false},"featured_media":3019,"comment_status":"closed","ping_status":"closed","template":"","meta":{"_acf_changed":false},"product_brand":[],"product_cat":[30,18],"product_tag":[],"class_list":{"0":"post-3016","1":"product","2":"type-product","3":"status-publish","4":"has-post-thumbnail","6":"product_cat-stand-up-pouch-manufacturer","7":"product_cat-zipper-pouch-manufacturer","8":"pa_food-packaging-pet-food-pouches","10":"first","11":"instock","12":"shipping-taxable","13":"product-type-simple"},"acf":[],"_links":{"self":[{"href":"https:\/\/www.stanleypackage.com\/de\/wp-json\/wp\/v2\/product\/3016","targetHints":{"allow":["GET"]}}],"collection":[{"href":"https:\/\/www.stanleypackage.com\/de\/wp-json\/wp\/v2\/product"}],"about":[{"href":"https:\/\/www.stanleypackage.com\/de\/wp-json\/wp\/v2\/types\/product"}],"replies":[{"embeddable":true,"href":"https:\/\/www.stanleypackage.com\/de\/wp-json\/wp\/v2\/comments?post=3016"}],"wp:featuredmedia":[{"embeddable":true,"href":"https:\/\/www.stanleypackage.com\/de\/wp-json\/wp\/v2\/media\/3019"}],"wp:attachment":[{"href":"https:\/\/www.stanleypackage.com\/de\/wp-json\/wp\/v2\/media?parent=3016"}],"wp:term":[{"taxonomy":"product_brand","embeddable":true,"href":"https:\/\/www.stanleypackage.com\/de\/wp-json\/wp\/v2\/product_brand?post=3016"},{"taxonomy":"product_cat","embeddable":true,"href":"https:\/\/www.stanleypackage.com\/de\/wp-json\/wp\/v2\/product_cat?post=3016"},{"taxonomy":"product_tag","embeddable":true,"href":"https:\/\/www.stanleypackage.com\/de\/wp-json\/wp\/v2\/product_tag?post=3016"}],"curies":[{"name":"wp","href":"https:\/\/api.w.org\/{rel}","templated":true}]}}