{"id":3024,"date":"2025-09-11T03:00:13","date_gmt":"2025-09-11T03:00:13","guid":{"rendered":"https:\/\/www.stanleypackage.com\/?post_type=product&#038;p=3024"},"modified":"2025-09-19T07:59:46","modified_gmt":"2025-09-19T07:59:46","slug":"customized-fruit-purees-spout-pouch-packaging","status":"publish","type":"product","link":"https:\/\/www.stanleypackage.com\/de\/product\/customized-fruit-purees-spout-pouch-packaging\/","title":{"rendered":"Kundenspezifische Fruchtp\u00fcrees T\u00fclle Beutel Verpackung Anti Choke"},"content":{"rendered":"<div class=\"wp-block-columns is-layout-flex wp-container-core-columns-is-layout-9d6595d7 wp-block-columns-is-layout-flex\">\n<div class=\"wp-block-column is-layout-flow wp-block-column-is-layout-flow\">\n<h2 class=\"wp-block-heading\">Merkmale von kundenspezifischen Fruchtp\u00fcree-Beutelverpackungen<\/h2>\n\n\n\n<ul class=\"wp-block-list\">\n<li><strong>Kinderschutzkappen gegen Verschlucken f\u00fcr die Sicherheit: <\/strong>Diese ma\u00dfgeschneiderten Fruchtp\u00fcree-Verpackungen mit schluckhemmenden Trinkbeuteln f\u00fcr Babys und Kleinkinder verringern wirksam das Risiko des versehentlichen Verschluckens und erh\u00f6hen die Sicherheit der Verpackung.<\/li>\n\n\n\n<li><strong>3D-Seitengestaltung: <\/strong>Dieser kundenspezifische Ausgie\u00dfer-Quetschbeutel weist ein einzigartiges 3D-Seitendesign auf, das nicht nur die Dimensionalit\u00e4t der Verpackung erh\u00f6ht, sondern auch ihre \u00c4sthetik und Neuartigkeit verbessert.<\/li>\n\n\n\n<li><strong>Matte bedruckte Folie, zarte und hochwertige Textur: <\/strong>Unsere kundenindividuelle Fruchtp\u00fcreebeutel-Verpackung aus matter Au\u00dfenfolie unterst\u00fctzt einen hochwertigen Druck, eine weichere Sicht und ein angenehmeres Gef\u00fchl, wodurch das hochwertige Image der Marke gest\u00e4rkt wird.<\/li>\n\n\n\n<li><strong>Weiche Tasche, einfach zu benutzen f\u00fcr Kinder:<\/strong> Die Stand-up-Quetschbeutel-Struktur dieses individuellen Trinkbeutels ist f\u00fcr kleine H\u00e4nde geeignet, um leicht zu greifen und zu saugen, was f\u00fcr S\u00e4uglinge und Kleinkinder bequem ist, um unabh\u00e4ngig zu essen.<\/li>\n\n\n\n<li><strong>Geeignet f\u00fcr P\u00fcrees, Geleegetr\u00e4nke und viele andere Produkte:<\/strong> Diese ma\u00dfgeschneiderten Beutelverpackungen f\u00fcr Fruchtp\u00fcrees eignen sich f\u00fcr Babyp\u00fcrees, Geleegetr\u00e4nke f\u00fcr Kinder, Obst- und Gem\u00fcsesaucen und andere fl\u00fcssige oder halbfl\u00fcssige Lebensmittel, die auf dem Markt f\u00fcr Mutter- und Babynahrung und Reformkost weit verbreitet sind.<\/li>\n\n\n\n<li><strong>Unterst\u00fctzt Gr\u00f6\u00dfe und Druckanpassung:\u00a0<\/strong>Unsere Quetschbeutel mit Ausgie\u00dfer k\u00f6nnen in Gr\u00f6\u00dfe, Druckmuster und Beuteltyp je nach Produktanforderungen angepasst werden, um eine einzigartige Verpackungsl\u00f6sung f\u00fcr die Marke zu schaffen.<\/li>\n<\/ul>\n\n\n\n<div class=\"wp-block-columns is-layout-flex wp-container-core-columns-is-layout-9d6595d7 wp-block-columns-is-layout-flex\">\n<div class=\"wp-block-column is-layout-flow wp-block-column-is-layout-flow\">\n<figure class=\"wp-block-image size-full\"><img decoding=\"async\" width=\"750\" height=\"750\" src=\"https:\/\/www.stanleypackage.com\/wp-content\/uploads\/2025\/09\/Customized-Stand-Up-Squeeze-Pouches-Wholesale-Packaging-Bag-For-Drink-2.jpg\" alt=\"\" class=\"wp-image-3025\" srcset=\"https:\/\/www.stanleypackage.com\/wp-content\/uploads\/2025\/09\/Customized-Stand-Up-Squeeze-Pouches-Wholesale-Packaging-Bag-For-Drink-2.jpg 750w, https:\/\/www.stanleypackage.com\/wp-content\/uploads\/2025\/09\/Customized-Stand-Up-Squeeze-Pouches-Wholesale-Packaging-Bag-For-Drink-2-300x300.jpg 300w, https:\/\/www.stanleypackage.com\/wp-content\/uploads\/2025\/09\/Customized-Stand-Up-Squeeze-Pouches-Wholesale-Packaging-Bag-For-Drink-2-150x150.jpg 150w, https:\/\/www.stanleypackage.com\/wp-content\/uploads\/2025\/09\/Customized-Stand-Up-Squeeze-Pouches-Wholesale-Packaging-Bag-For-Drink-2-12x12.jpg 12w, https:\/\/www.stanleypackage.com\/wp-content\/uploads\/2025\/09\/Customized-Stand-Up-Squeeze-Pouches-Wholesale-Packaging-Bag-For-Drink-2-600x600.jpg 600w, https:\/\/www.stanleypackage.com\/wp-content\/uploads\/2025\/09\/Customized-Stand-Up-Squeeze-Pouches-Wholesale-Packaging-Bag-For-Drink-2-100x100.jpg 100w\" sizes=\"(max-width: 750px) 100vw, 750px\" \/><\/figure>\n<\/div>\n\n\n\n<div class=\"wp-block-column is-layout-flow wp-block-column-is-layout-flow\">\n<figure class=\"wp-block-image size-full\"><img decoding=\"async\" width=\"750\" height=\"750\" src=\"https:\/\/www.stanleypackage.com\/wp-content\/uploads\/2025\/09\/Customized-Stand-Up-Squeeze-Pouches-Wholesale-Packaging-Bag-For-Drink-6.jpg\" alt=\"\" class=\"wp-image-3026\" srcset=\"https:\/\/www.stanleypackage.com\/wp-content\/uploads\/2025\/09\/Customized-Stand-Up-Squeeze-Pouches-Wholesale-Packaging-Bag-For-Drink-6.jpg 750w, https:\/\/www.stanleypackage.com\/wp-content\/uploads\/2025\/09\/Customized-Stand-Up-Squeeze-Pouches-Wholesale-Packaging-Bag-For-Drink-6-300x300.jpg 300w, https:\/\/www.stanleypackage.com\/wp-content\/uploads\/2025\/09\/Customized-Stand-Up-Squeeze-Pouches-Wholesale-Packaging-Bag-For-Drink-6-150x150.jpg 150w, https:\/\/www.stanleypackage.com\/wp-content\/uploads\/2025\/09\/Customized-Stand-Up-Squeeze-Pouches-Wholesale-Packaging-Bag-For-Drink-6-12x12.jpg 12w, https:\/\/www.stanleypackage.com\/wp-content\/uploads\/2025\/09\/Customized-Stand-Up-Squeeze-Pouches-Wholesale-Packaging-Bag-For-Drink-6-600x600.jpg 600w, https:\/\/www.stanleypackage.com\/wp-content\/uploads\/2025\/09\/Customized-Stand-Up-Squeeze-Pouches-Wholesale-Packaging-Bag-For-Drink-6-100x100.jpg 100w\" sizes=\"(max-width: 750px) 100vw, 750px\" \/><\/figure>\n<\/div>\n<\/div>\n<\/div>\n<\/div>","protected":false},"excerpt":{"rendered":"<p>Willkommen bei den ma\u00dfgeschneiderten Ausgie\u00dfer-Beuteln. Diese kundenspezifische Fruchtp\u00fcreebeutel-Verpackung ist mit einem Anti-Schluck-Verschluss ausgestattet, der das Risiko eines versehentlichen Verschluckens reduziert und die Sicherheit der Verpackung erh\u00f6ht.<\/p>\n<table style=\"border-collapse: collapse; width: 365.02pt;\" border=\"0\" width=\"365\" cellspacing=\"0\" cellpadding=\"0\">\n<tbody>\n<tr style=\"height: 16.00pt;\">\n<td class=\"et2\" style=\"height: 16.00pt; width: 97.50pt;\" width=\"97\" height=\"16\">Hersteller<\/td>\n<td class=\"et2\" style=\"width: 267.50pt;\" width=\"267\">Stanley<\/td>\n<\/tr>\n<tr style=\"height: 16.00pt;\">\n<td class=\"et2\" style=\"height: 16.00pt; width: 97.50pt;\" width=\"97\" height=\"16\">Arten von Beuteln<\/td>\n<td class=\"et3\">Squeeze Pouch, Spout Pouch, Flachboden-Beutel<\/td>\n<\/tr>\n<tr style=\"height: 16.00pt;\">\n<td class=\"et2\" style=\"height: 16.00pt; width: 97.50pt;\" width=\"97\" height=\"16\">Material<\/td>\n<td class=\"et2\" style=\"width: 267.50pt;\" width=\"267\">BOPP28\/VMPET12\/PE95<\/td>\n<\/tr>\n<tr style=\"height: 16.00pt;\">\n<td class=\"et2\" style=\"height: 16.00pt; width: 97.50pt;\" width=\"97\" height=\"16\">Besonderes Merkmal<\/td>\n<td class=\"et2\" style=\"width: 267.50pt;\" width=\"267\">Ausgie\u00dfer, Anti-Drosselkappe, Stehboden<\/td>\n<\/tr>\n<tr style=\"height: 16.00pt;\">\n<td class=\"et2\" style=\"height: 16.00pt; width: 97.50pt;\" width=\"97\" height=\"16\">Handhabung der Oberfl\u00e4che<\/td>\n<td class=\"et2\" style=\"width: 267.50pt;\" width=\"267\">Tiefdruck<\/td>\n<\/tr>\n<tr style=\"height: 16.00pt;\">\n<td class=\"et2\" style=\"height: 16.00pt; width: 97.50pt;\" width=\"97\" height=\"16\">Farbe<\/td>\n<td class=\"et2\" style=\"width: 267.50pt;\" width=\"267\">Doppelseitiger Druck, bis zu 10 Farben<\/td>\n<\/tr>\n<tr style=\"height: 16.00pt;\">\n<td class=\"et2\" style=\"height: 16.00pt; width: 97.50pt;\" width=\"97\" height=\"16\">Verwendung<\/td>\n<td class=\"et2\" style=\"width: 267.50pt;\" width=\"267\">Fruchtp\u00fcrees, Getr\u00e4nk, Geleegetr\u00e4nk, Baby-P\u00fcrees<\/td>\n<\/tr>\n<tr style=\"height: 16.00pt;\">\n<td class=\"et2\" style=\"height: 16.00pt; width: 97.50pt;\" width=\"97\" height=\"16\">MOQ<\/td>\n<td class=\"et2\" style=\"width: 267.50pt;\" width=\"267\">50.000 St\u00fcck<\/td>\n<\/tr>\n<tr style=\"height: 16.00pt;\">\n<td class=\"et2\" style=\"height: 16.00pt; width: 97.50pt;\" width=\"97\" height=\"16\">Individuelle Bestellung<\/td>\n<td class=\"et2\" style=\"width: 267.50pt;\" width=\"267\">Akzeptieren Sie OEM, unterst\u00fctzen Sie freie Probe<\/td>\n<\/tr>\n<\/tbody>\n<\/table>","protected":false},"featured_media":3027,"comment_status":"closed","ping_status":"closed","template":"","meta":{"_acf_changed":false},"product_brand":[],"product_cat":[61,32,24],"product_tag":[],"class_list":{"0":"post-3024","1":"product","2":"type-product","3":"status-publish","4":"has-post-thumbnail","6":"product_cat-squeeze-pouch-manufacturer","7":"product_cat-spout-pouch-manufacturer","8":"product_cat-flat-bottom-pouch-manufacturer","9":"pa_food-packaging-baby-food-packaging","10":"pa_food-packaging-drink-beverage-pouch","12":"first","13":"instock","14":"shipping-taxable","15":"product-type-simple"},"acf":[],"_links":{"self":[{"href":"https:\/\/www.stanleypackage.com\/de\/wp-json\/wp\/v2\/product\/3024","targetHints":{"allow":["GET"]}}],"collection":[{"href":"https:\/\/www.stanleypackage.com\/de\/wp-json\/wp\/v2\/product"}],"about":[{"href":"https:\/\/www.stanleypackage.com\/de\/wp-json\/wp\/v2\/types\/product"}],"replies":[{"embeddable":true,"href":"https:\/\/www.stanleypackage.com\/de\/wp-json\/wp\/v2\/comments?post=3024"}],"wp:featuredmedia":[{"embeddable":true,"href":"https:\/\/www.stanleypackage.com\/de\/wp-json\/wp\/v2\/media\/3027"}],"wp:attachment":[{"href":"https:\/\/www.stanleypackage.com\/de\/wp-json\/wp\/v2\/media?parent=3024"}],"wp:term":[{"taxonomy":"product_brand","embeddable":true,"href":"https:\/\/www.stanleypackage.com\/de\/wp-json\/wp\/v2\/product_brand?post=3024"},{"taxonomy":"product_cat","embeddable":true,"href":"https:\/\/www.stanleypackage.com\/de\/wp-json\/wp\/v2\/product_cat?post=3024"},{"taxonomy":"product_tag","embeddable":true,"href":"https:\/\/www.stanleypackage.com\/de\/wp-json\/wp\/v2\/product_tag?post=3024"}],"curies":[{"name":"wp","href":"https:\/\/api.w.org\/{rel}","templated":true}]}}