{"id":3035,"date":"2025-09-11T02:42:36","date_gmt":"2025-09-11T02:42:36","guid":{"rendered":"https:\/\/www.stanleypackage.com\/?post_type=product&#038;p=3035"},"modified":"2025-09-11T02:43:01","modified_gmt":"2025-09-11T02:43:01","slug":"custom-printed-food-packaging-bags","status":"publish","type":"product","link":"https:\/\/www.stanleypackage.com\/de\/product\/custom-printed-food-packaging-bags\/","title":{"rendered":"Individuell bedruckte Lebensmittelverpackungsbeutel f\u00fcr Brausetabletten"},"content":{"rendered":"<div class=\"wp-block-columns is-layout-flex wp-container-core-columns-is-layout-9d6595d7 wp-block-columns-is-layout-flex\">\n<div class=\"wp-block-column is-layout-flow wp-block-column-is-layout-flow\">\n<h2 class=\"wp-block-heading\">Merkmale von individuell bedruckten Lebensmittelverpackungsbeuteln<\/h2>\n\n\n\n<ul class=\"wp-block-list\">\n<li><strong>Rei\u00dfverschlussdesign, hervorragende Abdichtung:<\/strong> Das Rei\u00dfverschlussdesign unserer individuell bedruckten Lebensmittelverpackungen sorgt f\u00fcr einen dichten Verschluss, der Luft und Feuchtigkeit effektiv abh\u00e4lt.<\/li>\n\n\n\n<li><strong>Verbundwerkstoff mit hoher Barriere: <\/strong>Diese kundenspezifischen Brausetabletten-Verpackungsbeutel werden aus einem matten PET12\/AL7\/PE100-Verbundmaterial hergestellt, das eine ausgezeichnete Feuchtigkeits- und Oxidationsbest\u00e4ndigkeit bietet und gleichzeitig rei\u00df- und druckfest ist.<\/li>\n\n\n\n<li><strong>Leicht abrei\u00dfbares Design: <\/strong>Diese individuell bedruckten Lebensmittelverpackungen sind mit einer leicht zu \u00f6ffnenden Kerbe versehen, die ein einfaches \u00d6ffnen ohne Schere oder Messer erm\u00f6glicht, was die Benutzerfreundlichkeit und den Komfort erh\u00f6ht.<\/li>\n\n\n\n<li><strong>Einzigartiges Formdesign:\u00a0<\/strong>Diese Brausetabletten-Verpackungsbeutel sind mit einer einzigartigen Form ausgestattet, so dass die Wiedererkennung des Produkts gew\u00e4hrleistet ist und die Marken im Regal popul\u00e4r werden.<\/li>\n\n\n\n<li><strong>Flexible Anpassung: <\/strong>Unsere individuell bedruckten Beutel f\u00fcr Lebensmittelverpackungen bieten umfassende Anpassungsm\u00f6glichkeiten in Bezug auf Beutelgr\u00f6\u00dfe, Fassungsverm\u00f6gen, Grafik und Aufdruck und erf\u00fcllen die Verpackungsanforderungen verschiedener Marken und Produkte.<\/li>\n<\/ul>\n\n\n\n<div class=\"wp-block-columns is-layout-flex wp-container-core-columns-is-layout-9d6595d7 wp-block-columns-is-layout-flex\">\n<div class=\"wp-block-column is-layout-flow wp-block-column-is-layout-flow\">\n<figure class=\"wp-block-image size-full\"><img decoding=\"async\" width=\"750\" height=\"750\" src=\"https:\/\/www.stanleypackage.com\/wp-content\/uploads\/2025\/09\/Special-Shape-Custom-Packaging-Bags-Bulk-Candy-Pouches-With-Zipper.jpg\" alt=\"\" class=\"wp-image-3036\" srcset=\"https:\/\/www.stanleypackage.com\/wp-content\/uploads\/2025\/09\/Special-Shape-Custom-Packaging-Bags-Bulk-Candy-Pouches-With-Zipper.jpg 750w, https:\/\/www.stanleypackage.com\/wp-content\/uploads\/2025\/09\/Special-Shape-Custom-Packaging-Bags-Bulk-Candy-Pouches-With-Zipper-300x300.jpg 300w, https:\/\/www.stanleypackage.com\/wp-content\/uploads\/2025\/09\/Special-Shape-Custom-Packaging-Bags-Bulk-Candy-Pouches-With-Zipper-150x150.jpg 150w, https:\/\/www.stanleypackage.com\/wp-content\/uploads\/2025\/09\/Special-Shape-Custom-Packaging-Bags-Bulk-Candy-Pouches-With-Zipper-12x12.jpg 12w, https:\/\/www.stanleypackage.com\/wp-content\/uploads\/2025\/09\/Special-Shape-Custom-Packaging-Bags-Bulk-Candy-Pouches-With-Zipper-600x600.jpg 600w, https:\/\/www.stanleypackage.com\/wp-content\/uploads\/2025\/09\/Special-Shape-Custom-Packaging-Bags-Bulk-Candy-Pouches-With-Zipper-100x100.jpg 100w\" sizes=\"(max-width: 750px) 100vw, 750px\" \/><\/figure>\n<\/div>\n\n\n\n<div class=\"wp-block-column is-layout-flow wp-block-column-is-layout-flow\">\n<figure class=\"wp-block-image size-full\"><img decoding=\"async\" width=\"750\" height=\"750\" src=\"https:\/\/www.stanleypackage.com\/wp-content\/uploads\/2025\/09\/Special-Shape-Custom-Packaging-Bags-Bulk-Candy-Pouches-With-Zipper-3.jpg\" alt=\"\" class=\"wp-image-3037\" srcset=\"https:\/\/www.stanleypackage.com\/wp-content\/uploads\/2025\/09\/Special-Shape-Custom-Packaging-Bags-Bulk-Candy-Pouches-With-Zipper-3.jpg 750w, https:\/\/www.stanleypackage.com\/wp-content\/uploads\/2025\/09\/Special-Shape-Custom-Packaging-Bags-Bulk-Candy-Pouches-With-Zipper-3-300x300.jpg 300w, https:\/\/www.stanleypackage.com\/wp-content\/uploads\/2025\/09\/Special-Shape-Custom-Packaging-Bags-Bulk-Candy-Pouches-With-Zipper-3-150x150.jpg 150w, https:\/\/www.stanleypackage.com\/wp-content\/uploads\/2025\/09\/Special-Shape-Custom-Packaging-Bags-Bulk-Candy-Pouches-With-Zipper-3-12x12.jpg 12w, https:\/\/www.stanleypackage.com\/wp-content\/uploads\/2025\/09\/Special-Shape-Custom-Packaging-Bags-Bulk-Candy-Pouches-With-Zipper-3-600x600.jpg 600w, https:\/\/www.stanleypackage.com\/wp-content\/uploads\/2025\/09\/Special-Shape-Custom-Packaging-Bags-Bulk-Candy-Pouches-With-Zipper-3-100x100.jpg 100w\" sizes=\"(max-width: 750px) 100vw, 750px\" \/><\/figure>\n<\/div>\n<\/div>\n<\/div>\n<\/div>\n\n\n\n<p><\/p>","protected":false},"excerpt":{"rendered":"<p>Willkommen bei der Bestellung von individuell bedruckten Verpackungsbeuteln f\u00fcr Lebensmittel. Diese Brausetabletten-Verpackungsbeutel mit hoher Barrierewirkung verf\u00fcgen \u00fcber einen Rei\u00dfverschluss und eine leicht zu \u00f6ffnende Kerbe. Sie sind aus mattem PET12\/AL7\/PE100-Material hergestellt und k\u00f6nnen individuell bedruckt werden.<\/p>\n<table style=\"border-collapse: collapse; width: 312.77pt;\" border=\"0\" width=\"417\" cellspacing=\"0\" cellpadding=\"0\">\n<tbody>\n<tr style=\"height: 12.75pt;\">\n<td class=\"et2\" style=\"height: 12.75pt; width: 91.40pt;\" width=\"121\" height=\"17\">Hersteller<\/td>\n<td class=\"et2\" style=\"width: 222.00pt;\" width=\"296\">Stanley<\/td>\n<\/tr>\n<tr style=\"height: 12.75pt;\">\n<td class=\"et2\" style=\"height: 12.75pt; width: 91.40pt;\" width=\"121\" height=\"17\">Arten von Beuteln<\/td>\n<td class=\"et3\">Dreiseitige versiegelte Tasche, geformte Tasche, Rei\u00dfverschlusstasche<\/td>\n<\/tr>\n<tr style=\"height: 12.75pt;\">\n<td class=\"et2\" style=\"height: 12.75pt; width: 91.40pt;\" width=\"121\" height=\"17\">Material<\/td>\n<td class=\"et2\" style=\"width: 222.00pt;\" width=\"296\">PET12\/AL7\/PE100<\/td>\n<\/tr>\n<tr style=\"height: 25.50pt;\">\n<td class=\"et2\" style=\"height: 25.50pt; width: 91.40pt;\" width=\"121\" height=\"34\">Besonderes Merkmal<\/td>\n<td class=\"et2\" style=\"width: 222.00pt;\" width=\"296\">Hohe Barriere, leicht einrei\u00dfbare Kerbe, Rei\u00dfverschlussdesign, spezielle Form<\/td>\n<\/tr>\n<tr style=\"height: 12.75pt;\">\n<td class=\"et2\" style=\"height: 12.75pt; width: 91.40pt;\" width=\"121\" height=\"17\">Handhabung der Oberfl\u00e4che<\/td>\n<td class=\"et2\" style=\"width: 222.00pt;\" width=\"296\">Tiefdruck<\/td>\n<\/tr>\n<tr style=\"height: 12.75pt;\">\n<td class=\"et2\" style=\"height: 12.75pt; width: 91.40pt;\" width=\"121\" height=\"17\">Farbe<\/td>\n<td class=\"et2\" style=\"width: 222.00pt;\" width=\"296\">Bis zu 10 Farben<\/td>\n<\/tr>\n<tr style=\"height: 12.75pt;\">\n<td class=\"et2\" style=\"height: 12.75pt; width: 91.40pt;\" width=\"121\" height=\"17\">Verwendung<\/td>\n<td class=\"et3\">S\u00fc\u00dfigkeiten, Vitamin<\/td>\n<\/tr>\n<tr style=\"height: 12.75pt;\">\n<td class=\"et2\" style=\"height: 12.75pt; width: 91.40pt;\" width=\"121\" height=\"17\">MOQ<\/td>\n<td class=\"et2\" style=\"width: 222.00pt;\" width=\"296\">50.000 St\u00fcck<\/td>\n<\/tr>\n<tr style=\"height: 12.75pt;\">\n<td class=\"et2\" style=\"height: 12.75pt; width: 91.40pt;\" width=\"121\" height=\"17\">Individuelle Bestellung<\/td>\n<td class=\"et2\" style=\"width: 222.00pt;\" width=\"296\">Akzeptieren Sie OEM, unterst\u00fctzen Sie freie Probe<\/td>\n<\/tr>\n<\/tbody>\n<\/table>\n<p>&nbsp;<\/p>","protected":false},"featured_media":3038,"comment_status":"closed","ping_status":"closed","template":"","meta":{"_acf_changed":false},"product_brand":[],"product_cat":[28,31,22,18],"product_tag":[],"class_list":{"0":"post-3035","1":"product","2":"type-product","3":"status-publish","4":"has-post-thumbnail","6":"product_cat-three-side-seal-pouch-manufacturer","7":"product_cat-lay-flat-pouch-manufacturer","8":"product_cat-shaped-pouches-factory","9":"product_cat-zipper-pouch-manufacturer","11":"first","12":"instock","13":"shipping-taxable","14":"product-type-simple"},"acf":[],"_links":{"self":[{"href":"https:\/\/www.stanleypackage.com\/de\/wp-json\/wp\/v2\/product\/3035","targetHints":{"allow":["GET"]}}],"collection":[{"href":"https:\/\/www.stanleypackage.com\/de\/wp-json\/wp\/v2\/product"}],"about":[{"href":"https:\/\/www.stanleypackage.com\/de\/wp-json\/wp\/v2\/types\/product"}],"replies":[{"embeddable":true,"href":"https:\/\/www.stanleypackage.com\/de\/wp-json\/wp\/v2\/comments?post=3035"}],"wp:featuredmedia":[{"embeddable":true,"href":"https:\/\/www.stanleypackage.com\/de\/wp-json\/wp\/v2\/media\/3038"}],"wp:attachment":[{"href":"https:\/\/www.stanleypackage.com\/de\/wp-json\/wp\/v2\/media?parent=3035"}],"wp:term":[{"taxonomy":"product_brand","embeddable":true,"href":"https:\/\/www.stanleypackage.com\/de\/wp-json\/wp\/v2\/product_brand?post=3035"},{"taxonomy":"product_cat","embeddable":true,"href":"https:\/\/www.stanleypackage.com\/de\/wp-json\/wp\/v2\/product_cat?post=3035"},{"taxonomy":"product_tag","embeddable":true,"href":"https:\/\/www.stanleypackage.com\/de\/wp-json\/wp\/v2\/product_tag?post=3035"}],"curies":[{"name":"wp","href":"https:\/\/api.w.org\/{rel}","templated":true}]}}