{"id":3040,"date":"2025-09-09T07:50:35","date_gmt":"2025-09-09T07:50:35","guid":{"rendered":"https:\/\/www.stanleypackage.com\/?post_type=product&#038;p=3040"},"modified":"2025-09-09T07:50:58","modified_gmt":"2025-09-09T07:50:58","slug":"custom-shaped-spout-pouches","status":"publish","type":"product","link":"https:\/\/www.stanleypackage.com\/de\/product\/custom-shaped-spout-pouches\/","title":{"rendered":"Individuell geformte Ausgie\u00dferbeutel, unregelm\u00e4\u00dfige So\u00dfenbeutelverpackungen"},"content":{"rendered":"<div class=\"wp-block-columns is-layout-flex wp-container-core-columns-is-layout-9d6595d7 wp-block-columns-is-layout-flex\">\n<div class=\"wp-block-column is-layout-flow wp-block-column-is-layout-flow\">\n<h2 class=\"wp-block-heading\">Merkmale der Custom Shaped Spout Pouches<\/h2>\n\n\n\n<ul class=\"wp-block-list\">\n<li><strong>Unregelm\u00e4\u00dfige Form: <\/strong>Diese individuell gestalteten Ausgie\u00dfer sind mit einer einzigartigen Form ausgestattet, so dass die Wiedererkennung des Produkts gew\u00e4hrleistet ist und die Marken im Regal popul\u00e4r werden.<\/li>\n\n\n\n<li><strong>Ausgie\u00dferstruktur f\u00fcr leichtes Ausgie\u00dfen: <\/strong>Diese kundenspezifischen So\u00dfenbeutelverpackungen sind speziell mit einer rotierenden D\u00fcse ausgestattet, die es den Kunden leicht macht, die Menge des Gebrauchs und der verwendeten Gew\u00fcrze genau zu kontrollieren.<\/li>\n\n\n\n<li><strong>Stehender Boden, stabiles Display: <\/strong>Das Design unserer individuell geformten Ausgie\u00dferbeutel macht die Verpackung stabiler und eignet sich f\u00fcr die Auslage im Regal oder auf der Theke.<\/li>\n\n\n\n<li><strong>Hochwertiger beidseitiger Druck: <\/strong>Unsere kundenspezifischen So\u00dfenbeutelverpackungen bieten doppelseitige kundenspezifische Muster mit satten und klaren Farben, um die Vision der Marke voll zur Geltung zu bringen.<\/li>\n\n\n\n<li><strong>Mehrschichtiger Aufbau des Barrierematerials:<\/strong> Diese kundenspezifisch geformten T\u00fcllenbeutel verwenden eine Kombination aus PET12\/AL7\/BOPA15\/RCPP70-Materialien, um Feuchtigkeit und Luft effektiv zu isolieren und die Frische des Produkts zu erhalten.<\/li>\n\n\n\n<li><strong>Geeignet f\u00fcr eine Vielzahl von Lebensmitteln: <\/strong>Dieses kundenspezifische Verpackungsdesign f\u00fcr So\u00dfenbeutel wird h\u00e4ufig f\u00fcr Salz, Chilipulver, H\u00fchnerfleisch, Gelee und andere Lebensmittel verwendet, um verschiedene Verpackungsanforderungen zu erf\u00fcllen.<\/li>\n<\/ul>\n\n\n\n<div class=\"wp-block-columns is-layout-flex wp-container-core-columns-is-layout-9d6595d7 wp-block-columns-is-layout-flex\">\n<div class=\"wp-block-column is-layout-flow wp-block-column-is-layout-flow\">\n<figure class=\"wp-block-image size-full\"><img decoding=\"async\" width=\"750\" height=\"750\" src=\"https:\/\/www.stanleypackage.com\/wp-content\/uploads\/2025\/09\/Irregular-Shape-Custom-Spout-Pouches-For-Condiments-2.jpg\" alt=\"\" class=\"wp-image-3041\" srcset=\"https:\/\/www.stanleypackage.com\/wp-content\/uploads\/2025\/09\/Irregular-Shape-Custom-Spout-Pouches-For-Condiments-2.jpg 750w, https:\/\/www.stanleypackage.com\/wp-content\/uploads\/2025\/09\/Irregular-Shape-Custom-Spout-Pouches-For-Condiments-2-300x300.jpg 300w, https:\/\/www.stanleypackage.com\/wp-content\/uploads\/2025\/09\/Irregular-Shape-Custom-Spout-Pouches-For-Condiments-2-150x150.jpg 150w, https:\/\/www.stanleypackage.com\/wp-content\/uploads\/2025\/09\/Irregular-Shape-Custom-Spout-Pouches-For-Condiments-2-12x12.jpg 12w, https:\/\/www.stanleypackage.com\/wp-content\/uploads\/2025\/09\/Irregular-Shape-Custom-Spout-Pouches-For-Condiments-2-600x600.jpg 600w, https:\/\/www.stanleypackage.com\/wp-content\/uploads\/2025\/09\/Irregular-Shape-Custom-Spout-Pouches-For-Condiments-2-100x100.jpg 100w\" sizes=\"(max-width: 750px) 100vw, 750px\" \/><\/figure>\n<\/div>\n\n\n\n<div class=\"wp-block-column is-layout-flow wp-block-column-is-layout-flow\">\n<figure class=\"wp-block-image size-full\"><img decoding=\"async\" width=\"750\" height=\"750\" src=\"https:\/\/www.stanleypackage.com\/wp-content\/uploads\/2025\/09\/Irregular-Shape-Custom-Spout-Pouches-For-Condiments-6.jpg\" alt=\"\" class=\"wp-image-3042\" srcset=\"https:\/\/www.stanleypackage.com\/wp-content\/uploads\/2025\/09\/Irregular-Shape-Custom-Spout-Pouches-For-Condiments-6.jpg 750w, https:\/\/www.stanleypackage.com\/wp-content\/uploads\/2025\/09\/Irregular-Shape-Custom-Spout-Pouches-For-Condiments-6-300x300.jpg 300w, https:\/\/www.stanleypackage.com\/wp-content\/uploads\/2025\/09\/Irregular-Shape-Custom-Spout-Pouches-For-Condiments-6-150x150.jpg 150w, https:\/\/www.stanleypackage.com\/wp-content\/uploads\/2025\/09\/Irregular-Shape-Custom-Spout-Pouches-For-Condiments-6-12x12.jpg 12w, https:\/\/www.stanleypackage.com\/wp-content\/uploads\/2025\/09\/Irregular-Shape-Custom-Spout-Pouches-For-Condiments-6-600x600.jpg 600w, https:\/\/www.stanleypackage.com\/wp-content\/uploads\/2025\/09\/Irregular-Shape-Custom-Spout-Pouches-For-Condiments-6-100x100.jpg 100w\" sizes=\"(max-width: 750px) 100vw, 750px\" \/><\/figure>\n<\/div>\n<\/div>\n<\/div>\n<\/div>","protected":false},"excerpt":{"rendered":"<p>Willkommen zu bestellen benutzerdefinierte geformte T\u00fclle Beutel. Dieser Gro\u00dfhandel So\u00dfe Beutel mit einer selbst\u00e4ndigen Funktion ist von hoher Barriere mehrschichtigen Material, das f\u00fcr die Verpackung von verschiedenen Lebensmitteln wie Ketchup, Senf, Chili-Sauce, Barbecue-Sauce, etc. gut geeignet ist gemacht.<\/p>\n<table style=\"border-collapse: collapse; width: 365.02pt;\" border=\"0\" width=\"365\" cellspacing=\"0\" cellpadding=\"0\">\n<tbody>\n<tr style=\"height: 16.00pt;\">\n<td class=\"et2\" style=\"height: 16.00pt; width: 97.50pt;\" width=\"97\" height=\"16\">Hersteller<\/td>\n<td class=\"et2\" style=\"width: 267.50pt;\" width=\"267\">Stanley<\/td>\n<\/tr>\n<tr style=\"height: 16.00pt;\">\n<td class=\"et2\" style=\"height: 16.00pt; width: 97.50pt;\" width=\"97\" height=\"16\">Arten von Beuteln<\/td>\n<td class=\"et2\" style=\"width: 267.50pt;\" width=\"267\">Ausgie\u00dferbeutel, Stand-up-Beutel, unregelm\u00e4\u00dfiger Beutel<\/td>\n<\/tr>\n<tr style=\"height: 16.00pt;\">\n<td class=\"et2\" style=\"height: 16.00pt; width: 97.50pt;\" width=\"97\" height=\"16\">Material<\/td>\n<td class=\"et2\" style=\"width: 267.50pt;\" width=\"267\">PET12\/AL7\/BOPA15\/RCPP70<\/td>\n<\/tr>\n<tr style=\"height: 16.00pt;\">\n<td class=\"et2\" style=\"height: 16.00pt; width: 97.50pt;\" width=\"97\" height=\"16\">Besonderes Merkmal<\/td>\n<td class=\"et2\" style=\"width: 267.50pt;\" width=\"267\">Ausguss, Stehboden, unregelm\u00e4\u00dfiger Beutel<\/td>\n<\/tr>\n<tr style=\"height: 16.00pt;\">\n<td class=\"et2\" style=\"height: 16.00pt; width: 97.50pt;\" width=\"97\" height=\"16\">Handhabung der Oberfl\u00e4che<\/td>\n<td class=\"et2\" style=\"width: 267.50pt;\" width=\"267\">Tiefdruck<\/td>\n<\/tr>\n<tr style=\"height: 16.00pt;\">\n<td class=\"et2\" style=\"height: 16.00pt; width: 97.50pt;\" width=\"97\" height=\"16\">Farbe<\/td>\n<td class=\"et2\" style=\"width: 267.50pt;\" width=\"267\">Doppelseitiger Druck, bis zu 10 Farben<\/td>\n<\/tr>\n<tr style=\"height: 16.00pt;\">\n<td class=\"et2\" style=\"height: 16.00pt; width: 97.50pt;\" width=\"97\" height=\"16\">Verwendung<\/td>\n<td class=\"et2\" style=\"width: 267.50pt;\" width=\"267\">Ketchup, Senf, Barbecue-Sauce<\/td>\n<\/tr>\n<tr style=\"height: 16.00pt;\">\n<td class=\"et2\" style=\"height: 16.00pt; width: 97.50pt;\" width=\"97\" height=\"16\">MOQ<\/td>\n<td class=\"et2\" style=\"width: 267.50pt;\" width=\"267\">50.000 St\u00fcck<\/td>\n<\/tr>\n<tr style=\"height: 16.00pt;\">\n<td class=\"et2\" style=\"height: 16.00pt; width: 97.50pt;\" width=\"97\" height=\"16\">Individuelle Bestellung<\/td>\n<td class=\"et2\" style=\"width: 267.50pt;\" width=\"267\">Akzeptieren Sie OEM, unterst\u00fctzen Sie freie Probe<\/td>\n<\/tr>\n<\/tbody>\n<\/table>","protected":false},"featured_media":3043,"comment_status":"closed","ping_status":"closed","template":"","meta":{"_acf_changed":false},"product_brand":[],"product_cat":[32,61,30,22],"product_tag":[],"class_list":{"0":"post-3040","1":"product","2":"type-product","3":"status-publish","4":"has-post-thumbnail","6":"product_cat-spout-pouch-manufacturer","7":"product_cat-squeeze-pouch-manufacturer","8":"product_cat-stand-up-pouch-manufacturer","9":"product_cat-shaped-pouches-factory","10":"pa_food-packaging-sauce-condiment-pouches","12":"first","13":"instock","14":"shipping-taxable","15":"product-type-simple"},"acf":[],"_links":{"self":[{"href":"https:\/\/www.stanleypackage.com\/de\/wp-json\/wp\/v2\/product\/3040","targetHints":{"allow":["GET"]}}],"collection":[{"href":"https:\/\/www.stanleypackage.com\/de\/wp-json\/wp\/v2\/product"}],"about":[{"href":"https:\/\/www.stanleypackage.com\/de\/wp-json\/wp\/v2\/types\/product"}],"replies":[{"embeddable":true,"href":"https:\/\/www.stanleypackage.com\/de\/wp-json\/wp\/v2\/comments?post=3040"}],"wp:featuredmedia":[{"embeddable":true,"href":"https:\/\/www.stanleypackage.com\/de\/wp-json\/wp\/v2\/media\/3043"}],"wp:attachment":[{"href":"https:\/\/www.stanleypackage.com\/de\/wp-json\/wp\/v2\/media?parent=3040"}],"wp:term":[{"taxonomy":"product_brand","embeddable":true,"href":"https:\/\/www.stanleypackage.com\/de\/wp-json\/wp\/v2\/product_brand?post=3040"},{"taxonomy":"product_cat","embeddable":true,"href":"https:\/\/www.stanleypackage.com\/de\/wp-json\/wp\/v2\/product_cat?post=3040"},{"taxonomy":"product_tag","embeddable":true,"href":"https:\/\/www.stanleypackage.com\/de\/wp-json\/wp\/v2\/product_tag?post=3040"}],"curies":[{"name":"wp","href":"https:\/\/api.w.org\/{rel}","templated":true}]}}