{"id":3155,"date":"2025-09-26T04:07:39","date_gmt":"2025-09-26T04:07:39","guid":{"rendered":"https:\/\/www.stanleypackage.com\/?post_type=product&#038;p=3155"},"modified":"2025-09-26T04:07:46","modified_gmt":"2025-09-26T04:07:46","slug":"spout-pouches-wholesale","status":"publish","type":"product","link":"https:\/\/www.stanleypackage.com\/de\/product\/spout-pouches-wholesale\/","title":{"rendered":"Benutzerdefinierte Ausgie\u00dfer Beutel Gro\u00dfhandel f\u00fcr nasse Tiernahrung Verpackung"},"content":{"rendered":"<div class=\"wp-block-columns is-layout-flex wp-container-core-columns-is-layout-9d6595d7 wp-block-columns-is-layout-flex\">\n<div class=\"wp-block-column is-layout-flow wp-block-column-is-layout-flow\">\n<h2 class=\"wp-block-heading\">Merkmale von Customized Spout Pouches Gro\u00dfhandel<\/h2>\n\n\n\n<ul class=\"wp-block-list\">\n<li><strong>Effiziente und bequeme F\u00fctterung: <\/strong>Diese Ausgie\u00dfer im Gro\u00dfhandel erm\u00f6glichen ein pr\u00e4zises Ausgie\u00dfen, ohne dass die H\u00e4nde oder die N\u00e4pfe der Haustiere verschmutzt werden, was den Komfort und die Zufriedenheit der Verbraucher erheblich verbessert.<\/li>\n\n\n\n<li><strong>Stabil und selbsttragend, hervorragende Regalpr\u00e4sentation: <\/strong>Der selbsttragende Boden unserer ma\u00dfgefertigten T\u00fcllenbeutel f\u00fcr Nassfutter f\u00fcr Haustiere sorgt f\u00fcr eine stabile Haltbarkeit und eine hervorragende Pr\u00e4sentation im K\u00fchlschrank, so dass die Verbraucher leicht darauf zugreifen und es aufbewahren k\u00f6nnen.<\/li>\n\n\n\n<li><strong>Hervorragender Schutz, der die N\u00e4hrstoffe und den Geschmack einschlie\u00dft: <\/strong>Unsere Ausgie\u00dferbeutel f\u00fcr den Gro\u00dfhandel bestehen aus einem dreischichtigen PET\/BOPA\/PE-Verbundmaterial mit au\u00dfergew\u00f6hnlicher Durchsto\u00dffestigkeit und Barriereeigenschaften. Sie sperren Sauerstoff, Feuchtigkeit und Licht effektiv aus und maximieren so die Haltbarkeit von Tiernahrung, w\u00e4hrend N\u00e4hrstoffe und Geschmack erhalten bleiben. <\/li>\n\n\n\n<li><strong>Starkes Branding und flexible Anpassungsm\u00f6glichkeiten: <\/strong>Wir bieten qualitativ hochwertige, kundenspezifische Druckdienstleistungen f\u00fcr Tiernahrungsbeutel, die Ihr Markenlogo, Ihre Grafiken und Produktinformationen perfekt darstellen und Ihnen helfen, ein unverwechselbares Markenimage auf einem wettbewerbsintensiven Markt aufzubauen. Wir unterst\u00fctzen auch OEM\/ODM-Dienstleistungen, um Ihre individuellen Anforderungen zu erf\u00fcllen.<\/li>\n\n\n\n<li><strong>Gro\u00dfhandelspreise und eine zuverl\u00e4ssige Lieferkette: <\/strong>Als Hersteller von flexiblen Verpackungsbeuteln bieten wir wettbewerbsf\u00e4hige Preise f\u00fcr Ausgie\u00dferbeutel im Gro\u00dfhandel, damit Sie das beste Preis-Leistungs-Verh\u00e4ltnis erhalten. Mit stabilen Produktionskapazit\u00e4ten und zuverl\u00e4ssigen Lieferzeiten sind wir ein zuverl\u00e4ssiger Partner in der Lieferkette.<\/li>\n<\/ul>\n\n\n\n<div class=\"wp-block-columns is-layout-flex wp-container-core-columns-is-layout-9d6595d7 wp-block-columns-is-layout-flex\">\n<div class=\"wp-block-column is-layout-flow wp-block-column-is-layout-flow\">\n<figure class=\"wp-block-image size-full\"><img decoding=\"async\" width=\"750\" height=\"750\" src=\"https:\/\/www.stanleypackage.com\/wp-content\/uploads\/2025\/09\/Customized-Spout-Pouches-Wholesale-for-Pet-Food-2.jpg\" alt=\"\" class=\"wp-image-3156\" srcset=\"https:\/\/www.stanleypackage.com\/wp-content\/uploads\/2025\/09\/Customized-Spout-Pouches-Wholesale-for-Pet-Food-2.jpg 750w, https:\/\/www.stanleypackage.com\/wp-content\/uploads\/2025\/09\/Customized-Spout-Pouches-Wholesale-for-Pet-Food-2-300x300.jpg 300w, https:\/\/www.stanleypackage.com\/wp-content\/uploads\/2025\/09\/Customized-Spout-Pouches-Wholesale-for-Pet-Food-2-150x150.jpg 150w, https:\/\/www.stanleypackage.com\/wp-content\/uploads\/2025\/09\/Customized-Spout-Pouches-Wholesale-for-Pet-Food-2-12x12.jpg 12w, https:\/\/www.stanleypackage.com\/wp-content\/uploads\/2025\/09\/Customized-Spout-Pouches-Wholesale-for-Pet-Food-2-600x600.jpg 600w, https:\/\/www.stanleypackage.com\/wp-content\/uploads\/2025\/09\/Customized-Spout-Pouches-Wholesale-for-Pet-Food-2-100x100.jpg 100w\" sizes=\"(max-width: 750px) 100vw, 750px\" \/><\/figure>\n<\/div>\n\n\n\n<div class=\"wp-block-column is-layout-flow wp-block-column-is-layout-flow\">\n<figure class=\"wp-block-image size-full\"><img decoding=\"async\" width=\"750\" height=\"750\" src=\"https:\/\/www.stanleypackage.com\/wp-content\/uploads\/2025\/09\/Customized-Spout-Pouches-Wholesale-for-Pet-Food-5.jpg\" alt=\"\" class=\"wp-image-3157\" srcset=\"https:\/\/www.stanleypackage.com\/wp-content\/uploads\/2025\/09\/Customized-Spout-Pouches-Wholesale-for-Pet-Food-5.jpg 750w, https:\/\/www.stanleypackage.com\/wp-content\/uploads\/2025\/09\/Customized-Spout-Pouches-Wholesale-for-Pet-Food-5-300x300.jpg 300w, https:\/\/www.stanleypackage.com\/wp-content\/uploads\/2025\/09\/Customized-Spout-Pouches-Wholesale-for-Pet-Food-5-150x150.jpg 150w, https:\/\/www.stanleypackage.com\/wp-content\/uploads\/2025\/09\/Customized-Spout-Pouches-Wholesale-for-Pet-Food-5-12x12.jpg 12w, https:\/\/www.stanleypackage.com\/wp-content\/uploads\/2025\/09\/Customized-Spout-Pouches-Wholesale-for-Pet-Food-5-600x600.jpg 600w, https:\/\/www.stanleypackage.com\/wp-content\/uploads\/2025\/09\/Customized-Spout-Pouches-Wholesale-for-Pet-Food-5-100x100.jpg 100w\" sizes=\"(max-width: 750px) 100vw, 750px\" \/><\/figure>\n<\/div>\n<\/div>\n<\/div>\n<\/div>","protected":false},"excerpt":{"rendered":"<p>Diese individuell bedruckten T\u00fcllenbeutel f\u00fcr den Gro\u00dfhandel wurden speziell f\u00fcr feuchte Tiernahrung entwickelt und bestehen aus einem Verbundmaterial mit hoher Barrierewirkung, das f\u00fcr lang anhaltende Frische sorgt. Das innovative Ausgie\u00dferdesign und der selbststehende Boden bieten ultimativen Komfort.<\/p>\n<table style=\"border-collapse: collapse; width: 334.02pt;\" border=\"0\" width=\"334\" cellspacing=\"0\" cellpadding=\"0\">\n<tbody>\n<tr style=\"height: 16.00pt;\">\n<td class=\"et2\" style=\"height: 16.00pt; width: 97.50pt;\" width=\"97\" height=\"16\">Hersteller<\/td>\n<td class=\"et2\" style=\"width: 236.80pt;\" width=\"236\">Stanley<\/td>\n<\/tr>\n<tr style=\"height: 16.00pt;\">\n<td class=\"et2\" style=\"height: 16.00pt; width: 97.50pt;\" width=\"97\" height=\"16\">Arten von Beuteln<\/td>\n<td class=\"et3\">Ausgie\u00dfertasche, Stand Up Pouch<\/td>\n<\/tr>\n<tr style=\"height: 16.00pt;\">\n<td class=\"et2\" style=\"height: 16.00pt; width: 97.50pt;\" width=\"97\" height=\"16\">Material<\/td>\n<td class=\"et2\" style=\"width: 236.80pt;\" width=\"236\">PET12\/BOPA15\/MBPE110<\/td>\n<\/tr>\n<tr style=\"height: 16.00pt;\">\n<td class=\"et2\" style=\"height: 16.00pt; width: 97.50pt;\" width=\"97\" height=\"16\">Besonderes Merkmal<\/td>\n<td class=\"et2\" style=\"width: 236.80pt;\" width=\"236\">Ausguss, selbststehender Boden<\/td>\n<\/tr>\n<tr style=\"height: 16.00pt;\">\n<td class=\"et2\" style=\"height: 16.00pt; width: 97.50pt;\" width=\"97\" height=\"16\">Handhabung der Oberfl\u00e4che<\/td>\n<td class=\"et2\" style=\"width: 236.80pt;\" width=\"236\">Tiefdruck<\/td>\n<\/tr>\n<tr style=\"height: 16.00pt;\">\n<td class=\"et2\" style=\"height: 16.00pt; width: 97.50pt;\" width=\"97\" height=\"16\">Farbe<\/td>\n<td class=\"et2\" style=\"width: 236.80pt;\" width=\"236\">Bis zu 10 Farben<\/td>\n<\/tr>\n<tr style=\"height: 16.00pt;\">\n<td class=\"et2\" style=\"height: 16.00pt; width: 97.50pt;\" width=\"97\" height=\"16\">Verwendung<\/td>\n<td>Tiernahrung, Gew\u00fcrze, Gelee<\/td>\n<\/tr>\n<tr style=\"height: 16.00pt;\">\n<td class=\"et2\" style=\"height: 16.00pt; width: 97.50pt;\" width=\"97\" height=\"16\">MOQ<\/td>\n<td class=\"et2\" style=\"width: 236.80pt;\" width=\"236\">50.000 St\u00fcck<\/td>\n<\/tr>\n<tr style=\"height: 16.00pt;\">\n<td class=\"et2\" style=\"height: 16.00pt; width: 97.50pt;\" width=\"97\" height=\"16\">Individuelle Bestellung<\/td>\n<td class=\"et2\" style=\"width: 236.80pt;\" width=\"236\">Akzeptieren Sie OEM, unterst\u00fctzen Sie freie Probe<\/td>\n<\/tr>\n<\/tbody>\n<\/table>\n<p>&nbsp;<\/p>","protected":false},"featured_media":3158,"comment_status":"closed","ping_status":"closed","template":"","meta":{"_acf_changed":false},"product_brand":[],"product_cat":[32,30],"product_tag":[],"class_list":{"0":"post-3155","1":"product","2":"type-product","3":"status-publish","4":"has-post-thumbnail","6":"product_cat-spout-pouch-manufacturer","7":"product_cat-stand-up-pouch-manufacturer","8":"pa_food-packaging-pet-food-pouches","10":"first","11":"instock","12":"shipping-taxable","13":"product-type-simple"},"acf":[],"_links":{"self":[{"href":"https:\/\/www.stanleypackage.com\/de\/wp-json\/wp\/v2\/product\/3155","targetHints":{"allow":["GET"]}}],"collection":[{"href":"https:\/\/www.stanleypackage.com\/de\/wp-json\/wp\/v2\/product"}],"about":[{"href":"https:\/\/www.stanleypackage.com\/de\/wp-json\/wp\/v2\/types\/product"}],"replies":[{"embeddable":true,"href":"https:\/\/www.stanleypackage.com\/de\/wp-json\/wp\/v2\/comments?post=3155"}],"wp:featuredmedia":[{"embeddable":true,"href":"https:\/\/www.stanleypackage.com\/de\/wp-json\/wp\/v2\/media\/3158"}],"wp:attachment":[{"href":"https:\/\/www.stanleypackage.com\/de\/wp-json\/wp\/v2\/media?parent=3155"}],"wp:term":[{"taxonomy":"product_brand","embeddable":true,"href":"https:\/\/www.stanleypackage.com\/de\/wp-json\/wp\/v2\/product_brand?post=3155"},{"taxonomy":"product_cat","embeddable":true,"href":"https:\/\/www.stanleypackage.com\/de\/wp-json\/wp\/v2\/product_cat?post=3155"},{"taxonomy":"product_tag","embeddable":true,"href":"https:\/\/www.stanleypackage.com\/de\/wp-json\/wp\/v2\/product_tag?post=3155"}],"curies":[{"name":"wp","href":"https:\/\/api.w.org\/{rel}","templated":true}]}}