{"id":3189,"date":"2025-09-26T06:13:02","date_gmt":"2025-09-26T06:13:02","guid":{"rendered":"https:\/\/www.stanleypackage.com\/?post_type=product&#038;p=3189"},"modified":"2025-09-26T06:13:09","modified_gmt":"2025-09-26T06:13:09","slug":"custom-fresh-fruit-bags","status":"publish","type":"product","link":"https:\/\/www.stanleypackage.com\/de\/product\/custom-fresh-fruit-bags\/","title":{"rendered":"Benutzerdefinierte Frischobsttaschen, Gro\u00dfhandel bel\u00fcftete Produkttaschen"},"content":{"rendered":"<div class=\"wp-block-columns is-layout-flex wp-container-core-columns-is-layout-9d6595d7 wp-block-columns-is-layout-flex\">\n<div class=\"wp-block-column is-layout-flow wp-block-column-is-layout-flow\">\n<h2 class=\"wp-block-heading\">Merkmale der individuellen Frischobsttaschen<\/h2>\n\n\n\n<ul class=\"wp-block-list\">\n<li><strong>Intelligente Atmung bewahrt die Frische und reduziert effektiv den Verlust: <\/strong>Unsere ma\u00dfgefertigten Frischobstbeutel haben strategisch platzierte Atmungsl\u00f6cher, die W\u00e4rme und Feuchtigkeit aus dem geernteten Obst und Gem\u00fcse ableiten und so das Mikroklima im Beutel effektiv regulieren und die Haltbarkeit verbessern.<\/li>\n\n\n\n<li><strong>Benutzerfreundliches Design verbessert das Erlebnis: <\/strong>Unsere bel\u00fcfteten Obst- und Gem\u00fcsebeutel f\u00fcr den Gro\u00dfhandel haben L\u00f6cher f\u00fcr einen sicheren Transport und einen wiederverschlie\u00dfbaren Rei\u00dfverschluss, damit das Obst frisch bleibt und mehrfach verwendet werden kann.<\/li>\n\n\n\n<li><strong>Hochtransparentes Material zeigt die Produktqualit\u00e4t perfekt an:<\/strong> Diese kundenspezifischen Frischobstt\u00fcten bestehen aus einem hochwertigen PET\/CPP-Verbundmaterial mit hervorragendem Glanz und Klarheit, das die nat\u00fcrliche Farbe und die frische Textur von Obst und Gem\u00fcse besonders gut zur Geltung bringt.<\/li>\n\n\n\n<li><strong>Starke Anpassungsf\u00e4higkeiten verbessern das Markenimage:<\/strong> Wir bieten umfassende Dienstleistungen zur individuellen Gestaltung von Gro\u00dfhandels-Bel\u00fcftungsbeuteln, von der Gr\u00f6\u00dfe \u00fcber den Aufdruck bis hin zu Logos, damit Ihre Marke im Regal auff\u00e4llt.<\/li>\n\n\n\n<li><strong>Gro\u00dfhandelspreise und Musterunterst\u00fctzung, risikofreie Zusammenarbeit: <\/strong>Als Hersteller von kundenspezifischen Frischobstbeuteln bieten wir \u00e4u\u00dferst wettbewerbsf\u00e4hige Preise. Kostenlose Muster erm\u00f6glichen es Ihnen auch, die Qualit\u00e4t vollst\u00e4ndig zu best\u00e4tigen, bevor Sie eine Gro\u00dfbestellung aufgeben, um eine sorgenfreie Zusammenarbeit zu gew\u00e4hrleisten.<\/li>\n<\/ul>\n\n\n\n<div class=\"wp-block-columns is-layout-flex wp-container-core-columns-is-layout-9d6595d7 wp-block-columns-is-layout-flex\">\n<div class=\"wp-block-column is-layout-flow wp-block-column-is-layout-flow\">\n<figure class=\"wp-block-image size-full\"><img decoding=\"async\" width=\"750\" height=\"750\" src=\"https:\/\/www.stanleypackage.com\/wp-content\/uploads\/2025\/09\/Produce-Bags-Wholesale-Custom-Fruit-Packaging-Pouch-2.jpg\" alt=\"Benutzerdefinierte Frischobsttaschen, Gro\u00dfhandel bel\u00fcftete Produkttaschen\" class=\"wp-image-3190\" srcset=\"https:\/\/www.stanleypackage.com\/wp-content\/uploads\/2025\/09\/Produce-Bags-Wholesale-Custom-Fruit-Packaging-Pouch-2.jpg 750w, https:\/\/www.stanleypackage.com\/wp-content\/uploads\/2025\/09\/Produce-Bags-Wholesale-Custom-Fruit-Packaging-Pouch-2-300x300.jpg 300w, https:\/\/www.stanleypackage.com\/wp-content\/uploads\/2025\/09\/Produce-Bags-Wholesale-Custom-Fruit-Packaging-Pouch-2-150x150.jpg 150w, https:\/\/www.stanleypackage.com\/wp-content\/uploads\/2025\/09\/Produce-Bags-Wholesale-Custom-Fruit-Packaging-Pouch-2-12x12.jpg 12w, https:\/\/www.stanleypackage.com\/wp-content\/uploads\/2025\/09\/Produce-Bags-Wholesale-Custom-Fruit-Packaging-Pouch-2-600x600.jpg 600w, https:\/\/www.stanleypackage.com\/wp-content\/uploads\/2025\/09\/Produce-Bags-Wholesale-Custom-Fruit-Packaging-Pouch-2-100x100.jpg 100w\" sizes=\"(max-width: 750px) 100vw, 750px\" \/><\/figure>\n<\/div>\n\n\n\n<div class=\"wp-block-column is-layout-flow wp-block-column-is-layout-flow\">\n<figure class=\"wp-block-image size-full\"><img decoding=\"async\" width=\"750\" height=\"750\" src=\"https:\/\/www.stanleypackage.com\/wp-content\/uploads\/2025\/09\/Produce-Bags-Wholesale-Custom-Fruit-Packaging-Pouch.jpg\" alt=\"\" class=\"wp-image-3191\" srcset=\"https:\/\/www.stanleypackage.com\/wp-content\/uploads\/2025\/09\/Produce-Bags-Wholesale-Custom-Fruit-Packaging-Pouch.jpg 750w, https:\/\/www.stanleypackage.com\/wp-content\/uploads\/2025\/09\/Produce-Bags-Wholesale-Custom-Fruit-Packaging-Pouch-300x300.jpg 300w, https:\/\/www.stanleypackage.com\/wp-content\/uploads\/2025\/09\/Produce-Bags-Wholesale-Custom-Fruit-Packaging-Pouch-150x150.jpg 150w, https:\/\/www.stanleypackage.com\/wp-content\/uploads\/2025\/09\/Produce-Bags-Wholesale-Custom-Fruit-Packaging-Pouch-12x12.jpg 12w, https:\/\/www.stanleypackage.com\/wp-content\/uploads\/2025\/09\/Produce-Bags-Wholesale-Custom-Fruit-Packaging-Pouch-600x600.jpg 600w, https:\/\/www.stanleypackage.com\/wp-content\/uploads\/2025\/09\/Produce-Bags-Wholesale-Custom-Fruit-Packaging-Pouch-100x100.jpg 100w\" sizes=\"(max-width: 750px) 100vw, 750px\" \/><\/figure>\n<\/div>\n<\/div>\n<\/div>\n<\/div>","protected":false},"excerpt":{"rendered":"<p>Willkommen im Gro\u00dfhandel bel\u00fcftete Produktbeutel zu kaufen. Unsere kundenspezifischen Beutel f\u00fcr frisches Obst sind aus hochtransparentem Material hergestellt, verf\u00fcgen \u00fcber einen leicht zu ziehenden Verschluss f\u00fcr Mehrfachverwendung und haben Griffl\u00f6cher. Wir bieten volle Anpassung und kostenlose Proben.<\/p>\n<table style=\"border-collapse: collapse; width: 327.77pt;\" border=\"0\" width=\"437\" cellspacing=\"0\" cellpadding=\"0\">\n<tbody>\n<tr style=\"height: 12.75pt;\">\n<td class=\"et2\" style=\"height: 12.75pt; width: 91.40pt;\" width=\"121\" height=\"17\">Hersteller<\/td>\n<td class=\"et2\" style=\"width: 237.00pt;\" width=\"316\">Stanley<\/td>\n<\/tr>\n<tr style=\"height: 12.75pt;\">\n<td class=\"et2\" style=\"height: 12.75pt; width: 91.40pt;\" width=\"121\" height=\"17\">Arten von Beuteln<\/td>\n<td class=\"et3\">Bel\u00fcftete Produktbeutel, Zipper Pouch<\/td>\n<\/tr>\n<tr style=\"height: 12.75pt;\">\n<td class=\"et2\" style=\"height: 12.75pt; width: 91.40pt;\" width=\"121\" height=\"17\">Material<\/td>\n<td class=\"et2\" style=\"width: 237.00pt;\" width=\"316\">PET12\/CPP45<\/td>\n<\/tr>\n<tr style=\"height: 12.75pt;\">\n<td class=\"et2\" style=\"height: 12.75pt; width: 91.40pt;\" width=\"121\" height=\"17\">Besonderes Merkmal<\/td>\n<td class=\"et2\" style=\"width: 237.00pt;\" width=\"316\">Bel\u00fcftungsl\u00f6cher, Rei\u00dfverschluss, Griffloch<\/td>\n<\/tr>\n<tr style=\"height: 12.75pt;\">\n<td class=\"et2\" style=\"height: 12.75pt; width: 91.40pt;\" width=\"121\" height=\"17\">Handhabung der Oberfl\u00e4che<\/td>\n<td class=\"et2\" style=\"width: 237.00pt;\" width=\"316\">Tiefdruck<\/td>\n<\/tr>\n<tr style=\"height: 12.75pt;\">\n<td class=\"et2\" style=\"height: 12.75pt; width: 91.40pt;\" width=\"121\" height=\"17\">Farbe<\/td>\n<td class=\"et2\" style=\"width: 237.00pt;\" width=\"316\">Bis zu 10 Farben<\/td>\n<\/tr>\n<tr style=\"height: 12.75pt;\">\n<td class=\"et2\" style=\"height: 12.75pt; width: 91.40pt;\" width=\"121\" height=\"17\">Verwendung<\/td>\n<td class=\"et3\">Apfel, Birne, Pfirsich, andere Fr\u00fcchte<\/td>\n<\/tr>\n<tr style=\"height: 12.75pt;\">\n<td class=\"et2\" style=\"height: 12.75pt; width: 91.40pt;\" width=\"121\" height=\"17\">MOQ<\/td>\n<td class=\"et2\" style=\"width: 237.00pt;\" width=\"316\">50.000 St\u00fcck<\/td>\n<\/tr>\n<tr style=\"height: 12.75pt;\">\n<td class=\"et2\" style=\"height: 12.75pt; width: 91.40pt;\" width=\"121\" height=\"17\">Individuelle Bestellung<\/td>\n<td class=\"et2\" style=\"width: 237.00pt;\" width=\"316\">Akzeptieren Sie OEM, unterst\u00fctzen Sie freie Probe<\/td>\n<\/tr>\n<\/tbody>\n<\/table>","protected":false},"featured_media":3192,"comment_status":"closed","ping_status":"closed","template":"","meta":{"_acf_changed":false},"product_brand":[],"product_cat":[18],"product_tag":[],"class_list":{"0":"post-3189","1":"product","2":"type-product","3":"status-publish","4":"has-post-thumbnail","6":"product_cat-zipper-pouch-manufacturer","7":"pa_food-packaging-vented-produce-pouch","9":"first","10":"instock","11":"shipping-taxable","12":"product-type-simple"},"acf":[],"_links":{"self":[{"href":"https:\/\/www.stanleypackage.com\/de\/wp-json\/wp\/v2\/product\/3189","targetHints":{"allow":["GET"]}}],"collection":[{"href":"https:\/\/www.stanleypackage.com\/de\/wp-json\/wp\/v2\/product"}],"about":[{"href":"https:\/\/www.stanleypackage.com\/de\/wp-json\/wp\/v2\/types\/product"}],"replies":[{"embeddable":true,"href":"https:\/\/www.stanleypackage.com\/de\/wp-json\/wp\/v2\/comments?post=3189"}],"wp:featuredmedia":[{"embeddable":true,"href":"https:\/\/www.stanleypackage.com\/de\/wp-json\/wp\/v2\/media\/3192"}],"wp:attachment":[{"href":"https:\/\/www.stanleypackage.com\/de\/wp-json\/wp\/v2\/media?parent=3189"}],"wp:term":[{"taxonomy":"product_brand","embeddable":true,"href":"https:\/\/www.stanleypackage.com\/de\/wp-json\/wp\/v2\/product_brand?post=3189"},{"taxonomy":"product_cat","embeddable":true,"href":"https:\/\/www.stanleypackage.com\/de\/wp-json\/wp\/v2\/product_cat?post=3189"},{"taxonomy":"product_tag","embeddable":true,"href":"https:\/\/www.stanleypackage.com\/de\/wp-json\/wp\/v2\/product_tag?post=3189"}],"curies":[{"name":"wp","href":"https:\/\/api.w.org\/{rel}","templated":true}]}}