{"id":3229,"date":"2025-10-14T09:39:01","date_gmt":"2025-10-14T09:39:01","guid":{"rendered":"https:\/\/www.stanleypackage.com\/?post_type=product&#038;p=3229"},"modified":"2025-10-14T09:39:09","modified_gmt":"2025-10-14T09:39:09","slug":"custom-amenities-packages","status":"publish","type":"product","link":"https:\/\/www.stanleypackage.com\/de\/product\/custom-amenities-packages\/","title":{"rendered":"Benutzerdefinierte Annehmlichkeiten Pakete, Hotel Bad Set Flexible Verpackung"},"content":{"rendered":"<div class=\"wp-block-columns is-layout-flex wp-container-core-columns-is-layout-9d6595d7 wp-block-columns-is-layout-flex\">\n<div class=\"wp-block-column is-layout-flow wp-block-column-is-layout-flow\">\n<h2 class=\"wp-block-heading\">Merkmale der individuellen Ausstattungspakete<\/h2>\n\n\n\n<ul class=\"wp-block-list\">\n<li><strong>Raue Kanten zum Pressen, um die Qualit\u00e4t zu sichern:<\/strong> Die Verpackungsmuster unserer kundenspezifischen Annehmlichkeiten haben glatte Kanten und sind nicht anf\u00e4llig f\u00fcr Risse, was die Qualit\u00e4t unserer Produkte gew\u00e4hrleistet.<\/li>\n\n\n\n<li><strong>Aufrei\u00dfdesign f\u00fcr leichtes \u00d6ffnen: <\/strong>Unsere Gro\u00dfhandelsverpackungen f\u00fcr Hotelausstattung sind mit einer leichten Aufrei\u00dfkerbe versehen, so dass die Verbraucher die Verpackung ohne Schere oder andere Hilfsmittel leicht aufrei\u00dfen k\u00f6nnen und der Gebrauch bequemer ist.<\/li>\n\n\n\n<li><strong>Kompakte Verpackung, leicht zu transportieren:<\/strong> Unsere individuellen Hotelausstattungspakete sind kompakt. Egal, ob Sie auf Reisen sind oder auf einen Ausflug gehen, es ist sehr tragbar und nimmt nicht viel Platz, wenn in einer Tasche platziert.<\/li>\n\n\n\n<li><strong>Laser-Effekt, der Aufmerksamkeit erregt: <\/strong>Unser kundenspezifischer dreiseitiger Siegelbeutel f\u00fcr Hotelbadsets verf\u00fcgt \u00fcber einen Lasereffekt, der die Aufmerksamkeit der Kunden auf sich ziehen und ihre Kauflust steigern kann.<\/li>\n\n\n\n<li><strong>Unterst\u00fctzung von kundenspezifischem Druck und Spezifikationen:<\/strong> Unsere ma\u00dfgeschneiderten Gro\u00dfhandelspakete f\u00fcr Annehmlichkeiten k\u00f6nnen die Gr\u00f6\u00dfe und den Druckinhalt der Tasche an die Bed\u00fcrfnisse der Marke anpassen, um den Wiedererkennungswert der Marke und die Wettbewerbsf\u00e4higkeit auf dem Markt zu verbessern.<\/li>\n<\/ul>\n\n\n\n<div class=\"wp-block-columns is-layout-flex wp-container-core-columns-is-layout-9d6595d7 wp-block-columns-is-layout-flex\">\n<div class=\"wp-block-column is-layout-flow wp-block-column-is-layout-flow\">\n<figure class=\"wp-block-image size-full\"><img decoding=\"async\" width=\"750\" height=\"750\" src=\"https:\/\/www.stanleypackage.com\/wp-content\/uploads\/2025\/10\/Custom-Printed-Three-Side-Seal-Pouch-for-Hotel-Bath-Set-5.jpg\" alt=\"\" class=\"wp-image-3230\" srcset=\"https:\/\/www.stanleypackage.com\/wp-content\/uploads\/2025\/10\/Custom-Printed-Three-Side-Seal-Pouch-for-Hotel-Bath-Set-5.jpg 750w, https:\/\/www.stanleypackage.com\/wp-content\/uploads\/2025\/10\/Custom-Printed-Three-Side-Seal-Pouch-for-Hotel-Bath-Set-5-300x300.jpg 300w, https:\/\/www.stanleypackage.com\/wp-content\/uploads\/2025\/10\/Custom-Printed-Three-Side-Seal-Pouch-for-Hotel-Bath-Set-5-150x150.jpg 150w, https:\/\/www.stanleypackage.com\/wp-content\/uploads\/2025\/10\/Custom-Printed-Three-Side-Seal-Pouch-for-Hotel-Bath-Set-5-12x12.jpg 12w, https:\/\/www.stanleypackage.com\/wp-content\/uploads\/2025\/10\/Custom-Printed-Three-Side-Seal-Pouch-for-Hotel-Bath-Set-5-600x600.jpg 600w, https:\/\/www.stanleypackage.com\/wp-content\/uploads\/2025\/10\/Custom-Printed-Three-Side-Seal-Pouch-for-Hotel-Bath-Set-5-100x100.jpg 100w\" sizes=\"(max-width: 750px) 100vw, 750px\" \/><\/figure>\n<\/div>\n\n\n\n<div class=\"wp-block-column is-layout-flow wp-block-column-is-layout-flow\">\n<figure class=\"wp-block-image size-full\"><img decoding=\"async\" width=\"750\" height=\"750\" src=\"https:\/\/www.stanleypackage.com\/wp-content\/uploads\/2025\/10\/Custom-Printed-Three-Side-Seal-Pouch-for-Hotel-Bath-Set-2.jpg\" alt=\"\" class=\"wp-image-3231\" srcset=\"https:\/\/www.stanleypackage.com\/wp-content\/uploads\/2025\/10\/Custom-Printed-Three-Side-Seal-Pouch-for-Hotel-Bath-Set-2.jpg 750w, https:\/\/www.stanleypackage.com\/wp-content\/uploads\/2025\/10\/Custom-Printed-Three-Side-Seal-Pouch-for-Hotel-Bath-Set-2-300x300.jpg 300w, https:\/\/www.stanleypackage.com\/wp-content\/uploads\/2025\/10\/Custom-Printed-Three-Side-Seal-Pouch-for-Hotel-Bath-Set-2-150x150.jpg 150w, https:\/\/www.stanleypackage.com\/wp-content\/uploads\/2025\/10\/Custom-Printed-Three-Side-Seal-Pouch-for-Hotel-Bath-Set-2-12x12.jpg 12w, https:\/\/www.stanleypackage.com\/wp-content\/uploads\/2025\/10\/Custom-Printed-Three-Side-Seal-Pouch-for-Hotel-Bath-Set-2-600x600.jpg 600w, https:\/\/www.stanleypackage.com\/wp-content\/uploads\/2025\/10\/Custom-Printed-Three-Side-Seal-Pouch-for-Hotel-Bath-Set-2-100x100.jpg 100w\" sizes=\"(max-width: 750px) 100vw, 750px\" \/><\/figure>\n<\/div>\n<\/div>\n<\/div>\n<\/div>","protected":false},"excerpt":{"rendered":"<p>Suchen Sie nach individuellen Ausstattungspaketen? Unsere individuell bedruckten Verpackungen f\u00fcr Hotelsets sind mit leicht abrei\u00dfbaren Kerben und glatten, flachen Kanten ausgestattet, die die Qualit\u00e4t gew\u00e4hrleisten. Wir unterst\u00fctzen kundenspezifische flexible Beutel mit verschiedenen Spezifikationen, Farben und Formen je nach Kundenwunsch.<\/p>\n<table style=\"border-collapse: collapse; width: 365.02pt;\" border=\"0\" width=\"365\" cellspacing=\"0\" cellpadding=\"0\">\n<tbody>\n<tr style=\"height: 16.00pt;\">\n<td class=\"et2\" style=\"height: 16.00pt; width: 97.50pt;\" width=\"97\" height=\"16\">Hersteller<\/td>\n<td class=\"et2\" style=\"width: 267.50pt;\" width=\"267\">Stanley<\/td>\n<\/tr>\n<tr style=\"height: 16.00pt;\">\n<td class=\"et2\" style=\"height: 16.00pt; width: 97.50pt;\" width=\"97\" height=\"16\">Arten von Beuteln<\/td>\n<td class=\"et3\">Dreiseitiger Siegelrandbeutel<\/td>\n<\/tr>\n<tr style=\"height: 16.00pt;\">\n<td class=\"et2\" style=\"height: 16.00pt; width: 97.50pt;\" width=\"97\" height=\"16\">Material<\/td>\n<td class=\"et2\" style=\"width: 267.50pt;\" width=\"267\">Laser PET12\/VMPET12\/PE56 (3D-Effekt)<\/td>\n<\/tr>\n<tr style=\"height: 16.00pt;\">\n<td class=\"et2\" style=\"height: 16.00pt; width: 97.50pt;\" width=\"97\" height=\"16\">Besonderes Merkmal<\/td>\n<td class=\"et2\" style=\"width: 267.50pt;\" width=\"267\">Tr\u00e4nenkerbe, Lasereffekt<\/td>\n<\/tr>\n<tr style=\"height: 16.00pt;\">\n<td class=\"et2\" style=\"height: 16.00pt; width: 97.50pt;\" width=\"97\" height=\"16\">Handhabung der Oberfl\u00e4che<\/td>\n<td class=\"et2\" style=\"width: 267.50pt;\" width=\"267\">Tiefdruck<\/td>\n<\/tr>\n<tr style=\"height: 16.00pt;\">\n<td class=\"et2\" style=\"height: 16.00pt; width: 97.50pt;\" width=\"97\" height=\"16\">Farbe<\/td>\n<td class=\"et2\" style=\"width: 267.50pt;\" width=\"267\">Doppelseitiger Druck, bis zu 10 Farben<\/td>\n<\/tr>\n<tr style=\"height: 16.00pt;\">\n<td class=\"et2\" style=\"height: 16.00pt; width: 97.50pt;\" width=\"97\" height=\"16\">Verwendung<\/td>\n<td class=\"et2\" style=\"width: 267.50pt;\" width=\"267\">Zahnb\u00fcrste, Duschhaube, Rasierer<\/td>\n<\/tr>\n<tr style=\"height: 16.00pt;\">\n<td class=\"et2\" style=\"height: 16.00pt; width: 97.50pt;\" width=\"97\" height=\"16\">MOQ<\/td>\n<td class=\"et2\" style=\"width: 267.50pt;\" width=\"267\">50.000 St\u00fcck<\/td>\n<\/tr>\n<tr style=\"height: 16.00pt;\">\n<td class=\"et2\" style=\"height: 16.00pt; width: 97.50pt;\" width=\"97\" height=\"16\">Individuelle Bestellung<\/td>\n<td class=\"et2\" style=\"width: 267.50pt;\" width=\"267\">Akzeptieren Sie OEM, unterst\u00fctzen Sie freie Probe<\/td>\n<\/tr>\n<\/tbody>\n<\/table>\n<p>&nbsp;<\/p>","protected":false},"featured_media":3232,"comment_status":"closed","ping_status":"closed","template":"","meta":{"_acf_changed":false},"product_brand":[],"product_cat":[31,28],"product_tag":[],"class_list":{"0":"post-3229","1":"product","2":"type-product","3":"status-publish","4":"has-post-thumbnail","6":"product_cat-lay-flat-pouch-manufacturer","7":"product_cat-three-side-seal-pouch-manufacturer","8":"pa_non-food-packaging-hotel-supplies-packaging","10":"first","11":"instock","12":"shipping-taxable","13":"product-type-simple"},"acf":[],"_links":{"self":[{"href":"https:\/\/www.stanleypackage.com\/de\/wp-json\/wp\/v2\/product\/3229","targetHints":{"allow":["GET"]}}],"collection":[{"href":"https:\/\/www.stanleypackage.com\/de\/wp-json\/wp\/v2\/product"}],"about":[{"href":"https:\/\/www.stanleypackage.com\/de\/wp-json\/wp\/v2\/types\/product"}],"replies":[{"embeddable":true,"href":"https:\/\/www.stanleypackage.com\/de\/wp-json\/wp\/v2\/comments?post=3229"}],"wp:featuredmedia":[{"embeddable":true,"href":"https:\/\/www.stanleypackage.com\/de\/wp-json\/wp\/v2\/media\/3232"}],"wp:attachment":[{"href":"https:\/\/www.stanleypackage.com\/de\/wp-json\/wp\/v2\/media?parent=3229"}],"wp:term":[{"taxonomy":"product_brand","embeddable":true,"href":"https:\/\/www.stanleypackage.com\/de\/wp-json\/wp\/v2\/product_brand?post=3229"},{"taxonomy":"product_cat","embeddable":true,"href":"https:\/\/www.stanleypackage.com\/de\/wp-json\/wp\/v2\/product_cat?post=3229"},{"taxonomy":"product_tag","embeddable":true,"href":"https:\/\/www.stanleypackage.com\/de\/wp-json\/wp\/v2\/product_tag?post=3229"}],"curies":[{"name":"wp","href":"https:\/\/api.w.org\/{rel}","templated":true}]}}