{"id":3243,"date":"2025-10-14T09:57:45","date_gmt":"2025-10-14T09:57:45","guid":{"rendered":"https:\/\/www.stanleypackage.com\/?post_type=product&#038;p=3243"},"modified":"2025-10-14T09:58:19","modified_gmt":"2025-10-14T09:58:19","slug":"packaging-pouches-wholesale","status":"publish","type":"product","link":"https:\/\/www.stanleypackage.com\/de\/product\/packaging-pouches-wholesale\/","title":{"rendered":"Snack Verpackung Beutel Gro\u00dfhandel, benutzerdefinierte geformte Beutel"},"content":{"rendered":"<div class=\"wp-block-columns is-layout-flex wp-container-core-columns-is-layout-9d6595d7 wp-block-columns-is-layout-flex\">\n<div class=\"wp-block-column is-layout-flow wp-block-column-is-layout-flow\">\n<h2 class=\"wp-block-heading\">Features of Custom Packaging Pouches Wholesale<\/h2>\n\n\n\n<ul class=\"wp-block-list\">\n<li><strong>Standbodenbeutel, leicht zu pr\u00e4sentieren und aufzubewahren: <\/strong>These custom shape packaging pouches wholesale have a durable stand-up base structure, which improves shelf display, saves storage space and facilitates end sales.<\/li>\n\n\n\n<li><strong>Alumina oxide material, with stronger barrier properties: <\/strong>Our custom printed snack packaging pouches are made of alumina oxide material, which is transparent, durable and has stronger barrier properties.<\/li>\n\n\n\n<li><strong>Easy tear and zipper design: <\/strong>Our custom zipper packaging pouches wholesale adopt an easy tear, which is simple and not public, making it convenient for customers to open. And the zipper design enables the food to be sealed, maintaining its freshness, and it is also convenient for customers to open and close it multiple times.<\/li>\n\n\n\n<li><strong>Supermarkt-Loch-Design, bequem zu pr\u00e4sentieren: <\/strong>Our wholesale snack packaging pouches are designed with supermarket hole, which can be hung on the shelves. This not only facilitates display but also saves space.<\/li>\n\n\n\n<li><strong>Unique design, grabs attention:<\/strong> Our custom zipper packaging pouches wholesale with their unique and novel designs, draw customers&#8217; attention and thereby enhance their desire to purchase.<\/li>\n\n\n\n<li><strong>Unterst\u00fctzung der Markenanpassung zur Erf\u00fcllung unterschiedlicher Verpackungsanforderungen: <\/strong>Our wholesale snack packaging pouches support printing, patterns, and capacity to meet the unique packaging needs of customers.<\/li>\n<\/ul>\n\n\n\n<div class=\"wp-block-columns is-layout-flex wp-container-core-columns-is-layout-9d6595d7 wp-block-columns-is-layout-flex\">\n<div class=\"wp-block-column is-layout-flow wp-block-column-is-layout-flow\">\n<figure class=\"wp-block-image size-full\"><img decoding=\"async\" width=\"750\" height=\"750\" src=\"https:\/\/www.stanleypackage.com\/wp-content\/uploads\/2025\/10\/Custom-Zipper-Packaging-Bags-Snack-Stand-Up-Pouch-Wholesale-5.jpg\" alt=\"\" class=\"wp-image-3244\" srcset=\"https:\/\/www.stanleypackage.com\/wp-content\/uploads\/2025\/10\/Custom-Zipper-Packaging-Bags-Snack-Stand-Up-Pouch-Wholesale-5.jpg 750w, https:\/\/www.stanleypackage.com\/wp-content\/uploads\/2025\/10\/Custom-Zipper-Packaging-Bags-Snack-Stand-Up-Pouch-Wholesale-5-300x300.jpg 300w, https:\/\/www.stanleypackage.com\/wp-content\/uploads\/2025\/10\/Custom-Zipper-Packaging-Bags-Snack-Stand-Up-Pouch-Wholesale-5-150x150.jpg 150w, https:\/\/www.stanleypackage.com\/wp-content\/uploads\/2025\/10\/Custom-Zipper-Packaging-Bags-Snack-Stand-Up-Pouch-Wholesale-5-12x12.jpg 12w, https:\/\/www.stanleypackage.com\/wp-content\/uploads\/2025\/10\/Custom-Zipper-Packaging-Bags-Snack-Stand-Up-Pouch-Wholesale-5-600x600.jpg 600w, https:\/\/www.stanleypackage.com\/wp-content\/uploads\/2025\/10\/Custom-Zipper-Packaging-Bags-Snack-Stand-Up-Pouch-Wholesale-5-100x100.jpg 100w\" sizes=\"(max-width: 750px) 100vw, 750px\" \/><\/figure>\n<\/div>\n\n\n\n<div class=\"wp-block-column is-layout-flow wp-block-column-is-layout-flow\">\n<figure class=\"wp-block-image size-full\"><img decoding=\"async\" width=\"750\" height=\"750\" src=\"https:\/\/www.stanleypackage.com\/wp-content\/uploads\/2025\/10\/Custom-Zipper-Packaging-Bags-Snack-Stand-Up-Pouch-Wholesale-2.jpg\" alt=\"\" class=\"wp-image-3245\" srcset=\"https:\/\/www.stanleypackage.com\/wp-content\/uploads\/2025\/10\/Custom-Zipper-Packaging-Bags-Snack-Stand-Up-Pouch-Wholesale-2.jpg 750w, https:\/\/www.stanleypackage.com\/wp-content\/uploads\/2025\/10\/Custom-Zipper-Packaging-Bags-Snack-Stand-Up-Pouch-Wholesale-2-300x300.jpg 300w, https:\/\/www.stanleypackage.com\/wp-content\/uploads\/2025\/10\/Custom-Zipper-Packaging-Bags-Snack-Stand-Up-Pouch-Wholesale-2-150x150.jpg 150w, https:\/\/www.stanleypackage.com\/wp-content\/uploads\/2025\/10\/Custom-Zipper-Packaging-Bags-Snack-Stand-Up-Pouch-Wholesale-2-12x12.jpg 12w, https:\/\/www.stanleypackage.com\/wp-content\/uploads\/2025\/10\/Custom-Zipper-Packaging-Bags-Snack-Stand-Up-Pouch-Wholesale-2-600x600.jpg 600w, https:\/\/www.stanleypackage.com\/wp-content\/uploads\/2025\/10\/Custom-Zipper-Packaging-Bags-Snack-Stand-Up-Pouch-Wholesale-2-100x100.jpg 100w\" sizes=\"(max-width: 750px) 100vw, 750px\" \/><\/figure>\n<\/div>\n<\/div>\n<\/div>\n<\/div>","protected":false},"excerpt":{"rendered":"<p>Welcome to purchase wholesale snack packaging pouches. These custom zipper packaging pouches wholesale come with an easy-tear design, zipper design, and supermarket hole, which support customized printing.<\/p>\n<table style=\"border-collapse: collapse; width: 327.77pt;\" border=\"0\" width=\"437\" cellspacing=\"0\" cellpadding=\"0\">\n<tbody>\n<tr style=\"height: 12.75pt;\">\n<td class=\"et2\" style=\"height: 12.75pt; width: 91.40pt;\" width=\"121\" height=\"17\">Hersteller<\/td>\n<td class=\"et2\" style=\"width: 237.00pt;\" width=\"316\">Stanley<\/td>\n<\/tr>\n<tr style=\"height: 12.75pt;\">\n<td class=\"et2\" style=\"height: 12.75pt; width: 91.40pt;\" width=\"121\" height=\"17\">Arten von Beuteln<\/td>\n<td class=\"et3\">Stand-up pouch, Shaped pouch, Zipper Pouch<\/td>\n<\/tr>\n<tr style=\"height: 12.75pt;\">\n<td class=\"et2\" style=\"height: 12.75pt; width: 91.40pt;\" width=\"121\" height=\"17\">Material<\/td>\n<td class=\"et2\" style=\"width: 237.00pt;\" width=\"316\">BOPP38\/PET12\/PE60<\/td>\n<\/tr>\n<tr style=\"height: 12.75pt;\">\n<td class=\"et2\" style=\"height: 12.75pt; width: 91.40pt;\" width=\"121\" height=\"17\">Besonderes Merkmal<\/td>\n<td class=\"et2\" style=\"width: 237.00pt;\" width=\"316\">Stand-up bottom, Easy tear notch, Zipper, Supermarket hole<\/td>\n<\/tr>\n<tr style=\"height: 12.75pt;\">\n<td class=\"et2\" style=\"height: 12.75pt; width: 91.40pt;\" width=\"121\" height=\"17\">Handhabung der Oberfl\u00e4che<\/td>\n<td class=\"et2\" style=\"width: 237.00pt;\" width=\"316\">Tiefdruck<\/td>\n<\/tr>\n<tr style=\"height: 12.75pt;\">\n<td class=\"et2\" style=\"height: 12.75pt; width: 91.40pt;\" width=\"121\" height=\"17\">Farbe<\/td>\n<td class=\"et2\" style=\"width: 237.00pt;\" width=\"316\">Bis zu 10 Farben<\/td>\n<\/tr>\n<tr style=\"height: 12.75pt;\">\n<td class=\"et2\" style=\"height: 12.75pt; width: 91.40pt;\" width=\"121\" height=\"17\">Verwendung<\/td>\n<td class=\"et3\">S\u00fc\u00dfigkeiten, N\u00fcsse, Snacks<\/td>\n<\/tr>\n<tr style=\"height: 12.75pt;\">\n<td class=\"et2\" style=\"height: 12.75pt; width: 91.40pt;\" width=\"121\" height=\"17\">MOQ<\/td>\n<td class=\"et2\" style=\"width: 237.00pt;\" width=\"316\">50.000 St\u00fcck<\/td>\n<\/tr>\n<tr style=\"height: 12.75pt;\">\n<td class=\"et2\" style=\"height: 12.75pt; width: 91.40pt;\" width=\"121\" height=\"17\">Individuelle Bestellung<\/td>\n<td class=\"et2\" style=\"width: 237.00pt;\" width=\"316\">Akzeptieren Sie OEM, unterst\u00fctzen Sie freie Probe<\/td>\n<\/tr>\n<\/tbody>\n<\/table>","protected":false},"featured_media":3246,"comment_status":"closed","ping_status":"closed","template":"","meta":{"_acf_changed":false},"product_brand":[],"product_cat":[30,22,18],"product_tag":[],"class_list":{"0":"post-3243","1":"product","2":"type-product","3":"status-publish","4":"has-post-thumbnail","6":"product_cat-stand-up-pouch-manufacturer","7":"product_cat-shaped-pouches-factory","8":"product_cat-zipper-pouch-manufacturer","9":"pa_food-packaging-snack-food-pouch","11":"first","12":"instock","13":"shipping-taxable","14":"product-type-simple"},"acf":[],"_links":{"self":[{"href":"https:\/\/www.stanleypackage.com\/de\/wp-json\/wp\/v2\/product\/3243","targetHints":{"allow":["GET"]}}],"collection":[{"href":"https:\/\/www.stanleypackage.com\/de\/wp-json\/wp\/v2\/product"}],"about":[{"href":"https:\/\/www.stanleypackage.com\/de\/wp-json\/wp\/v2\/types\/product"}],"replies":[{"embeddable":true,"href":"https:\/\/www.stanleypackage.com\/de\/wp-json\/wp\/v2\/comments?post=3243"}],"wp:featuredmedia":[{"embeddable":true,"href":"https:\/\/www.stanleypackage.com\/de\/wp-json\/wp\/v2\/media\/3246"}],"wp:attachment":[{"href":"https:\/\/www.stanleypackage.com\/de\/wp-json\/wp\/v2\/media?parent=3243"}],"wp:term":[{"taxonomy":"product_brand","embeddable":true,"href":"https:\/\/www.stanleypackage.com\/de\/wp-json\/wp\/v2\/product_brand?post=3243"},{"taxonomy":"product_cat","embeddable":true,"href":"https:\/\/www.stanleypackage.com\/de\/wp-json\/wp\/v2\/product_cat?post=3243"},{"taxonomy":"product_tag","embeddable":true,"href":"https:\/\/www.stanleypackage.com\/de\/wp-json\/wp\/v2\/product_tag?post=3243"}],"curies":[{"name":"wp","href":"https:\/\/api.w.org\/{rel}","templated":true}]}}