{"id":3285,"date":"2025-10-15T00:51:27","date_gmt":"2025-10-15T00:51:27","guid":{"rendered":"https:\/\/www.stanleypackage.com\/?post_type=product&#038;p=3285"},"modified":"2025-10-15T00:51:35","modified_gmt":"2025-10-15T00:51:35","slug":"bulk-liquid-pouch-bag-with-spout","status":"publish","type":"product","link":"https:\/\/www.stanleypackage.com\/de\/product\/bulk-liquid-pouch-bag-with-spout\/","title":{"rendered":"Benutzerdefinierte Druck Bulk Fl\u00fcssigkeit Beutel Tasche mit T\u00fclle f\u00fcr Handseife"},"content":{"rendered":"<div class=\"wp-block-columns is-layout-flex wp-container-core-columns-is-layout-9d6595d7 wp-block-columns-is-layout-flex\">\n<div class=\"wp-block-column is-layout-flow wp-block-column-is-layout-flow\">\n<h2 class=\"wp-block-heading\">Merkmale von Bulk Liquid Pouch Bag mit Ausgie\u00dfer<\/h2>\n\n\n\n<ul class=\"wp-block-list\">\n<li><strong>Saugd\u00fcsen-Design, leicht zu gie\u00dfen: <\/strong>Dieser Fl\u00fcssigkeitsbeutel mit Ausgie\u00dfer ist mit einem einfachen Ausgie\u00dfer ausgestattet, der sauberer und hygienischer in der Anwendung ist und ein Versch\u00fctten verhindert.<\/li>\n\n\n\n<li><strong>Selbststehender Boden, stabiles Display: <\/strong>Die aufrecht stehende Konstruktion dieses individuellen Waschmittelbeutels kann nicht so leicht umkippen, was f\u00fcr die Aufbewahrung zu Hause praktisch ist.<\/li>\n\n\n\n<li><strong>Unterst\u00fctzt Gr\u00f6\u00dfe und Druckanpassung:\u00a0<\/strong>Unsere individuell bedruckten Fl\u00fcssigkeitsbeutel mit Ausgie\u00dfer k\u00f6nnen in Gr\u00f6\u00dfe, Druckmuster und Beuteltyp je nach Produktanforderungen angepasst werden, um eine einzigartige Verpackungsl\u00f6sung f\u00fcr die Marke zu schaffen.<\/li>\n\n\n\n<li><strong>Mehrschichtige Materialstruktur, starke Barriere: <\/strong>Unsere ma\u00dfgefertigten Handseifenbeutel bestehen aus PET12\/BOPA15\/MBPE120-Verbundmaterial mit guten feuchtigkeits- und sauerstoffdichten sowie durchsto\u00dffesten Eigenschaften.<\/li>\n\n\n\n<li><strong>Vielseitig einsetzbar, geeignet f\u00fcr eine Vielzahl von Reinigungsprodukten:<\/strong> Diese ma\u00dfgeschneiderten Fl\u00fcssigkeitsbeutel mit Ausgie\u00dfer eignen sich f\u00fcr eine Vielzahl von chemischen Produkten des t\u00e4glichen Bedarfs wie Waschmittel, Waschpulver, Weichsp\u00fcler usw.<\/li>\n\n\n\n<li><strong>Willkommen bei kundenspezifischen Standbodenbeuteln mit T\u00fclle. Dieser Premium-Fl\u00fcssigkeitsbeutel mit T\u00fclle hat eine hervorragende Abdichtung und Haltbarkeit, ist mit einem stabilen Standboden ausgestattet und wird h\u00e4ufig f\u00fcr die Verpackung von Reinigungsprodukten wie Waschmittel, Waschpulver, Weichsp\u00fcler usw. verwendet.<\/strong>Diese kundenspezifischen Handseifenbeutel eignen sich f\u00fcr automatisierte Abf\u00fcllanlagen, um die Verpackungseffizienz und Produktkonsistenz zu verbessern.<\/li>\n<\/ul>\n\n\n\n<div class=\"wp-block-columns is-layout-flex wp-container-core-columns-is-layout-9d6595d7 wp-block-columns-is-layout-flex\">\n<div class=\"wp-block-column is-layout-flow wp-block-column-is-layout-flow\">\n<figure class=\"wp-block-image size-full\"><img decoding=\"async\" width=\"750\" height=\"750\" src=\"https:\/\/www.stanleypackage.com\/wp-content\/uploads\/2025\/10\/Custom-Stand-Up-Spouted-Pouches-Wholesale-For-Children-Hand-Soap-3.jpg\" alt=\"\" class=\"wp-image-3292\" srcset=\"https:\/\/www.stanleypackage.com\/wp-content\/uploads\/2025\/10\/Custom-Stand-Up-Spouted-Pouches-Wholesale-For-Children-Hand-Soap-3.jpg 750w, https:\/\/www.stanleypackage.com\/wp-content\/uploads\/2025\/10\/Custom-Stand-Up-Spouted-Pouches-Wholesale-For-Children-Hand-Soap-3-300x300.jpg 300w, https:\/\/www.stanleypackage.com\/wp-content\/uploads\/2025\/10\/Custom-Stand-Up-Spouted-Pouches-Wholesale-For-Children-Hand-Soap-3-150x150.jpg 150w, https:\/\/www.stanleypackage.com\/wp-content\/uploads\/2025\/10\/Custom-Stand-Up-Spouted-Pouches-Wholesale-For-Children-Hand-Soap-3-12x12.jpg 12w, https:\/\/www.stanleypackage.com\/wp-content\/uploads\/2025\/10\/Custom-Stand-Up-Spouted-Pouches-Wholesale-For-Children-Hand-Soap-3-600x600.jpg 600w, https:\/\/www.stanleypackage.com\/wp-content\/uploads\/2025\/10\/Custom-Stand-Up-Spouted-Pouches-Wholesale-For-Children-Hand-Soap-3-100x100.jpg 100w\" sizes=\"(max-width: 750px) 100vw, 750px\" \/><\/figure>\n<\/div>\n\n\n\n<div class=\"wp-block-column is-layout-flow wp-block-column-is-layout-flow\">\n<figure class=\"wp-block-image size-full\"><img decoding=\"async\" width=\"750\" height=\"750\" src=\"https:\/\/www.stanleypackage.com\/wp-content\/uploads\/2025\/10\/Custom-Stand-Up-Spouted-Pouches-Wholesale-For-Children-Hand-Soap-5.jpg\" alt=\"\" class=\"wp-image-3293\" srcset=\"https:\/\/www.stanleypackage.com\/wp-content\/uploads\/2025\/10\/Custom-Stand-Up-Spouted-Pouches-Wholesale-For-Children-Hand-Soap-5.jpg 750w, https:\/\/www.stanleypackage.com\/wp-content\/uploads\/2025\/10\/Custom-Stand-Up-Spouted-Pouches-Wholesale-For-Children-Hand-Soap-5-300x300.jpg 300w, https:\/\/www.stanleypackage.com\/wp-content\/uploads\/2025\/10\/Custom-Stand-Up-Spouted-Pouches-Wholesale-For-Children-Hand-Soap-5-150x150.jpg 150w, https:\/\/www.stanleypackage.com\/wp-content\/uploads\/2025\/10\/Custom-Stand-Up-Spouted-Pouches-Wholesale-For-Children-Hand-Soap-5-12x12.jpg 12w, https:\/\/www.stanleypackage.com\/wp-content\/uploads\/2025\/10\/Custom-Stand-Up-Spouted-Pouches-Wholesale-For-Children-Hand-Soap-5-600x600.jpg 600w, https:\/\/www.stanleypackage.com\/wp-content\/uploads\/2025\/10\/Custom-Stand-Up-Spouted-Pouches-Wholesale-For-Children-Hand-Soap-5-100x100.jpg 100w\" sizes=\"(max-width: 750px) 100vw, 750px\" \/><\/figure>\n<\/div>\n<\/div>\n<\/div>\n<\/div>","protected":false},"excerpt":{"rendered":"<p>Willkommen bei kundenspezifischen Standbodenbeuteln mit T\u00fclle. Dieser Premium-Fl\u00fcssigkeitsbeutel mit T\u00fclle hat eine hervorragende Abdichtung und Haltbarkeit, ist mit einem stabilen Standboden ausgestattet und wird h\u00e4ufig f\u00fcr die Verpackung von Reinigungsprodukten wie Waschmittel, Waschpulver, Weichsp\u00fcler usw. verwendet.<\/p>\n<table style=\"border-collapse: collapse; width: 365.02pt;\" border=\"0\" width=\"365\" cellspacing=\"0\" cellpadding=\"0\">\n<tbody>\n<tr style=\"height: 16.00pt;\">\n<td class=\"et2\" style=\"height: 16.00pt; width: 97.50pt;\" width=\"97\" height=\"16\">Hersteller<\/td>\n<td class=\"et2\" style=\"width: 267.50pt;\" width=\"267\">Stanley<\/td>\n<\/tr>\n<tr style=\"height: 16.00pt;\">\n<td class=\"et2\" style=\"height: 16.00pt; width: 97.50pt;\" width=\"97\" height=\"16\">Arten von Beuteln<\/td>\n<td class=\"et2\" style=\"width: 267.50pt;\" width=\"267\">Ausgie\u00dfertasche, Stand Up Pouch<\/td>\n<\/tr>\n<tr style=\"height: 16.00pt;\">\n<td class=\"et2\" style=\"height: 16.00pt; width: 97.50pt;\" width=\"97\" height=\"16\">Material<\/td>\n<td class=\"et2\" style=\"width: 267.50pt;\" width=\"267\">PET12\/BOPA15\/MBPE120<\/td>\n<\/tr>\n<tr style=\"height: 16.00pt;\">\n<td class=\"et2\" style=\"height: 16.00pt; width: 97.50pt;\" width=\"97\" height=\"16\">Besonderes Merkmal<\/td>\n<td class=\"et2\" style=\"width: 267.50pt;\" width=\"267\">Ausgie\u00dfer, selbststehender Boden<\/td>\n<\/tr>\n<tr style=\"height: 16.00pt;\">\n<td class=\"et2\" style=\"height: 16.00pt; width: 97.50pt;\" width=\"97\" height=\"16\">Handhabung der Oberfl\u00e4che<\/td>\n<td class=\"et2\" style=\"width: 267.50pt;\" width=\"267\">Tiefdruck<\/td>\n<\/tr>\n<tr style=\"height: 16.00pt;\">\n<td class=\"et2\" style=\"height: 16.00pt; width: 97.50pt;\" width=\"97\" height=\"16\">Farbe<\/td>\n<td class=\"et2\" style=\"width: 267.50pt;\" width=\"267\">Beidseitiger Druck, bis zu 10 Farben<\/td>\n<\/tr>\n<tr style=\"height: 16.00pt;\">\n<td class=\"et2\" style=\"height: 16.00pt; width: 97.50pt;\" width=\"97\" height=\"16\">Verwendung<\/td>\n<td class=\"et2\" style=\"width: 267.50pt;\" width=\"267\">Waschmittel, Waschpulver,<\/td>\n<\/tr>\n<tr style=\"height: 16.00pt;\">\n<td class=\"et2\" style=\"height: 16.00pt; width: 97.50pt;\" width=\"97\" height=\"16\">MOQ<\/td>\n<td class=\"et2\" style=\"width: 267.50pt;\" width=\"267\">50.000 St\u00fcck<\/td>\n<\/tr>\n<tr style=\"height: 16.00pt;\">\n<td class=\"et2\" style=\"height: 16.00pt; width: 97.50pt;\" width=\"97\" height=\"16\">Individuelle Bestellung<\/td>\n<td class=\"et2\" style=\"width: 267.50pt;\" width=\"267\">Akzeptieren Sie OEM, unterst\u00fctzen Sie die kostenlose Probe<\/td>\n<\/tr>\n<\/tbody>\n<\/table>","protected":false},"featured_media":3294,"comment_status":"closed","ping_status":"closed","template":"","meta":{"_acf_changed":false},"product_brand":[],"product_cat":[32,30],"product_tag":[],"class_list":{"0":"post-3285","1":"product","2":"type-product","3":"status-publish","4":"has-post-thumbnail","6":"product_cat-spout-pouch-manufacturer","7":"product_cat-stand-up-pouch-manufacturer","8":"pa_non-food-packaging-soap-detergent-pouches","10":"first","11":"instock","12":"shipping-taxable","13":"product-type-simple"},"acf":[],"_links":{"self":[{"href":"https:\/\/www.stanleypackage.com\/de\/wp-json\/wp\/v2\/product\/3285","targetHints":{"allow":["GET"]}}],"collection":[{"href":"https:\/\/www.stanleypackage.com\/de\/wp-json\/wp\/v2\/product"}],"about":[{"href":"https:\/\/www.stanleypackage.com\/de\/wp-json\/wp\/v2\/types\/product"}],"replies":[{"embeddable":true,"href":"https:\/\/www.stanleypackage.com\/de\/wp-json\/wp\/v2\/comments?post=3285"}],"wp:featuredmedia":[{"embeddable":true,"href":"https:\/\/www.stanleypackage.com\/de\/wp-json\/wp\/v2\/media\/3294"}],"wp:attachment":[{"href":"https:\/\/www.stanleypackage.com\/de\/wp-json\/wp\/v2\/media?parent=3285"}],"wp:term":[{"taxonomy":"product_brand","embeddable":true,"href":"https:\/\/www.stanleypackage.com\/de\/wp-json\/wp\/v2\/product_brand?post=3285"},{"taxonomy":"product_cat","embeddable":true,"href":"https:\/\/www.stanleypackage.com\/de\/wp-json\/wp\/v2\/product_cat?post=3285"},{"taxonomy":"product_tag","embeddable":true,"href":"https:\/\/www.stanleypackage.com\/de\/wp-json\/wp\/v2\/product_tag?post=3285"}],"curies":[{"name":"wp","href":"https:\/\/api.w.org\/{rel}","templated":true}]}}