{"id":3299,"date":"2025-10-15T01:21:27","date_gmt":"2025-10-15T01:21:27","guid":{"rendered":"https:\/\/www.stanleypackage.com\/?post_type=product&#038;p=3299"},"modified":"2025-10-15T01:21:58","modified_gmt":"2025-10-15T01:21:58","slug":"custom-standup-pouches-with-spout","status":"publish","type":"product","link":"https:\/\/www.stanleypackage.com\/de\/product\/custom-standup-pouches-with-spout\/","title":{"rendered":"Benutzerdefinierte Standup-Beutel mit Ausguss, Gro\u00dfhandel Lotion Beutel Verpackung"},"content":{"rendered":"<div class=\"wp-block-columns is-layout-flex wp-container-core-columns-is-layout-9d6595d7 wp-block-columns-is-layout-flex\">\n<div class=\"wp-block-column is-layout-flow wp-block-column-is-layout-flow\">\n<h2 class=\"wp-block-heading\">Merkmale von Custom Standup Pouches mit Ausguss<\/h2>\n\n\n\n<ul class=\"wp-block-list\">\n<li><strong>Vier abgerundete Ecken und integriertes Munddesign:<\/strong> Unsere ma\u00dfgefertigten Standbeutel mit Ausgie\u00dfer haben an allen vier Seiten abgerundete Ecken, wodurch sie sicher zu halten sind. Au\u00dferdem erspart uns das integrierte Verschlussdesign das Abschrauben des Deckels beim Bef\u00fcllen und ist zudem recycelbar.<\/li>\n\n\n\n<li><strong>Ausgezeichnete Barriereleistung: <\/strong>Die Aluminiumschicht dieser kundenspezifischen Lotionbeutelverpackung hat ausgezeichnete licht- und feuchtigkeitsbest\u00e4ndige sowie oxidationshemmende Funktionen, die den Inhalt vollst\u00e4ndig sch\u00fctzen und die Haltbarkeit des Produkts verl\u00e4ngern.<\/li>\n\n\n\n<li><strong>Ideal f\u00fcr Gel, Creme und Lotion: <\/strong>Unsere ma\u00dfgefertigten Standbeutel mit Ausgie\u00dfer eignen sich f\u00fcr halbfl\u00fcssige Produkte wie Aloe-Vera-Gel, Gesichtscreme, K\u00f6rperlotion usw. Die T\u00fcllenstruktur ist bequem zu bef\u00fcllen und zu verwenden, und die Benutzererfahrung ist freundlich.<\/li>\n\n\n\n<li><strong>Langlebige, mehrschichtige Struktur:<\/strong> Unsere ma\u00dfgeschneiderten Lotionsbeutelverpackungen bestehen aus PET12\/AL7\/PE105, das druckfest, rei\u00dffest und auslaufsicher ist und sich f\u00fcr alle Arten von Hautpflegeproduktverpackungen und Transportanforderungen eignet.<\/li>\n\n\n\n<li><strong>Individueller Druck f\u00fcr das Branding:<\/strong> Unsere kundenspezifischen Standbeutel mit Ausgie\u00dfer k\u00f6nnen vollfarbig bedruckt werden, und LOGO, Muster und Text k\u00f6nnen genau dargestellt werden, um die visuelle Kommunikation der Marke zu unterst\u00fctzen.<\/li>\n<\/ul>\n\n\n\n<div class=\"wp-block-columns is-layout-flex wp-container-core-columns-is-layout-9d6595d7 wp-block-columns-is-layout-flex\">\n<div class=\"wp-block-column is-layout-flow wp-block-column-is-layout-flow\">\n<figure class=\"wp-block-image size-full\"><img decoding=\"async\" width=\"750\" height=\"750\" src=\"https:\/\/www.stanleypackage.com\/wp-content\/uploads\/2025\/10\/Custom-Print-Spout-Bags-\uff0cWholesale-Cosmetic-Pouch-Packaging-4.jpg\" alt=\"\" class=\"wp-image-3300\" srcset=\"https:\/\/www.stanleypackage.com\/wp-content\/uploads\/2025\/10\/Custom-Print-Spout-Bags-\uff0cWholesale-Cosmetic-Pouch-Packaging-4.jpg 750w, https:\/\/www.stanleypackage.com\/wp-content\/uploads\/2025\/10\/Custom-Print-Spout-Bags-\uff0cWholesale-Cosmetic-Pouch-Packaging-4-300x300.jpg 300w, https:\/\/www.stanleypackage.com\/wp-content\/uploads\/2025\/10\/Custom-Print-Spout-Bags-\uff0cWholesale-Cosmetic-Pouch-Packaging-4-150x150.jpg 150w, https:\/\/www.stanleypackage.com\/wp-content\/uploads\/2025\/10\/Custom-Print-Spout-Bags-\uff0cWholesale-Cosmetic-Pouch-Packaging-4-12x12.jpg 12w, https:\/\/www.stanleypackage.com\/wp-content\/uploads\/2025\/10\/Custom-Print-Spout-Bags-\uff0cWholesale-Cosmetic-Pouch-Packaging-4-600x600.jpg 600w, https:\/\/www.stanleypackage.com\/wp-content\/uploads\/2025\/10\/Custom-Print-Spout-Bags-\uff0cWholesale-Cosmetic-Pouch-Packaging-4-100x100.jpg 100w\" sizes=\"(max-width: 750px) 100vw, 750px\" \/><\/figure>\n<\/div>\n\n\n\n<div class=\"wp-block-column is-layout-flow wp-block-column-is-layout-flow\">\n<figure class=\"wp-block-image size-full\"><img decoding=\"async\" width=\"750\" height=\"750\" src=\"https:\/\/www.stanleypackage.com\/wp-content\/uploads\/2025\/10\/Custom-Print-Spout-Bags-\uff0cWholesale-Cosmetic-Pouch-Packaging-7.jpg\" alt=\"\" class=\"wp-image-3301\" srcset=\"https:\/\/www.stanleypackage.com\/wp-content\/uploads\/2025\/10\/Custom-Print-Spout-Bags-\uff0cWholesale-Cosmetic-Pouch-Packaging-7.jpg 750w, https:\/\/www.stanleypackage.com\/wp-content\/uploads\/2025\/10\/Custom-Print-Spout-Bags-\uff0cWholesale-Cosmetic-Pouch-Packaging-7-300x300.jpg 300w, https:\/\/www.stanleypackage.com\/wp-content\/uploads\/2025\/10\/Custom-Print-Spout-Bags-\uff0cWholesale-Cosmetic-Pouch-Packaging-7-150x150.jpg 150w, https:\/\/www.stanleypackage.com\/wp-content\/uploads\/2025\/10\/Custom-Print-Spout-Bags-\uff0cWholesale-Cosmetic-Pouch-Packaging-7-12x12.jpg 12w, https:\/\/www.stanleypackage.com\/wp-content\/uploads\/2025\/10\/Custom-Print-Spout-Bags-\uff0cWholesale-Cosmetic-Pouch-Packaging-7-600x600.jpg 600w, https:\/\/www.stanleypackage.com\/wp-content\/uploads\/2025\/10\/Custom-Print-Spout-Bags-\uff0cWholesale-Cosmetic-Pouch-Packaging-7-100x100.jpg 100w\" sizes=\"(max-width: 750px) 100vw, 750px\" \/><\/figure>\n<\/div>\n<\/div>\n<\/div>\n<\/div>","protected":false},"excerpt":{"rendered":"<p>Willkommen bei der Bestellung von kundenspezifischen Standbeuteln mit Ausgie\u00dfer. Diese kundenspezifische Lotion Beutel Verpackung nimmt reines Aluminium matte Druckfolie, die eine hochwertige Textur und hervorragende Barriere Leistung hat. Unterst\u00fctzt kundenspezifischen Druckservice.<\/p>\n<table style=\"border-collapse: collapse; width: 334.02pt;\" border=\"0\" width=\"334\" cellspacing=\"0\" cellpadding=\"0\">\n<tbody>\n<tr style=\"height: 16.00pt;\">\n<td class=\"et2\" style=\"height: 16.00pt; width: 97.50pt;\" width=\"97\" height=\"16\">Hersteller<\/td>\n<td class=\"et2\" style=\"width: 236.80pt;\" width=\"236\">Stanley<\/td>\n<\/tr>\n<tr style=\"height: 16.00pt;\">\n<td class=\"et2\" style=\"height: 16.00pt; width: 97.50pt;\" width=\"97\" height=\"16\">Arten von Beuteln<\/td>\n<td class=\"et3\">Ausgie\u00dferbeutel, Flachlegebeutel<\/td>\n<\/tr>\n<tr style=\"height: 16.00pt;\">\n<td class=\"et2\" style=\"height: 16.00pt; width: 97.50pt;\" width=\"97\" height=\"16\">Material<\/td>\n<td class=\"et2\" style=\"width: 236.80pt;\" width=\"236\">PET12\/AL7\/PE105<\/td>\n<\/tr>\n<tr style=\"height: 16.00pt;\">\n<td class=\"et2\" style=\"height: 16.00pt; width: 97.50pt;\" width=\"97\" height=\"16\">Besonderes Merkmal<\/td>\n<td class=\"et2\" style=\"width: 236.80pt;\" width=\"236\">Ausguss, Bodenbef\u00fcllung<\/td>\n<\/tr>\n<tr style=\"height: 16.00pt;\">\n<td class=\"et2\" style=\"height: 16.00pt; width: 97.50pt;\" width=\"97\" height=\"16\">Handhabung der Oberfl\u00e4che<\/td>\n<td class=\"et2\" style=\"width: 236.80pt;\" width=\"236\">Tiefdruck<\/td>\n<\/tr>\n<tr style=\"height: 16.00pt;\">\n<td class=\"et2\" style=\"height: 16.00pt; width: 97.50pt;\" width=\"97\" height=\"16\">Farbe<\/td>\n<td class=\"et2\" style=\"width: 236.80pt;\" width=\"236\">Bis zu 10 Farben<\/td>\n<\/tr>\n<tr style=\"height: 16.00pt;\">\n<td class=\"et2\" style=\"height: 16.00pt; width: 97.50pt;\" width=\"97\" height=\"16\">Verwendung<\/td>\n<td class=\"et3\">Gel, Creme, Lotion<\/td>\n<\/tr>\n<tr style=\"height: 16.00pt;\">\n<td class=\"et2\" style=\"height: 16.00pt; width: 97.50pt;\" width=\"97\" height=\"16\">MOQ<\/td>\n<td class=\"et2\" style=\"width: 236.80pt;\" width=\"236\">50.000 St\u00fcck<\/td>\n<\/tr>\n<tr style=\"height: 16.00pt;\">\n<td class=\"et2\" style=\"height: 16.00pt; width: 97.50pt;\" width=\"97\" height=\"16\">Individuelle Bestellung<\/td>\n<td class=\"et2\" style=\"width: 236.80pt;\" width=\"236\">Akzeptieren Sie OEM, unterst\u00fctzen Sie die kostenlose Probe<\/td>\n<\/tr>\n<\/tbody>\n<\/table>","protected":false},"featured_media":3302,"comment_status":"closed","ping_status":"closed","template":"","meta":{"_acf_changed":false},"product_brand":[],"product_cat":[32],"product_tag":[],"class_list":{"0":"post-3299","1":"product","2":"type-product","3":"status-publish","4":"has-post-thumbnail","6":"product_cat-spout-pouch-manufacturer","7":"pa_non-food-packaging-cosmetic-packaging-pouches","9":"first","10":"instock","11":"shipping-taxable","12":"product-type-simple"},"acf":[],"_links":{"self":[{"href":"https:\/\/www.stanleypackage.com\/de\/wp-json\/wp\/v2\/product\/3299","targetHints":{"allow":["GET"]}}],"collection":[{"href":"https:\/\/www.stanleypackage.com\/de\/wp-json\/wp\/v2\/product"}],"about":[{"href":"https:\/\/www.stanleypackage.com\/de\/wp-json\/wp\/v2\/types\/product"}],"replies":[{"embeddable":true,"href":"https:\/\/www.stanleypackage.com\/de\/wp-json\/wp\/v2\/comments?post=3299"}],"wp:featuredmedia":[{"embeddable":true,"href":"https:\/\/www.stanleypackage.com\/de\/wp-json\/wp\/v2\/media\/3302"}],"wp:attachment":[{"href":"https:\/\/www.stanleypackage.com\/de\/wp-json\/wp\/v2\/media?parent=3299"}],"wp:term":[{"taxonomy":"product_brand","embeddable":true,"href":"https:\/\/www.stanleypackage.com\/de\/wp-json\/wp\/v2\/product_brand?post=3299"},{"taxonomy":"product_cat","embeddable":true,"href":"https:\/\/www.stanleypackage.com\/de\/wp-json\/wp\/v2\/product_cat?post=3299"},{"taxonomy":"product_tag","embeddable":true,"href":"https:\/\/www.stanleypackage.com\/de\/wp-json\/wp\/v2\/product_tag?post=3299"}],"curies":[{"name":"wp","href":"https:\/\/api.w.org\/{rel}","templated":true}]}}