{"id":3321,"date":"2025-10-15T01:31:40","date_gmt":"2025-10-15T01:31:40","guid":{"rendered":"https:\/\/www.stanleypackage.com\/?post_type=product&#038;p=3321"},"modified":"2025-10-15T01:31:47","modified_gmt":"2025-10-15T01:31:47","slug":"custom-drink-pouches-with-spout","status":"publish","type":"product","link":"https:\/\/www.stanleypackage.com\/de\/product\/custom-drink-pouches-with-spout\/","title":{"rendered":"Monomaterial-Getr\u00e4nkebeutel mit Ausgie\u00dfer und Stehboden"},"content":{"rendered":"<div class=\"wp-block-columns is-layout-flex wp-container-core-columns-is-layout-9d6595d7 wp-block-columns-is-layout-flex\">\n<div class=\"wp-block-column is-layout-flow wp-block-column-is-layout-flow\">\n<h2 class=\"wp-block-heading\">Merkmale von Monomaterial-Getr\u00e4nkebeuteln mit Ausgie\u00dfer<\/h2>\n\n\n\n<ul class=\"wp-block-list\">\n<li><strong>Umweltfreundlich und recycelbar f\u00fcr nachhaltige Trends:<\/strong> Diese kundenspezifischen Getr\u00e4nkebeutel mit Ausgie\u00dfer bestehen aus einem einzigen PE-Material, das leicht zu recyceln ist und der Marktnachfrage nach gr\u00fcnem Umweltschutz und nachhaltiger Entwicklung entspricht.<\/li>\n\n\n\n<li><strong>Saugd\u00fcsendesign, pr\u00e4zise Anwendung: <\/strong>Diese benutzerdefinierte Saftbeutel Gro\u00dfhandel verf\u00fcgt \u00fcber eine Saugd\u00fcse, die bequem f\u00fcr die Kunden, um genau die Menge der Anwendung, die Minimierung der Verschwendung und die Verbesserung der Kundenerfahrung.<\/li>\n\n\n\n<li><strong>Untere F\u00fcllstruktur zur Verbesserung der F\u00fclleffizienz: <\/strong>Die Bodenbef\u00fcllung dieser kundenspezifischen Getr\u00e4nkebeutel mit Ausgie\u00dfer erm\u00f6glicht ein schnelles Bef\u00fcllen und festes Verschlie\u00dfen in der Produktionslinie, was f\u00fcr automatisierte Verpackungsprozesse geeignet ist.<\/li>\n\n\n\n<li><strong>Unterst\u00fctzung des Hinzuf\u00fcgens von verschiedenem Zubeh\u00f6r:<\/strong> Unsere einteiligen Getr\u00e4nkebeutel mit Ausgie\u00dfer k\u00f6nnen mit verschiedenem Zubeh\u00f6r wie Rei\u00dfverschl\u00fcssen, Ventilen, Supermarktl\u00f6chern usw. versehen werden.<\/li>\n\n\n\n<li><strong>Unterst\u00fctzung der Markenanpassung zur Erf\u00fcllung unterschiedlicher Verpackungsanforderungen: <\/strong>Unterst\u00fctzen Sie den Gro\u00dfhandel mit kundenspezifischen Saftbeuteln mit Aufdrucken, Mustern, Fassungsverm\u00f6gen und D\u00fcsenspezifikationen, um die einzigartigen Verpackungsanforderungen der Kunden zu erf\u00fcllen.<\/li>\n<\/ul>\n\n\n\n<div class=\"wp-block-columns is-layout-flex wp-container-core-columns-is-layout-9d6595d7 wp-block-columns-is-layout-flex\">\n<div class=\"wp-block-column is-layout-flow wp-block-column-is-layout-flow\">\n<figure class=\"wp-block-image size-full\"><img decoding=\"async\" width=\"750\" height=\"750\" src=\"https:\/\/www.stanleypackage.com\/wp-content\/uploads\/2025\/10\/Mono-Material-Custom-Spouted-Pouches-Wholesale-Spouted-Packaging-Bag-2.jpg\" alt=\"\" class=\"wp-image-3322\" srcset=\"https:\/\/www.stanleypackage.com\/wp-content\/uploads\/2025\/10\/Mono-Material-Custom-Spouted-Pouches-Wholesale-Spouted-Packaging-Bag-2.jpg 750w, https:\/\/www.stanleypackage.com\/wp-content\/uploads\/2025\/10\/Mono-Material-Custom-Spouted-Pouches-Wholesale-Spouted-Packaging-Bag-2-300x300.jpg 300w, https:\/\/www.stanleypackage.com\/wp-content\/uploads\/2025\/10\/Mono-Material-Custom-Spouted-Pouches-Wholesale-Spouted-Packaging-Bag-2-150x150.jpg 150w, https:\/\/www.stanleypackage.com\/wp-content\/uploads\/2025\/10\/Mono-Material-Custom-Spouted-Pouches-Wholesale-Spouted-Packaging-Bag-2-12x12.jpg 12w, https:\/\/www.stanleypackage.com\/wp-content\/uploads\/2025\/10\/Mono-Material-Custom-Spouted-Pouches-Wholesale-Spouted-Packaging-Bag-2-600x600.jpg 600w, https:\/\/www.stanleypackage.com\/wp-content\/uploads\/2025\/10\/Mono-Material-Custom-Spouted-Pouches-Wholesale-Spouted-Packaging-Bag-2-100x100.jpg 100w\" sizes=\"(max-width: 750px) 100vw, 750px\" \/><\/figure>\n<\/div>\n\n\n\n<div class=\"wp-block-column is-layout-flow wp-block-column-is-layout-flow\">\n<figure class=\"wp-block-image size-full\"><img decoding=\"async\" width=\"750\" height=\"750\" src=\"https:\/\/www.stanleypackage.com\/wp-content\/uploads\/2025\/10\/Mono-Material-Custom-Spouted-Pouches-Wholesale-Spouted-Packaging-Bag-6.jpg\" alt=\"\" class=\"wp-image-3323\" srcset=\"https:\/\/www.stanleypackage.com\/wp-content\/uploads\/2025\/10\/Mono-Material-Custom-Spouted-Pouches-Wholesale-Spouted-Packaging-Bag-6.jpg 750w, https:\/\/www.stanleypackage.com\/wp-content\/uploads\/2025\/10\/Mono-Material-Custom-Spouted-Pouches-Wholesale-Spouted-Packaging-Bag-6-300x300.jpg 300w, https:\/\/www.stanleypackage.com\/wp-content\/uploads\/2025\/10\/Mono-Material-Custom-Spouted-Pouches-Wholesale-Spouted-Packaging-Bag-6-150x150.jpg 150w, https:\/\/www.stanleypackage.com\/wp-content\/uploads\/2025\/10\/Mono-Material-Custom-Spouted-Pouches-Wholesale-Spouted-Packaging-Bag-6-12x12.jpg 12w, https:\/\/www.stanleypackage.com\/wp-content\/uploads\/2025\/10\/Mono-Material-Custom-Spouted-Pouches-Wholesale-Spouted-Packaging-Bag-6-600x600.jpg 600w, https:\/\/www.stanleypackage.com\/wp-content\/uploads\/2025\/10\/Mono-Material-Custom-Spouted-Pouches-Wholesale-Spouted-Packaging-Bag-6-100x100.jpg 100w\" sizes=\"(max-width: 750px) 100vw, 750px\" \/><\/figure>\n<\/div>\n<\/div>\n<\/div>\n<\/div>","protected":false},"excerpt":{"rendered":"<p>Willkommen zu kaufen benutzerdefinierte Getr\u00e4nkebeutel mit Ausgie\u00dfer. Unsere Einstoff-Saftbeutel f\u00fcr den Gro\u00dfhandel bieten umweltfreundliche, langlebige Verpackungen mit einfachem Ausgie\u00dfen und einem stabilen Boden. Anpassbar und verf\u00fcgbar f\u00fcr Bulk-Lieferung.<\/p>\n<table style=\"border-collapse: collapse; width: 365.02pt;\" border=\"0\" width=\"365\" cellspacing=\"0\" cellpadding=\"0\">\n<tbody>\n<tr style=\"height: 16.00pt;\">\n<td class=\"et2\" style=\"height: 16.00pt; width: 97.50pt;\" width=\"97\" height=\"16\">Hersteller<\/td>\n<td class=\"et2\" style=\"width: 267.50pt;\" width=\"267\">Stanley<\/td>\n<\/tr>\n<tr style=\"height: 16.00pt;\">\n<td class=\"et2\" style=\"height: 16.00pt; width: 97.50pt;\" width=\"97\" height=\"16\">Arten von Beuteln<\/td>\n<td class=\"et3\">Ausgie\u00dferbeutel<\/td>\n<\/tr>\n<tr style=\"height: 16.00pt;\">\n<td class=\"et2\" style=\"height: 16.00pt; width: 97.50pt;\" width=\"97\" height=\"16\">Material<\/td>\n<td class=\"et2\" style=\"width: 267.50pt;\" width=\"267\">PE (Mono-Material)<\/td>\n<\/tr>\n<tr style=\"height: 16.00pt;\">\n<td class=\"et2\" style=\"height: 16.00pt; width: 97.50pt;\" width=\"97\" height=\"16\">Besonderes Merkmal<\/td>\n<td class=\"et2\" style=\"width: 267.50pt;\" width=\"267\">Ausgie\u00dfer, Bodenbef\u00fcllung, wiederverwertbar<\/td>\n<\/tr>\n<tr style=\"height: 16.00pt;\">\n<td class=\"et2\" style=\"height: 16.00pt; width: 97.50pt;\" width=\"97\" height=\"16\">Handhabung der Oberfl\u00e4che<\/td>\n<td class=\"et2\" style=\"width: 267.50pt;\" width=\"267\">Tiefdruck<\/td>\n<\/tr>\n<tr style=\"height: 16.00pt;\">\n<td class=\"et2\" style=\"height: 16.00pt; width: 97.50pt;\" width=\"97\" height=\"16\">Farbe<\/td>\n<td class=\"et2\" style=\"width: 267.50pt;\" width=\"267\">Bis zu 10 Farben<\/td>\n<\/tr>\n<tr style=\"height: 16.00pt;\">\n<td class=\"et2\" style=\"height: 16.00pt; width: 97.50pt;\" width=\"97\" height=\"16\">Verwendung<\/td>\n<td class=\"et2\" style=\"width: 267.50pt;\" width=\"267\">Kaffee, Getr\u00e4nk, Wein, So\u00dfe<\/td>\n<\/tr>\n<tr style=\"height: 16.00pt;\">\n<td class=\"et2\" style=\"height: 16.00pt; width: 97.50pt;\" width=\"97\" height=\"16\">MOQ<\/td>\n<td class=\"et2\" style=\"width: 267.50pt;\" width=\"267\">50.000 St\u00fcck<\/td>\n<\/tr>\n<tr style=\"height: 16.00pt;\">\n<td class=\"et2\" style=\"height: 16.00pt; width: 97.50pt;\" width=\"97\" height=\"16\">Individuelle Bestellung<\/td>\n<td class=\"et2\" style=\"width: 267.50pt;\" width=\"267\">Akzeptieren Sie OEM, unterst\u00fctzen Sie freie Probe<\/td>\n<\/tr>\n<\/tbody>\n<\/table>","protected":false},"featured_media":3324,"comment_status":"closed","ping_status":"closed","template":"","meta":{"_acf_changed":false},"product_brand":[],"product_cat":[32,30],"product_tag":[],"class_list":{"0":"post-3321","1":"product","2":"type-product","3":"status-publish","4":"has-post-thumbnail","6":"product_cat-spout-pouch-manufacturer","7":"product_cat-stand-up-pouch-manufacturer","8":"pa_food-packaging-drink-beverage-pouch","9":"pa_material-mono-material","11":"first","12":"instock","13":"shipping-taxable","14":"product-type-simple"},"acf":[],"_links":{"self":[{"href":"https:\/\/www.stanleypackage.com\/de\/wp-json\/wp\/v2\/product\/3321","targetHints":{"allow":["GET"]}}],"collection":[{"href":"https:\/\/www.stanleypackage.com\/de\/wp-json\/wp\/v2\/product"}],"about":[{"href":"https:\/\/www.stanleypackage.com\/de\/wp-json\/wp\/v2\/types\/product"}],"replies":[{"embeddable":true,"href":"https:\/\/www.stanleypackage.com\/de\/wp-json\/wp\/v2\/comments?post=3321"}],"wp:featuredmedia":[{"embeddable":true,"href":"https:\/\/www.stanleypackage.com\/de\/wp-json\/wp\/v2\/media\/3324"}],"wp:attachment":[{"href":"https:\/\/www.stanleypackage.com\/de\/wp-json\/wp\/v2\/media?parent=3321"}],"wp:term":[{"taxonomy":"product_brand","embeddable":true,"href":"https:\/\/www.stanleypackage.com\/de\/wp-json\/wp\/v2\/product_brand?post=3321"},{"taxonomy":"product_cat","embeddable":true,"href":"https:\/\/www.stanleypackage.com\/de\/wp-json\/wp\/v2\/product_cat?post=3321"},{"taxonomy":"product_tag","embeddable":true,"href":"https:\/\/www.stanleypackage.com\/de\/wp-json\/wp\/v2\/product_tag?post=3321"}],"curies":[{"name":"wp","href":"https:\/\/api.w.org\/{rel}","templated":true}]}}