{"id":3403,"date":"2025-10-20T01:41:12","date_gmt":"2025-10-20T01:41:12","guid":{"rendered":"https:\/\/www.stanleypackage.com\/?post_type=product&#038;p=3403"},"modified":"2025-10-20T01:41:18","modified_gmt":"2025-10-20T01:41:18","slug":"custom-pouch-packaging","status":"publish","type":"product","link":"https:\/\/www.stanleypackage.com\/de\/product\/custom-pouch-packaging\/","title":{"rendered":"Lotionspezifische Beutelverpackungen, kosmetische Standbodenbeutel mit Ausguss"},"content":{"rendered":"<div class=\"wp-block-columns is-layout-flex wp-container-core-columns-is-layout-9d6595d7 wp-block-columns-is-layout-flex\">\n<div class=\"wp-block-column is-layout-flow wp-block-column-is-layout-flow\">\n<h2 class=\"wp-block-heading\">Eigenschaften von Lotion Custom Pouch Packaging<\/h2>\n\n\n\n<ul class=\"wp-block-list\">\n<li><strong>Geeignet f\u00fcr eine Vielzahl von fl\u00fcssigen Reinigungsprodukten: <\/strong>Unsere kundenspezifischen Beutelverpackungen mit Ausgie\u00dfer und Standboden eignen sich f\u00fcr fl\u00fcssige Chemikalien des t\u00e4glichen Bedarfs wie Shampoo, Sp\u00fclung, Duschgel usw. und sind in Superm\u00e4rkten und Sch\u00f6nheitskan\u00e4len weit verbreitet.<\/li>\n\n\n\n<li><strong>Das Design der D\u00fcse ist bequem zu bedienen: <\/strong>Das T\u00fcllendesign dieses ma\u00dfgeschneiderten Standbeutels erm\u00f6glicht eine genaue Kontrolle der jeweils verbrauchten Menge, wodurch Abfall vermieden wird und die Hygiene verbessert wird.<\/li>\n\n\n\n<li><strong>Das Design der Stehtasche spart Platz: <\/strong>Diese benutzerdefinierten Beutelverpackungen haben ein stabiles Design, lassen sich leicht ausstellen, aufbewahren und tragen und eignen sich besonders f\u00fcr Reisen und den Einzelhandel.<\/li>\n\n\n\n<li><strong>Ma\u00dfgeschneiderter Service erf\u00fcllt Bed\u00fcrfnisse:<\/strong> Wir bieten eine Vielzahl von Anpassungsm\u00f6glichkeiten f\u00fcr kundenspezifische Standbodenbeutel und k\u00f6nnen verschiedene Formen, Gr\u00f6\u00dfen und Druckmuster je nach Kundenwunsch entwerfen, um die Personalisierung der Marke und die Wettbewerbsf\u00e4higkeit auf dem Markt zu verbessern.<\/li>\n\n\n\n<li><strong>Abgerundete Ecken, sicher f\u00fcr die H\u00e4nde: <\/strong>Unsere ma\u00dfgefertigten Beutelverpackungen mit Ausgie\u00dfer haben ein abgerundetes Design, das die H\u00e4nde weniger verletzen kann und somit das Kundenerlebnis verbessert.<\/li>\n<\/ul>\n\n\n\n<div class=\"wp-block-columns is-layout-flex wp-container-core-columns-is-layout-9d6595d7 wp-block-columns-is-layout-flex\">\n<div class=\"wp-block-column is-layout-flow wp-block-column-is-layout-flow\">\n<figure class=\"wp-block-image size-full\"><img decoding=\"async\" width=\"750\" height=\"750\" src=\"https:\/\/www.stanleypackage.com\/wp-content\/uploads\/2025\/10\/Wholesale-Custom-Printed-Pouches-With-Spout-Kids-Lotion-Pouches-6.jpg\" alt=\"\" class=\"wp-image-3404\" srcset=\"https:\/\/www.stanleypackage.com\/wp-content\/uploads\/2025\/10\/Wholesale-Custom-Printed-Pouches-With-Spout-Kids-Lotion-Pouches-6.jpg 750w, https:\/\/www.stanleypackage.com\/wp-content\/uploads\/2025\/10\/Wholesale-Custom-Printed-Pouches-With-Spout-Kids-Lotion-Pouches-6-300x300.jpg 300w, https:\/\/www.stanleypackage.com\/wp-content\/uploads\/2025\/10\/Wholesale-Custom-Printed-Pouches-With-Spout-Kids-Lotion-Pouches-6-150x150.jpg 150w, https:\/\/www.stanleypackage.com\/wp-content\/uploads\/2025\/10\/Wholesale-Custom-Printed-Pouches-With-Spout-Kids-Lotion-Pouches-6-12x12.jpg 12w, https:\/\/www.stanleypackage.com\/wp-content\/uploads\/2025\/10\/Wholesale-Custom-Printed-Pouches-With-Spout-Kids-Lotion-Pouches-6-600x600.jpg 600w, https:\/\/www.stanleypackage.com\/wp-content\/uploads\/2025\/10\/Wholesale-Custom-Printed-Pouches-With-Spout-Kids-Lotion-Pouches-6-100x100.jpg 100w\" sizes=\"(max-width: 750px) 100vw, 750px\" \/><\/figure>\n<\/div>\n\n\n\n<div class=\"wp-block-column is-layout-flow wp-block-column-is-layout-flow\">\n<figure class=\"wp-block-image size-full\"><img decoding=\"async\" width=\"750\" height=\"750\" src=\"https:\/\/www.stanleypackage.com\/wp-content\/uploads\/2025\/10\/Wholesale-Custom-Printed-Pouches-With-Spout-Kids-Lotion-Pouches-2.jpg\" alt=\"\" class=\"wp-image-3405\" srcset=\"https:\/\/www.stanleypackage.com\/wp-content\/uploads\/2025\/10\/Wholesale-Custom-Printed-Pouches-With-Spout-Kids-Lotion-Pouches-2.jpg 750w, https:\/\/www.stanleypackage.com\/wp-content\/uploads\/2025\/10\/Wholesale-Custom-Printed-Pouches-With-Spout-Kids-Lotion-Pouches-2-300x300.jpg 300w, https:\/\/www.stanleypackage.com\/wp-content\/uploads\/2025\/10\/Wholesale-Custom-Printed-Pouches-With-Spout-Kids-Lotion-Pouches-2-150x150.jpg 150w, https:\/\/www.stanleypackage.com\/wp-content\/uploads\/2025\/10\/Wholesale-Custom-Printed-Pouches-With-Spout-Kids-Lotion-Pouches-2-12x12.jpg 12w, https:\/\/www.stanleypackage.com\/wp-content\/uploads\/2025\/10\/Wholesale-Custom-Printed-Pouches-With-Spout-Kids-Lotion-Pouches-2-600x600.jpg 600w, https:\/\/www.stanleypackage.com\/wp-content\/uploads\/2025\/10\/Wholesale-Custom-Printed-Pouches-With-Spout-Kids-Lotion-Pouches-2-100x100.jpg 100w\" sizes=\"(max-width: 750px) 100vw, 750px\" \/><\/figure>\n<\/div>\n<\/div>\n<\/div>\n<\/div>","protected":false},"excerpt":{"rendered":"<p>Willkommen zur Gro\u00dfbestellung kundenspezifischer Beutelverpackungen. Diese benutzerdefinierte Stand-up Ausgie\u00dfer Beutel ist f\u00fcr Kinder Feuchtigkeitscreme und andere Hautpflegeprodukte, die bequem zu bedienen und leicht zu tragen ist konzipiert. Diese benutzerdefinierte T\u00fclle Beutel verf\u00fcgt \u00fcber einen abgerundeten Rand Design, das sicher f\u00fcr die H\u00e4nde ist.<\/p>\n<table style=\"border-collapse: collapse; width: 312.77pt;\" border=\"0\" width=\"417\" cellspacing=\"0\" cellpadding=\"0\">\n<tbody>\n<tr style=\"height: 12.75pt;\">\n<td class=\"et2\" style=\"height: 12.75pt; width: 91.40pt;\" width=\"121\" height=\"17\">Hersteller<\/td>\n<td class=\"et2\" style=\"width: 222.00pt;\" width=\"296\">Stanley<\/td>\n<\/tr>\n<tr style=\"height: 12.75pt;\">\n<td class=\"et2\" style=\"height: 12.75pt; width: 91.40pt;\" width=\"121\" height=\"17\">Arten von Beuteln<\/td>\n<td class=\"et3\">Stehbeutel mit Ausguss<\/td>\n<\/tr>\n<tr style=\"height: 12.75pt;\">\n<td class=\"et2\" style=\"height: 12.75pt; width: 91.40pt;\" width=\"121\" height=\"17\">Material<\/td>\n<td class=\"et2\" style=\"width: 222.00pt;\" width=\"296\">PET12\/PET12\/MBPE85<\/td>\n<\/tr>\n<tr style=\"height: 12.75pt;\">\n<td class=\"et2\" style=\"height: 12.75pt; width: 91.40pt;\" width=\"121\" height=\"17\">Besonderes Merkmal<\/td>\n<td class=\"et2\" style=\"width: 222.00pt;\" width=\"296\">Ausguss, selbststehender Boden<\/td>\n<\/tr>\n<tr style=\"height: 12.75pt;\">\n<td class=\"et2\" style=\"height: 12.75pt; width: 91.40pt;\" width=\"121\" height=\"17\">Handhabung der Oberfl\u00e4che<\/td>\n<td class=\"et2\" style=\"width: 222.00pt;\" width=\"296\">Tiefdruck<\/td>\n<\/tr>\n<tr style=\"height: 12.75pt;\">\n<td class=\"et2\" style=\"height: 12.75pt; width: 91.40pt;\" width=\"121\" height=\"17\">Farbe<\/td>\n<td class=\"et2\" style=\"width: 222.00pt;\" width=\"296\">Bis zu 10 Farben<\/td>\n<\/tr>\n<tr style=\"height: 12.75pt;\">\n<td class=\"et2\" style=\"height: 12.75pt; width: 91.40pt;\" width=\"121\" height=\"17\">Verwendung<\/td>\n<td class=\"et3\">Feuchtigkeitscreme, Lotion, Hautpflegeprodukt<\/td>\n<\/tr>\n<tr style=\"height: 12.75pt;\">\n<td class=\"et2\" style=\"height: 12.75pt; width: 91.40pt;\" width=\"121\" height=\"17\">MOQ<\/td>\n<td class=\"et2\" style=\"width: 222.00pt;\" width=\"296\">50.000 St\u00fcck<\/td>\n<\/tr>\n<tr style=\"height: 12.75pt;\">\n<td class=\"et2\" style=\"height: 12.75pt; width: 91.40pt;\" width=\"121\" height=\"17\">Individuelle Bestellung<\/td>\n<td class=\"et2\" style=\"width: 222.00pt;\" width=\"296\">Akzeptieren Sie OEM, unterst\u00fctzen Sie freie Probe<\/td>\n<\/tr>\n<\/tbody>\n<\/table>\n<p>&nbsp;<\/p>","protected":false},"featured_media":3406,"comment_status":"closed","ping_status":"closed","template":"","meta":{"_acf_changed":false},"product_brand":[],"product_cat":[32,30],"product_tag":[],"class_list":{"0":"post-3403","1":"product","2":"type-product","3":"status-publish","4":"has-post-thumbnail","6":"product_cat-spout-pouch-manufacturer","7":"product_cat-stand-up-pouch-manufacturer","8":"pa_non-food-packaging-cosmetic-packaging-pouches","10":"first","11":"instock","12":"shipping-taxable","13":"product-type-simple"},"acf":[],"_links":{"self":[{"href":"https:\/\/www.stanleypackage.com\/de\/wp-json\/wp\/v2\/product\/3403","targetHints":{"allow":["GET"]}}],"collection":[{"href":"https:\/\/www.stanleypackage.com\/de\/wp-json\/wp\/v2\/product"}],"about":[{"href":"https:\/\/www.stanleypackage.com\/de\/wp-json\/wp\/v2\/types\/product"}],"replies":[{"embeddable":true,"href":"https:\/\/www.stanleypackage.com\/de\/wp-json\/wp\/v2\/comments?post=3403"}],"wp:featuredmedia":[{"embeddable":true,"href":"https:\/\/www.stanleypackage.com\/de\/wp-json\/wp\/v2\/media\/3406"}],"wp:attachment":[{"href":"https:\/\/www.stanleypackage.com\/de\/wp-json\/wp\/v2\/media?parent=3403"}],"wp:term":[{"taxonomy":"product_brand","embeddable":true,"href":"https:\/\/www.stanleypackage.com\/de\/wp-json\/wp\/v2\/product_brand?post=3403"},{"taxonomy":"product_cat","embeddable":true,"href":"https:\/\/www.stanleypackage.com\/de\/wp-json\/wp\/v2\/product_cat?post=3403"},{"taxonomy":"product_tag","embeddable":true,"href":"https:\/\/www.stanleypackage.com\/de\/wp-json\/wp\/v2\/product_tag?post=3403"}],"curies":[{"name":"wp","href":"https:\/\/api.w.org\/{rel}","templated":true}]}}