{"id":3411,"date":"2025-10-20T03:42:10","date_gmt":"2025-10-20T03:42:10","guid":{"rendered":"https:\/\/www.stanleypackage.com\/?post_type=product&#038;p=3411"},"modified":"2025-10-20T03:42:17","modified_gmt":"2025-10-20T03:42:17","slug":"food-grade-foil-pouches-bulk","status":"publish","type":"product","link":"https:\/\/www.stanleypackage.com\/de\/product\/food-grade-foil-pouches-bulk\/","title":{"rendered":"Food Grade Foil Pouches Bulk, Aluminium Stand Up Zipper Pouch"},"content":{"rendered":"<div class=\"wp-block-columns is-layout-flex wp-container-core-columns-is-layout-9d6595d7 wp-block-columns-is-layout-flex\">\n<div class=\"wp-block-column is-layout-flow wp-block-column-is-layout-flow\">\n<h2 class=\"wp-block-heading\">Eigenschaften von Food Grade Foil Pouches Bulk<\/h2>\n\n\n\n<ul class=\"wp-block-list\">\n<li><strong>Selbsttragende Taschenbodenkonstruktion: <\/strong>Diese lebensmittelechten Folienbeutel haben einen haltbaren, selbststehenden Boden, der stabil steht, sich gut im Regal platzieren l\u00e4sst und die Wirkung der Produktpr\u00e4sentation verbessert.<\/li>\n\n\n\n<li><strong>Obere F\u00fcllstruktur: <\/strong>Diese Gro\u00dfhandel Aluminium Stand-up-Rei\u00dfverschlussbeutel nehmen eine Top-F\u00fcllung Design, das f\u00fcr mechanische oder manuelle F\u00fcllung bequem ist, geeignet f\u00fcr verschiedene Produktionsprozesse und effizienter.<\/li>\n\n\n\n<li><strong>Leicht abrei\u00dfbares Design: <\/strong>Diese lebensmittelechten Folienbeutel sind mit einer leicht zu \u00f6ffnenden Kerbe versehen, die es den Verbrauchern erm\u00f6glicht, sie leicht und ohne Werkzeug zu \u00f6ffnen und zu benutzen.<\/li>\n\n\n\n<li><strong>Ausgestattet mit einem Rei\u00dfverschluss:<\/strong> Unsere ma\u00dfgefertigten Aluminium-Standbeutel mit Rei\u00dfverschluss verf\u00fcgen \u00fcber einen wiederverwendbaren, abdichtenden Rei\u00dfverschluss f\u00fcr mehrfaches \u00d6ffnen und Verschlie\u00dfen.<\/li>\n\n\n\n<li><strong>Ma\u00dfgeschneiderter Service erf\u00fcllt Bed\u00fcrfnisse:\u00a0<\/strong>Wir bieten eine Vielzahl von Anpassungsm\u00f6glichkeiten f\u00fcr lebensmittelechte Folienbeutel in loser Sch\u00fcttung und k\u00f6nnen verschiedene Formen, Gr\u00f6\u00dfen und Druckmuster entsprechend den Kundenanforderungen entwerfen, um die Personalisierung der Marke und die Wettbewerbsf\u00e4higkeit auf dem Markt zu verbessern.<\/li>\n\n\n\n<li><strong>Unterst\u00fctzt beidseitiges, individuelles Drucken: <\/strong>Unsere Gro\u00dfhandels-Aluminium-Stand-up-Rei\u00dfverschlussbeutel werden im Tiefdruckverfahren bedruckt, und das Markenmuster wird deutlich dargestellt, um den Kunden zu helfen, ein exklusives visuelles Identifikationssystem zu schaffen.<\/li>\n<\/ul>\n\n\n\n<div class=\"wp-block-columns is-layout-flex wp-container-core-columns-is-layout-9d6595d7 wp-block-columns-is-layout-flex\">\n<div class=\"wp-block-column is-layout-flow wp-block-column-is-layout-flow\">\n<figure class=\"wp-block-image size-full\"><img decoding=\"async\" width=\"750\" height=\"750\" src=\"https:\/\/www.stanleypackage.com\/wp-content\/uploads\/2025\/10\/Custom-Aluminum-Film-Packaging-Bag-Stand-Up-Zipper-Pouch-3.jpg\" alt=\"\" class=\"wp-image-3412\" srcset=\"https:\/\/www.stanleypackage.com\/wp-content\/uploads\/2025\/10\/Custom-Aluminum-Film-Packaging-Bag-Stand-Up-Zipper-Pouch-3.jpg 750w, https:\/\/www.stanleypackage.com\/wp-content\/uploads\/2025\/10\/Custom-Aluminum-Film-Packaging-Bag-Stand-Up-Zipper-Pouch-3-300x300.jpg 300w, https:\/\/www.stanleypackage.com\/wp-content\/uploads\/2025\/10\/Custom-Aluminum-Film-Packaging-Bag-Stand-Up-Zipper-Pouch-3-150x150.jpg 150w, https:\/\/www.stanleypackage.com\/wp-content\/uploads\/2025\/10\/Custom-Aluminum-Film-Packaging-Bag-Stand-Up-Zipper-Pouch-3-12x12.jpg 12w, https:\/\/www.stanleypackage.com\/wp-content\/uploads\/2025\/10\/Custom-Aluminum-Film-Packaging-Bag-Stand-Up-Zipper-Pouch-3-600x600.jpg 600w, https:\/\/www.stanleypackage.com\/wp-content\/uploads\/2025\/10\/Custom-Aluminum-Film-Packaging-Bag-Stand-Up-Zipper-Pouch-3-100x100.jpg 100w\" sizes=\"(max-width: 750px) 100vw, 750px\" \/><\/figure>\n<\/div>\n\n\n\n<div class=\"wp-block-column is-layout-flow wp-block-column-is-layout-flow\">\n<figure class=\"wp-block-image size-full\"><img decoding=\"async\" width=\"750\" height=\"750\" src=\"https:\/\/www.stanleypackage.com\/wp-content\/uploads\/2025\/10\/Custom-Aluminum-Film-Packaging-Bag-Stand-Up-Zipper-Pouch-4.jpg\" alt=\"\" class=\"wp-image-3413\" srcset=\"https:\/\/www.stanleypackage.com\/wp-content\/uploads\/2025\/10\/Custom-Aluminum-Film-Packaging-Bag-Stand-Up-Zipper-Pouch-4.jpg 750w, https:\/\/www.stanleypackage.com\/wp-content\/uploads\/2025\/10\/Custom-Aluminum-Film-Packaging-Bag-Stand-Up-Zipper-Pouch-4-300x300.jpg 300w, https:\/\/www.stanleypackage.com\/wp-content\/uploads\/2025\/10\/Custom-Aluminum-Film-Packaging-Bag-Stand-Up-Zipper-Pouch-4-150x150.jpg 150w, https:\/\/www.stanleypackage.com\/wp-content\/uploads\/2025\/10\/Custom-Aluminum-Film-Packaging-Bag-Stand-Up-Zipper-Pouch-4-12x12.jpg 12w, https:\/\/www.stanleypackage.com\/wp-content\/uploads\/2025\/10\/Custom-Aluminum-Film-Packaging-Bag-Stand-Up-Zipper-Pouch-4-600x600.jpg 600w, https:\/\/www.stanleypackage.com\/wp-content\/uploads\/2025\/10\/Custom-Aluminum-Film-Packaging-Bag-Stand-Up-Zipper-Pouch-4-100x100.jpg 100w\" sizes=\"(max-width: 750px) 100vw, 750px\" \/><\/figure>\n<\/div>\n<\/div>\n<\/div>\n<\/div>\n\n\n\n<p><\/p>","protected":false},"excerpt":{"rendered":"<p>Willkommen zu kaufen Lebensmittelqualit\u00e4t Folie Beutel bulk. Unsere Gro\u00dfhandel Aluminium Stand-up-Rei\u00dfverschluss-Beutel sind mit einem Rei\u00dfverschluss und leicht zu rei\u00dfen Design, die bequem zu \u00f6ffnen und zu verwenden sind ausgestattet. Unterst\u00fctzung voller Anpassung.<\/p>\n<table style=\"border-collapse: collapse; width: 365.02pt;\" border=\"0\" width=\"365\" cellspacing=\"0\" cellpadding=\"0\">\n<tbody>\n<tr style=\"height: 16.00pt;\">\n<td class=\"et2\" style=\"height: 16.00pt; width: 97.50pt;\" width=\"97\" height=\"16\">Hersteller<\/td>\n<td class=\"et2\" style=\"width: 267.50pt;\" width=\"267\">Stanley<\/td>\n<\/tr>\n<tr style=\"height: 16.00pt;\">\n<td class=\"et2\" style=\"height: 16.00pt; width: 97.50pt;\" width=\"97\" height=\"16\">Arten von Beuteln<\/td>\n<td class=\"et2\" style=\"width: 267.50pt;\" width=\"267\">Stand Up Pouch, Rei\u00dfverschlusstasche<\/td>\n<\/tr>\n<tr style=\"height: 16.00pt;\">\n<td class=\"et2\" style=\"height: 16.00pt; width: 97.50pt;\" width=\"97\" height=\"16\">Material<\/td>\n<td class=\"et2\" style=\"width: 267.50pt;\" width=\"267\">PET12\/AL7\/PE100<\/td>\n<\/tr>\n<tr style=\"height: 16.00pt;\">\n<td class=\"et2\" style=\"height: 16.00pt; width: 97.50pt;\" width=\"97\" height=\"16\">Besonderes Merkmal<\/td>\n<td class=\"et2\" style=\"width: 267.50pt;\" width=\"267\">Obere F\u00fcllung, Rei\u00dfverschlusstasche, Rei\u00dfverschlussdesign<\/td>\n<\/tr>\n<tr style=\"height: 16.00pt;\">\n<td class=\"et2\" style=\"height: 16.00pt; width: 97.50pt;\" width=\"97\" height=\"16\">Handhabung der Oberfl\u00e4che<\/td>\n<td class=\"et2\" style=\"width: 267.50pt;\" width=\"267\">Tiefdruck<\/td>\n<\/tr>\n<tr style=\"height: 16.00pt;\">\n<td class=\"et2\" style=\"height: 16.00pt; width: 97.50pt;\" width=\"97\" height=\"16\">Farbe<\/td>\n<td class=\"et2\" style=\"width: 267.50pt;\" width=\"267\">Doppelseitiger Druck, bis zu 10 Farben<\/td>\n<\/tr>\n<tr style=\"height: 16.00pt;\">\n<td class=\"et2\" style=\"height: 16.00pt; width: 97.50pt;\" width=\"97\" height=\"16\">Verwendung<\/td>\n<td class=\"et2\" style=\"width: 267.50pt;\" width=\"267\">Nuss, Haferflocken, Snack<\/td>\n<\/tr>\n<tr style=\"height: 16.00pt;\">\n<td class=\"et2\" style=\"height: 16.00pt; width: 97.50pt;\" width=\"97\" height=\"16\">MOQ<\/td>\n<td class=\"et2\" style=\"width: 267.50pt;\" width=\"267\">50.000 St\u00fcck<\/td>\n<\/tr>\n<tr style=\"height: 16.00pt;\">\n<td class=\"et2\" style=\"height: 16.00pt; width: 97.50pt;\" width=\"97\" height=\"16\">Individuelle Bestellung<\/td>\n<td class=\"et2\" style=\"width: 267.50pt;\" width=\"267\">Akzeptieren Sie OEM, unterst\u00fctzen Sie freie Probe<\/td>\n<\/tr>\n<\/tbody>\n<\/table>","protected":false},"featured_media":3414,"comment_status":"closed","ping_status":"closed","template":"","meta":{"_acf_changed":false},"product_brand":[],"product_cat":[30,18],"product_tag":[],"class_list":{"0":"post-3411","1":"product","2":"type-product","3":"status-publish","4":"has-post-thumbnail","6":"product_cat-stand-up-pouch-manufacturer","7":"product_cat-zipper-pouch-manufacturer","8":"pa_food-packaging-food-powder-packaging","9":"pa_food-packaging-snack-food-pouch","10":"pa_food-packaging-sauce-condiment-pouches","11":"pa_non-food-packaging-tool-accessories-pouch","13":"first","14":"instock","15":"shipping-taxable","16":"product-type-simple"},"acf":[],"_links":{"self":[{"href":"https:\/\/www.stanleypackage.com\/de\/wp-json\/wp\/v2\/product\/3411","targetHints":{"allow":["GET"]}}],"collection":[{"href":"https:\/\/www.stanleypackage.com\/de\/wp-json\/wp\/v2\/product"}],"about":[{"href":"https:\/\/www.stanleypackage.com\/de\/wp-json\/wp\/v2\/types\/product"}],"replies":[{"embeddable":true,"href":"https:\/\/www.stanleypackage.com\/de\/wp-json\/wp\/v2\/comments?post=3411"}],"wp:featuredmedia":[{"embeddable":true,"href":"https:\/\/www.stanleypackage.com\/de\/wp-json\/wp\/v2\/media\/3414"}],"wp:attachment":[{"href":"https:\/\/www.stanleypackage.com\/de\/wp-json\/wp\/v2\/media?parent=3411"}],"wp:term":[{"taxonomy":"product_brand","embeddable":true,"href":"https:\/\/www.stanleypackage.com\/de\/wp-json\/wp\/v2\/product_brand?post=3411"},{"taxonomy":"product_cat","embeddable":true,"href":"https:\/\/www.stanleypackage.com\/de\/wp-json\/wp\/v2\/product_cat?post=3411"},{"taxonomy":"product_tag","embeddable":true,"href":"https:\/\/www.stanleypackage.com\/de\/wp-json\/wp\/v2\/product_tag?post=3411"}],"curies":[{"name":"wp","href":"https:\/\/api.w.org\/{rel}","templated":true}]}}