{"id":3427,"date":"2025-10-20T02:09:44","date_gmt":"2025-10-20T02:09:44","guid":{"rendered":"https:\/\/www.stanleypackage.com\/?post_type=product&#038;p=3427"},"modified":"2025-11-08T08:32:46","modified_gmt":"2025-11-08T08:32:46","slug":"vacuum-pouches-wholesale","status":"publish","type":"product","link":"https:\/\/www.stanleypackage.com\/de\/product\/vacuum-pouches-wholesale\/","title":{"rendered":"Vakuumbeutel Gro\u00dfhandel Lebensmittelqualit\u00e4t Kunststoffverpackungsbeutel"},"content":{"rendered":"<div class=\"wp-block-columns is-layout-flex wp-container-core-columns-is-layout-9d6595d7 wp-block-columns-is-layout-flex\">\n<div class=\"wp-block-column is-layout-flow wp-block-column-is-layout-flow\">\n<h2 class=\"wp-block-heading\">Eigenschaften von Vakuumbeuteln Gro\u00dfhandel<\/h2>\n\n\n\n<ul class=\"wp-block-list\">\n<li><strong>Pr\u00e4zises Kantenversiegelungsverfahren: <\/strong>Unsere 3-seitig versiegelnden Vakuumbeutel f\u00fcr den Gro\u00dfhandel haben einen pr\u00e4zisen Siegelrand, der stabil ist und nicht rei\u00dfen kann, wodurch die Qualit\u00e4t und Sicherheit der Lebensmittel gew\u00e4hrleistet wird.<\/li>\n\n\n\n<li><strong>Obere F\u00fcllstruktur: <\/strong>Diese Gro\u00dfhandelsverpackungsbeutel aus lebensmittelechtem Kunststoff haben ein Top-F\u00fclldesign, das sich f\u00fcr die maschinelle oder manuelle Bef\u00fcllung eignet, f\u00fcr verschiedene Produktionsprozesse geeignet ist und effizienter ist.<\/li>\n\n\n\n<li><strong>Leicht abrei\u00dfbares Design: <\/strong>Diese ma\u00dfgeschneiderten Vakuumbeutel f\u00fcr den Gro\u00dfhandel sind mit einer Aufrei\u00dfkerbe versehen, die es den Verbrauchern erm\u00f6glicht, sie leicht und ohne Werkzeug zu \u00f6ffnen, und sie sind praktisch in der Handhabung.<\/li>\n\n\n\n<li><strong>Vakuum-Ausf\u00fchrung: <\/strong>Unsere Gro\u00dfhandel Lebensmittelqualit\u00e4t Kunststoff-Verpackungstaschen nehmen ein Vakuum-Design, das effektiv blockieren kann Luft, reduzieren Oxidation Zeit, verl\u00e4ngern die Haltbarkeit und Frische der Lebensmittel, und auch Platz sparen.<\/li>\n\n\n\n<li><strong>Ma\u00dfgeschneiderter Service erf\u00fcllt Bed\u00fcrfnisse:<\/strong>\u00a0Wir bieten eine Vielzahl von Anpassungsm\u00f6glichkeiten f\u00fcr Vakuumbeutel im Gro\u00dfhandel und k\u00f6nnen verschiedene Formen, Gr\u00f6\u00dfen und Druckmuster entsprechend den Kundenbed\u00fcrfnissen entwerfen, um die Personalisierung der Marke und die Wettbewerbsf\u00e4higkeit auf dem Markt zu verbessern.<\/li>\n\n\n\n<li><strong>Unterst\u00fctzt beidseitiges, individuelles Drucken: <\/strong>Unsere kundenspezifischen Verpackungsbeutel aus lebensmittelechtem Kunststoff k\u00f6nnen im Tiefdruckverfahren bedruckt werden, und das Markenmuster wird deutlich dargestellt, damit die Kunden ein exklusives visuelles Identifikationssystem schaffen k\u00f6nnen.<\/li>\n<\/ul>\n\n\n\n<div class=\"wp-block-columns is-layout-flex wp-container-core-columns-is-layout-9d6595d7 wp-block-columns-is-layout-flex\">\n<div class=\"wp-block-column is-layout-flow wp-block-column-is-layout-flow\">\n<figure class=\"wp-block-image size-full\"><img decoding=\"async\" width=\"750\" height=\"750\" src=\"https:\/\/www.stanleypackage.com\/wp-content\/uploads\/2025\/10\/Custom-Vacuum-Packaging-Bag-Three-Side-Seal-Pouch-For-Food.jpg\" alt=\"\" class=\"wp-image-3428\" srcset=\"https:\/\/www.stanleypackage.com\/wp-content\/uploads\/2025\/10\/Custom-Vacuum-Packaging-Bag-Three-Side-Seal-Pouch-For-Food.jpg 750w, https:\/\/www.stanleypackage.com\/wp-content\/uploads\/2025\/10\/Custom-Vacuum-Packaging-Bag-Three-Side-Seal-Pouch-For-Food-300x300.jpg 300w, https:\/\/www.stanleypackage.com\/wp-content\/uploads\/2025\/10\/Custom-Vacuum-Packaging-Bag-Three-Side-Seal-Pouch-For-Food-150x150.jpg 150w, https:\/\/www.stanleypackage.com\/wp-content\/uploads\/2025\/10\/Custom-Vacuum-Packaging-Bag-Three-Side-Seal-Pouch-For-Food-12x12.jpg 12w, https:\/\/www.stanleypackage.com\/wp-content\/uploads\/2025\/10\/Custom-Vacuum-Packaging-Bag-Three-Side-Seal-Pouch-For-Food-600x600.jpg 600w, https:\/\/www.stanleypackage.com\/wp-content\/uploads\/2025\/10\/Custom-Vacuum-Packaging-Bag-Three-Side-Seal-Pouch-For-Food-100x100.jpg 100w\" sizes=\"(max-width: 750px) 100vw, 750px\" \/><\/figure>\n<\/div>\n\n\n\n<div class=\"wp-block-column is-layout-flow wp-block-column-is-layout-flow\">\n<figure class=\"wp-block-image size-full\"><img decoding=\"async\" width=\"750\" height=\"750\" src=\"https:\/\/www.stanleypackage.com\/wp-content\/uploads\/2025\/10\/Custom-Vacuum-Packaging-Bag-Three-Side-Seal-Pouch-For-Food-6.jpg\" alt=\"\" class=\"wp-image-3429\" srcset=\"https:\/\/www.stanleypackage.com\/wp-content\/uploads\/2025\/10\/Custom-Vacuum-Packaging-Bag-Three-Side-Seal-Pouch-For-Food-6.jpg 750w, https:\/\/www.stanleypackage.com\/wp-content\/uploads\/2025\/10\/Custom-Vacuum-Packaging-Bag-Three-Side-Seal-Pouch-For-Food-6-300x300.jpg 300w, https:\/\/www.stanleypackage.com\/wp-content\/uploads\/2025\/10\/Custom-Vacuum-Packaging-Bag-Three-Side-Seal-Pouch-For-Food-6-150x150.jpg 150w, https:\/\/www.stanleypackage.com\/wp-content\/uploads\/2025\/10\/Custom-Vacuum-Packaging-Bag-Three-Side-Seal-Pouch-For-Food-6-12x12.jpg 12w, https:\/\/www.stanleypackage.com\/wp-content\/uploads\/2025\/10\/Custom-Vacuum-Packaging-Bag-Three-Side-Seal-Pouch-For-Food-6-600x600.jpg 600w, https:\/\/www.stanleypackage.com\/wp-content\/uploads\/2025\/10\/Custom-Vacuum-Packaging-Bag-Three-Side-Seal-Pouch-For-Food-6-100x100.jpg 100w\" sizes=\"(max-width: 750px) 100vw, 750px\" \/><\/figure>\n<\/div>\n<\/div>\n<\/div>\n<\/div>\n\n\n\n<p><\/p>","protected":false},"excerpt":{"rendered":"<p>Willkommen bei der Gro\u00dfbestellung von lebensmittelechten Kunststoffverpackungsbeuteln. Unsere benutzerdefinierten Vakuumbeutel Gro\u00dfhandel sind mit einem Vakuum-Design und eine leicht zu rei\u00dfen Design, das die Frische von Lebensmitteln verl\u00e4ngert und macht es bequem zu \u00f6ffnen und zu verwenden ausgestattet. Unterst\u00fctzung volle Anpassung.<\/p>\n<table style=\"border-collapse: collapse; width: 365.02pt;\" border=\"0\" width=\"365\" cellspacing=\"0\" cellpadding=\"0\">\n<tbody>\n<tr style=\"height: 16.00pt;\">\n<td class=\"et2\" style=\"height: 16.00pt; width: 97.50pt;\" width=\"97\" height=\"16\">Hersteller<\/td>\n<td class=\"et2\" style=\"width: 267.50pt;\" width=\"267\">Stanley<\/td>\n<\/tr>\n<tr style=\"height: 16.00pt;\">\n<td class=\"et2\" style=\"height: 16.00pt; width: 97.50pt;\" width=\"97\" height=\"16\">Arten von Beuteln<\/td>\n<td class=\"et2\" style=\"width: 267.50pt;\" width=\"267\">Dreiseitiger Siegelrandbeutel, Vakuumbeutel<\/td>\n<\/tr>\n<tr style=\"height: 16.00pt;\">\n<td class=\"et2\" style=\"height: 16.00pt; width: 97.50pt;\" width=\"97\" height=\"16\">Material<\/td>\n<td class=\"et2\" style=\"width: 267.50pt;\" width=\"267\">BOPA15\/PE80<\/td>\n<\/tr>\n<tr style=\"height: 16.00pt;\">\n<td class=\"et2\" style=\"height: 16.00pt; width: 97.50pt;\" width=\"97\" height=\"16\">Besonderes Merkmal<\/td>\n<td class=\"et2\" style=\"width: 267.50pt;\" width=\"267\">Obenliegende F\u00fcllung, Aufrei\u00dfkerbe, Vakuumausf\u00fchrung<\/td>\n<\/tr>\n<tr style=\"height: 16.00pt;\">\n<td class=\"et2\" style=\"height: 16.00pt; width: 97.50pt;\" width=\"97\" height=\"16\">Handhabung der Oberfl\u00e4che<\/td>\n<td class=\"et2\" style=\"width: 267.50pt;\" width=\"267\">Tiefdruck<\/td>\n<\/tr>\n<tr style=\"height: 16.00pt;\">\n<td class=\"et2\" style=\"height: 16.00pt; width: 97.50pt;\" width=\"97\" height=\"16\">Farbe<\/td>\n<td class=\"et2\" style=\"width: 267.50pt;\" width=\"267\">Doppelseitiger Druck, bis zu 10 Farben<\/td>\n<\/tr>\n<tr style=\"height: 16.00pt;\">\n<td class=\"et2\" style=\"height: 16.00pt; width: 97.50pt;\" width=\"97\" height=\"16\">Verwendung<\/td>\n<td class=\"et2\" style=\"width: 267.50pt;\" width=\"267\">Nuss, Haferflocken, Snack<\/td>\n<\/tr>\n<tr style=\"height: 16.00pt;\">\n<td class=\"et2\" style=\"height: 16.00pt; width: 97.50pt;\" width=\"97\" height=\"16\">MOQ<\/td>\n<td class=\"et2\" style=\"width: 267.50pt;\" width=\"267\">50.000 St\u00fcck<\/td>\n<\/tr>\n<tr style=\"height: 16.00pt;\">\n<td class=\"et2\" style=\"height: 16.00pt; width: 97.50pt;\" width=\"97\" height=\"16\">Individuelle Bestellung<\/td>\n<td class=\"et2\" style=\"width: 267.50pt;\" width=\"267\">Akzeptieren Sie OEM, unterst\u00fctzen Sie freie Probe<\/td>\n<\/tr>\n<\/tbody>\n<\/table>","protected":false},"featured_media":3430,"comment_status":"closed","ping_status":"closed","template":"","meta":{"_acf_changed":false},"product_brand":[],"product_cat":[28,31,68],"product_tag":[],"class_list":{"0":"post-3427","1":"product","2":"type-product","3":"status-publish","4":"has-post-thumbnail","6":"product_cat-three-side-seal-pouch-manufacturer","7":"product_cat-lay-flat-pouch-manufacturer","8":"product_cat-vacuum-pouches-wholesale","9":"pa_food-packaging-food-powder-packaging","10":"pa_food-packaging-snack-food-pouch","11":"pa_food-packaging-ready-meal-pouch","12":"pa_food-packaging-frozen-food-pouch","14":"first","15":"instock","16":"shipping-taxable","17":"product-type-simple"},"acf":[],"_links":{"self":[{"href":"https:\/\/www.stanleypackage.com\/de\/wp-json\/wp\/v2\/product\/3427","targetHints":{"allow":["GET"]}}],"collection":[{"href":"https:\/\/www.stanleypackage.com\/de\/wp-json\/wp\/v2\/product"}],"about":[{"href":"https:\/\/www.stanleypackage.com\/de\/wp-json\/wp\/v2\/types\/product"}],"replies":[{"embeddable":true,"href":"https:\/\/www.stanleypackage.com\/de\/wp-json\/wp\/v2\/comments?post=3427"}],"wp:featuredmedia":[{"embeddable":true,"href":"https:\/\/www.stanleypackage.com\/de\/wp-json\/wp\/v2\/media\/3430"}],"wp:attachment":[{"href":"https:\/\/www.stanleypackage.com\/de\/wp-json\/wp\/v2\/media?parent=3427"}],"wp:term":[{"taxonomy":"product_brand","embeddable":true,"href":"https:\/\/www.stanleypackage.com\/de\/wp-json\/wp\/v2\/product_brand?post=3427"},{"taxonomy":"product_cat","embeddable":true,"href":"https:\/\/www.stanleypackage.com\/de\/wp-json\/wp\/v2\/product_cat?post=3427"},{"taxonomy":"product_tag","embeddable":true,"href":"https:\/\/www.stanleypackage.com\/de\/wp-json\/wp\/v2\/product_tag?post=3427"}],"curies":[{"name":"wp","href":"https:\/\/api.w.org\/{rel}","templated":true}]}}