{"id":3436,"date":"2025-10-20T01:56:42","date_gmt":"2025-10-20T01:56:42","guid":{"rendered":"https:\/\/www.stanleypackage.com\/?post_type=product&#038;p=3436"},"modified":"2025-10-20T01:56:49","modified_gmt":"2025-10-20T01:56:49","slug":"custom-food-pouches-with-logo","status":"publish","type":"product","link":"https:\/\/www.stanleypackage.com\/de\/product\/custom-food-pouches-with-logo\/","title":{"rendered":"Benutzerdefinierte Lebensmittelbeutel mit Logo, Bulk 3-Seiten-Siegel-Zipper-Beutel"},"content":{"rendered":"<div class=\"wp-block-columns is-layout-flex wp-container-core-columns-is-layout-9d6595d7 wp-block-columns-is-layout-flex\">\n<div class=\"wp-block-column is-layout-flow wp-block-column-is-layout-flow\">\n<h2 class=\"wp-block-heading\">Merkmale von individuellen Lebensmittelbeuteln mit Logo<\/h2>\n\n\n\n<ul class=\"wp-block-list\">\n<li><strong>Hochbarrierefrei, lebensmittelecht und sicher: <\/strong>Unsere kundenspezifischen Lebensmittelbeutel mit Logo bestehen aus einer mehrschichtigen Verbundstruktur aus PET12\/VMPET12\/PE45, die einen hervorragenden Schutz vor Feuchtigkeit, Oxidation und Licht bietet.<\/li>\n\n\n\n<li><strong>Vielseitige und bequeme Konstruktion: <\/strong>Unsere kundenspezifischen 3-Seiten-Verschlussbeutel f\u00fcr den Gro\u00dfhandel verf\u00fcgen \u00fcber einen wiederverwendbaren Verschluss-Rei\u00dfverschluss f\u00fcr mehrfaches \u00d6ffnen und Verschlie\u00dfen. Und die leicht abrei\u00dfbare Kerbe erm\u00f6glicht ein einfaches \u00d6ffnen durch die Verbraucher.<\/li>\n\n\n\n<li><strong>Effizientes F\u00fcllen und Versiegeln: <\/strong>Das Top-Filling-Design dieser ma\u00dfgeschneiderten Gro\u00dfhandels-Lebensmittelbeutel mit Logo macht den Verpackungsprozess effizienter und hygienischer, so dass sie sich besonders f\u00fcr die Gro\u00dfserienproduktion an Flie\u00dfb\u00e4ndern eignen.<\/li>\n\n\n\n<li><strong>Breite Anwendung:<\/strong> Diese kundenspezifischen 3-Seiten-Rei\u00dfverschlussbeutel eignen sich f\u00fcr die Verpackung einer Vielzahl von Lebensmitteln, darunter Kaffeebohnen, N\u00fcsse, Getreide, Snacks, Tee und Tiernahrung, so dass Marken die Marktanforderungen mehrerer Produktkategorien mit einer einzigen Verpackung erf\u00fcllen k\u00f6nnen.<\/li>\n\n\n\n<li><strong>Aluminium Folienmaterial: <\/strong>Unsere kundenspezifischen Lebensmittelbeutel mit Logo bestehen aus Aluminiumfolie, die das Eindringen von Luft und Feuchtigkeit besser verhindern kann.<\/li>\n<\/ul>\n\n\n\n<div class=\"wp-block-columns is-layout-flex wp-container-core-columns-is-layout-9d6595d7 wp-block-columns-is-layout-flex\">\n<div class=\"wp-block-column is-layout-flow wp-block-column-is-layout-flow\">\n<figure class=\"wp-block-image size-full\"><img decoding=\"async\" width=\"750\" height=\"750\" src=\"https:\/\/www.stanleypackage.com\/wp-content\/uploads\/2025\/10\/Custom-Zipper-Pouches-3-Side-Seal-Food-Packaging-Bags-4.jpg\" alt=\"\" class=\"wp-image-3437\" srcset=\"https:\/\/www.stanleypackage.com\/wp-content\/uploads\/2025\/10\/Custom-Zipper-Pouches-3-Side-Seal-Food-Packaging-Bags-4.jpg 750w, https:\/\/www.stanleypackage.com\/wp-content\/uploads\/2025\/10\/Custom-Zipper-Pouches-3-Side-Seal-Food-Packaging-Bags-4-300x300.jpg 300w, https:\/\/www.stanleypackage.com\/wp-content\/uploads\/2025\/10\/Custom-Zipper-Pouches-3-Side-Seal-Food-Packaging-Bags-4-150x150.jpg 150w, https:\/\/www.stanleypackage.com\/wp-content\/uploads\/2025\/10\/Custom-Zipper-Pouches-3-Side-Seal-Food-Packaging-Bags-4-12x12.jpg 12w, https:\/\/www.stanleypackage.com\/wp-content\/uploads\/2025\/10\/Custom-Zipper-Pouches-3-Side-Seal-Food-Packaging-Bags-4-600x600.jpg 600w, https:\/\/www.stanleypackage.com\/wp-content\/uploads\/2025\/10\/Custom-Zipper-Pouches-3-Side-Seal-Food-Packaging-Bags-4-100x100.jpg 100w\" sizes=\"(max-width: 750px) 100vw, 750px\" \/><\/figure>\n<\/div>\n\n\n\n<div class=\"wp-block-column is-layout-flow wp-block-column-is-layout-flow\">\n<figure class=\"wp-block-image size-full\"><img decoding=\"async\" width=\"750\" height=\"750\" src=\"https:\/\/www.stanleypackage.com\/wp-content\/uploads\/2025\/10\/Custom-Zipper-Pouches-3-Side-Seal-Food-Packaging-Bags-5.jpg\" alt=\"\" class=\"wp-image-3438\" srcset=\"https:\/\/www.stanleypackage.com\/wp-content\/uploads\/2025\/10\/Custom-Zipper-Pouches-3-Side-Seal-Food-Packaging-Bags-5.jpg 750w, https:\/\/www.stanleypackage.com\/wp-content\/uploads\/2025\/10\/Custom-Zipper-Pouches-3-Side-Seal-Food-Packaging-Bags-5-300x300.jpg 300w, https:\/\/www.stanleypackage.com\/wp-content\/uploads\/2025\/10\/Custom-Zipper-Pouches-3-Side-Seal-Food-Packaging-Bags-5-150x150.jpg 150w, https:\/\/www.stanleypackage.com\/wp-content\/uploads\/2025\/10\/Custom-Zipper-Pouches-3-Side-Seal-Food-Packaging-Bags-5-12x12.jpg 12w, https:\/\/www.stanleypackage.com\/wp-content\/uploads\/2025\/10\/Custom-Zipper-Pouches-3-Side-Seal-Food-Packaging-Bags-5-600x600.jpg 600w, https:\/\/www.stanleypackage.com\/wp-content\/uploads\/2025\/10\/Custom-Zipper-Pouches-3-Side-Seal-Food-Packaging-Bags-5-100x100.jpg 100w\" sizes=\"(max-width: 750px) 100vw, 750px\" \/><\/figure>\n<\/div>\n<\/div>\n<\/div>\n<\/div>\n\n\n\n<p><\/p>","protected":false},"excerpt":{"rendered":"<p>Willkommen beim Kauf von kundenspezifischen Lebensmittelbeuteln mit Logo. Unsere kundenspezifischen 3-Seiten-Rei\u00dfverschlussbeutel kombinieren hohe Barriereeigenschaften mit Langlebigkeit und verf\u00fcgen \u00fcber einen wiederverwendbaren Rei\u00dfverschluss, eine leicht zu \u00f6ffnende Kerbe und eine Bef\u00fcllungs\u00f6ffnung von oben, um eine Vielzahl von Lebensmittelverpackungen und Displayanforderungen zu erf\u00fcllen.<\/p>\n<table style=\"border-collapse: collapse; width: 365.02pt;\" border=\"0\" width=\"365\" cellspacing=\"0\" cellpadding=\"0\">\n<tbody>\n<tr style=\"height: 16.00pt;\">\n<td class=\"et2\" style=\"height: 16.00pt; width: 97.50pt;\" width=\"97\" height=\"16\">Hersteller<\/td>\n<td class=\"et2\" style=\"width: 267.50pt;\" width=\"267\">Stanley<\/td>\n<\/tr>\n<tr style=\"height: 16.00pt;\">\n<td class=\"et2\" style=\"height: 16.00pt; width: 97.50pt;\" width=\"97\" height=\"16\">Arten von Beuteln<\/td>\n<td class=\"et2\" style=\"width: 267.50pt;\" width=\"267\">3-Seiten-Siegel-Beutel, Rei\u00dfverschluss-Beutel<\/td>\n<\/tr>\n<tr style=\"height: 31.00pt;\">\n<td class=\"et2\" style=\"height: 31.00pt; width: 97.50pt;\" width=\"97\" height=\"31\">Material<\/td>\n<td class=\"et2\" style=\"width: 267.50pt;\" width=\"267\">PET12\/VMPET12\/PE45<\/td>\n<\/tr>\n<tr style=\"height: 16.00pt;\">\n<td class=\"et2\" style=\"height: 16.00pt; width: 97.50pt;\" width=\"97\" height=\"16\">Besonderes Merkmal<\/td>\n<td class=\"et2\" style=\"width: 267.50pt;\" width=\"267\">\u00a0Risskerbe, F\u00fcllung oben, Rei\u00dfverschluss<\/td>\n<\/tr>\n<tr style=\"height: 16.00pt;\">\n<td class=\"et2\" style=\"height: 16.00pt; width: 97.50pt;\" width=\"97\" height=\"16\">Handhabung der Oberfl\u00e4che<\/td>\n<td class=\"et2\" style=\"width: 267.50pt;\" width=\"267\">Tiefdruck<\/td>\n<\/tr>\n<tr style=\"height: 16.00pt;\">\n<td class=\"et2\" style=\"height: 16.00pt; width: 97.50pt;\" width=\"97\" height=\"16\">Farbe<\/td>\n<td class=\"et2\" style=\"width: 267.50pt;\" width=\"267\">Bis zu 10 Farben<\/td>\n<\/tr>\n<tr style=\"height: 16.00pt;\">\n<td class=\"et2\" style=\"height: 16.00pt; width: 97.50pt;\" width=\"97\" height=\"16\">Verwendung<\/td>\n<td class=\"et2\" style=\"width: 267.50pt;\" width=\"267\">Haferflocken, Kaffee, Snacks, N\u00fcsse, Trockenlebensmittel<\/td>\n<\/tr>\n<tr style=\"height: 16.00pt;\">\n<td class=\"et2\" style=\"height: 16.00pt; width: 97.50pt;\" width=\"97\" height=\"16\">MOQ<\/td>\n<td class=\"et2\" style=\"width: 267.50pt;\" width=\"267\">50.000 St\u00fcck<\/td>\n<\/tr>\n<tr style=\"height: 16.00pt;\">\n<td class=\"et2\" style=\"height: 16.00pt; width: 97.50pt;\" width=\"97\" height=\"16\">Individuelle Bestellung<\/td>\n<td class=\"et2\" style=\"width: 267.50pt;\" width=\"267\">OEM-Support akzeptieren Kostenloses Muster<\/td>\n<\/tr>\n<\/tbody>\n<\/table>","protected":false},"featured_media":3439,"comment_status":"closed","ping_status":"closed","template":"","meta":{"_acf_changed":false},"product_brand":[],"product_cat":[18,31,28],"product_tag":[],"class_list":{"0":"post-3436","1":"product","2":"type-product","3":"status-publish","4":"has-post-thumbnail","6":"product_cat-zipper-pouch-manufacturer","7":"product_cat-lay-flat-pouch-manufacturer","8":"product_cat-three-side-seal-pouch-manufacturer","9":"pa_food-packaging-snack-food-pouch","10":"pa_food-packaging-ready-meal-pouch","12":"first","13":"instock","14":"shipping-taxable","15":"product-type-simple"},"acf":[],"_links":{"self":[{"href":"https:\/\/www.stanleypackage.com\/de\/wp-json\/wp\/v2\/product\/3436","targetHints":{"allow":["GET"]}}],"collection":[{"href":"https:\/\/www.stanleypackage.com\/de\/wp-json\/wp\/v2\/product"}],"about":[{"href":"https:\/\/www.stanleypackage.com\/de\/wp-json\/wp\/v2\/types\/product"}],"replies":[{"embeddable":true,"href":"https:\/\/www.stanleypackage.com\/de\/wp-json\/wp\/v2\/comments?post=3436"}],"wp:featuredmedia":[{"embeddable":true,"href":"https:\/\/www.stanleypackage.com\/de\/wp-json\/wp\/v2\/media\/3439"}],"wp:attachment":[{"href":"https:\/\/www.stanleypackage.com\/de\/wp-json\/wp\/v2\/media?parent=3436"}],"wp:term":[{"taxonomy":"product_brand","embeddable":true,"href":"https:\/\/www.stanleypackage.com\/de\/wp-json\/wp\/v2\/product_brand?post=3436"},{"taxonomy":"product_cat","embeddable":true,"href":"https:\/\/www.stanleypackage.com\/de\/wp-json\/wp\/v2\/product_cat?post=3436"},{"taxonomy":"product_tag","embeddable":true,"href":"https:\/\/www.stanleypackage.com\/de\/wp-json\/wp\/v2\/product_tag?post=3436"}],"curies":[{"name":"wp","href":"https:\/\/api.w.org\/{rel}","templated":true}]}}