{"id":3463,"date":"2025-10-23T02:20:28","date_gmt":"2025-10-23T02:20:28","guid":{"rendered":"https:\/\/www.stanleypackage.com\/?post_type=product&#038;p=3463"},"modified":"2025-10-23T02:20:51","modified_gmt":"2025-10-23T02:20:51","slug":"custom-coffee-bags-wholesale","status":"publish","type":"product","link":"https:\/\/www.stanleypackage.com\/de\/product\/custom-coffee-bags-wholesale\/","title":{"rendered":"Benutzerdefinierte Kaffeetaschen Gro\u00dfhandel, Baumwolle Papier Ventil Beutel"},"content":{"rendered":"<div class=\"wp-block-columns is-layout-flex wp-container-core-columns-is-layout-9d6595d7 wp-block-columns-is-layout-flex\">\n<div class=\"wp-block-column is-layout-flow wp-block-column-is-layout-flow\">\n<h2 class=\"wp-block-heading\">Merkmale von Custom Coffee Bags Gro\u00dfhandel<\/h2>\n\n\n\n<ul class=\"wp-block-list\">\n<li><strong>Umweltfreundlich und recycelbar, im Einklang mit nachhaltigen Trends: <\/strong>Unsere ma\u00dfgeschneiderten Kaffeetaschen f\u00fcr den Gro\u00dfhandel werden aus Baumwollpapier hergestellt. Sie haben nicht nur eine ausgezeichnete Atmungsaktivit\u00e4t und Feuchtigkeitsabsorptionseigenschaften, sondern sind auch ein biologisch abbaubares Material, das umweltfreundlich und recycelbar ist und im Einklang mit dem Trend der nachhaltigen Entwicklung steht.<\/li>\n\n\n\n<li><strong>Wiederverschlie\u00dfbarer Rei\u00dfverschluss:<\/strong> Diese Gro\u00dfhandels-Standbeutel mit Rei\u00dfverschluss sind mit einem hochwertigen Rei\u00dfverschluss ausgestattet, der sich leicht \u00f6ffnen und schlie\u00dfen und wiederverwenden l\u00e4sst, wodurch sich die Haltbarkeit des Produkts verl\u00e4ngert.<\/li>\n\n\n\n<li><strong>Ventil und leicht abrei\u00dfbares Design: <\/strong>Das Ventildesign dieser individuellen Kaffeebeutel f\u00fcr den Gro\u00dfhandel soll die Luft entweichen lassen und so verhindern, dass Luft und Feuchtigkeit in das Innere der Verpackung eindringen, wodurch der Kaffee nicht oxidiert und verdirbt. Und das leicht zu \u00f6ffnende Design erm\u00f6glicht es, die Verpackung ohne Werkzeug zu \u00f6ffnen, so dass es f\u00fcr die Kunden bequem zu \u00f6ffnen und die Benutzererfahrung zu verbessern.<\/li>\n\n\n\n<li><strong>Bis zu 10-Farben-Tiefdruck: <\/strong>Unsere Gro\u00dfhandel Stand-up-Rei\u00dfverschluss-Beutel mit Ventil unterst\u00fctzen hochpr\u00e4zise Multi-Color-Tiefdruck, mit feinen Mustern und hellen Farben, um das Markenimage zu f\u00f6rdern.<\/li>\n\n\n\n<li><strong>Anpassung an verschiedene individuelle Bed\u00fcrfnisse:<\/strong> Die Abmessungen, der Druck und die Art des Rei\u00dfverschlusses unserer ma\u00dfgeschneiderten Kaffeetaschen f\u00fcr den Gro\u00dfhandel k\u00f6nnen bei Bedarf auf die unterschiedlichen Anforderungen mehrerer Marken und die Positionierung auf dem Markt zugeschnitten werden.<\/li>\n<\/ul>\n\n\n\n<div class=\"wp-block-columns is-layout-flex wp-container-core-columns-is-layout-9d6595d7 wp-block-columns-is-layout-flex\">\n<div class=\"wp-block-column is-layout-flow wp-block-column-is-layout-flow\">\n<figure class=\"wp-block-image size-full\"><img decoding=\"async\" width=\"750\" height=\"750\" src=\"https:\/\/www.stanleypackage.com\/wp-content\/uploads\/2025\/10\/Custom-Coffee-Bags-with-Valve-Wholesale-Stand-Up-Pouch-With-Zipper-2.jpg\" alt=\"\" class=\"wp-image-3464\" srcset=\"https:\/\/www.stanleypackage.com\/wp-content\/uploads\/2025\/10\/Custom-Coffee-Bags-with-Valve-Wholesale-Stand-Up-Pouch-With-Zipper-2.jpg 750w, https:\/\/www.stanleypackage.com\/wp-content\/uploads\/2025\/10\/Custom-Coffee-Bags-with-Valve-Wholesale-Stand-Up-Pouch-With-Zipper-2-300x300.jpg 300w, https:\/\/www.stanleypackage.com\/wp-content\/uploads\/2025\/10\/Custom-Coffee-Bags-with-Valve-Wholesale-Stand-Up-Pouch-With-Zipper-2-150x150.jpg 150w, https:\/\/www.stanleypackage.com\/wp-content\/uploads\/2025\/10\/Custom-Coffee-Bags-with-Valve-Wholesale-Stand-Up-Pouch-With-Zipper-2-12x12.jpg 12w, https:\/\/www.stanleypackage.com\/wp-content\/uploads\/2025\/10\/Custom-Coffee-Bags-with-Valve-Wholesale-Stand-Up-Pouch-With-Zipper-2-600x600.jpg 600w, https:\/\/www.stanleypackage.com\/wp-content\/uploads\/2025\/10\/Custom-Coffee-Bags-with-Valve-Wholesale-Stand-Up-Pouch-With-Zipper-2-100x100.jpg 100w\" sizes=\"(max-width: 750px) 100vw, 750px\" \/><\/figure>\n<\/div>\n\n\n\n<div class=\"wp-block-column is-layout-flow wp-block-column-is-layout-flow\">\n<figure class=\"wp-block-image size-full\"><img decoding=\"async\" width=\"750\" height=\"750\" src=\"https:\/\/www.stanleypackage.com\/wp-content\/uploads\/2025\/10\/Custom-Coffee-Bags-with-Valve-Wholesale-Stand-Up-Pouch-With-Zipper-8.jpg\" alt=\"Benutzerdefinierte Kaffeetaschen Gro\u00dfhandel, Baumwolle Papier Ventil Beutel\" class=\"wp-image-3470\" srcset=\"https:\/\/www.stanleypackage.com\/wp-content\/uploads\/2025\/10\/Custom-Coffee-Bags-with-Valve-Wholesale-Stand-Up-Pouch-With-Zipper-8.jpg 750w, https:\/\/www.stanleypackage.com\/wp-content\/uploads\/2025\/10\/Custom-Coffee-Bags-with-Valve-Wholesale-Stand-Up-Pouch-With-Zipper-8-300x300.jpg 300w, https:\/\/www.stanleypackage.com\/wp-content\/uploads\/2025\/10\/Custom-Coffee-Bags-with-Valve-Wholesale-Stand-Up-Pouch-With-Zipper-8-150x150.jpg 150w, https:\/\/www.stanleypackage.com\/wp-content\/uploads\/2025\/10\/Custom-Coffee-Bags-with-Valve-Wholesale-Stand-Up-Pouch-With-Zipper-8-12x12.jpg 12w, https:\/\/www.stanleypackage.com\/wp-content\/uploads\/2025\/10\/Custom-Coffee-Bags-with-Valve-Wholesale-Stand-Up-Pouch-With-Zipper-8-600x600.jpg 600w, https:\/\/www.stanleypackage.com\/wp-content\/uploads\/2025\/10\/Custom-Coffee-Bags-with-Valve-Wholesale-Stand-Up-Pouch-With-Zipper-8-100x100.jpg 100w\" sizes=\"(max-width: 750px) 100vw, 750px\" \/><\/figure>\n<\/div>\n<\/div>\n<\/div>\n<\/div>","protected":false},"excerpt":{"rendered":"<p>Willkommen im Gro\u00dfhandel Stand-up-Rei\u00dfverschlussbeutel zu kaufen. Unsere benutzerdefinierte Kaffeetaschen Gro\u00dfhandel mit Ventil und Rei\u00dfverschluss sind geeignet f\u00fcr die Verpackung von Produkten wie Kaffeebohnen und Hafer, und haben eine ausgezeichnete Frischhaltung und feuchtigkeitsdichte Eigenschaften. Und unsere Kaffeetaschen sind aus Baumwollpapier, das umweltfreundlich und recycelbar ist, und im Einklang mit der nachhaltigen Entwicklung Trend.<\/p>\n<table style=\"border-collapse: collapse; width: 365.02pt;\" border=\"0\" width=\"365\" cellspacing=\"0\" cellpadding=\"0\">\n<tbody>\n<tr style=\"height: 16.00pt;\">\n<td class=\"et2\" style=\"height: 16.00pt; width: 97.50pt;\" width=\"97\" height=\"16\">Hersteller<\/td>\n<td class=\"et2\" style=\"width: 267.50pt;\" width=\"267\">Stanley<\/td>\n<\/tr>\n<tr style=\"height: 16.00pt;\">\n<td class=\"et2\" style=\"height: 16.00pt; width: 97.50pt;\" width=\"97\" height=\"16\">Arten von Beuteln<\/td>\n<td class=\"et3\">Rei\u00dfverschlusstasche, Stand-up Pouch<\/td>\n<\/tr>\n<tr style=\"height: 31.00pt;\">\n<td class=\"et2\" style=\"height: 31.00pt; width: 97.50pt;\" width=\"97\" height=\"31\">Material<\/td>\n<td class=\"et2\" style=\"width: 267.50pt;\" width=\"267\">MOPP 25 \/ Baumwollpapier 21g \/ CPP 50<\/td>\n<\/tr>\n<tr style=\"height: 16.00pt;\">\n<td class=\"et2\" style=\"height: 16.00pt; width: 97.50pt;\" width=\"97\" height=\"16\">Besonderes Merkmal<\/td>\n<td class=\"et2\" style=\"width: 267.50pt;\" width=\"267\">Rei\u00dfverschluss, Ventil, leicht rei\u00dfbar, biologisch abbaubares Material<\/td>\n<\/tr>\n<tr style=\"height: 16.00pt;\">\n<td class=\"et2\" style=\"height: 16.00pt; width: 97.50pt;\" width=\"97\" height=\"16\">Handhabung der Oberfl\u00e4che<\/td>\n<td class=\"et2\" style=\"width: 267.50pt;\" width=\"267\">Tiefdruck<\/td>\n<\/tr>\n<tr style=\"height: 16.00pt;\">\n<td class=\"et2\" style=\"height: 16.00pt; width: 97.50pt;\" width=\"97\" height=\"16\">Farbe<\/td>\n<td class=\"et2\" style=\"width: 267.50pt;\" width=\"267\">Doppelseitiger Druck, bis zu 10 Farben<\/td>\n<\/tr>\n<tr style=\"height: 16.00pt;\">\n<td class=\"et2\" style=\"height: 16.00pt; width: 97.50pt;\" width=\"97\" height=\"16\">Verwendung<\/td>\n<td class=\"et2\" style=\"width: 267.50pt;\" width=\"267\">Kaffeebohnen, Kaffeepulver, Haferflocken<\/td>\n<\/tr>\n<tr style=\"height: 16.00pt;\">\n<td class=\"et2\" style=\"height: 16.00pt; width: 97.50pt;\" width=\"97\" height=\"16\">MOQ<\/td>\n<td class=\"et2\" style=\"width: 267.50pt;\" width=\"267\">50.000 St\u00fcck<\/td>\n<\/tr>\n<tr style=\"height: 16.00pt;\">\n<td class=\"et2\" style=\"height: 16.00pt; width: 97.50pt;\" width=\"97\" height=\"16\">Individuelle Bestellung<\/td>\n<td class=\"et2\" style=\"width: 267.50pt;\" width=\"267\">Akzeptieren Sie OEM, unterst\u00fctzen Sie freie Probe<\/td>\n<\/tr>\n<\/tbody>\n<\/table>\n<p>&nbsp;<\/p>","protected":false},"featured_media":3466,"comment_status":"closed","ping_status":"closed","template":"","meta":{"_acf_changed":false},"product_brand":[],"product_cat":[30,18],"product_tag":[],"class_list":{"0":"post-3463","1":"product","2":"type-product","3":"status-publish","4":"has-post-thumbnail","6":"product_cat-stand-up-pouch-manufacturer","7":"product_cat-zipper-pouch-manufacturer","8":"pa_food-packaging-food-powder-packaging","9":"pa_food-packaging-coffee-packaging-pouch","10":"pa_material-kraft-paper","12":"first","13":"instock","14":"shipping-taxable","15":"product-type-simple"},"acf":[],"_links":{"self":[{"href":"https:\/\/www.stanleypackage.com\/de\/wp-json\/wp\/v2\/product\/3463","targetHints":{"allow":["GET"]}}],"collection":[{"href":"https:\/\/www.stanleypackage.com\/de\/wp-json\/wp\/v2\/product"}],"about":[{"href":"https:\/\/www.stanleypackage.com\/de\/wp-json\/wp\/v2\/types\/product"}],"replies":[{"embeddable":true,"href":"https:\/\/www.stanleypackage.com\/de\/wp-json\/wp\/v2\/comments?post=3463"}],"wp:featuredmedia":[{"embeddable":true,"href":"https:\/\/www.stanleypackage.com\/de\/wp-json\/wp\/v2\/media\/3466"}],"wp:attachment":[{"href":"https:\/\/www.stanleypackage.com\/de\/wp-json\/wp\/v2\/media?parent=3463"}],"wp:term":[{"taxonomy":"product_brand","embeddable":true,"href":"https:\/\/www.stanleypackage.com\/de\/wp-json\/wp\/v2\/product_brand?post=3463"},{"taxonomy":"product_cat","embeddable":true,"href":"https:\/\/www.stanleypackage.com\/de\/wp-json\/wp\/v2\/product_cat?post=3463"},{"taxonomy":"product_tag","embeddable":true,"href":"https:\/\/www.stanleypackage.com\/de\/wp-json\/wp\/v2\/product_tag?post=3463"}],"curies":[{"name":"wp","href":"https:\/\/api.w.org\/{rel}","templated":true}]}}