{"id":3474,"date":"2025-10-23T07:53:25","date_gmt":"2025-10-23T07:53:25","guid":{"rendered":"https:\/\/www.stanleypackage.com\/?post_type=product&#038;p=3474"},"modified":"2025-10-23T07:57:18","modified_gmt":"2025-10-23T07:57:18","slug":"custom-drink-pouch-with-spout","status":"publish","type":"product","link":"https:\/\/www.stanleypackage.com\/de\/product\/custom-drink-pouch-with-spout\/","title":{"rendered":"Individueller Getr\u00e4nkebeutel mit Ausgie\u00dfer, Saftbeutel mit unregelm\u00e4\u00dfiger Form"},"content":{"rendered":"<div class=\"wp-block-columns is-layout-flex wp-container-core-columns-is-layout-9d6595d7 wp-block-columns-is-layout-flex\">\n<div class=\"wp-block-column is-layout-flow wp-block-column-is-layout-flow\">\n<h2 class=\"wp-block-heading\">Eigenschaften von Custom Drink Pouch mit Ausguss<\/h2>\n\n\n\n<ul class=\"wp-block-list\">\n<li><strong>Unregelm\u00e4\u00dfige Form: <\/strong>Dieser individuelle Getr\u00e4nkebeutel mit Ausgie\u00dfer ist mit einer einzigartigen Form ausgestattet, so dass die Wiedererkennung des Produkts garantiert ist und die Marke im Regal popul\u00e4r wird.<\/li>\n\n\n\n<li><strong>Hohe Widerstandsf\u00e4higkeit, nicht bruchgef\u00e4hrdet: <\/strong>Unsere ma\u00dfgeschneiderten Saftbeutel f\u00fcr den Gro\u00dfhandel sind aus PET-Material hergestellt. Es hat eine ausgezeichnete Plastizit\u00e4t und starke Druckbest\u00e4ndigkeit, und es ist unwahrscheinlich, dass es w\u00e4hrend des Transports und der Lagerung besch\u00e4digt wird.<\/li>\n\n\n\n<li><strong>Stehender Boden, stabiles Display: <\/strong>Der Standbodenaufbau unseres Getr\u00e4nkebeutels mit Ausgie\u00dfer macht die Verpackung stabiler und eignet sich f\u00fcr die Pr\u00e4sentation im Regal oder auf der Theke.<\/li>\n\n\n\n<li><strong>Ma\u00dfgeschneiderter Service erf\u00fcllt Bed\u00fcrfnisse:\u00a0<\/strong>Wir bieten eine Vielzahl von Anpassungsm\u00f6glichkeiten f\u00fcr Saftbeutel im Gro\u00dfhandel und k\u00f6nnen verschiedene Formen, Gr\u00f6\u00dfen und Druckmuster entsprechend den Kundenbed\u00fcrfnissen entwerfen, um die Personalisierung der Marke und die Wettbewerbsf\u00e4higkeit auf dem Markt zu verbessern.<\/li>\n\n\n\n<li><strong>Mehrschichtiger Aufbau des Barrierematerials: <\/strong>Diese kundenspezifischen Getr\u00e4nkebeutel mit Ausgie\u00dfer verwenden eine Kombination aus PET12\/AL7\/PE110-Materialien, um Feuchtigkeit und Luft effektiv zu isolieren und die Produktfrische zu erhalten.<\/li>\n\n\n\n<li><strong>Geeignet f\u00fcr eine Vielzahl von Lebensmitteln:<\/strong> Individuell geformte Ausgie\u00dferbeutel im Gro\u00dfhandel werden h\u00e4ufig f\u00fcr S\u00e4fte, Geleegetr\u00e4nke und andere Lebensmittel verwendet, um verschiedene Verpackungsanforderungen zu erf\u00fcllen.<\/li>\n<\/ul>\n\n\n\n<div class=\"wp-block-columns is-layout-flex wp-container-core-columns-is-layout-9d6595d7 wp-block-columns-is-layout-flex\">\n<div class=\"wp-block-column is-layout-flow wp-block-column-is-layout-flow\">\n<figure class=\"wp-block-image size-full\"><img decoding=\"async\" width=\"750\" height=\"750\" src=\"https:\/\/www.stanleypackage.com\/wp-content\/uploads\/2025\/10\/Custom-Shaped-Spout-Pouches-Irregular-Stand-Up-Pouch-For-Jelly.jpg\" alt=\"\" class=\"wp-image-3477\" srcset=\"https:\/\/www.stanleypackage.com\/wp-content\/uploads\/2025\/10\/Custom-Shaped-Spout-Pouches-Irregular-Stand-Up-Pouch-For-Jelly.jpg 750w, https:\/\/www.stanleypackage.com\/wp-content\/uploads\/2025\/10\/Custom-Shaped-Spout-Pouches-Irregular-Stand-Up-Pouch-For-Jelly-300x300.jpg 300w, https:\/\/www.stanleypackage.com\/wp-content\/uploads\/2025\/10\/Custom-Shaped-Spout-Pouches-Irregular-Stand-Up-Pouch-For-Jelly-150x150.jpg 150w, https:\/\/www.stanleypackage.com\/wp-content\/uploads\/2025\/10\/Custom-Shaped-Spout-Pouches-Irregular-Stand-Up-Pouch-For-Jelly-12x12.jpg 12w, https:\/\/www.stanleypackage.com\/wp-content\/uploads\/2025\/10\/Custom-Shaped-Spout-Pouches-Irregular-Stand-Up-Pouch-For-Jelly-600x600.jpg 600w, https:\/\/www.stanleypackage.com\/wp-content\/uploads\/2025\/10\/Custom-Shaped-Spout-Pouches-Irregular-Stand-Up-Pouch-For-Jelly-100x100.jpg 100w\" sizes=\"(max-width: 750px) 100vw, 750px\" \/><\/figure>\n<\/div>\n\n\n\n<div class=\"wp-block-column is-layout-flow wp-block-column-is-layout-flow\">\n<figure class=\"wp-block-image size-full\"><img decoding=\"async\" width=\"750\" height=\"750\" src=\"https:\/\/www.stanleypackage.com\/wp-content\/uploads\/2025\/10\/Custom-Shaped-Spout-Pouches-Irregular-Stand-Up-Pouch-For-Jelly-6.jpg\" alt=\"\" class=\"wp-image-3478\" srcset=\"https:\/\/www.stanleypackage.com\/wp-content\/uploads\/2025\/10\/Custom-Shaped-Spout-Pouches-Irregular-Stand-Up-Pouch-For-Jelly-6.jpg 750w, https:\/\/www.stanleypackage.com\/wp-content\/uploads\/2025\/10\/Custom-Shaped-Spout-Pouches-Irregular-Stand-Up-Pouch-For-Jelly-6-300x300.jpg 300w, https:\/\/www.stanleypackage.com\/wp-content\/uploads\/2025\/10\/Custom-Shaped-Spout-Pouches-Irregular-Stand-Up-Pouch-For-Jelly-6-150x150.jpg 150w, https:\/\/www.stanleypackage.com\/wp-content\/uploads\/2025\/10\/Custom-Shaped-Spout-Pouches-Irregular-Stand-Up-Pouch-For-Jelly-6-12x12.jpg 12w, https:\/\/www.stanleypackage.com\/wp-content\/uploads\/2025\/10\/Custom-Shaped-Spout-Pouches-Irregular-Stand-Up-Pouch-For-Jelly-6-600x600.jpg 600w, https:\/\/www.stanleypackage.com\/wp-content\/uploads\/2025\/10\/Custom-Shaped-Spout-Pouches-Irregular-Stand-Up-Pouch-For-Jelly-6-100x100.jpg 100w\" sizes=\"(max-width: 750px) 100vw, 750px\" \/><\/figure>\n<\/div>\n<\/div>\n<\/div>\n<\/div>","protected":false},"excerpt":{"rendered":"<p>Willkommen zu bestellen benutzerdefinierte Getr\u00e4nkebeutel mit T\u00fclle. Diese benutzerdefinierte f\u00f6rmige Saftbeutel Gro\u00dfhandel mit einem selbst\u00e4ndigen Funktion ist von hoher Barriere mehrschichtigen Material, das f\u00fcr die Verpackung von verschiedenen Lebensmitteln wie Ketchup, Senf, Chili-Sauce, Barbecue-Sauce, etc. gut geeignet ist gemacht.<\/p>\n<table style=\"border-collapse: collapse; width: 365.02pt;\" border=\"0\" width=\"365\" cellspacing=\"0\" cellpadding=\"0\">\n<tbody>\n<tr style=\"height: 16.00pt;\">\n<td class=\"et2\" style=\"height: 16.00pt; width: 97.50pt;\" width=\"97\" height=\"16\">Hersteller<\/td>\n<td class=\"et2\" style=\"width: 267.50pt;\" width=\"267\">Stanley<\/td>\n<\/tr>\n<tr style=\"height: 16.00pt;\">\n<td class=\"et2\" style=\"height: 16.00pt; width: 97.50pt;\" width=\"97\" height=\"16\">Arten von Beuteln<\/td>\n<td class=\"et2\" style=\"width: 267.50pt;\" width=\"267\">Ausgie\u00dferbeutel, Stand-up-Beutel, unregelm\u00e4\u00dfiger Beutel<\/td>\n<\/tr>\n<tr style=\"height: 16.00pt;\">\n<td class=\"et2\" style=\"height: 16.00pt; width: 97.50pt;\" width=\"97\" height=\"16\">Material<\/td>\n<td class=\"et2\" style=\"width: 267.50pt;\" width=\"267\">PET12\/AL7\/PE110<\/td>\n<\/tr>\n<tr style=\"height: 16.00pt;\">\n<td class=\"et2\" style=\"height: 16.00pt; width: 97.50pt;\" width=\"97\" height=\"16\">Besonderes Merkmal<\/td>\n<td class=\"et2\" style=\"width: 267.50pt;\" width=\"267\">Ausguss, Stehbeutel, unregelm\u00e4\u00dfiger Beutel<\/td>\n<\/tr>\n<tr style=\"height: 16.00pt;\">\n<td class=\"et2\" style=\"height: 16.00pt; width: 97.50pt;\" width=\"97\" height=\"16\">Handhabung der Oberfl\u00e4che<\/td>\n<td class=\"et2\" style=\"width: 267.50pt;\" width=\"267\">Tiefdruck<\/td>\n<\/tr>\n<tr style=\"height: 16.00pt;\">\n<td class=\"et2\" style=\"height: 16.00pt; width: 97.50pt;\" width=\"97\" height=\"16\">Farbe<\/td>\n<td class=\"et2\" style=\"width: 267.50pt;\" width=\"267\">Doppelseitiger Druck, bis zu 10 Farben<\/td>\n<\/tr>\n<tr style=\"height: 16.00pt;\">\n<td class=\"et2\" style=\"height: 16.00pt; width: 97.50pt;\" width=\"97\" height=\"16\">Verwendung<\/td>\n<td class=\"et2\" style=\"width: 267.50pt;\" width=\"267\">Ketchup, Senf, Barbecue-Sauce, Gelee<\/td>\n<\/tr>\n<tr style=\"height: 16.00pt;\">\n<td class=\"et2\" style=\"height: 16.00pt; width: 97.50pt;\" width=\"97\" height=\"16\">MOQ<\/td>\n<td class=\"et2\" style=\"width: 267.50pt;\" width=\"267\">50.000 St\u00fcck<\/td>\n<\/tr>\n<tr style=\"height: 16.00pt;\">\n<td class=\"et2\" style=\"height: 16.00pt; width: 97.50pt;\" width=\"97\" height=\"16\">Individuelle Bestellung<\/td>\n<td class=\"et2\" style=\"width: 267.50pt;\" width=\"267\">Akzeptieren Sie OEM, unterst\u00fctzen Sie freie Probe<\/td>\n<\/tr>\n<\/tbody>\n<\/table>","protected":false},"featured_media":3479,"comment_status":"closed","ping_status":"closed","template":"","meta":{"_acf_changed":false},"product_brand":[],"product_cat":[32,61,30,22],"product_tag":[],"class_list":{"0":"post-3474","1":"product","2":"type-product","3":"status-publish","4":"has-post-thumbnail","6":"product_cat-spout-pouch-manufacturer","7":"product_cat-squeeze-pouch-manufacturer","8":"product_cat-stand-up-pouch-manufacturer","9":"product_cat-shaped-pouches-factory","10":"pa_food-packaging-drink-beverage-pouch","12":"first","13":"instock","14":"shipping-taxable","15":"product-type-simple"},"acf":[],"_links":{"self":[{"href":"https:\/\/www.stanleypackage.com\/de\/wp-json\/wp\/v2\/product\/3474","targetHints":{"allow":["GET"]}}],"collection":[{"href":"https:\/\/www.stanleypackage.com\/de\/wp-json\/wp\/v2\/product"}],"about":[{"href":"https:\/\/www.stanleypackage.com\/de\/wp-json\/wp\/v2\/types\/product"}],"replies":[{"embeddable":true,"href":"https:\/\/www.stanleypackage.com\/de\/wp-json\/wp\/v2\/comments?post=3474"}],"wp:featuredmedia":[{"embeddable":true,"href":"https:\/\/www.stanleypackage.com\/de\/wp-json\/wp\/v2\/media\/3479"}],"wp:attachment":[{"href":"https:\/\/www.stanleypackage.com\/de\/wp-json\/wp\/v2\/media?parent=3474"}],"wp:term":[{"taxonomy":"product_brand","embeddable":true,"href":"https:\/\/www.stanleypackage.com\/de\/wp-json\/wp\/v2\/product_brand?post=3474"},{"taxonomy":"product_cat","embeddable":true,"href":"https:\/\/www.stanleypackage.com\/de\/wp-json\/wp\/v2\/product_cat?post=3474"},{"taxonomy":"product_tag","embeddable":true,"href":"https:\/\/www.stanleypackage.com\/de\/wp-json\/wp\/v2\/product_tag?post=3474"}],"curies":[{"name":"wp","href":"https:\/\/api.w.org\/{rel}","templated":true}]}}