{"id":3493,"date":"2025-10-28T03:25:06","date_gmt":"2025-10-28T03:25:06","guid":{"rendered":"https:\/\/www.stanleypackage.com\/?post_type=product&#038;p=3493"},"modified":"2025-10-28T03:26:20","modified_gmt":"2025-10-28T03:26:20","slug":"custom-tea-bag-packaging","status":"publish","type":"product","link":"https:\/\/www.stanleypackage.com\/de\/product\/custom-tea-bag-packaging\/","title":{"rendered":"Benutzerdefinierte Teebeutel-Verpackung, Gro\u00dfhandel Stand-up-Rei\u00dfverschluss-Beutel"},"content":{"rendered":"<div class=\"wp-block-columns is-layout-flex wp-container-core-columns-is-layout-9d6595d7 wp-block-columns-is-layout-flex\">\n<div class=\"wp-block-column is-layout-flow wp-block-column-is-layout-flow\">\n<h2 class=\"wp-block-heading\">Merkmale der individuellen Teebeutelverpackung<\/h2>\n\n\n\n<ul class=\"wp-block-list\">\n<li><strong>Hochbarrierefrei, lebensmittelecht und sicher: <\/strong>Unsere kundenspezifischen Teebeutelverpackungen mit Logo bestehen aus einer mehrschichtigen Verbundstruktur aus MOPP25\/VMPET12\/CPP70, die hervorragenden Schutz vor Feuchtigkeit, Oxidation und Licht bietet.<\/li>\n\n\n\n<li><strong>Vielseitige und bequeme Konstruktion: <\/strong>Unsere Stand-up-Rei\u00dfverschluss-Teebeutel f\u00fcr den Gro\u00dfhandel verf\u00fcgen \u00fcber einen wiederverwendbaren, abdichtenden Rei\u00dfverschluss f\u00fcr mehrfaches \u00d6ffnen und Verschlie\u00dfen. Und die leicht abrei\u00dfbare Kerbe erm\u00f6glicht ein einfaches \u00d6ffnen durch die Verbraucher.<\/li>\n\n\n\n<li><strong>Effizientes F\u00fcllen und Versiegeln:<\/strong> Das Top-Filling-Design dieser kundenspezifischen Teebeutelverpackungen mit Logo macht den Verpackungsprozess effizienter und hygienischer und eignet sich daher besonders f\u00fcr die Gro\u00dfserienproduktion am Flie\u00dfband.<\/li>\n\n\n\n<li><strong>Breite Anwendung:<\/strong> Diese ma\u00dfgeschneiderten Gro\u00dfhandels-Standbeutel mit Rei\u00dfverschluss eignen sich f\u00fcr die Verpackung einer Vielzahl von Lebensmitteln, darunter Kaffeebohnen, N\u00fcsse, Getreide, Snacks, Tee und Tiernahrung, so dass Marken den Marktbedarf mehrerer Produktkategorien mit einer einzigen Verpackung decken k\u00f6nnen.<\/li>\n\n\n\n<li><strong>Flache Bodenstruktur, stabil und selbststehend:\u00a0<\/strong>Unsere kundenspezifischen Teebeutelverpackungen f\u00fcr den Gro\u00dfhandel haben einen flachen Boden und stehen stabil, wenn sie ausgestellt werden, was den Effekt der Regalauslage und die Produktqualit\u00e4t verbessert.<\/li>\n<\/ul>\n\n\n\n<div class=\"wp-block-columns is-layout-flex wp-container-core-columns-is-layout-9d6595d7 wp-block-columns-is-layout-flex\">\n<div class=\"wp-block-column is-layout-flow wp-block-column-is-layout-flow\">\n<figure class=\"wp-block-image size-full\"><img decoding=\"async\" width=\"750\" height=\"750\" src=\"https:\/\/www.stanleypackage.com\/wp-content\/uploads\/2025\/10\/Custom-Tea-Pouches-With-Logo-Wholesale-3-Side-Seal-Zipper-Bags-3.jpg\" alt=\"\" class=\"wp-image-3494\" srcset=\"https:\/\/www.stanleypackage.com\/wp-content\/uploads\/2025\/10\/Custom-Tea-Pouches-With-Logo-Wholesale-3-Side-Seal-Zipper-Bags-3.jpg 750w, https:\/\/www.stanleypackage.com\/wp-content\/uploads\/2025\/10\/Custom-Tea-Pouches-With-Logo-Wholesale-3-Side-Seal-Zipper-Bags-3-300x300.jpg 300w, https:\/\/www.stanleypackage.com\/wp-content\/uploads\/2025\/10\/Custom-Tea-Pouches-With-Logo-Wholesale-3-Side-Seal-Zipper-Bags-3-150x150.jpg 150w, https:\/\/www.stanleypackage.com\/wp-content\/uploads\/2025\/10\/Custom-Tea-Pouches-With-Logo-Wholesale-3-Side-Seal-Zipper-Bags-3-12x12.jpg 12w, https:\/\/www.stanleypackage.com\/wp-content\/uploads\/2025\/10\/Custom-Tea-Pouches-With-Logo-Wholesale-3-Side-Seal-Zipper-Bags-3-600x600.jpg 600w, https:\/\/www.stanleypackage.com\/wp-content\/uploads\/2025\/10\/Custom-Tea-Pouches-With-Logo-Wholesale-3-Side-Seal-Zipper-Bags-3-100x100.jpg 100w\" sizes=\"(max-width: 750px) 100vw, 750px\" \/><\/figure>\n<\/div>\n\n\n\n<div class=\"wp-block-column is-layout-flow wp-block-column-is-layout-flow\">\n<figure class=\"wp-block-image size-full\"><img decoding=\"async\" width=\"750\" height=\"750\" src=\"https:\/\/www.stanleypackage.com\/wp-content\/uploads\/2025\/10\/Custom-Tea-Pouches-With-Logo-Wholesale-3-Side-Seal-Zipper-Bags-4.jpg\" alt=\"\" class=\"wp-image-3495\" srcset=\"https:\/\/www.stanleypackage.com\/wp-content\/uploads\/2025\/10\/Custom-Tea-Pouches-With-Logo-Wholesale-3-Side-Seal-Zipper-Bags-4.jpg 750w, https:\/\/www.stanleypackage.com\/wp-content\/uploads\/2025\/10\/Custom-Tea-Pouches-With-Logo-Wholesale-3-Side-Seal-Zipper-Bags-4-300x300.jpg 300w, https:\/\/www.stanleypackage.com\/wp-content\/uploads\/2025\/10\/Custom-Tea-Pouches-With-Logo-Wholesale-3-Side-Seal-Zipper-Bags-4-150x150.jpg 150w, https:\/\/www.stanleypackage.com\/wp-content\/uploads\/2025\/10\/Custom-Tea-Pouches-With-Logo-Wholesale-3-Side-Seal-Zipper-Bags-4-12x12.jpg 12w, https:\/\/www.stanleypackage.com\/wp-content\/uploads\/2025\/10\/Custom-Tea-Pouches-With-Logo-Wholesale-3-Side-Seal-Zipper-Bags-4-600x600.jpg 600w, https:\/\/www.stanleypackage.com\/wp-content\/uploads\/2025\/10\/Custom-Tea-Pouches-With-Logo-Wholesale-3-Side-Seal-Zipper-Bags-4-100x100.jpg 100w\" sizes=\"(max-width: 750px) 100vw, 750px\" \/><\/figure>\n<\/div>\n<\/div>\n<\/div>\n<\/div>\n\n\n\n<p><\/p>","protected":false},"excerpt":{"rendered":"<p>Willkommen zum Kauf kundenspezifischer Teebeutelverpackungen. Unsere Gro\u00dfhandel Stand-up-Rei\u00dfverschluss Teebeutel kombinieren hohe Barriereeigenschaften mit Haltbarkeit, mit einem wiederverwendbaren Rei\u00dfverschluss, leicht zu rei\u00dfen Kerbe, und Top-F\u00fcllung Anschluss an eine Vielzahl von Lebensmittelverpackungen und Display-Anforderungen zu erf\u00fcllen.<\/p>\n<table style=\"border-collapse: collapse; width: 365.02pt;\" border=\"0\" width=\"365\" cellspacing=\"0\" cellpadding=\"0\">\n<tbody>\n<tr style=\"height: 16.00pt;\">\n<td class=\"et2\" style=\"height: 16.00pt; width: 97.50pt;\" width=\"97\" height=\"16\">Hersteller<\/td>\n<td class=\"et2\" style=\"width: 267.50pt;\" width=\"267\">Stanley<\/td>\n<\/tr>\n<tr style=\"height: 16.00pt;\">\n<td class=\"et2\" style=\"height: 16.00pt; width: 97.50pt;\" width=\"97\" height=\"16\">Arten von Beuteln<\/td>\n<td class=\"et2\" style=\"width: 267.50pt;\" width=\"267\">Rei\u00dfverschlusstasche, Stand-up-Beutel<\/td>\n<\/tr>\n<tr style=\"height: 31.00pt;\">\n<td class=\"et2\" style=\"height: 31.00pt; width: 97.50pt;\" width=\"97\" height=\"31\">Material<\/td>\n<td class=\"et2\" style=\"width: 267.50pt;\" width=\"267\">MOPP25\/VMPET12\/CPP70<\/td>\n<\/tr>\n<tr style=\"height: 16.00pt;\">\n<td class=\"et2\" style=\"height: 16.00pt; width: 97.50pt;\" width=\"97\" height=\"16\">Besonderes Merkmal<\/td>\n<td class=\"et2\" style=\"width: 267.50pt;\" width=\"267\">Risskerbe, F\u00fcllung oben, Rei\u00dfverschluss<\/td>\n<\/tr>\n<tr style=\"height: 16.00pt;\">\n<td class=\"et2\" style=\"height: 16.00pt; width: 97.50pt;\" width=\"97\" height=\"16\">Handhabung der Oberfl\u00e4che<\/td>\n<td class=\"et2\" style=\"width: 267.50pt;\" width=\"267\">Tiefdruck<\/td>\n<\/tr>\n<tr style=\"height: 16.00pt;\">\n<td class=\"et2\" style=\"height: 16.00pt; width: 97.50pt;\" width=\"97\" height=\"16\">Farbe<\/td>\n<td class=\"et2\" style=\"width: 267.50pt;\" width=\"267\">Bis zu 10 Farben<\/td>\n<\/tr>\n<tr style=\"height: 16.00pt;\">\n<td class=\"et2\" style=\"height: 16.00pt; width: 97.50pt;\" width=\"97\" height=\"16\">Verwendung<\/td>\n<td class=\"et2\" style=\"width: 267.50pt;\" width=\"267\">Tee, Snacks, N\u00fcsse, Trockenlebensmittel<\/td>\n<\/tr>\n<tr style=\"height: 16.00pt;\">\n<td class=\"et2\" style=\"height: 16.00pt; width: 97.50pt;\" width=\"97\" height=\"16\">MOQ<\/td>\n<td class=\"et2\" style=\"width: 267.50pt;\" width=\"267\">50.000 St\u00fcck<\/td>\n<\/tr>\n<tr style=\"height: 16.00pt;\">\n<td class=\"et2\" style=\"height: 16.00pt; width: 97.50pt;\" width=\"97\" height=\"16\">Individuelle Bestellung<\/td>\n<td class=\"et2\" style=\"width: 267.50pt;\" width=\"267\">OEM-Support akzeptieren Kostenloses Muster<\/td>\n<\/tr>\n<\/tbody>\n<\/table>","protected":false},"featured_media":3496,"comment_status":"closed","ping_status":"closed","template":"","meta":{"_acf_changed":false},"product_brand":[],"product_cat":[18,30],"product_tag":[],"class_list":{"0":"post-3493","1":"product","2":"type-product","3":"status-publish","4":"has-post-thumbnail","6":"product_cat-zipper-pouch-manufacturer","7":"product_cat-stand-up-pouch-manufacturer","8":"pa_food-packaging-tea-pouch-packaging","9":"pa_food-packaging-snack-food-pouch","11":"first","12":"instock","13":"shipping-taxable","14":"product-type-simple"},"acf":[],"_links":{"self":[{"href":"https:\/\/www.stanleypackage.com\/de\/wp-json\/wp\/v2\/product\/3493","targetHints":{"allow":["GET"]}}],"collection":[{"href":"https:\/\/www.stanleypackage.com\/de\/wp-json\/wp\/v2\/product"}],"about":[{"href":"https:\/\/www.stanleypackage.com\/de\/wp-json\/wp\/v2\/types\/product"}],"replies":[{"embeddable":true,"href":"https:\/\/www.stanleypackage.com\/de\/wp-json\/wp\/v2\/comments?post=3493"}],"wp:featuredmedia":[{"embeddable":true,"href":"https:\/\/www.stanleypackage.com\/de\/wp-json\/wp\/v2\/media\/3496"}],"wp:attachment":[{"href":"https:\/\/www.stanleypackage.com\/de\/wp-json\/wp\/v2\/media?parent=3493"}],"wp:term":[{"taxonomy":"product_brand","embeddable":true,"href":"https:\/\/www.stanleypackage.com\/de\/wp-json\/wp\/v2\/product_brand?post=3493"},{"taxonomy":"product_cat","embeddable":true,"href":"https:\/\/www.stanleypackage.com\/de\/wp-json\/wp\/v2\/product_cat?post=3493"},{"taxonomy":"product_tag","embeddable":true,"href":"https:\/\/www.stanleypackage.com\/de\/wp-json\/wp\/v2\/product_tag?post=3493"}],"curies":[{"name":"wp","href":"https:\/\/api.w.org\/{rel}","templated":true}]}}