{"id":3500,"date":"2025-10-28T04:01:59","date_gmt":"2025-10-28T04:01:59","guid":{"rendered":"https:\/\/www.stanleypackage.com\/?post_type=product&#038;p=3500"},"modified":"2025-10-28T04:02:05","modified_gmt":"2025-10-28T04:02:05","slug":"custom-printed-tea-packaging","status":"publish","type":"product","link":"https:\/\/www.stanleypackage.com\/de\/product\/custom-printed-tea-packaging\/","title":{"rendered":"Individuell bedruckte Tee-Verpackungen, Fr\u00fcchtetee-Rei\u00dfverschlusstaschen Bulk"},"content":{"rendered":"<div class=\"wp-block-columns is-layout-flex wp-container-core-columns-is-layout-9d6595d7 wp-block-columns-is-layout-flex\">\n<div class=\"wp-block-column is-layout-flow wp-block-column-is-layout-flow\">\n<h2 class=\"wp-block-heading\">Merkmale von individuell bedruckten Tee-Verpackungsbeuteln<\/h2>\n\n\n\n<ul class=\"wp-block-list\">\n<li><strong>Stabiles Bodendesign:<\/strong> Unsere individuell bedruckten Tee-Verpackungen zeichnen sich durch einen vertikalen Boden aus, so dass der Beutel aufrecht stehen kann, was zus\u00e4tzliche Stabilit\u00e4t, eine bessere Pr\u00e4sentation und ein einfaches Bef\u00fcllen erm\u00f6glicht.<\/li>\n\n\n\n<li><strong>Langanhaltendes Frischesiegel:<\/strong> Diese individuell bedruckten Gro\u00dfhandel Fr\u00fcchtetee Rei\u00dfverschlussbeutel verf\u00fcgt \u00fcber eine dauerhafte wiederverschlie\u00dfbaren Rei\u00dfverschluss, die hilft, Feuchtigkeit zu halten und schlie\u00dft in der Tee-Aroma, die Erhaltung der Geschmack und die Frische Ihrer Fr\u00fcchtetee.<\/li>\n\n\n\n<li><strong>Material mit hoher Barriere: <\/strong>Diese individuell bedruckte Tee-Verpackung besteht aus einem dreischichtigen Verbundmaterial (MOPP\/VMPET\/CPP), das robust und rei\u00dffest ist, Licht, Sauerstoff und Feuchtigkeit abh\u00e4lt und die Haltbarkeit Ihres Produkts verl\u00e4ngert.<\/li>\n\n\n\n<li><strong>Kundenspezifischer Druck:<\/strong> Unser Gro\u00dfhandel Fr\u00fcchtetee Rei\u00dfverschlussbeutel unterst\u00fctzt OEM-Anpassung, so dass f\u00fcr die flexible Gestaltung von Mustern und Logos, um die Markenerkennung zu verbessern und helfen, Ihr Produkt-Marketing zu differenzieren.<\/li>\n\n\n\n<li><strong>Unterst\u00fctzung f\u00fcr kostenlose Proben: <\/strong>F\u00fcr individuell bedruckte Tee-Verpackungen bieten wir kostenlose Testmuster an, um das Material und den Druckeffekt zu best\u00e4tigen, was die Kaufsicherheit erh\u00f6ht und Gro\u00dfauftr\u00e4ge sicherer macht.<\/li>\n<\/ul>\n\n\n\n<div class=\"wp-block-columns is-layout-flex wp-container-core-columns-is-layout-9d6595d7 wp-block-columns-is-layout-flex\">\n<div class=\"wp-block-column is-layout-flow wp-block-column-is-layout-flow\">\n<figure class=\"wp-block-image size-full\"><img decoding=\"async\" width=\"750\" height=\"750\" src=\"https:\/\/www.stanleypackage.com\/wp-content\/uploads\/2025\/10\/Custom-Tea-Pouches-With-Logo-Wholesale-Stand-Up-Packaging-Bag-With-Zipper-3.jpg\" alt=\"\" class=\"wp-image-3501\" srcset=\"https:\/\/www.stanleypackage.com\/wp-content\/uploads\/2025\/10\/Custom-Tea-Pouches-With-Logo-Wholesale-Stand-Up-Packaging-Bag-With-Zipper-3.jpg 750w, https:\/\/www.stanleypackage.com\/wp-content\/uploads\/2025\/10\/Custom-Tea-Pouches-With-Logo-Wholesale-Stand-Up-Packaging-Bag-With-Zipper-3-300x300.jpg 300w, https:\/\/www.stanleypackage.com\/wp-content\/uploads\/2025\/10\/Custom-Tea-Pouches-With-Logo-Wholesale-Stand-Up-Packaging-Bag-With-Zipper-3-150x150.jpg 150w, https:\/\/www.stanleypackage.com\/wp-content\/uploads\/2025\/10\/Custom-Tea-Pouches-With-Logo-Wholesale-Stand-Up-Packaging-Bag-With-Zipper-3-12x12.jpg 12w, https:\/\/www.stanleypackage.com\/wp-content\/uploads\/2025\/10\/Custom-Tea-Pouches-With-Logo-Wholesale-Stand-Up-Packaging-Bag-With-Zipper-3-600x600.jpg 600w, https:\/\/www.stanleypackage.com\/wp-content\/uploads\/2025\/10\/Custom-Tea-Pouches-With-Logo-Wholesale-Stand-Up-Packaging-Bag-With-Zipper-3-100x100.jpg 100w\" sizes=\"(max-width: 750px) 100vw, 750px\" \/><\/figure>\n<\/div>\n\n\n\n<div class=\"wp-block-column is-layout-flow wp-block-column-is-layout-flow\">\n<figure class=\"wp-block-image size-full\"><img decoding=\"async\" width=\"750\" height=\"750\" src=\"https:\/\/www.stanleypackage.com\/wp-content\/uploads\/2025\/10\/Custom-Tea-Pouches-With-Logo-Wholesale-Stand-Up-Packaging-Bag-With-Zipper-4.jpg\" alt=\"\" class=\"wp-image-3502\" srcset=\"https:\/\/www.stanleypackage.com\/wp-content\/uploads\/2025\/10\/Custom-Tea-Pouches-With-Logo-Wholesale-Stand-Up-Packaging-Bag-With-Zipper-4.jpg 750w, https:\/\/www.stanleypackage.com\/wp-content\/uploads\/2025\/10\/Custom-Tea-Pouches-With-Logo-Wholesale-Stand-Up-Packaging-Bag-With-Zipper-4-300x300.jpg 300w, https:\/\/www.stanleypackage.com\/wp-content\/uploads\/2025\/10\/Custom-Tea-Pouches-With-Logo-Wholesale-Stand-Up-Packaging-Bag-With-Zipper-4-150x150.jpg 150w, https:\/\/www.stanleypackage.com\/wp-content\/uploads\/2025\/10\/Custom-Tea-Pouches-With-Logo-Wholesale-Stand-Up-Packaging-Bag-With-Zipper-4-12x12.jpg 12w, https:\/\/www.stanleypackage.com\/wp-content\/uploads\/2025\/10\/Custom-Tea-Pouches-With-Logo-Wholesale-Stand-Up-Packaging-Bag-With-Zipper-4-600x600.jpg 600w, https:\/\/www.stanleypackage.com\/wp-content\/uploads\/2025\/10\/Custom-Tea-Pouches-With-Logo-Wholesale-Stand-Up-Packaging-Bag-With-Zipper-4-100x100.jpg 100w\" sizes=\"(max-width: 750px) 100vw, 750px\" \/><\/figure>\n<\/div>\n<\/div>\n<\/div>\n<\/div>\n\n\n\n<p><\/p>","protected":false},"excerpt":{"rendered":"<p>Willkommen zum Kauf von individuell bedruckten Tee-Verpackungen. Diese individuell bedruckte Gro\u00dfhandel Fr\u00fcchtetee Rei\u00dfverschlussbeutel ist f\u00fcr die Erhaltung der Fr\u00fcchtetee, Kr\u00e4utertee und andere trockene Waren, bietet hervorragende Licht und feuchtigkeitsbest\u00e4ndig Eigenschaften konzipiert. Wir unterst\u00fctzen OEM benutzerdefinierte Druck, und kostenlose Proben zur Verf\u00fcgung stehen.<\/p>\n<table style=\"border-collapse: collapse; width: 365.02pt;\" border=\"0\" width=\"365\" cellspacing=\"0\" cellpadding=\"0\">\n<tbody>\n<tr style=\"height: 16.00pt;\">\n<td class=\"et2\" style=\"height: 16.00pt; width: 97.50pt;\" width=\"97\" height=\"16\">Hersteller<\/td>\n<td class=\"et2\" style=\"width: 267.50pt;\" width=\"267\">Stanley<\/td>\n<\/tr>\n<tr style=\"height: 16.00pt;\">\n<td class=\"et2\" style=\"height: 16.00pt; width: 97.50pt;\" width=\"97\" height=\"16\">Arten von Beuteln<\/td>\n<td class=\"et2\" style=\"width: 267.50pt;\" width=\"267\">Rei\u00dfverschlusstasche, Stand-up-Beutel<\/td>\n<\/tr>\n<tr style=\"height: 31.00pt;\">\n<td class=\"et2\" style=\"height: 31.00pt; width: 97.50pt;\" width=\"97\" height=\"31\">Material<\/td>\n<td class=\"et2\" style=\"width: 267.50pt;\" width=\"267\">MOPP25\/VMPET12\/CPP70<\/td>\n<\/tr>\n<tr style=\"height: 16.00pt;\">\n<td class=\"et2\" style=\"height: 16.00pt; width: 97.50pt;\" width=\"97\" height=\"16\">Besonderes Merkmal<\/td>\n<td class=\"et2\" style=\"width: 267.50pt;\" width=\"267\">\u00a0Risskerbe, F\u00fcllung oben, Rei\u00dfverschluss<\/td>\n<\/tr>\n<tr style=\"height: 16.00pt;\">\n<td class=\"et2\" style=\"height: 16.00pt; width: 97.50pt;\" width=\"97\" height=\"16\">Handhabung der Oberfl\u00e4che<\/td>\n<td class=\"et2\" style=\"width: 267.50pt;\" width=\"267\">Tiefdruck<\/td>\n<\/tr>\n<tr style=\"height: 16.00pt;\">\n<td class=\"et2\" style=\"height: 16.00pt; width: 97.50pt;\" width=\"97\" height=\"16\">Farbe<\/td>\n<td class=\"et2\" style=\"width: 267.50pt;\" width=\"267\">Bis zu 10 Farben<\/td>\n<\/tr>\n<tr style=\"height: 16.00pt;\">\n<td class=\"et2\" style=\"height: 16.00pt; width: 97.50pt;\" width=\"97\" height=\"16\">Verwendung<\/td>\n<td class=\"et2\" style=\"width: 267.50pt;\" width=\"267\">Teebeutel, Snacks, N\u00fcsse, Trockenlebensmittel<\/td>\n<\/tr>\n<tr style=\"height: 16.00pt;\">\n<td class=\"et2\" style=\"height: 16.00pt; width: 97.50pt;\" width=\"97\" height=\"16\">MOQ<\/td>\n<td class=\"et2\" style=\"width: 267.50pt;\" width=\"267\">50.000 St\u00fcck<\/td>\n<\/tr>\n<tr style=\"height: 16.00pt;\">\n<td class=\"et2\" style=\"height: 16.00pt; width: 97.50pt;\" width=\"97\" height=\"16\">Individuelle Bestellung<\/td>\n<td class=\"et2\" style=\"width: 267.50pt;\" width=\"267\">OEM-Support akzeptieren Kostenloses Muster<\/td>\n<\/tr>\n<\/tbody>\n<\/table>","protected":false},"featured_media":3503,"comment_status":"closed","ping_status":"closed","template":"","meta":{"_acf_changed":false},"product_brand":[],"product_cat":[18,30],"product_tag":[],"class_list":{"0":"post-3500","1":"product","2":"type-product","3":"status-publish","4":"has-post-thumbnail","6":"product_cat-zipper-pouch-manufacturer","7":"product_cat-stand-up-pouch-manufacturer","8":"pa_food-packaging-tea-pouch-packaging","9":"pa_food-packaging-snack-food-pouch","11":"first","12":"instock","13":"shipping-taxable","14":"product-type-simple"},"acf":[],"_links":{"self":[{"href":"https:\/\/www.stanleypackage.com\/de\/wp-json\/wp\/v2\/product\/3500","targetHints":{"allow":["GET"]}}],"collection":[{"href":"https:\/\/www.stanleypackage.com\/de\/wp-json\/wp\/v2\/product"}],"about":[{"href":"https:\/\/www.stanleypackage.com\/de\/wp-json\/wp\/v2\/types\/product"}],"replies":[{"embeddable":true,"href":"https:\/\/www.stanleypackage.com\/de\/wp-json\/wp\/v2\/comments?post=3500"}],"wp:featuredmedia":[{"embeddable":true,"href":"https:\/\/www.stanleypackage.com\/de\/wp-json\/wp\/v2\/media\/3503"}],"wp:attachment":[{"href":"https:\/\/www.stanleypackage.com\/de\/wp-json\/wp\/v2\/media?parent=3500"}],"wp:term":[{"taxonomy":"product_brand","embeddable":true,"href":"https:\/\/www.stanleypackage.com\/de\/wp-json\/wp\/v2\/product_brand?post=3500"},{"taxonomy":"product_cat","embeddable":true,"href":"https:\/\/www.stanleypackage.com\/de\/wp-json\/wp\/v2\/product_cat?post=3500"},{"taxonomy":"product_tag","embeddable":true,"href":"https:\/\/www.stanleypackage.com\/de\/wp-json\/wp\/v2\/product_tag?post=3500"}],"curies":[{"name":"wp","href":"https:\/\/api.w.org\/{rel}","templated":true}]}}