{"id":3528,"date":"2025-10-28T06:55:18","date_gmt":"2025-10-28T06:55:18","guid":{"rendered":"https:\/\/www.stanleypackage.com\/?post_type=product&#038;p=3528"},"modified":"2025-10-28T06:55:25","modified_gmt":"2025-10-28T06:55:25","slug":"food-grade-foil-pouches-wholesale","status":"publish","type":"product","link":"https:\/\/www.stanleypackage.com\/de\/product\/food-grade-foil-pouches-wholesale\/","title":{"rendered":"Lebensmittelqualit\u00e4t Folie Beutel Gro\u00dfhandel, benutzerdefinierte Getreide Verpackung"},"content":{"rendered":"<div class=\"wp-block-columns is-layout-flex wp-container-core-columns-is-layout-9d6595d7 wp-block-columns-is-layout-flex\">\n<div class=\"wp-block-column is-layout-flow wp-block-column-is-layout-flow\">\n<h2 class=\"wp-block-heading\">Merkmale der Lebensmittelqualit\u00e4t Folie Beutel Gro\u00dfhandel<\/h2>\n\n\n\n<ul class=\"wp-block-list\">\n<li><strong>Professionelle Frische-Schloss-Kombination:<\/strong> Der \u00e4u\u00dfere Standbeutel mit Rei\u00dfverschluss dieser lebensmittelechten Folienbeutel sch\u00fctzt im Gro\u00dfhandel vor Feuchtigkeit und erh\u00e4lt die Knusprigkeit, w\u00e4hrend die einzelnen kleinen Pakete im Innenbeutel bei jeder Portion f\u00fcr Frische sorgen und das Problem der Feuchtigkeitskontamination bei h\u00e4ufigem Gebrauch perfekt l\u00f6sen.<\/li>\n\n\n\n<li><strong>Letztlich eine bequeme Benutzererfahrung:<\/strong> Das Aufh\u00e4ngeloch dieser individuellen M\u00fcsliverpackung erm\u00f6glicht ein einfaches Aufh\u00e4ngen und Aufbewahren, die Abrei\u00dflasche ein einfaches \u00d6ffnen, die Nachf\u00fcll\u00f6ffnung am Boden sorgt f\u00fcr eine effiziente Bef\u00fcllung und der wiederverschlie\u00dfbare Rei\u00dfverschluss f\u00fcr eine einfache t\u00e4gliche Nutzung. Jedes Detail verbessert das Benutzererlebnis.<\/li>\n\n\n\n<li><strong>Stehendes, sch\u00f6nes Regaldisplay: <\/strong>Das flache, aufrechte Bodendesign dieser lebensmittelechten Folienbeutel im Gro\u00dfhandel sorgt daf\u00fcr, dass die Au\u00dfenverpackung f\u00fcr eine optimale Pr\u00e4sentation aufrecht steht, was das Produktimage und die Professionalit\u00e4t der Marke effektiv verbessert.<\/li>\n\n\n\n<li><strong>Umfassende Markenanpassung: <\/strong>Unsere kundenspezifischen Verpackungsbeutel f\u00fcr Cerealien bieten eine vollst\u00e4ndige Anpassung des Materials, der Gr\u00f6\u00dfe und des Musters sowohl des \u00e4u\u00dferen als auch des inneren Beutels, wodurch die einzigartigen Merkmale Ihrer Marke vom Logo bis zur Farbe perfekt zur Geltung kommen und ein einzigartiger Marktvorteil geschaffen wird.<\/li>\n\n\n\n<li><strong>Sichere Materialien in Lebensmittelqualit\u00e4t:<\/strong> Unsere lebensmittelechten Folienbeutel f\u00fcr den Gro\u00dfhandel bestehen aus hochwertiger lebensmittelechter Aluminiumfolie, die hervorragende licht-, sauerstoff- und feuchtigkeitsdichte Eigenschaften aufweist, die Sicherheit und Hygiene des Inhalts gew\u00e4hrleistet und die Haltbarkeit des Produkts verl\u00e4ngert.<\/li>\n<\/ul>\n\n\n\n<div class=\"wp-block-columns is-layout-flex wp-container-core-columns-is-layout-9d6595d7 wp-block-columns-is-layout-flex\">\n<div class=\"wp-block-column is-layout-flow wp-block-column-is-layout-flow\">\n<figure class=\"wp-block-image size-full\"><img decoding=\"async\" width=\"750\" height=\"750\" src=\"https:\/\/www.stanleypackage.com\/wp-content\/uploads\/2025\/10\/Custom-Food-Packaging-Bag-Wholesale-8-Side-Seal-Oatmeal-Pouch-3.jpg\" alt=\"\" class=\"wp-image-3529\" srcset=\"https:\/\/www.stanleypackage.com\/wp-content\/uploads\/2025\/10\/Custom-Food-Packaging-Bag-Wholesale-8-Side-Seal-Oatmeal-Pouch-3.jpg 750w, https:\/\/www.stanleypackage.com\/wp-content\/uploads\/2025\/10\/Custom-Food-Packaging-Bag-Wholesale-8-Side-Seal-Oatmeal-Pouch-3-300x300.jpg 300w, https:\/\/www.stanleypackage.com\/wp-content\/uploads\/2025\/10\/Custom-Food-Packaging-Bag-Wholesale-8-Side-Seal-Oatmeal-Pouch-3-150x150.jpg 150w, https:\/\/www.stanleypackage.com\/wp-content\/uploads\/2025\/10\/Custom-Food-Packaging-Bag-Wholesale-8-Side-Seal-Oatmeal-Pouch-3-12x12.jpg 12w, https:\/\/www.stanleypackage.com\/wp-content\/uploads\/2025\/10\/Custom-Food-Packaging-Bag-Wholesale-8-Side-Seal-Oatmeal-Pouch-3-600x600.jpg 600w, https:\/\/www.stanleypackage.com\/wp-content\/uploads\/2025\/10\/Custom-Food-Packaging-Bag-Wholesale-8-Side-Seal-Oatmeal-Pouch-3-100x100.jpg 100w\" sizes=\"(max-width: 750px) 100vw, 750px\" \/><\/figure>\n<\/div>\n\n\n\n<div class=\"wp-block-column is-layout-flow wp-block-column-is-layout-flow\">\n<figure class=\"wp-block-image size-full\"><img decoding=\"async\" width=\"750\" height=\"750\" src=\"https:\/\/www.stanleypackage.com\/wp-content\/uploads\/2025\/10\/Custom-Food-Packaging-Bag-Wholesale-8-Side-Seal-Oatmeal-Pouch-6.jpg\" alt=\"\" class=\"wp-image-3533\" srcset=\"https:\/\/www.stanleypackage.com\/wp-content\/uploads\/2025\/10\/Custom-Food-Packaging-Bag-Wholesale-8-Side-Seal-Oatmeal-Pouch-6.jpg 750w, https:\/\/www.stanleypackage.com\/wp-content\/uploads\/2025\/10\/Custom-Food-Packaging-Bag-Wholesale-8-Side-Seal-Oatmeal-Pouch-6-300x300.jpg 300w, https:\/\/www.stanleypackage.com\/wp-content\/uploads\/2025\/10\/Custom-Food-Packaging-Bag-Wholesale-8-Side-Seal-Oatmeal-Pouch-6-150x150.jpg 150w, https:\/\/www.stanleypackage.com\/wp-content\/uploads\/2025\/10\/Custom-Food-Packaging-Bag-Wholesale-8-Side-Seal-Oatmeal-Pouch-6-12x12.jpg 12w, https:\/\/www.stanleypackage.com\/wp-content\/uploads\/2025\/10\/Custom-Food-Packaging-Bag-Wholesale-8-Side-Seal-Oatmeal-Pouch-6-600x600.jpg 600w, https:\/\/www.stanleypackage.com\/wp-content\/uploads\/2025\/10\/Custom-Food-Packaging-Bag-Wholesale-8-Side-Seal-Oatmeal-Pouch-6-100x100.jpg 100w\" sizes=\"(max-width: 750px) 100vw, 750px\" \/><\/figure>\n<\/div>\n<\/div>\n<\/div>\n<\/div>\n\n\n\n<p><\/p>","protected":false},"excerpt":{"rendered":"<p>Finden Sie hochwertige Folienbeutel in Lebensmittelqualit\u00e4t im Gro\u00dfhandel. Diese benutzerdefinierte M\u00fcsli-Verpackung Beutel bietet eine One-Stop-Gro\u00dfhandel L\u00f6sung, einschlie\u00dflich einer wiederverschlie\u00dfbaren, Stand-up-Rei\u00dfverschluss Au\u00dfenbeutel und 3-Seiten-gesiegelt einzelnen kleinen Paketen. Der Au\u00dfenbeutel verf\u00fcgt \u00fcber ein Aufh\u00e4ngeloch, eine Abrei\u00dflasche und eine untere Einf\u00fcll\u00f6ffnung.<\/p>\n<table style=\"border-collapse: collapse; width: 365.02pt;\" border=\"0\" width=\"365\" cellspacing=\"0\" cellpadding=\"0\">\n<tbody>\n<tr style=\"height: 16.00pt;\">\n<td class=\"et2\" style=\"height: 16.00pt; width: 97.50pt;\" width=\"97\" height=\"16\">Hersteller<\/td>\n<td class=\"et2\" style=\"width: 267.50pt;\" width=\"267\">Stanley<\/td>\n<\/tr>\n<tr style=\"height: 16.00pt;\">\n<td class=\"et2\" style=\"height: 16.00pt; width: 97.50pt;\" width=\"97\" height=\"16\">Arten von Beuteln<\/td>\n<td class=\"et2\" style=\"width: 267.50pt;\" width=\"267\">Flachbodenbeutel mit Rei\u00dfverschluss + 3-Seiten-Siegel-Beutel<\/td>\n<\/tr>\n<tr style=\"height: 31.00pt;\">\n<td class=\"et2\" style=\"height: 31.00pt; width: 97.50pt;\" width=\"97\" height=\"31\">Material<\/td>\n<td class=\"et2\" style=\"width: 267.50pt;\" width=\"267\">Vorder- und R\u00fcckseite: PET12\/VMPET12\/PE105<br \/>Die Seiten: PET12\/VMPET12\/PE90<\/td>\n<\/tr>\n<tr style=\"height: 16.00pt;\">\n<td class=\"et2\" style=\"height: 16.00pt; width: 97.50pt;\" width=\"97\" height=\"16\">Besonderes Merkmal<\/td>\n<td class=\"et2\" style=\"width: 267.50pt;\" width=\"267\">Aufh\u00e4ngeloch, Risskerbe, Bodenf\u00fcllung, Rei\u00dfverschluss<\/td>\n<\/tr>\n<tr style=\"height: 16.00pt;\">\n<td class=\"et2\" style=\"height: 16.00pt; width: 97.50pt;\" width=\"97\" height=\"16\">Handhabung der Oberfl\u00e4che<\/td>\n<td class=\"et2\" style=\"width: 267.50pt;\" width=\"267\">Tiefdruck<\/td>\n<\/tr>\n<tr style=\"height: 16.00pt;\">\n<td class=\"et2\" style=\"height: 16.00pt; width: 97.50pt;\" width=\"97\" height=\"16\">Farbe<\/td>\n<td class=\"et2\" style=\"width: 267.50pt;\" width=\"267\">Bis zu 10 Farben<\/td>\n<\/tr>\n<tr style=\"height: 16.00pt;\">\n<td class=\"et2\" style=\"height: 16.00pt; width: 97.50pt;\" width=\"97\" height=\"16\">Verwendung<\/td>\n<td class=\"et2\" style=\"width: 267.50pt;\" width=\"267\">Haferflocken, Kaffee, Snacks, N\u00fcsse, Trockenlebensmittel<\/td>\n<\/tr>\n<tr style=\"height: 16.00pt;\">\n<td class=\"et2\" style=\"height: 16.00pt; width: 97.50pt;\" width=\"97\" height=\"16\">MOQ<\/td>\n<td class=\"et2\" style=\"width: 267.50pt;\" width=\"267\">50.000 St\u00fcck<\/td>\n<\/tr>\n<tr style=\"height: 16.00pt;\">\n<td class=\"et2\" style=\"height: 16.00pt; width: 97.50pt;\" width=\"97\" height=\"16\">Individuelle Bestellung<\/td>\n<td class=\"et2\" style=\"width: 267.50pt;\" width=\"267\">OEM-Support akzeptieren Kostenloses Muster<\/td>\n<\/tr>\n<\/tbody>\n<\/table>","protected":false},"featured_media":3530,"comment_status":"closed","ping_status":"closed","template":"","meta":{"_acf_changed":false},"product_brand":[],"product_cat":[24,31,28,18],"product_tag":[],"class_list":{"0":"post-3528","1":"product","2":"type-product","3":"status-publish","4":"has-post-thumbnail","6":"product_cat-flat-bottom-pouch-manufacturer","7":"product_cat-lay-flat-pouch-manufacturer","8":"product_cat-three-side-seal-pouch-manufacturer","9":"product_cat-zipper-pouch-manufacturer","10":"pa_food-packaging-oatmeal-pouch","11":"pa_food-packaging-snack-food-pouch","13":"first","14":"instock","15":"shipping-taxable","16":"product-type-simple"},"acf":[],"_links":{"self":[{"href":"https:\/\/www.stanleypackage.com\/de\/wp-json\/wp\/v2\/product\/3528","targetHints":{"allow":["GET"]}}],"collection":[{"href":"https:\/\/www.stanleypackage.com\/de\/wp-json\/wp\/v2\/product"}],"about":[{"href":"https:\/\/www.stanleypackage.com\/de\/wp-json\/wp\/v2\/types\/product"}],"replies":[{"embeddable":true,"href":"https:\/\/www.stanleypackage.com\/de\/wp-json\/wp\/v2\/comments?post=3528"}],"wp:featuredmedia":[{"embeddable":true,"href":"https:\/\/www.stanleypackage.com\/de\/wp-json\/wp\/v2\/media\/3530"}],"wp:attachment":[{"href":"https:\/\/www.stanleypackage.com\/de\/wp-json\/wp\/v2\/media?parent=3528"}],"wp:term":[{"taxonomy":"product_brand","embeddable":true,"href":"https:\/\/www.stanleypackage.com\/de\/wp-json\/wp\/v2\/product_brand?post=3528"},{"taxonomy":"product_cat","embeddable":true,"href":"https:\/\/www.stanleypackage.com\/de\/wp-json\/wp\/v2\/product_cat?post=3528"},{"taxonomy":"product_tag","embeddable":true,"href":"https:\/\/www.stanleypackage.com\/de\/wp-json\/wp\/v2\/product_tag?post=3528"}],"curies":[{"name":"wp","href":"https:\/\/api.w.org\/{rel}","templated":true}]}}