{"id":3549,"date":"2025-10-28T07:09:22","date_gmt":"2025-10-28T07:09:22","guid":{"rendered":"https:\/\/www.stanleypackage.com\/?post_type=product&#038;p=3549"},"modified":"2025-10-28T07:09:48","modified_gmt":"2025-10-28T07:09:48","slug":"custom-resealable-stand-up-pouches","status":"publish","type":"product","link":"https:\/\/www.stanleypackage.com\/de\/product\/custom-resealable-stand-up-pouches\/","title":{"rendered":"Kundenspezifische wiederverschlie\u00dfbare Standbeutel, W\u00e4scheh\u00fclsenverpackungen"},"content":{"rendered":"<div class=\"wp-block-columns is-layout-flex wp-container-core-columns-is-layout-9d6595d7 wp-block-columns-is-layout-flex\">\n<div class=\"wp-block-column is-layout-flow wp-block-column-is-layout-flow\">\n<h2 class=\"wp-block-heading\">Merkmale der kundenspezifischen wiederverschlie\u00dfbaren Standbodenbeutel<\/h2>\n\n\n\n<ul class=\"wp-block-list\">\n<li><strong>Selbsttragende Taschenbodenkonstruktion: <\/strong>Diese kundenspezifischen, wiederverschlie\u00dfbaren Standbeutel f\u00fcr W\u00e4schepads haben einen haltbaren, selbststehenden Boden, der stabil steht, sich gut im Regal platzieren l\u00e4sst und die Wirkung der Produktpr\u00e4sentation verbessert.<\/li>\n\n\n\n<li><strong>Obere F\u00fcllstruktur: <\/strong>Diese Gro\u00dfhandel Stand-up W\u00e4sche H\u00fclsen Verpackungsbeutel nehmen eine Top-F\u00fcllung Design, das bequem f\u00fcr mechanische oder manuelle Bef\u00fcllung, geeignet f\u00fcr verschiedene Produktionsprozesse, und effizienter ist.<\/li>\n\n\n\n<li><strong>Leicht abrei\u00dfbares Design: <\/strong>Diese individuell wiederverschlie\u00dfbaren Standbeutel f\u00fcr W\u00e4schepads verf\u00fcgen \u00fcber eine Aufrei\u00dfkerbe, die es den Verbrauchern erm\u00f6glicht, sie leicht und ohne Werkzeug zu \u00f6ffnen, und sind praktisch in der Handhabung.<\/li>\n\n\n\n<li><strong>Ausgestattet mit einem Rei\u00dfverschluss: <\/strong>Unsere ma\u00dfgefertigten W\u00e4schepods-Verpackungsbeutel verf\u00fcgen \u00fcber einen wiederverwendbaren Verschlussrei\u00dfverschluss f\u00fcr mehrfaches \u00d6ffnen und Verschlie\u00dfen.<\/li>\n\n\n\n<li><strong>Ma\u00dfgeschneiderter Service erf\u00fcllt Bed\u00fcrfnisse:\u00a0<\/strong>Wir bieten eine Vielzahl von Anpassungsm\u00f6glichkeiten f\u00fcr W\u00e4scheh\u00fclsen-Verpackungsbeutel und k\u00f6nnen verschiedene Formen, Gr\u00f6\u00dfen und Druckmuster je nach Kundenwunsch entwerfen, um die Personalisierung der Marke und die Wettbewerbsf\u00e4higkeit auf dem Markt zu verbessern.<\/li>\n\n\n\n<li><strong>Unterst\u00fctzt beidseitiges, individuelles Drucken:<\/strong> Unsere kundenspezifischen wiederverschlie\u00dfbaren Standbeutel werden im Tiefdruckverfahren bedruckt, und das Markenmuster wird klar dargestellt, um den Kunden bei der Schaffung eines exklusiven visuellen Identifikationssystems zu helfen.<\/li>\n\n\n\n<li><strong>Aufh\u00e4ngeloch-Design:<\/strong> Unsere wiederverschlie\u00dfbaren Standbeutel f\u00fcr W\u00e4schepads sind mit einem Aufh\u00e4ngeloch versehen, das sich gut f\u00fcr die Pr\u00e4sentation im Regal eignet.<\/li>\n<\/ul>\n\n\n\n<div class=\"wp-block-columns is-layout-flex wp-container-core-columns-is-layout-9d6595d7 wp-block-columns-is-layout-flex\">\n<div class=\"wp-block-column is-layout-flow wp-block-column-is-layout-flow\">\n<figure class=\"wp-block-image size-full\"><img decoding=\"async\" width=\"750\" height=\"750\" src=\"https:\/\/www.stanleypackage.com\/wp-content\/uploads\/2025\/10\/Custom-Packaging-Bags-for-Laundry-Pods-Stand-Up-Zipper-Pouch-3.jpg\" alt=\"\" class=\"wp-image-3551\" srcset=\"https:\/\/www.stanleypackage.com\/wp-content\/uploads\/2025\/10\/Custom-Packaging-Bags-for-Laundry-Pods-Stand-Up-Zipper-Pouch-3.jpg 750w, https:\/\/www.stanleypackage.com\/wp-content\/uploads\/2025\/10\/Custom-Packaging-Bags-for-Laundry-Pods-Stand-Up-Zipper-Pouch-3-300x300.jpg 300w, https:\/\/www.stanleypackage.com\/wp-content\/uploads\/2025\/10\/Custom-Packaging-Bags-for-Laundry-Pods-Stand-Up-Zipper-Pouch-3-150x150.jpg 150w, https:\/\/www.stanleypackage.com\/wp-content\/uploads\/2025\/10\/Custom-Packaging-Bags-for-Laundry-Pods-Stand-Up-Zipper-Pouch-3-12x12.jpg 12w, https:\/\/www.stanleypackage.com\/wp-content\/uploads\/2025\/10\/Custom-Packaging-Bags-for-Laundry-Pods-Stand-Up-Zipper-Pouch-3-600x600.jpg 600w, https:\/\/www.stanleypackage.com\/wp-content\/uploads\/2025\/10\/Custom-Packaging-Bags-for-Laundry-Pods-Stand-Up-Zipper-Pouch-3-100x100.jpg 100w\" sizes=\"(max-width: 750px) 100vw, 750px\" \/><\/figure>\n<\/div>\n\n\n\n<div class=\"wp-block-column is-layout-flow wp-block-column-is-layout-flow\">\n<figure class=\"wp-block-image size-full\"><img decoding=\"async\" width=\"750\" height=\"750\" src=\"https:\/\/www.stanleypackage.com\/wp-content\/uploads\/2025\/10\/Custom-Packaging-Bags-for-Laundry-Pods-Stand-Up-Zipper-Pouch-8.jpg\" alt=\"\" class=\"wp-image-3552\" srcset=\"https:\/\/www.stanleypackage.com\/wp-content\/uploads\/2025\/10\/Custom-Packaging-Bags-for-Laundry-Pods-Stand-Up-Zipper-Pouch-8.jpg 750w, https:\/\/www.stanleypackage.com\/wp-content\/uploads\/2025\/10\/Custom-Packaging-Bags-for-Laundry-Pods-Stand-Up-Zipper-Pouch-8-300x300.jpg 300w, https:\/\/www.stanleypackage.com\/wp-content\/uploads\/2025\/10\/Custom-Packaging-Bags-for-Laundry-Pods-Stand-Up-Zipper-Pouch-8-150x150.jpg 150w, https:\/\/www.stanleypackage.com\/wp-content\/uploads\/2025\/10\/Custom-Packaging-Bags-for-Laundry-Pods-Stand-Up-Zipper-Pouch-8-12x12.jpg 12w, https:\/\/www.stanleypackage.com\/wp-content\/uploads\/2025\/10\/Custom-Packaging-Bags-for-Laundry-Pods-Stand-Up-Zipper-Pouch-8-600x600.jpg 600w, https:\/\/www.stanleypackage.com\/wp-content\/uploads\/2025\/10\/Custom-Packaging-Bags-for-Laundry-Pods-Stand-Up-Zipper-Pouch-8-100x100.jpg 100w\" sizes=\"(max-width: 750px) 100vw, 750px\" \/><\/figure>\n<\/div>\n<\/div>\n<\/div>\n<\/div>\n\n\n\n<p><\/p>","protected":false},"excerpt":{"rendered":"<p>Hier finden Sie hochwertige, wiederverschlie\u00dfbare Standbeutel. Unsere W\u00e4schepods-Verpackungsbeutel sind mit einem Rei\u00dfverschluss und einem leicht aufrei\u00dfbaren Design ausgestattet, das bequem zu \u00f6ffnen und zu verwenden ist. Unterst\u00fctzen Sie volle Anpassung.<\/p>\n<table style=\"border-collapse: collapse; width: 365.02pt;\" border=\"0\" width=\"365\" cellspacing=\"0\" cellpadding=\"0\">\n<tbody>\n<tr style=\"height: 16.00pt;\">\n<td class=\"et2\" style=\"height: 16.00pt; width: 97.50pt;\" width=\"97\" height=\"16\">Hersteller<\/td>\n<td class=\"et2\" style=\"width: 267.50pt;\" width=\"267\">Stanley<\/td>\n<\/tr>\n<tr style=\"height: 16.00pt;\">\n<td class=\"et2\" style=\"height: 16.00pt; width: 97.50pt;\" width=\"97\" height=\"16\">Arten von Beuteln<\/td>\n<td class=\"et2\" style=\"width: 267.50pt;\" width=\"267\">Stand Up Pouch, Rei\u00dfverschlusstasche<\/td>\n<\/tr>\n<tr style=\"height: 16.00pt;\">\n<td class=\"et2\" style=\"height: 16.00pt; width: 97.50pt;\" width=\"97\" height=\"16\">Material<\/td>\n<td class=\"et2\" style=\"width: 267.50pt;\" width=\"267\">BOPP28\/VMPET12\/PE55<\/td>\n<\/tr>\n<tr style=\"height: 16.00pt;\">\n<td class=\"et2\" style=\"height: 16.00pt; width: 97.50pt;\" width=\"97\" height=\"16\">Besonderes Merkmal<\/td>\n<td class=\"et2\" style=\"width: 267.50pt;\" width=\"267\">Obere F\u00fcllung, Rei\u00dfverschlusstasche, Rei\u00dfverschluss, Aufh\u00e4ngeloch<\/td>\n<\/tr>\n<tr style=\"height: 16.00pt;\">\n<td class=\"et2\" style=\"height: 16.00pt; width: 97.50pt;\" width=\"97\" height=\"16\">Handhabung der Oberfl\u00e4che<\/td>\n<td class=\"et2\" style=\"width: 267.50pt;\" width=\"267\">Tiefdruck<\/td>\n<\/tr>\n<tr style=\"height: 16.00pt;\">\n<td class=\"et2\" style=\"height: 16.00pt; width: 97.50pt;\" width=\"97\" height=\"16\">Farbe<\/td>\n<td class=\"et2\" style=\"width: 267.50pt;\" width=\"267\">Doppelseitiger Druck, bis zu 10 Farben<\/td>\n<\/tr>\n<tr style=\"height: 16.00pt;\">\n<td class=\"et2\" style=\"height: 16.00pt; width: 97.50pt;\" width=\"97\" height=\"16\">Verwendung<\/td>\n<td class=\"et2\" style=\"width: 267.50pt;\" width=\"267\">Landry Waschmittel Pods, Waschpulver, Seife\u00a0<\/td>\n<\/tr>\n<tr style=\"height: 16.00pt;\">\n<td class=\"et2\" style=\"height: 16.00pt; width: 97.50pt;\" width=\"97\" height=\"16\">MOQ<\/td>\n<td class=\"et2\" style=\"width: 267.50pt;\" width=\"267\">50.000 St\u00fcck<\/td>\n<\/tr>\n<tr style=\"height: 16.00pt;\">\n<td class=\"et2\" style=\"height: 16.00pt; width: 97.50pt;\" width=\"97\" height=\"16\">Individuelle Bestellung<\/td>\n<td class=\"et2\" style=\"width: 267.50pt;\" width=\"267\">Akzeptieren Sie OEM, unterst\u00fctzen Sie freie Probe<\/td>\n<\/tr>\n<\/tbody>\n<\/table>","protected":false},"featured_media":3553,"comment_status":"closed","ping_status":"closed","template":"","meta":{"_acf_changed":false},"product_brand":[],"product_cat":[30,18],"product_tag":[],"class_list":{"0":"post-3549","1":"product","2":"type-product","3":"status-publish","4":"has-post-thumbnail","6":"product_cat-stand-up-pouch-manufacturer","7":"product_cat-zipper-pouch-manufacturer","8":"pa_non-food-packaging-soap-detergent-pouches","10":"first","11":"instock","12":"shipping-taxable","13":"product-type-simple"},"acf":[],"_links":{"self":[{"href":"https:\/\/www.stanleypackage.com\/de\/wp-json\/wp\/v2\/product\/3549","targetHints":{"allow":["GET"]}}],"collection":[{"href":"https:\/\/www.stanleypackage.com\/de\/wp-json\/wp\/v2\/product"}],"about":[{"href":"https:\/\/www.stanleypackage.com\/de\/wp-json\/wp\/v2\/types\/product"}],"replies":[{"embeddable":true,"href":"https:\/\/www.stanleypackage.com\/de\/wp-json\/wp\/v2\/comments?post=3549"}],"wp:featuredmedia":[{"embeddable":true,"href":"https:\/\/www.stanleypackage.com\/de\/wp-json\/wp\/v2\/media\/3553"}],"wp:attachment":[{"href":"https:\/\/www.stanleypackage.com\/de\/wp-json\/wp\/v2\/media?parent=3549"}],"wp:term":[{"taxonomy":"product_brand","embeddable":true,"href":"https:\/\/www.stanleypackage.com\/de\/wp-json\/wp\/v2\/product_brand?post=3549"},{"taxonomy":"product_cat","embeddable":true,"href":"https:\/\/www.stanleypackage.com\/de\/wp-json\/wp\/v2\/product_cat?post=3549"},{"taxonomy":"product_tag","embeddable":true,"href":"https:\/\/www.stanleypackage.com\/de\/wp-json\/wp\/v2\/product_tag?post=3549"}],"curies":[{"name":"wp","href":"https:\/\/api.w.org\/{rel}","templated":true}]}}