{"id":3582,"date":"2025-11-01T02:08:21","date_gmt":"2025-11-01T02:08:21","guid":{"rendered":"https:\/\/www.stanleypackage.com\/?post_type=product&#038;p=3582"},"modified":"2025-11-01T02:08:43","modified_gmt":"2025-11-01T02:08:43","slug":"custom-printed-foil-pouches","status":"publish","type":"product","link":"https:\/\/www.stanleypackage.com\/de\/product\/custom-printed-foil-pouches\/","title":{"rendered":"Lebensmittelgerechte, individuell bedruckte Folienbeutel, Stand-up-Rei\u00dfverschlussbeutel"},"content":{"rendered":"<div class=\"wp-block-columns is-layout-flex wp-container-core-columns-is-layout-9d6595d7 wp-block-columns-is-layout-flex\">\n<div class=\"wp-block-column is-layout-flow wp-block-column-is-layout-flow\">\n<h2 class=\"wp-block-heading\">Merkmale von individuell bedruckten Folienbeuteln<\/h2>\n\n\n\n<ul class=\"wp-block-list\">\n<li><strong>Standbodenbeutel, leicht zu pr\u00e4sentieren und aufzubewahren:<\/strong> Diese lebensmittelechten, individuell bedruckten Folienbeutel haben eine haltbare Standbodenstruktur, die die Pr\u00e4sentation im Regal verbessert, Lagerplatz spart und den Endverkauf erleichtert.<\/li>\n\n\n\n<li><strong>Ausgestattet mit einem Rei\u00dfverschluss: <\/strong>Unsere Gro\u00dfhandelsverpackungsbeutel mit Rei\u00dfverschluss sind mit einem Rei\u00dfverschluss f\u00fcr mehrfaches \u00d6ffnen und Schlie\u00dfen ausgestattet.<\/li>\n\n\n\n<li><strong>Leicht abrei\u00dfbares Design: <\/strong>Unsere lebensmittelechten, individuell bedruckten Folienbeutel lassen sich leicht aufrei\u00dfen, was einfach und nicht \u00f6ffentlich ist, so dass sie f\u00fcr die Kunden bequem zu \u00f6ffnen sind.<\/li>\n\n\n\n<li><strong>Reines Aluminiummaterial, gute Barriereeigenschaften:<\/strong> Unsere Gro\u00dfhandels-Rei\u00dfverschlusstaschen sind aus reinem Aluminium gefertigt, das das Eindringen von Luft und Feuchtigkeit besser verhindern kann.<\/li>\n\n\n\n<li><strong>Unterst\u00fctzung der Markenanpassung zur Erf\u00fcllung unterschiedlicher Verpackungsanforderungen: <\/strong>Unsere individuell bedruckten Folienbeutel unterst\u00fctzen Druck, Muster und Kapazit\u00e4t, um die einzigartigen Verpackungsanforderungen der Kunden zu erf\u00fcllen.<\/li>\n<\/ul>\n\n\n\n<div class=\"wp-block-columns is-layout-flex wp-container-core-columns-is-layout-9d6595d7 wp-block-columns-is-layout-flex\">\n<div class=\"wp-block-column is-layout-flow wp-block-column-is-layout-flow\">\n<figure class=\"wp-block-image size-full\"><img decoding=\"async\" width=\"750\" height=\"750\" src=\"https:\/\/www.stanleypackage.com\/wp-content\/uploads\/2025\/10\/Food-Grade-Custom-Pouches-Wholesale-Stand-Up-Pouch-4.jpg\" alt=\"\" class=\"wp-image-3583\" srcset=\"https:\/\/www.stanleypackage.com\/wp-content\/uploads\/2025\/10\/Food-Grade-Custom-Pouches-Wholesale-Stand-Up-Pouch-4.jpg 750w, https:\/\/www.stanleypackage.com\/wp-content\/uploads\/2025\/10\/Food-Grade-Custom-Pouches-Wholesale-Stand-Up-Pouch-4-300x300.jpg 300w, https:\/\/www.stanleypackage.com\/wp-content\/uploads\/2025\/10\/Food-Grade-Custom-Pouches-Wholesale-Stand-Up-Pouch-4-150x150.jpg 150w, https:\/\/www.stanleypackage.com\/wp-content\/uploads\/2025\/10\/Food-Grade-Custom-Pouches-Wholesale-Stand-Up-Pouch-4-12x12.jpg 12w, https:\/\/www.stanleypackage.com\/wp-content\/uploads\/2025\/10\/Food-Grade-Custom-Pouches-Wholesale-Stand-Up-Pouch-4-600x600.jpg 600w, https:\/\/www.stanleypackage.com\/wp-content\/uploads\/2025\/10\/Food-Grade-Custom-Pouches-Wholesale-Stand-Up-Pouch-4-100x100.jpg 100w\" sizes=\"(max-width: 750px) 100vw, 750px\" \/><\/figure>\n<\/div>\n\n\n\n<div class=\"wp-block-column is-layout-flow wp-block-column-is-layout-flow\">\n<figure class=\"wp-block-image size-full\"><img decoding=\"async\" width=\"750\" height=\"750\" src=\"https:\/\/www.stanleypackage.com\/wp-content\/uploads\/2025\/10\/Food-Grade-Custom-Pouches-Wholesale-Stand-Up-Pouch-7.jpg\" alt=\"\" class=\"wp-image-3584\" srcset=\"https:\/\/www.stanleypackage.com\/wp-content\/uploads\/2025\/10\/Food-Grade-Custom-Pouches-Wholesale-Stand-Up-Pouch-7.jpg 750w, https:\/\/www.stanleypackage.com\/wp-content\/uploads\/2025\/10\/Food-Grade-Custom-Pouches-Wholesale-Stand-Up-Pouch-7-300x300.jpg 300w, https:\/\/www.stanleypackage.com\/wp-content\/uploads\/2025\/10\/Food-Grade-Custom-Pouches-Wholesale-Stand-Up-Pouch-7-150x150.jpg 150w, https:\/\/www.stanleypackage.com\/wp-content\/uploads\/2025\/10\/Food-Grade-Custom-Pouches-Wholesale-Stand-Up-Pouch-7-12x12.jpg 12w, https:\/\/www.stanleypackage.com\/wp-content\/uploads\/2025\/10\/Food-Grade-Custom-Pouches-Wholesale-Stand-Up-Pouch-7-600x600.jpg 600w, https:\/\/www.stanleypackage.com\/wp-content\/uploads\/2025\/10\/Food-Grade-Custom-Pouches-Wholesale-Stand-Up-Pouch-7-100x100.jpg 100w\" sizes=\"(max-width: 750px) 100vw, 750px\" \/><\/figure>\n<\/div>\n<\/div>\n<\/div>\n<\/div>\n\n\n\n<p><\/p>","protected":false},"excerpt":{"rendered":"<p>Willkommen bei der Bestellung von individuell bedruckten Folienbeuteln. Diese Gro\u00dfhandel Stand-up-Beutel kommen mit einem leicht zu rei\u00dfen und Rei\u00dfverschluss-Design, unterst\u00fctzen kundenspezifische Druck Oberfl\u00e4chen.  Hergestellt aus reinem Aluminium-Material, das das Eindringen von Luft und Feuchtigkeit besser verhindern kann.<\/p>\n<table style=\"border-collapse: collapse; width: 327.77pt;\" border=\"0\" width=\"437\" cellspacing=\"0\" cellpadding=\"0\">\n<tbody>\n<tr style=\"height: 12.75pt;\">\n<td class=\"et2\" style=\"height: 12.75pt; width: 91.40pt;\" width=\"121\" height=\"17\">Hersteller<\/td>\n<td class=\"et2\" style=\"width: 237.00pt;\" width=\"316\">Stanley<\/td>\n<\/tr>\n<tr style=\"height: 12.75pt;\">\n<td class=\"et2\" style=\"height: 12.75pt; width: 91.40pt;\" width=\"121\" height=\"17\">Arten von Beuteln<\/td>\n<td class=\"et3\">Stehbeutel, Rei\u00dfverschlusstasche<\/td>\n<\/tr>\n<tr style=\"height: 12.75pt;\">\n<td class=\"et2\" style=\"height: 12.75pt; width: 91.40pt;\" width=\"121\" height=\"17\">Material<\/td>\n<td class=\"et2\" style=\"width: 237.00pt;\" width=\"316\">PET12\/AL7\/PE80<\/td>\n<\/tr>\n<tr style=\"height: 12.75pt;\">\n<td class=\"et2\" style=\"height: 12.75pt; width: 91.40pt;\" width=\"121\" height=\"17\">Besonderes Merkmal<\/td>\n<td class=\"et2\" style=\"width: 237.00pt;\" width=\"316\">Stehboden, leichte Aufrei\u00dfkerbe, Rei\u00dfverschluss\u00a0<\/td>\n<\/tr>\n<tr style=\"height: 12.75pt;\">\n<td class=\"et2\" style=\"height: 12.75pt; width: 91.40pt;\" width=\"121\" height=\"17\">Handhabung der Oberfl\u00e4che<\/td>\n<td class=\"et2\" style=\"width: 237.00pt;\" width=\"316\">Tiefdruck<\/td>\n<\/tr>\n<tr style=\"height: 12.75pt;\">\n<td class=\"et2\" style=\"height: 12.75pt; width: 91.40pt;\" width=\"121\" height=\"17\">Farbe<\/td>\n<td class=\"et2\" style=\"width: 237.00pt;\" width=\"316\">Bis zu 10 Farben<\/td>\n<\/tr>\n<tr style=\"height: 12.75pt;\">\n<td class=\"et2\" style=\"height: 12.75pt; width: 91.40pt;\" width=\"121\" height=\"17\">Verwendung<\/td>\n<td class=\"et3\">S\u00fc\u00dfigkeiten, N\u00fcsse, Snacks, Gesalzene Produkte<\/td>\n<\/tr>\n<tr style=\"height: 12.75pt;\">\n<td class=\"et2\" style=\"height: 12.75pt; width: 91.40pt;\" width=\"121\" height=\"17\">MOQ<\/td>\n<td class=\"et2\" style=\"width: 237.00pt;\" width=\"316\">50.000 St\u00fcck<\/td>\n<\/tr>\n<tr style=\"height: 12.75pt;\">\n<td class=\"et2\" style=\"height: 12.75pt; width: 91.40pt;\" width=\"121\" height=\"17\">Individuelle Bestellung<\/td>\n<td class=\"et2\" style=\"width: 237.00pt;\" width=\"316\">Akzeptieren Sie OEM, unterst\u00fctzen Sie freie Probe<\/td>\n<\/tr>\n<\/tbody>\n<\/table>","protected":false},"featured_media":3585,"comment_status":"closed","ping_status":"closed","template":"","meta":{"_acf_changed":false},"product_brand":[],"product_cat":[30,18],"product_tag":[],"class_list":{"0":"post-3582","1":"product","2":"type-product","3":"status-publish","4":"has-post-thumbnail","6":"product_cat-stand-up-pouch-manufacturer","7":"product_cat-zipper-pouch-manufacturer","8":"pa_food-packaging-snack-food-pouch","9":"pa_food-packaging-ready-meal-pouch","11":"first","12":"instock","13":"shipping-taxable","14":"product-type-simple"},"acf":[],"_links":{"self":[{"href":"https:\/\/www.stanleypackage.com\/de\/wp-json\/wp\/v2\/product\/3582","targetHints":{"allow":["GET"]}}],"collection":[{"href":"https:\/\/www.stanleypackage.com\/de\/wp-json\/wp\/v2\/product"}],"about":[{"href":"https:\/\/www.stanleypackage.com\/de\/wp-json\/wp\/v2\/types\/product"}],"replies":[{"embeddable":true,"href":"https:\/\/www.stanleypackage.com\/de\/wp-json\/wp\/v2\/comments?post=3582"}],"wp:featuredmedia":[{"embeddable":true,"href":"https:\/\/www.stanleypackage.com\/de\/wp-json\/wp\/v2\/media\/3585"}],"wp:attachment":[{"href":"https:\/\/www.stanleypackage.com\/de\/wp-json\/wp\/v2\/media?parent=3582"}],"wp:term":[{"taxonomy":"product_brand","embeddable":true,"href":"https:\/\/www.stanleypackage.com\/de\/wp-json\/wp\/v2\/product_brand?post=3582"},{"taxonomy":"product_cat","embeddable":true,"href":"https:\/\/www.stanleypackage.com\/de\/wp-json\/wp\/v2\/product_cat?post=3582"},{"taxonomy":"product_tag","embeddable":true,"href":"https:\/\/www.stanleypackage.com\/de\/wp-json\/wp\/v2\/product_tag?post=3582"}],"curies":[{"name":"wp","href":"https:\/\/api.w.org\/{rel}","templated":true}]}}